{"id":14579,"date":"2025-09-03T11:06:00","date_gmt":"2025-09-03T09:06:00","guid":{"rendered":"https:\/\/auvisa.org\/befr\/?page_id=14579"},"modified":"2026-03-24T12:26:17","modified_gmt":"2026-03-24T11:26:17","slug":"visa-lp","status":"publish","type":"page","link":"https:\/\/auvisa.org\/befr\/visa-lp\/","title":{"rendered":"Obtenez un visa eVisitor pour l&rsquo;Australie"},"content":{"rendered":"\n<div style=\"height:20px\" aria-hidden=\"true\" class=\"wp-block-spacer\"><\/div>\n\n\n\n<div class=\"wp-block-group\"><div class=\"wp-block-group__inner-container is-layout-flow wp-block-group-is-layout-flow\">\n<div class=\"wp-block-group\"><div class=\"wp-block-group__inner-container is-layout-flow wp-block-group-is-layout-flow\">\n<div style=\"font-family: -apple-system, BlinkMacSystemFont, 'Segoe UI', Roboto, Helvetica, Arial, sans-serif;color: #2c3e50;line-height: 1.7;width: 100%\">\n  <p style=\"font-size: 15px;color: #3a4a52;margin: 0 0 14px 0\">\n    L&rsquo;eVisitor est un visa \u00e9lectronique officiel d\u00e9livr\u00e9 par le gouvernement australien pour les <strong style=\"color: #1a2e3b\">titulaires de passeports belges, europ\u00e9ens et britanniques<\/strong> souhaitant se rendre en Australie pour le tourisme, les visites familiales et les r\u00e9unions d&rsquo;affaires.\n  <\/p>\n  <p style=\"font-size: 15px;color: #3a4a52;margin: 0 0 14px 0\">\n    Le visa eVisitor est valable <strong style=\"color: #1a2e3b\">12 mois<\/strong>, permet des entr\u00e9es multiples en Australie et un s\u00e9jour maximum de <strong style=\"color: #1a2e3b\">90 jours<\/strong> par visite. Le service complet, incluant les frais d&rsquo;Auvisa et les taxes gouvernementales (le cas \u00e9ch\u00e9ant), commence \u00e0 partir de <strong style=\"color: #1a2e3b\">69 \u20ac\/voyageur<\/strong> selon la vitesse de traitement que vous s\u00e9lectionnez.\n  <\/p>\n  <p style=\"font-size: 15px;color: #3a4a52;margin: 0 0 24px 0\">\n    Si vous voyagez en groupe ou en famille, chaque personne a besoin de son propre eVisitor, y compris les nourrissons et les enfants.\n  <\/p>\n  <h3 style=\"font-size: 20px;font-weight: 700;color: #1f5284;margin: 0;padding: 0;text-align: center\">Demandez votre visa eVisitor<\/h3>\n<\/div>\n<\/div><\/div>\n<\/div><\/div>\n\n\n\n<p><\/p>\n","protected":false},"excerpt":{"rendered":"<p>L&rsquo;eVisitor est un visa \u00e9lectronique officiel d\u00e9livr\u00e9 par le gouvernement australien pour les titulaires de passeports belges, europ\u00e9ens et britanniques [&#8230;]<\/p>\n<p><a class=\"btn btn-secondary understrap-read-more-link\" href=\"https:\/\/auvisa.org\/befr\/visa-lp\/\">Read More&#8230;<span class=\"screen-reader-text\"> from Obtenez un visa eVisitor pour l&rsquo;Australie<\/span><\/a><\/p>\n","protected":false},"author":4,"featured_media":0,"parent":0,"menu_order":4,"comment_status":"closed","ping_status":"closed","template":"templates\/tpl_acf_form.php","meta":{"inline_featured_image":false,"footnotes":""},"class_list":["post-14579","page","type-page","status-publish","hentry"],"yoast_head":"<!-- This site is optimized with the Yoast SEO plugin v26.9 - https:\/\/yoast.com\/product\/yoast-seo-wordpress\/ -->\n<title>Demande de Visa eVisitor pour l&#039;Australie: Formulaire (Belgique)<\/title>\n<meta name=\"description\" content=\"Demandez un visa eVisitor pour l&#039;Australie de la Belgique via ce formulaire simplifi\u00e9: approbation du visa sous 24 heures.\" \/>\n<meta name=\"robots\" content=\"noindex, follow\" \/>\n<meta property=\"og:locale\" content=\"fr_FR\" \/>\n<meta property=\"og:type\" content=\"article\" \/>\n<meta property=\"og:title\" content=\"Demande de Visa eVisitor pour l&#039;Australie: Formulaire (Belgique)\" \/>\n<meta property=\"og:description\" content=\"Demandez un visa eVisitor pour l&#039;Australie de la Belgique via ce formulaire simplifi\u00e9: approbation du visa sous 24 heures.\" \/>\n<meta property=\"og:url\" content=\"https:\/\/auvisa.org\/befr\/visa-lp\/\" \/>\n<meta property=\"og:site_name\" content=\"Auvisa.org\" \/>\n<meta property=\"article:modified_time\" content=\"2026-03-24T11:26:17+00:00\" \/>\n<meta name=\"twitter:card\" content=\"summary_large_image\" \/>\n<meta name=\"twitter:label1\" content=\"Dur\u00e9e de lecture est.\" \/>\n\t<meta name=\"twitter:data1\" content=\"1 minute\" \/>\n<script type=\"application\/ld+json\" class=\"yoast-schema-graph\">{\"@context\":\"https:\/\/schema.org\",\"@graph\":[{\"@type\":\"WebPage\",\"@id\":\"https:\/\/auvisa.org\/befr\/visa-lp\/\",\"url\":\"https:\/\/auvisa.org\/befr\/visa-lp\/\",\"name\":\"Demande de Visa eVisitor pour l'Australie: Formulaire (Belgique)\",\"isPartOf\":{\"@id\":\"https:\/\/auvisa.org\/befr\/#website\"},\"datePublished\":\"2025-09-03T09:06:00+00:00\",\"dateModified\":\"2026-03-24T11:26:17+00:00\",\"description\":\"Demandez un visa eVisitor pour l'Australie de la Belgique via ce formulaire simplifi\u00e9: approbation du visa sous 24 heures.\",\"breadcrumb\":{\"@id\":\"https:\/\/auvisa.org\/befr\/visa-lp\/#breadcrumb\"},\"inLanguage\":\"fr-BE\",\"potentialAction\":[{\"@type\":\"ReadAction\",\"target\":[\"https:\/\/auvisa.org\/befr\/visa-lp\/\"]}]},{\"@type\":\"BreadcrumbList\",\"@id\":\"https:\/\/auvisa.org\/befr\/visa-lp\/#breadcrumb\",\"itemListElement\":[{\"@type\":\"ListItem\",\"position\":1,\"name\":\"Home\",\"item\":\"https:\/\/auvisa.org\/befr\/\"},{\"@type\":\"ListItem\",\"position\":2,\"name\":\"Obtenez un visa eVisitor pour l&rsquo;Australie\"}]},{\"@type\":\"WebSite\",\"@id\":\"https:\/\/auvisa.org\/befr\/#website\",\"url\":\"https:\/\/auvisa.org\/befr\/\",\"name\":\"Auvisa.org\",\"description\":\"\",\"inLanguage\":\"fr-BE\"}]}<\/script>\n<!-- \/ Yoast SEO plugin. -->","yoast_head_json":{"title":"Demande de Visa eVisitor pour l'Australie: Formulaire (Belgique)","description":"Demandez un visa eVisitor pour l'Australie de la Belgique via ce formulaire simplifi\u00e9: approbation du visa sous 24 heures.","robots":{"index":"noindex","follow":"follow"},"og_locale":"fr_FR","og_type":"article","og_title":"Demande de Visa eVisitor pour l'Australie: Formulaire (Belgique)","og_description":"Demandez un visa eVisitor pour l'Australie de la Belgique via ce formulaire simplifi\u00e9: approbation du visa sous 24 heures.","og_url":"https:\/\/auvisa.org\/befr\/visa-lp\/","og_site_name":"Auvisa.org","article_modified_time":"2026-03-24T11:26:17+00:00","twitter_card":"summary_large_image","twitter_misc":{"Dur\u00e9e de lecture est.":"1 minute"},"schema":{"@context":"https:\/\/schema.org","@graph":[{"@type":"WebPage","@id":"https:\/\/auvisa.org\/befr\/visa-lp\/","url":"https:\/\/auvisa.org\/befr\/visa-lp\/","name":"Demande de Visa eVisitor pour l'Australie: Formulaire (Belgique)","isPartOf":{"@id":"https:\/\/auvisa.org\/befr\/#website"},"datePublished":"2025-09-03T09:06:00+00:00","dateModified":"2026-03-24T11:26:17+00:00","description":"Demandez un visa eVisitor pour l'Australie de la Belgique via ce formulaire simplifi\u00e9: approbation du visa sous 24 heures.","breadcrumb":{"@id":"https:\/\/auvisa.org\/befr\/visa-lp\/#breadcrumb"},"inLanguage":"fr-BE","potentialAction":[{"@type":"ReadAction","target":["https:\/\/auvisa.org\/befr\/visa-lp\/"]}]},{"@type":"BreadcrumbList","@id":"https:\/\/auvisa.org\/befr\/visa-lp\/#breadcrumb","itemListElement":[{"@type":"ListItem","position":1,"name":"Home","item":"https:\/\/auvisa.org\/befr\/"},{"@type":"ListItem","position":2,"name":"Obtenez un visa eVisitor pour l&rsquo;Australie"}]},{"@type":"WebSite","@id":"https:\/\/auvisa.org\/befr\/#website","url":"https:\/\/auvisa.org\/befr\/","name":"Auvisa.org","description":"","inLanguage":"fr-BE"}]}},"_links":{"self":[{"href":"https:\/\/auvisa.org\/befr\/wp-json\/wp\/v2\/pages\/14579","targetHints":{"allow":["GET"]}}],"collection":[{"href":"https:\/\/auvisa.org\/befr\/wp-json\/wp\/v2\/pages"}],"about":[{"href":"https:\/\/auvisa.org\/befr\/wp-json\/wp\/v2\/types\/page"}],"author":[{"embeddable":true,"href":"https:\/\/auvisa.org\/befr\/wp-json\/wp\/v2\/users\/4"}],"replies":[{"embeddable":true,"href":"https:\/\/auvisa.org\/befr\/wp-json\/wp\/v2\/comments?post=14579"}],"version-history":[{"count":3,"href":"https:\/\/auvisa.org\/befr\/wp-json\/wp\/v2\/pages\/14579\/revisions"}],"predecessor-version":[{"id":14995,"href":"https:\/\/auvisa.org\/befr\/wp-json\/wp\/v2\/pages\/14579\/revisions\/14995"}],"wp:attachment":[{"href":"https:\/\/auvisa.org\/befr\/wp-json\/wp\/v2\/media?parent=14579"}],"curies":[{"name":"wp","href":"https:\/\/api.w.org\/{rel}","templated":true}]}}