{"id":1760,"date":"2020-01-08T11:13:59","date_gmt":"2020-01-08T11:13:59","guid":{"rendered":"https:\/\/dev.auvisa.org\/?page_id=1760"},"modified":"2023-08-24T12:02:54","modified_gmt":"2023-08-24T10:02:54","slug":"visa-business","status":"publish","type":"page","link":"https:\/\/auvisa.org\/befr\/visa-business\/","title":{"rendered":"Demande de Visa d&rsquo;Affaires eVisitor pour l&rsquo;Australie (Belgique)"},"content":{"rendered":"\n<div style=\"height:20px\" aria-hidden=\"true\" class=\"wp-block-spacer\"><\/div>\n\n\n\n<p>Ce formulaire de demande de visa Business eVisitor est destin\u00e9 aux voyageurs d&rsquo;affaires belges qui se trouvent hors d&rsquo;Australie au moment de la demande et qui pr\u00e9voient de s&rsquo;y rendre pour assister \u00e0 des r\u00e9unions d&rsquo;affaires, des conf\u00e9rences ou des n\u00e9gociations.<\/p>\n\n\n\n<p>Le visa d&rsquo;affaires est valable 12 mois, pendant lesquels vous pouvez entrer en Australie \u00e0 plusieurs reprises et y s\u00e9journer jusqu&rsquo;\u00e0 90 jours \u00e0 chaque fois.<\/p>\n\n\n\n<p><strong>95% des visas sont accord\u00e9s dans les 24 heures<\/strong>. Toutefois, l\u2019application du visa prendra 1 \u00e0 10 jours pour \u00eatre approuv\u00e9e. Par cons\u00e9quent, nous vous conseillons de faire votre application au moins 14 jours avant la date pr\u00e9vue de votre entr\u00e9e pr\u00e9vue en Australie.  <\/p>\n\n\n\n<p>Vous pouvez faire une application pour plusieurs personnes en m\u00eame temps et <strong>le prix de chaque visa est <span class=\"woocommerce-Price-amount amount\"><bdi>69,00<span class=\"woocommerce-Price-currencySymbol\">&euro;<\/span><\/bdi><\/span>. Le prix comprend \u00e0 la fois les frais de service d&rsquo;Auvisa.org et les frais gouvernementaux (le cas \u00e9ch\u00e9ant).<\/strong><\/p>\n\n\n\n<div style=\"height:46px\" aria-hidden=\"true\" class=\"wp-block-spacer\"><\/div>\n\n\n\n<h3>Saisissez et confirmez votre adresse \u00e9lectronique pour lancer la demande en ligne :<\/h3>\n","protected":false},"excerpt":{"rendered":"<p>Ce formulaire de demande de visa Business eVisitor est destin\u00e9 aux voyageurs d&rsquo;affaires belges qui se trouvent hors d&rsquo;Australie au [&#8230;]<\/p>\n<p><a class=\"btn btn-secondary understrap-read-more-link\" href=\"https:\/\/auvisa.org\/befr\/visa-business\/\">Read More&#8230;<span class=\"screen-reader-text\"> from Demande de Visa d&rsquo;Affaires eVisitor pour l&rsquo;Australie (Belgique)<\/span><\/a><\/p>\n","protected":false},"author":3,"featured_media":0,"parent":0,"menu_order":25,"comment_status":"closed","ping_status":"closed","template":"templates\/tpl_acf_form.php","meta":{"inline_featured_image":false,"footnotes":""},"class_list":["post-1760","page","type-page","status-publish","hentry"],"yoast_head":"<!-- This site is optimized with the Yoast SEO plugin v26.9 - https:\/\/yoast.com\/product\/yoast-seo-wordpress\/ -->\n<title>Demande de Visa d&#039;Affaires eVisitor pour l&#039;Australie (Belges)<\/title>\n<meta name=\"description\" content=\"Les voyageurs d&#039;affaires belges doivent demander un visa eVisitor australien via ce formulaire de demande en ligne. Le visa est d\u00e9livr\u00e9 dans les 24 heures.\" \/>\n<meta name=\"robots\" content=\"index, follow, max-snippet:-1, max-image-preview:large, max-video-preview:-1\" \/>\n<link rel=\"canonical\" href=\"https:\/\/auvisa.org\/befr\/visa-business\/\" \/>\n<meta property=\"og:locale\" content=\"fr_FR\" \/>\n<meta property=\"og:type\" content=\"article\" \/>\n<meta property=\"og:title\" content=\"Demande de Visa d&#039;Affaires eVisitor pour l&#039;Australie (Belges)\" \/>\n<meta property=\"og:description\" content=\"Les voyageurs d&#039;affaires belges doivent demander un visa eVisitor australien via ce formulaire de demande en ligne. Le visa est d\u00e9livr\u00e9 dans les 24 heures.\" \/>\n<meta property=\"og:url\" content=\"https:\/\/auvisa.org\/befr\/visa-business\/\" \/>\n<meta property=\"og:site_name\" content=\"Auvisa.org\" \/>\n<meta property=\"article:modified_time\" content=\"2023-08-24T10:02:54+00:00\" \/>\n<meta name=\"twitter:card\" content=\"summary_large_image\" \/>\n<meta name=\"twitter:label1\" content=\"Dur\u00e9e de lecture est.\" \/>\n\t<meta name=\"twitter:data1\" content=\"1 minute\" \/>\n<script type=\"application\/ld+json\" class=\"yoast-schema-graph\">{\"@context\":\"https:\/\/schema.org\",\"@graph\":[{\"@type\":\"WebPage\",\"@id\":\"https:\/\/auvisa.org\/befr\/visa-business\/\",\"url\":\"https:\/\/auvisa.org\/befr\/visa-business\/\",\"name\":\"Demande de Visa d'Affaires eVisitor pour l'Australie (Belges)\",\"isPartOf\":{\"@id\":\"https:\/\/auvisa.org\/befr\/#website\"},\"datePublished\":\"2020-01-08T11:13:59+00:00\",\"dateModified\":\"2023-08-24T10:02:54+00:00\",\"description\":\"Les voyageurs d'affaires belges doivent demander un visa eVisitor australien via ce formulaire de demande en ligne. Le visa est d\u00e9livr\u00e9 dans les 24 heures.\",\"breadcrumb\":{\"@id\":\"https:\/\/auvisa.org\/befr\/visa-business\/#breadcrumb\"},\"inLanguage\":\"fr-BE\",\"potentialAction\":[{\"@type\":\"ReadAction\",\"target\":[\"https:\/\/auvisa.org\/befr\/visa-business\/\"]}]},{\"@type\":\"BreadcrumbList\",\"@id\":\"https:\/\/auvisa.org\/befr\/visa-business\/#breadcrumb\",\"itemListElement\":[{\"@type\":\"ListItem\",\"position\":1,\"name\":\"Home\",\"item\":\"https:\/\/auvisa.org\/befr\/\"},{\"@type\":\"ListItem\",\"position\":2,\"name\":\"Demande de Visa d&#8217;Affaires eVisitor pour l&#8217;Australie (Belgique)\"}]},{\"@type\":\"WebSite\",\"@id\":\"https:\/\/auvisa.org\/befr\/#website\",\"url\":\"https:\/\/auvisa.org\/befr\/\",\"name\":\"Auvisa.org\",\"description\":\"\",\"inLanguage\":\"fr-BE\"}]}<\/script>\n<!-- \/ Yoast SEO plugin. -->","yoast_head_json":{"title":"Demande de Visa d'Affaires eVisitor pour l'Australie (Belges)","description":"Les voyageurs d'affaires belges doivent demander un visa eVisitor australien via ce formulaire de demande en ligne. Le visa est d\u00e9livr\u00e9 dans les 24 heures.","robots":{"index":"index","follow":"follow","max-snippet":"max-snippet:-1","max-image-preview":"max-image-preview:large","max-video-preview":"max-video-preview:-1"},"canonical":"https:\/\/auvisa.org\/befr\/visa-business\/","og_locale":"fr_FR","og_type":"article","og_title":"Demande de Visa d'Affaires eVisitor pour l'Australie (Belges)","og_description":"Les voyageurs d'affaires belges doivent demander un visa eVisitor australien via ce formulaire de demande en ligne. Le visa est d\u00e9livr\u00e9 dans les 24 heures.","og_url":"https:\/\/auvisa.org\/befr\/visa-business\/","og_site_name":"Auvisa.org","article_modified_time":"2023-08-24T10:02:54+00:00","twitter_card":"summary_large_image","twitter_misc":{"Dur\u00e9e de lecture est.":"1 minute"},"schema":{"@context":"https:\/\/schema.org","@graph":[{"@type":"WebPage","@id":"https:\/\/auvisa.org\/befr\/visa-business\/","url":"https:\/\/auvisa.org\/befr\/visa-business\/","name":"Demande de Visa d'Affaires eVisitor pour l'Australie (Belges)","isPartOf":{"@id":"https:\/\/auvisa.org\/befr\/#website"},"datePublished":"2020-01-08T11:13:59+00:00","dateModified":"2023-08-24T10:02:54+00:00","description":"Les voyageurs d'affaires belges doivent demander un visa eVisitor australien via ce formulaire de demande en ligne. Le visa est d\u00e9livr\u00e9 dans les 24 heures.","breadcrumb":{"@id":"https:\/\/auvisa.org\/befr\/visa-business\/#breadcrumb"},"inLanguage":"fr-BE","potentialAction":[{"@type":"ReadAction","target":["https:\/\/auvisa.org\/befr\/visa-business\/"]}]},{"@type":"BreadcrumbList","@id":"https:\/\/auvisa.org\/befr\/visa-business\/#breadcrumb","itemListElement":[{"@type":"ListItem","position":1,"name":"Home","item":"https:\/\/auvisa.org\/befr\/"},{"@type":"ListItem","position":2,"name":"Demande de Visa d&#8217;Affaires eVisitor pour l&#8217;Australie (Belgique)"}]},{"@type":"WebSite","@id":"https:\/\/auvisa.org\/befr\/#website","url":"https:\/\/auvisa.org\/befr\/","name":"Auvisa.org","description":"","inLanguage":"fr-BE"}]}},"_links":{"self":[{"href":"https:\/\/auvisa.org\/befr\/wp-json\/wp\/v2\/pages\/1760","targetHints":{"allow":["GET"]}}],"collection":[{"href":"https:\/\/auvisa.org\/befr\/wp-json\/wp\/v2\/pages"}],"about":[{"href":"https:\/\/auvisa.org\/befr\/wp-json\/wp\/v2\/types\/page"}],"author":[{"embeddable":true,"href":"https:\/\/auvisa.org\/befr\/wp-json\/wp\/v2\/users\/3"}],"replies":[{"embeddable":true,"href":"https:\/\/auvisa.org\/befr\/wp-json\/wp\/v2\/comments?post=1760"}],"version-history":[{"count":22,"href":"https:\/\/auvisa.org\/befr\/wp-json\/wp\/v2\/pages\/1760\/revisions"}],"predecessor-version":[{"id":14236,"href":"https:\/\/auvisa.org\/befr\/wp-json\/wp\/v2\/pages\/1760\/revisions\/14236"}],"wp:attachment":[{"href":"https:\/\/auvisa.org\/befr\/wp-json\/wp\/v2\/media?parent=1760"}],"curies":[{"name":"wp","href":"https:\/\/api.w.org\/{rel}","templated":true}]}}