{"id":234,"date":"2012-02-22T16:13:31","date_gmt":"2012-02-22T16:13:31","guid":{"rendered":"https:\/\/auvisa.org\/?p=234"},"modified":"2024-02-29T11:00:24","modified_gmt":"2024-02-29T10:00:24","slug":"les-termes-et-les-conditions-2","status":"publish","type":"page","link":"https:\/\/auvisa.org\/befr\/les-termes-et-les-conditions-2\/","title":{"rendered":"\u00c0 Propos de Nous"},"content":{"rendered":"<p><strong>La Companie<\/strong><\/p>\n<p>Ce site est la propri\u00e9t\u00e9 de la compagnie Visa &amp; Immigration Services LTD, num\u00e9ro de matricule 72792776, bas\u00e9 \u00e0 Hong Kong. La compagnie est une compagnie internationale qui se sp\u00e9cialise dans des services de visa. Nous sommes repr\u00e9sent\u00e9s autour du monde dans plusieurs diff\u00e9rentes langues.<\/p>\n<p><strong>Notre mission<\/strong><\/p>\n<p>Mission de Visa\u00a0&amp;\u00a0Immigration\u00a0Services\u00a0LTD est de fournir des services de traduction et de conseil concernant les demandes de permis consulaire des visas et d&rsquo;entr\u00e9e. Nous fournissons un support en plusieurs langues, principalement europ\u00e9ens. Si vous ne pouvez ma\u00eetriser la langue anglaise, ou n&rsquo;ont pas besoin d&rsquo;aide, vous pouvez demander un visa ou un permis de votre propre chef, sans l&rsquo;utilisation de nos services.<\/p>\n<p>Australiens temporaires visas touristiques ou d&rsquo;affaires peuvent \u00eatre appliqu\u00e9es \u00e0 titre gracieux par l&rsquo;interm\u00e9diaire du site du minist\u00e8re de\u00a0Department of Immigration and Citizenship in Australia, au <a href=\"http:\/\/www.immi.gov.au\">http:\/\/www.immi.gov.au<\/a>.<\/p>\n<p><strong>Paiement<\/strong><\/p>\n<p>Le paiement est effectu\u00e9 comme la derni\u00e8re \u00e9tape dans chaque application. C\u2019est \u00e9galement possible de sauvegarder une application et de payer plus tard. Une demande de visa n&rsquo;est pas consid\u00e9r\u00e9e compl\u00e8te jusqu&rsquo;\u00e0 ce que le paiement ait \u00e9t\u00e9 effectu\u00e9. Nous ne consid\u00e9rons aucune application qui n&rsquo;a pas \u00e9t\u00e9 enti\u00e8rement pay\u00e9e.<\/p>\n<p>Auvisa.org r\u00e9serve le droit d&rsquo;ajuster des prix sans pr\u00e9avis.<\/p>\n<p><strong>Delai de Livraison<\/strong><\/p>\n<p>Dans beaucoup de cas, vous recevrez une r\u00e9ponse d&rsquo;application de visa dans un jour. Cependant, nous recommandons que vous faites l\u2019application de votre visa au moins quatorze jours avant votre jour pr\u00e9vu du d\u00e9part, puisque dans certains cas \u00e7a peut prendre 10 jours ou plus pour que le visa soit approuv\u00e9. Pour \u00ab\u00a0Working Holiday\u00a0\u00bb, vous devez faire la demande au moins 2 mois \u00e0 l&rsquo;avance.<\/p>\n<p><strong>D\u00e9tails Personnels<\/strong><\/p>\n<p>Nous stockons seulement vos d\u00e9tails personnels (votre application de visa) afin de proc\u00e9der \u00e0 votre application de visa. Nous ne partagerons jamais cette information avec n&rsquo;importe qui sans votre permission.<\/p>\n<p><strong>Information Additionelle<\/strong><\/p>\n<p>Dans certains cas, nous pourrions vous demander des informations suppl\u00e9mentaires. Nous vous contacterons par mel, donc c\u2019est votre responsabilit\u00e9 de v\u00e9rifier votre email de temps en temps et de r\u00e9pondre \u00e0 nos questions \u00e0 l&rsquo;heure. Si nous envoyons une demande \u00e0 votre email et n&rsquo;obtenons pas de r\u00e9ponse \u00e0 temps, habituellement, cela fera que votre application de visa sera rejet\u00e9e.<\/p>\n<p><strong>Limite d\u2019<\/strong><strong>\u0202<\/strong><strong>ge<\/strong><\/p>\n<p>Pour employer notre service vous devez avoir au moins 18 ans. Les gens qui ont au moins 18 ans peuvent faire des applications au nom de ceux qui sont en bas d&rsquo;\u00e2ge.<\/p>\n<p><strong>Guaranties<\/strong><\/p>\n<p>La d\u00e9cision d\u2019accepter ou rejeter votre demande est faite par le d\u00e9partement de l&rsquo;immigration et de la citoyennet\u00e9 en Australie. Nous, chez Auvisa.org ne pouvons pas influencer leur d\u00e9cision. Auvisa.org ne peut pas \u00eatre jug\u00e9 responsable des dommages directs ou indirects, sp\u00e9ciaux, cons\u00e9cutifs, \u00e9conomiques ou autres, provoqu\u00e9s par ce site Web ou nos services, fournis ou non fournis.<\/p>\n<p><strong>Termes et Conditions<\/strong><\/p>\n<p>https:\/\/auvisa.org\/terms\/auvisa_terms_and_conditions_fr.pdf<\/p>\n","protected":false},"excerpt":{"rendered":"<p>La Companie Ce site est la propri\u00e9t\u00e9 de la compagnie Visa &amp; Immigration Services LTD, num\u00e9ro de matricule 72792776, bas\u00e9 [&#8230;]<\/p>\n<p><a class=\"btn btn-secondary understrap-read-more-link\" href=\"https:\/\/auvisa.org\/befr\/les-termes-et-les-conditions-2\/\">Read More&#8230;<span class=\"screen-reader-text\"> from \u00c0 Propos de Nous<\/span><\/a><\/p>\n","protected":false},"author":3,"featured_media":0,"parent":0,"menu_order":10,"comment_status":"open","ping_status":"open","template":"","meta":{"inline_featured_image":false,"footnotes":""},"class_list":["post-234","page","type-page","status-publish","hentry"],"yoast_head":"<!-- This site is optimized with the Yoast SEO plugin v26.9 - https:\/\/yoast.com\/product\/yoast-seo-wordpress\/ -->\n<title>\u00c0 Propos de Nous - Auvisa.org<\/title>\n<meta name=\"robots\" content=\"index, follow, max-snippet:-1, max-image-preview:large, max-video-preview:-1\" \/>\n<link rel=\"canonical\" href=\"https:\/\/auvisa.org\/befr\/les-termes-et-les-conditions-2\/\" \/>\n<meta property=\"og:locale\" content=\"fr_FR\" \/>\n<meta property=\"og:type\" content=\"article\" \/>\n<meta property=\"og:title\" content=\"\u00c0 Propos de Nous - Auvisa.org\" \/>\n<meta property=\"og:description\" content=\"La Companie Ce site est la propri\u00e9t\u00e9 de la compagnie Visa &amp; Immigration Services LTD, num\u00e9ro de matricule 72792776, bas\u00e9 [...]Read More... from \u00c0 Propos de Nous\" \/>\n<meta property=\"og:url\" content=\"https:\/\/auvisa.org\/befr\/les-termes-et-les-conditions-2\/\" \/>\n<meta property=\"og:site_name\" content=\"Auvisa.org\" \/>\n<meta property=\"article:modified_time\" content=\"2024-02-29T10:00:24+00:00\" \/>\n<meta name=\"twitter:card\" content=\"summary_large_image\" \/>\n<meta name=\"twitter:label1\" content=\"Dur\u00e9e de lecture est.\" \/>\n\t<meta name=\"twitter:data1\" content=\"3 minutes\" \/>\n<script type=\"application\/ld+json\" class=\"yoast-schema-graph\">{\"@context\":\"https:\/\/schema.org\",\"@graph\":[{\"@type\":\"WebPage\",\"@id\":\"https:\/\/auvisa.org\/befr\/les-termes-et-les-conditions-2\/\",\"url\":\"https:\/\/auvisa.org\/befr\/les-termes-et-les-conditions-2\/\",\"name\":\"\u00c0 Propos de Nous - Auvisa.org\",\"isPartOf\":{\"@id\":\"https:\/\/auvisa.org\/befr\/#website\"},\"datePublished\":\"2012-02-22T16:13:31+00:00\",\"dateModified\":\"2024-02-29T10:00:24+00:00\",\"breadcrumb\":{\"@id\":\"https:\/\/auvisa.org\/befr\/les-termes-et-les-conditions-2\/#breadcrumb\"},\"inLanguage\":\"fr-BE\",\"potentialAction\":[{\"@type\":\"ReadAction\",\"target\":[\"https:\/\/auvisa.org\/befr\/les-termes-et-les-conditions-2\/\"]}]},{\"@type\":\"BreadcrumbList\",\"@id\":\"https:\/\/auvisa.org\/befr\/les-termes-et-les-conditions-2\/#breadcrumb\",\"itemListElement\":[{\"@type\":\"ListItem\",\"position\":1,\"name\":\"Home\",\"item\":\"https:\/\/auvisa.org\/befr\/\"},{\"@type\":\"ListItem\",\"position\":2,\"name\":\"\u00c0 Propos de Nous\"}]},{\"@type\":\"WebSite\",\"@id\":\"https:\/\/auvisa.org\/befr\/#website\",\"url\":\"https:\/\/auvisa.org\/befr\/\",\"name\":\"Auvisa.org\",\"description\":\"\",\"inLanguage\":\"fr-BE\"}]}<\/script>\n<!-- \/ Yoast SEO plugin. -->","yoast_head_json":{"title":"\u00c0 Propos de Nous - Auvisa.org","robots":{"index":"index","follow":"follow","max-snippet":"max-snippet:-1","max-image-preview":"max-image-preview:large","max-video-preview":"max-video-preview:-1"},"canonical":"https:\/\/auvisa.org\/befr\/les-termes-et-les-conditions-2\/","og_locale":"fr_FR","og_type":"article","og_title":"\u00c0 Propos de Nous - Auvisa.org","og_description":"La Companie Ce site est la propri\u00e9t\u00e9 de la compagnie Visa &amp; Immigration Services LTD, num\u00e9ro de matricule 72792776, bas\u00e9 [...]Read More... from \u00c0 Propos de Nous","og_url":"https:\/\/auvisa.org\/befr\/les-termes-et-les-conditions-2\/","og_site_name":"Auvisa.org","article_modified_time":"2024-02-29T10:00:24+00:00","twitter_card":"summary_large_image","twitter_misc":{"Dur\u00e9e de lecture est.":"3 minutes"},"schema":{"@context":"https:\/\/schema.org","@graph":[{"@type":"WebPage","@id":"https:\/\/auvisa.org\/befr\/les-termes-et-les-conditions-2\/","url":"https:\/\/auvisa.org\/befr\/les-termes-et-les-conditions-2\/","name":"\u00c0 Propos de Nous - Auvisa.org","isPartOf":{"@id":"https:\/\/auvisa.org\/befr\/#website"},"datePublished":"2012-02-22T16:13:31+00:00","dateModified":"2024-02-29T10:00:24+00:00","breadcrumb":{"@id":"https:\/\/auvisa.org\/befr\/les-termes-et-les-conditions-2\/#breadcrumb"},"inLanguage":"fr-BE","potentialAction":[{"@type":"ReadAction","target":["https:\/\/auvisa.org\/befr\/les-termes-et-les-conditions-2\/"]}]},{"@type":"BreadcrumbList","@id":"https:\/\/auvisa.org\/befr\/les-termes-et-les-conditions-2\/#breadcrumb","itemListElement":[{"@type":"ListItem","position":1,"name":"Home","item":"https:\/\/auvisa.org\/befr\/"},{"@type":"ListItem","position":2,"name":"\u00c0 Propos de Nous"}]},{"@type":"WebSite","@id":"https:\/\/auvisa.org\/befr\/#website","url":"https:\/\/auvisa.org\/befr\/","name":"Auvisa.org","description":"","inLanguage":"fr-BE"}]}},"_links":{"self":[{"href":"https:\/\/auvisa.org\/befr\/wp-json\/wp\/v2\/pages\/234","targetHints":{"allow":["GET"]}}],"collection":[{"href":"https:\/\/auvisa.org\/befr\/wp-json\/wp\/v2\/pages"}],"about":[{"href":"https:\/\/auvisa.org\/befr\/wp-json\/wp\/v2\/types\/page"}],"author":[{"embeddable":true,"href":"https:\/\/auvisa.org\/befr\/wp-json\/wp\/v2\/users\/3"}],"replies":[{"embeddable":true,"href":"https:\/\/auvisa.org\/befr\/wp-json\/wp\/v2\/comments?post=234"}],"version-history":[{"count":6,"href":"https:\/\/auvisa.org\/befr\/wp-json\/wp\/v2\/pages\/234\/revisions"}],"predecessor-version":[{"id":14414,"href":"https:\/\/auvisa.org\/befr\/wp-json\/wp\/v2\/pages\/234\/revisions\/14414"}],"wp:attachment":[{"href":"https:\/\/auvisa.org\/befr\/wp-json\/wp\/v2\/media?parent=234"}],"curies":[{"name":"wp","href":"https:\/\/api.w.org\/{rel}","templated":true}]}}