{"id":2619,"date":"2012-02-22T16:11:54","date_gmt":"2012-02-22T16:11:54","guid":{"rendered":"https:\/\/auvisa.org\/?p=228"},"modified":"2023-06-15T15:47:27","modified_gmt":"2023-06-15T13:47:27","slug":"politique-de-confidentialite-2","status":"publish","type":"page","link":"https:\/\/auvisa.org\/befr\/politique-de-confidentialite-2\/","title":{"rendered":"Politique de confidentialit\u00e9"},"content":{"rendered":"<p>Cette politique de confidentialit\u00e9 d\u00e9finit la mani\u00e8re dont Visa &amp; Immigration Services LTD utilise et prot\u00e8ge les informations que vous donnez Visa &amp; Immigration Services LTD lorsque vous utilisez ce site.<\/p>\n<p>Visa &amp; Immigration Services LTD s&rsquo;est engag\u00e9 \u00e0 veiller \u00e0 ce que votre intimit\u00e9 est prot\u00e9g\u00e9e. Devrions-nous vous demander de fournir certaines informations qui vous pouvez \u00eatre identifi\u00e9 lors de l&rsquo;utilisation de ce site, vous pouvez \u00eatre assur\u00e9 qu&rsquo;il ne sera utilis\u00e9 que conform\u00e9ment \u00e0 la pr\u00e9sente d\u00e9claration de confidentialit\u00e9.<\/p>\n<p>Visa &amp; Immigration Services LTD peut changer cette politique de temps \u00e0 autre par la mise \u00e0 jour cette page. Vous devriez consulter cette page de temps en temps pour s&rsquo;assurer que vous \u00eates satisfait des changements. Cette politique est effective \u00e0 partir de 10\/12\/2011.<\/p>\n<p><strong>Ce que nous collectons<\/strong><\/p>\n<p>Nous pouvons recueillir les informations suivantes:<\/p>\n<ul>\n<li>Nom, pr\u00e9nom, date de naissance, num\u00e9ro de passeport et les d\u00e9tails de d\u00e9livrance<\/li>\n<li>Coordonn\u00e9es, y compris l&rsquo;adresse e-mail et adresse postale<\/li>\n<li>Autres informations pertinentes \u00e0 votre demande<\/li>\n<\/ul>\n<p><strong>Ce que nous faisons avec les informations que nous recueillons<\/strong><\/p>\n<p>Nous avons besoin de cette information pour \u00eatre en mesure de fournir le service que vous demandez (visas ou permis ou d&rsquo;entr\u00e9e).\u00a0L&rsquo;information est exig\u00e9e par les organismes gouvernementaux qui traite de questions et les visas et les permis.<\/p>\n<p>Pour \u00eatre en mesure de d\u00e9poser votre demande, nous envoyer vos informations \u00e0 l&rsquo;autorit\u00e9 \u00e9mettrice.\u00a0Cela se fait par voie \u00e9lectronique via une connexion crypt\u00e9e et s\u00e9curis\u00e9e.<\/p>\n<p>Les informations que vous avez entr\u00e9, y compris le r\u00e9sultat ou votre application, sera ensuite stock\u00e9e dans notre syst\u00e8me pour vous d&rsquo;\u00eatre capable de se connecter et acc\u00e9der \u00e0 ces donn\u00e9es.<\/p>\n<p><strong>S\u00e9curit\u00e9<\/strong><\/p>\n<p>Nous nous engageons \u00e0 veiller \u00e0 ce que votre information est s\u00e9curis\u00e9e.\u00a0Afin de pr\u00e9venir tout acc\u00e8s non autoris\u00e9 ou la divulgation, nous avons mis en place des proc\u00e9dures physiques, \u00e9lectroniques et de gestion pour sauvegarder et s\u00e9curiser les informations que nous recueillons en ligne.<\/p>\n<p><strong>Comment nous utilisons des cookies<\/strong><\/p>\n<p>Un cookie est un petit fichier qui demande la permission d&rsquo;\u00eatre plac\u00e9 sur le disque dur de votre ordinateur.\u00a0Une fois que vous acceptez, le fichier est ajout\u00e9 et le cookie permet d&rsquo;analyser le trafic web ou vous permet de savoir lorsque vous visitez un site particulier.\u00a0Les cookies permettent aux applications web de vous r\u00e9pondre en tant qu&rsquo;individu.\u00a0L&rsquo;application Web peut adapter son fonctionnement \u00e0 vos besoins, go\u00fbts et d\u00e9go\u00fbts en recueillant et en m\u00e9morisant des informations sur vos pr\u00e9f\u00e9rences.<\/p>\n<p>Nous utilisons des cookies de trafic pour identifier quelles pages sont utilis\u00e9es.\u00a0Cela nous aide \u00e0 analyser les donn\u00e9es sur le trafic Web et d&rsquo;am\u00e9liorer notre site, afin de l&rsquo;adapter aux besoins des clients.\u00a0Nous utiliserons ces informations uniquement \u00e0 des fins d&rsquo;analyse statistique.<\/p>\n<p>Globalement, les cookies nous aident \u00e0 vous fournir un meilleur site web, en nous permettant de suivre les pages que vous trouvez utiles et que vous n&rsquo;avez pas.\u00a0Un cookie ne nous donne aucunement acc\u00e8s \u00e0 votre ordinateur ou toute information vous concernant, autre que les donn\u00e9es que vous choisissez de partager avec nous.<\/p>\n<p>Vous pouvez choisir d&rsquo;accepter ou de refuser les cookies.\u00a0La plupart des navigateurs Web acceptent automatiquement les cookies, mais vous pouvez g\u00e9n\u00e9ralement modifier les param\u00e8tres de votre navigateur pour refuser les cookies si vous pr\u00e9f\u00e9rez.Cela peut vous emp\u00eacher de profiter pleinement du site.\u00a0Ce site a d\u00e9j\u00e0 mis les cookies sur votre ordinateur, si votre navigateur est configur\u00e9 pour permettre cela.\u00a0Si vous ne l&rsquo;approuve pas, vous pouvez fermer cette fen\u00eatre et effacer les cookies de votre navigateur.<\/p>\n<p><strong>Liens vers d&rsquo;autres sites<\/strong><\/p>\n<p>Notre site peut contenir des liens vers d&rsquo;autres sites d&rsquo;int\u00e9r\u00eat.\u00a0Cependant, une fois que vous avez utilis\u00e9 ces liens pour quitter notre site, vous devriez noter que nous n&rsquo;avons pas de contr\u00f4le sur cet autre site.\u00a0Par cons\u00e9quent, nous ne pouvons pas \u00eatre responsables de la protection et la confidentialit\u00e9 des informations que vous fournissez tout en visitant ces sites et ces sites ne sont pas r\u00e9gies par la pr\u00e9sente d\u00e9claration de confidentialit\u00e9.\u00a0Vous devez faire preuve de prudence et de regarder la d\u00e9claration de confidentialit\u00e9 applicable au site en question.<\/p>\n<p><strong>Contr\u00f4le de vos informations personnelles<\/strong><\/p>\n<p>Nous n&rsquo;allons pas vendre, distribuer ou louer vos informations personnelles \u00e0 des tiers sauf si nous avons votre permission ou sont requis par la loi de le faire.\u00a0Nous n&rsquo;utiliserons jamais vos informations personnelles pour vous envoyer des informations promotionnelles de tiers.\u00a0Afin de compl\u00e9ter votre demande, nous avons besoin de donner vos informations aux agences gouvernementales concern\u00e9es qui autorisent des visas ou des permis.<\/p>\n<p>Si vous croyez que tous les renseignements que nous d\u00e9tenons sur vous sont incorrectes ou incompl\u00e8tes, s&rsquo;il vous pla\u00eet nous \u00e9crire ou nous envoyer un courriel d\u00e8s que possible, \u00e0 l&rsquo;adresse ci-dessus.\u00a0Nous nous empresserons de corriger toute information jug\u00e9e incorrecte.<\/p>\n<p>Si vous ne souhaitez pas recevoir toute communication de notre part, ou si vous souhaitez \u00eatre retir\u00e9 de notre base de donn\u00e9es clients, s&rsquo;il vous pla\u00eet n&rsquo;h\u00e9sitez pas \u00e0 nous contacter avec votre demande et nous mettrons \u00e0 jour ou supprimer vos dossiers sans d\u00e9lai.<\/p>\n","protected":false},"excerpt":{"rendered":"<p>Cette politique de confidentialit\u00e9 d\u00e9finit la mani\u00e8re dont Visa &amp; Immigration Services LTD utilise et prot\u00e8ge les informations que vous [&#8230;]<\/p>\n<p><a class=\"btn btn-secondary understrap-read-more-link\" href=\"https:\/\/auvisa.org\/befr\/politique-de-confidentialite-2\/\">Read More&#8230;<span class=\"screen-reader-text\"> from Politique de confidentialit\u00e9<\/span><\/a><\/p>\n","protected":false},"author":3,"featured_media":0,"parent":0,"menu_order":19,"comment_status":"open","ping_status":"open","template":"","meta":{"inline_featured_image":false,"footnotes":""},"class_list":["post-2619","page","type-page","status-publish","hentry"],"yoast_head":"<!-- This site is optimized with the Yoast SEO plugin v26.9 - https:\/\/yoast.com\/product\/yoast-seo-wordpress\/ -->\n<title>Politique de confidentialit\u00e9 - Auvisa.org<\/title>\n<meta name=\"robots\" content=\"index, follow, max-snippet:-1, max-image-preview:large, max-video-preview:-1\" \/>\n<link rel=\"canonical\" href=\"https:\/\/auvisa.org\/befr\/politique-de-confidentialite-2\/\" \/>\n<meta property=\"og:locale\" content=\"fr_FR\" \/>\n<meta property=\"og:type\" content=\"article\" \/>\n<meta property=\"og:title\" content=\"Politique de confidentialit\u00e9 - Auvisa.org\" \/>\n<meta property=\"og:description\" content=\"Cette politique de confidentialit\u00e9 d\u00e9finit la mani\u00e8re dont Visa &amp; Immigration Services LTD utilise et prot\u00e8ge les informations que vous [...]Read More... from Politique de confidentialit\u00e9\" \/>\n<meta property=\"og:url\" content=\"https:\/\/auvisa.org\/befr\/politique-de-confidentialite-2\/\" \/>\n<meta property=\"og:site_name\" content=\"Auvisa.org\" \/>\n<meta property=\"article:modified_time\" content=\"2023-06-15T13:47:27+00:00\" \/>\n<meta name=\"twitter:card\" content=\"summary_large_image\" \/>\n<meta name=\"twitter:label1\" content=\"Dur\u00e9e de lecture est.\" \/>\n\t<meta name=\"twitter:data1\" content=\"5 minutes\" \/>\n<script type=\"application\/ld+json\" class=\"yoast-schema-graph\">{\"@context\":\"https:\/\/schema.org\",\"@graph\":[{\"@type\":\"WebPage\",\"@id\":\"https:\/\/auvisa.org\/befr\/politique-de-confidentialite-2\/\",\"url\":\"https:\/\/auvisa.org\/befr\/politique-de-confidentialite-2\/\",\"name\":\"Politique de confidentialit\u00e9 - Auvisa.org\",\"isPartOf\":{\"@id\":\"https:\/\/auvisa.org\/befr\/#website\"},\"datePublished\":\"2012-02-22T16:11:54+00:00\",\"dateModified\":\"2023-06-15T13:47:27+00:00\",\"breadcrumb\":{\"@id\":\"https:\/\/auvisa.org\/befr\/politique-de-confidentialite-2\/#breadcrumb\"},\"inLanguage\":\"fr-BE\",\"potentialAction\":[{\"@type\":\"ReadAction\",\"target\":[\"https:\/\/auvisa.org\/befr\/politique-de-confidentialite-2\/\"]}]},{\"@type\":\"BreadcrumbList\",\"@id\":\"https:\/\/auvisa.org\/befr\/politique-de-confidentialite-2\/#breadcrumb\",\"itemListElement\":[{\"@type\":\"ListItem\",\"position\":1,\"name\":\"Home\",\"item\":\"https:\/\/auvisa.org\/befr\/\"},{\"@type\":\"ListItem\",\"position\":2,\"name\":\"Politique de confidentialit\u00e9\"}]},{\"@type\":\"WebSite\",\"@id\":\"https:\/\/auvisa.org\/befr\/#website\",\"url\":\"https:\/\/auvisa.org\/befr\/\",\"name\":\"Auvisa.org\",\"description\":\"\",\"inLanguage\":\"fr-BE\"}]}<\/script>\n<!-- \/ Yoast SEO plugin. -->","yoast_head_json":{"title":"Politique de confidentialit\u00e9 - Auvisa.org","robots":{"index":"index","follow":"follow","max-snippet":"max-snippet:-1","max-image-preview":"max-image-preview:large","max-video-preview":"max-video-preview:-1"},"canonical":"https:\/\/auvisa.org\/befr\/politique-de-confidentialite-2\/","og_locale":"fr_FR","og_type":"article","og_title":"Politique de confidentialit\u00e9 - Auvisa.org","og_description":"Cette politique de confidentialit\u00e9 d\u00e9finit la mani\u00e8re dont Visa &amp; Immigration Services LTD utilise et prot\u00e8ge les informations que vous [...]Read More... from Politique de confidentialit\u00e9","og_url":"https:\/\/auvisa.org\/befr\/politique-de-confidentialite-2\/","og_site_name":"Auvisa.org","article_modified_time":"2023-06-15T13:47:27+00:00","twitter_card":"summary_large_image","twitter_misc":{"Dur\u00e9e de lecture est.":"5 minutes"},"schema":{"@context":"https:\/\/schema.org","@graph":[{"@type":"WebPage","@id":"https:\/\/auvisa.org\/befr\/politique-de-confidentialite-2\/","url":"https:\/\/auvisa.org\/befr\/politique-de-confidentialite-2\/","name":"Politique de confidentialit\u00e9 - Auvisa.org","isPartOf":{"@id":"https:\/\/auvisa.org\/befr\/#website"},"datePublished":"2012-02-22T16:11:54+00:00","dateModified":"2023-06-15T13:47:27+00:00","breadcrumb":{"@id":"https:\/\/auvisa.org\/befr\/politique-de-confidentialite-2\/#breadcrumb"},"inLanguage":"fr-BE","potentialAction":[{"@type":"ReadAction","target":["https:\/\/auvisa.org\/befr\/politique-de-confidentialite-2\/"]}]},{"@type":"BreadcrumbList","@id":"https:\/\/auvisa.org\/befr\/politique-de-confidentialite-2\/#breadcrumb","itemListElement":[{"@type":"ListItem","position":1,"name":"Home","item":"https:\/\/auvisa.org\/befr\/"},{"@type":"ListItem","position":2,"name":"Politique de confidentialit\u00e9"}]},{"@type":"WebSite","@id":"https:\/\/auvisa.org\/befr\/#website","url":"https:\/\/auvisa.org\/befr\/","name":"Auvisa.org","description":"","inLanguage":"fr-BE"}]}},"_links":{"self":[{"href":"https:\/\/auvisa.org\/befr\/wp-json\/wp\/v2\/pages\/2619","targetHints":{"allow":["GET"]}}],"collection":[{"href":"https:\/\/auvisa.org\/befr\/wp-json\/wp\/v2\/pages"}],"about":[{"href":"https:\/\/auvisa.org\/befr\/wp-json\/wp\/v2\/types\/page"}],"author":[{"embeddable":true,"href":"https:\/\/auvisa.org\/befr\/wp-json\/wp\/v2\/users\/3"}],"replies":[{"embeddable":true,"href":"https:\/\/auvisa.org\/befr\/wp-json\/wp\/v2\/comments?post=2619"}],"version-history":[{"count":4,"href":"https:\/\/auvisa.org\/befr\/wp-json\/wp\/v2\/pages\/2619\/revisions"}],"predecessor-version":[{"id":14147,"href":"https:\/\/auvisa.org\/befr\/wp-json\/wp\/v2\/pages\/2619\/revisions\/14147"}],"wp:attachment":[{"href":"https:\/\/auvisa.org\/befr\/wp-json\/wp\/v2\/media?parent=2619"}],"curies":[{"name":"wp","href":"https:\/\/api.w.org\/{rel}","templated":true}]}}