{"id":2632,"date":"2020-05-11T17:00:04","date_gmt":"2020-05-11T17:00:04","guid":{"rendered":"https:\/\/auvisa.org\/befr\/?page_id=2632"},"modified":"2020-05-12T15:41:45","modified_gmt":"2020-05-12T15:41:45","slug":"deuxieme-visa-vacances-travail-australien-belgique","status":"publish","type":"page","link":"https:\/\/auvisa.org\/befr\/deuxieme-visa-vacances-travail-australien-belgique\/","title":{"rendered":"Deuxi\u00e8me Visa Working Holiday Australien (Citoyens Belges)"},"content":{"rendered":"<h3 id=\"first-paragraph\"><strong>Plus d&rsquo;informations sur les seconds visas vacances-travail (Working Holiday Visa) pour les cotoyens belges.\u00a0<\/strong><\/h3>\n<p>Vous pouvez demander un deuxi\u00e8me visa Vacances-Travail (Working Holiday Visa) si vous remplissez certaines conditions :<\/p>\n<ul>\n<li>Tout ce qui s&rsquo;applique au <a href=\"\/befr\/visa-vacances-travail-en-australie-vvt\/\">premier visa Working Holiday pour les cotoyens belges<\/a>, plus :\n<ul>\n<li>avoir rempli toutes les conditions de votre premier visa Vacances-Travail.<\/li>\n<li>ne pas avoir obtenu pr\u00e9c\u00e9demment plus d&rsquo;un visa Working Holiday.<\/li>\n<li>avoir effectu\u00e9 trois mois de <a href=\"\/befr\/visa-vacances-travail-en-australie-vvt\/#sp\u00e9cifi\u00e9s\">travail sp\u00e9cifique <\/a>dans des zones r\u00e9gionales de l&rsquo;Australie pendant votre premier visa Vacances-Travail.<\/li>\n<\/ul>\n<\/li>\n<\/ul>\n<p>Si vous \u00eates actuellement en Australie avec votre premier visa vacances-travail Working Holiday et que vous souhaitez rester dans le pays, vous devez <strong>demander le deuxi\u00e8me Working Holiday Visa avant l&rsquo;expiration du premier<\/strong>.<\/p>\n<p>Un \u00ab\u00a0travail sp\u00e9cifique\u00a0\u00bb est un travail effectu\u00e9 dans <strong>une s\u00e9rie d&#8217;emplois ou de secteurs d&rsquo;activit\u00e9 et de r\u00e9gions sp\u00e9cifi\u00e9s<\/strong>, y compris :<\/p>\n<ul>\n<li><strong>La p\u00eache et la perliculture dans le <\/strong>nord de l&rsquo;Australie<\/li>\n<li>Culture et abattage d&rsquo;<strong>arbres dans le <\/strong>nord de l&rsquo;Australie<\/li>\n<li><strong>Tourisme et hospitalit\u00e9 <\/strong>en Australie du Nord<\/li>\n<li><strong>Culture de plantes et d&rsquo;animaux dans le <\/strong>nord de l&rsquo;Australie et dans d&rsquo;autres r\u00e9gions d\u00e9termin\u00e9es<\/li>\n<\/ul>\n<p>Vous trouverez plus d&rsquo;informations sur les emplois sp\u00e9cifiques dans la <a href=\"\/befr\/visa-vacances-travail-en-australie-vvt\/#sp\u00e9cifi\u00e9s\">section consacr\u00e9e au visa Working Holiday<\/a>.<\/p>\n\n\n<p><\/p>\n","protected":false},"excerpt":{"rendered":"<p>Plus d&rsquo;informations sur les seconds visas vacances-travail (Working Holiday Visa) pour les cotoyens belges.\u00a0 Vous pouvez demander un deuxi\u00e8me visa [&#8230;]<\/p>\n<p><a class=\"btn btn-secondary understrap-read-more-link\" href=\"https:\/\/auvisa.org\/befr\/deuxieme-visa-vacances-travail-australien-belgique\/\">Read More&#8230;<span class=\"screen-reader-text\"> from Deuxi\u00e8me Visa Working Holiday Australien (Citoyens Belges)<\/span><\/a><\/p>\n","protected":false},"author":5,"featured_media":0,"parent":0,"menu_order":5,"comment_status":"closed","ping_status":"closed","template":"templates\/tpl_spiegazione.php","meta":{"inline_featured_image":false,"footnotes":""},"class_list":["post-2632","page","type-page","status-publish","hentry"],"yoast_head":"<!-- This site is optimized with the Yoast SEO plugin v26.9 - https:\/\/yoast.com\/product\/yoast-seo-wordpress\/ -->\n<title>Deuxi\u00e8me Working Holiday Visa pour l&#039;Australie (Citoyens Belges)<\/title>\n<meta name=\"description\" content=\"Un deuxi\u00e8me visa vacances-travail &quot;Working Holiday &quot; est destin\u00e9 aux personnes souhaitent prolonger leur visa vacances-travail en Australie.\" \/>\n<meta name=\"robots\" content=\"index, follow, max-snippet:-1, max-image-preview:large, max-video-preview:-1\" \/>\n<link rel=\"canonical\" href=\"https:\/\/auvisa.org\/befr\/deuxieme-visa-vacances-travail-australien-belgique\/\" \/>\n<meta property=\"og:locale\" content=\"fr_FR\" \/>\n<meta property=\"og:type\" content=\"article\" \/>\n<meta property=\"og:title\" content=\"Deuxi\u00e8me Working Holiday Visa pour l&#039;Australie (Citoyens Belges)\" \/>\n<meta property=\"og:description\" content=\"Un deuxi\u00e8me visa vacances-travail &quot;Working Holiday &quot; est destin\u00e9 aux personnes souhaitent prolonger leur visa vacances-travail en Australie.\" \/>\n<meta property=\"og:url\" content=\"https:\/\/auvisa.org\/befr\/deuxieme-visa-vacances-travail-australien-belgique\/\" \/>\n<meta property=\"og:site_name\" content=\"Auvisa.org\" \/>\n<meta property=\"article:modified_time\" content=\"2020-05-12T15:41:45+00:00\" \/>\n<meta name=\"twitter:card\" content=\"summary_large_image\" \/>\n<meta name=\"twitter:label1\" content=\"Dur\u00e9e de lecture est.\" \/>\n\t<meta name=\"twitter:data1\" content=\"1 minute\" \/>\n<script type=\"application\/ld+json\" class=\"yoast-schema-graph\">{\"@context\":\"https:\/\/schema.org\",\"@graph\":[{\"@type\":\"WebPage\",\"@id\":\"https:\/\/auvisa.org\/befr\/deuxieme-visa-vacances-travail-australien-belgique\/\",\"url\":\"https:\/\/auvisa.org\/befr\/deuxieme-visa-vacances-travail-australien-belgique\/\",\"name\":\"Deuxi\u00e8me Working Holiday Visa pour l'Australie (Citoyens Belges)\",\"isPartOf\":{\"@id\":\"https:\/\/auvisa.org\/befr\/#website\"},\"datePublished\":\"2020-05-11T17:00:04+00:00\",\"dateModified\":\"2020-05-12T15:41:45+00:00\",\"description\":\"Un deuxi\u00e8me visa vacances-travail \\\"Working Holiday \\\" est destin\u00e9 aux personnes souhaitent prolonger leur visa vacances-travail en Australie.\",\"breadcrumb\":{\"@id\":\"https:\/\/auvisa.org\/befr\/deuxieme-visa-vacances-travail-australien-belgique\/#breadcrumb\"},\"inLanguage\":\"fr-BE\",\"potentialAction\":[{\"@type\":\"ReadAction\",\"target\":[\"https:\/\/auvisa.org\/befr\/deuxieme-visa-vacances-travail-australien-belgique\/\"]}]},{\"@type\":\"BreadcrumbList\",\"@id\":\"https:\/\/auvisa.org\/befr\/deuxieme-visa-vacances-travail-australien-belgique\/#breadcrumb\",\"itemListElement\":[{\"@type\":\"ListItem\",\"position\":1,\"name\":\"Home\",\"item\":\"https:\/\/auvisa.org\/befr\/\"},{\"@type\":\"ListItem\",\"position\":2,\"name\":\"Deuxi\u00e8me Visa Working Holiday Australien (Citoyens Belges)\"}]},{\"@type\":\"WebSite\",\"@id\":\"https:\/\/auvisa.org\/befr\/#website\",\"url\":\"https:\/\/auvisa.org\/befr\/\",\"name\":\"Auvisa.org\",\"description\":\"\",\"inLanguage\":\"fr-BE\"}]}<\/script>\n<!-- \/ Yoast SEO plugin. -->","yoast_head_json":{"title":"Deuxi\u00e8me Working Holiday Visa pour l'Australie (Citoyens Belges)","description":"Un deuxi\u00e8me visa vacances-travail \"Working Holiday \" est destin\u00e9 aux personnes souhaitent prolonger leur visa vacances-travail en Australie.","robots":{"index":"index","follow":"follow","max-snippet":"max-snippet:-1","max-image-preview":"max-image-preview:large","max-video-preview":"max-video-preview:-1"},"canonical":"https:\/\/auvisa.org\/befr\/deuxieme-visa-vacances-travail-australien-belgique\/","og_locale":"fr_FR","og_type":"article","og_title":"Deuxi\u00e8me Working Holiday Visa pour l'Australie (Citoyens Belges)","og_description":"Un deuxi\u00e8me visa vacances-travail \"Working Holiday \" est destin\u00e9 aux personnes souhaitent prolonger leur visa vacances-travail en Australie.","og_url":"https:\/\/auvisa.org\/befr\/deuxieme-visa-vacances-travail-australien-belgique\/","og_site_name":"Auvisa.org","article_modified_time":"2020-05-12T15:41:45+00:00","twitter_card":"summary_large_image","twitter_misc":{"Dur\u00e9e de lecture est.":"1 minute"},"schema":{"@context":"https:\/\/schema.org","@graph":[{"@type":"WebPage","@id":"https:\/\/auvisa.org\/befr\/deuxieme-visa-vacances-travail-australien-belgique\/","url":"https:\/\/auvisa.org\/befr\/deuxieme-visa-vacances-travail-australien-belgique\/","name":"Deuxi\u00e8me Working Holiday Visa pour l'Australie (Citoyens Belges)","isPartOf":{"@id":"https:\/\/auvisa.org\/befr\/#website"},"datePublished":"2020-05-11T17:00:04+00:00","dateModified":"2020-05-12T15:41:45+00:00","description":"Un deuxi\u00e8me visa vacances-travail \"Working Holiday \" est destin\u00e9 aux personnes souhaitent prolonger leur visa vacances-travail en Australie.","breadcrumb":{"@id":"https:\/\/auvisa.org\/befr\/deuxieme-visa-vacances-travail-australien-belgique\/#breadcrumb"},"inLanguage":"fr-BE","potentialAction":[{"@type":"ReadAction","target":["https:\/\/auvisa.org\/befr\/deuxieme-visa-vacances-travail-australien-belgique\/"]}]},{"@type":"BreadcrumbList","@id":"https:\/\/auvisa.org\/befr\/deuxieme-visa-vacances-travail-australien-belgique\/#breadcrumb","itemListElement":[{"@type":"ListItem","position":1,"name":"Home","item":"https:\/\/auvisa.org\/befr\/"},{"@type":"ListItem","position":2,"name":"Deuxi\u00e8me Visa Working Holiday Australien (Citoyens Belges)"}]},{"@type":"WebSite","@id":"https:\/\/auvisa.org\/befr\/#website","url":"https:\/\/auvisa.org\/befr\/","name":"Auvisa.org","description":"","inLanguage":"fr-BE"}]}},"_links":{"self":[{"href":"https:\/\/auvisa.org\/befr\/wp-json\/wp\/v2\/pages\/2632","targetHints":{"allow":["GET"]}}],"collection":[{"href":"https:\/\/auvisa.org\/befr\/wp-json\/wp\/v2\/pages"}],"about":[{"href":"https:\/\/auvisa.org\/befr\/wp-json\/wp\/v2\/types\/page"}],"author":[{"embeddable":true,"href":"https:\/\/auvisa.org\/befr\/wp-json\/wp\/v2\/users\/5"}],"replies":[{"embeddable":true,"href":"https:\/\/auvisa.org\/befr\/wp-json\/wp\/v2\/comments?post=2632"}],"version-history":[{"count":17,"href":"https:\/\/auvisa.org\/befr\/wp-json\/wp\/v2\/pages\/2632\/revisions"}],"predecessor-version":[{"id":2805,"href":"https:\/\/auvisa.org\/befr\/wp-json\/wp\/v2\/pages\/2632\/revisions\/2805"}],"wp:attachment":[{"href":"https:\/\/auvisa.org\/befr\/wp-json\/wp\/v2\/media?parent=2632"}],"curies":[{"name":"wp","href":"https:\/\/api.w.org\/{rel}","templated":true}]}}