{"id":2641,"date":"2020-05-11T17:28:52","date_gmt":"2020-05-11T17:28:52","guid":{"rendered":"https:\/\/auvisa.org\/befr\/?page_id=2641"},"modified":"2020-05-12T16:29:56","modified_gmt":"2020-05-12T16:29:56","slug":"visa-de-travail-temporaire-australien-belgique","status":"publish","type":"page","link":"https:\/\/auvisa.org\/befr\/visa-de-travail-temporaire-australien-belgique\/","title":{"rendered":"Visa de Travail Temporaire pour l&rsquo;Australie (Citoyens Belges)"},"content":{"rendered":"\n<h2 class=\"wp-block-heading\" id=\"first-paragraph\">Visa Australien de Travail Temporaire <\/h2>\n\n\n\n<p>Un visa de travail temporaire (sous-cat\u00e9gorie 400) est destin\u00e9 aux citoyens belges qui se rendront en Australie pour y effectuer un travail temporaire et qualifi\u00e9.<\/p>\n\n\n\n<p><strong>Le visa peut \u00eatre accord\u00e9 pour une dur\u00e9e maximale de trois mois.<\/strong><\/p>\n\n\n\n<p>Vous pouvez faire une demande d\u2019application pour ce visa si :<\/p>\n\n\n\n<ul class=\"wp-block-list\"><li>vous \u00eates \u00e0 l\u2019ext\u00e9rieur de l\u2019Australie<\/li><li>vous allez faire un&nbsp;<strong>travail temporaire hautement sp\u00e9cialis\u00e9 \u00e0 court terme<\/strong><\/li><li>vous allez participer \u00e0 un&nbsp;<strong>\u00e9v\u00e9nement culturel ou social<\/strong><\/li><li>vous participerez \u00e0 une&nbsp;<strong>activit\u00e9 ou un travail relatif aux int\u00e9r\u00eats australiens<\/strong>.<\/li><\/ul>\n\n\n\n<p>Pour faire une demande d\u2019application, vous devez \u00eatre&nbsp;<strong>invit\u00e9 par l\u2019organisation pour laquelle vous travaillerez<\/strong>.<\/p>\n\n\n\n<p>Vous devez \u00e9galement disposer d\u2019attributs personnels ou d\u2019une exp\u00e9rience relative au travail. Il vous sera demand\u00e9 de fournir divers documents belges et australiens pour compl\u00e9ter votre demande d\u2019application.<\/p>\n","protected":false},"excerpt":{"rendered":"<p>Visa Australien de Travail Temporaire Un visa de travail temporaire (sous-cat\u00e9gorie 400) est destin\u00e9 aux citoyens belges qui se rendront [&#8230;]<\/p>\n<p><a class=\"btn btn-secondary understrap-read-more-link\" href=\"https:\/\/auvisa.org\/befr\/visa-de-travail-temporaire-australien-belgique\/\">Read More&#8230;<span class=\"screen-reader-text\"> from Visa de Travail Temporaire pour l&rsquo;Australie (Citoyens Belges)<\/span><\/a><\/p>\n","protected":false},"author":5,"featured_media":0,"parent":0,"menu_order":20,"comment_status":"closed","ping_status":"closed","template":"templates\/tpl_spiegazione.php","meta":{"inline_featured_image":false,"footnotes":""},"class_list":["post-2641","page","type-page","status-publish","hentry"],"yoast_head":"<!-- This site is optimized with the Yoast SEO plugin v26.9 - https:\/\/yoast.com\/product\/yoast-seo-wordpress\/ -->\n<title>Visa de Travail Temporaire pour l&#039;Australie (Citoyens Belges)<\/title>\n<meta name=\"description\" content=\"Ce visa de travail temporaire (sous-cat\u00e9gorie 400) est destin\u00e9 aux belges qui se rendent en Australie pour un travail temporaire sp\u00e9cialis\u00e9. Faites votre demande en ligne.\" \/>\n<meta name=\"robots\" content=\"index, follow, max-snippet:-1, max-image-preview:large, max-video-preview:-1\" \/>\n<link rel=\"canonical\" href=\"https:\/\/auvisa.org\/befr\/visa-de-travail-temporaire-australien-belgique\/\" \/>\n<meta property=\"og:locale\" content=\"fr_FR\" \/>\n<meta property=\"og:type\" content=\"article\" \/>\n<meta property=\"og:title\" content=\"Visa de Travail Temporaire pour l&#039;Australie (Citoyens Belges)\" \/>\n<meta property=\"og:description\" content=\"Ce visa de travail temporaire (sous-cat\u00e9gorie 400) est destin\u00e9 aux belges qui se rendent en Australie pour un travail temporaire sp\u00e9cialis\u00e9. Faites votre demande en ligne.\" \/>\n<meta property=\"og:url\" content=\"https:\/\/auvisa.org\/befr\/visa-de-travail-temporaire-australien-belgique\/\" \/>\n<meta property=\"og:site_name\" content=\"Auvisa.org\" \/>\n<meta property=\"article:modified_time\" content=\"2020-05-12T16:29:56+00:00\" \/>\n<meta name=\"twitter:card\" content=\"summary_large_image\" \/>\n<meta name=\"twitter:label1\" content=\"Dur\u00e9e de lecture est.\" \/>\n\t<meta name=\"twitter:data1\" content=\"1 minute\" \/>\n<script type=\"application\/ld+json\" class=\"yoast-schema-graph\">{\"@context\":\"https:\/\/schema.org\",\"@graph\":[{\"@type\":\"WebPage\",\"@id\":\"https:\/\/auvisa.org\/befr\/visa-de-travail-temporaire-australien-belgique\/\",\"url\":\"https:\/\/auvisa.org\/befr\/visa-de-travail-temporaire-australien-belgique\/\",\"name\":\"Visa de Travail Temporaire pour l'Australie (Citoyens Belges)\",\"isPartOf\":{\"@id\":\"https:\/\/auvisa.org\/befr\/#website\"},\"datePublished\":\"2020-05-11T17:28:52+00:00\",\"dateModified\":\"2020-05-12T16:29:56+00:00\",\"description\":\"Ce visa de travail temporaire (sous-cat\u00e9gorie 400) est destin\u00e9 aux belges qui se rendent en Australie pour un travail temporaire sp\u00e9cialis\u00e9. Faites votre demande en ligne.\",\"breadcrumb\":{\"@id\":\"https:\/\/auvisa.org\/befr\/visa-de-travail-temporaire-australien-belgique\/#breadcrumb\"},\"inLanguage\":\"fr-BE\",\"potentialAction\":[{\"@type\":\"ReadAction\",\"target\":[\"https:\/\/auvisa.org\/befr\/visa-de-travail-temporaire-australien-belgique\/\"]}]},{\"@type\":\"BreadcrumbList\",\"@id\":\"https:\/\/auvisa.org\/befr\/visa-de-travail-temporaire-australien-belgique\/#breadcrumb\",\"itemListElement\":[{\"@type\":\"ListItem\",\"position\":1,\"name\":\"Home\",\"item\":\"https:\/\/auvisa.org\/befr\/\"},{\"@type\":\"ListItem\",\"position\":2,\"name\":\"Visa de Travail Temporaire pour l&#8217;Australie (Citoyens Belges)\"}]},{\"@type\":\"WebSite\",\"@id\":\"https:\/\/auvisa.org\/befr\/#website\",\"url\":\"https:\/\/auvisa.org\/befr\/\",\"name\":\"Auvisa.org\",\"description\":\"\",\"inLanguage\":\"fr-BE\"}]}<\/script>\n<!-- \/ Yoast SEO plugin. -->","yoast_head_json":{"title":"Visa de Travail Temporaire pour l'Australie (Citoyens Belges)","description":"Ce visa de travail temporaire (sous-cat\u00e9gorie 400) est destin\u00e9 aux belges qui se rendent en Australie pour un travail temporaire sp\u00e9cialis\u00e9. Faites votre demande en ligne.","robots":{"index":"index","follow":"follow","max-snippet":"max-snippet:-1","max-image-preview":"max-image-preview:large","max-video-preview":"max-video-preview:-1"},"canonical":"https:\/\/auvisa.org\/befr\/visa-de-travail-temporaire-australien-belgique\/","og_locale":"fr_FR","og_type":"article","og_title":"Visa de Travail Temporaire pour l'Australie (Citoyens Belges)","og_description":"Ce visa de travail temporaire (sous-cat\u00e9gorie 400) est destin\u00e9 aux belges qui se rendent en Australie pour un travail temporaire sp\u00e9cialis\u00e9. Faites votre demande en ligne.","og_url":"https:\/\/auvisa.org\/befr\/visa-de-travail-temporaire-australien-belgique\/","og_site_name":"Auvisa.org","article_modified_time":"2020-05-12T16:29:56+00:00","twitter_card":"summary_large_image","twitter_misc":{"Dur\u00e9e de lecture est.":"1 minute"},"schema":{"@context":"https:\/\/schema.org","@graph":[{"@type":"WebPage","@id":"https:\/\/auvisa.org\/befr\/visa-de-travail-temporaire-australien-belgique\/","url":"https:\/\/auvisa.org\/befr\/visa-de-travail-temporaire-australien-belgique\/","name":"Visa de Travail Temporaire pour l'Australie (Citoyens Belges)","isPartOf":{"@id":"https:\/\/auvisa.org\/befr\/#website"},"datePublished":"2020-05-11T17:28:52+00:00","dateModified":"2020-05-12T16:29:56+00:00","description":"Ce visa de travail temporaire (sous-cat\u00e9gorie 400) est destin\u00e9 aux belges qui se rendent en Australie pour un travail temporaire sp\u00e9cialis\u00e9. Faites votre demande en ligne.","breadcrumb":{"@id":"https:\/\/auvisa.org\/befr\/visa-de-travail-temporaire-australien-belgique\/#breadcrumb"},"inLanguage":"fr-BE","potentialAction":[{"@type":"ReadAction","target":["https:\/\/auvisa.org\/befr\/visa-de-travail-temporaire-australien-belgique\/"]}]},{"@type":"BreadcrumbList","@id":"https:\/\/auvisa.org\/befr\/visa-de-travail-temporaire-australien-belgique\/#breadcrumb","itemListElement":[{"@type":"ListItem","position":1,"name":"Home","item":"https:\/\/auvisa.org\/befr\/"},{"@type":"ListItem","position":2,"name":"Visa de Travail Temporaire pour l&#8217;Australie (Citoyens Belges)"}]},{"@type":"WebSite","@id":"https:\/\/auvisa.org\/befr\/#website","url":"https:\/\/auvisa.org\/befr\/","name":"Auvisa.org","description":"","inLanguage":"fr-BE"}]}},"_links":{"self":[{"href":"https:\/\/auvisa.org\/befr\/wp-json\/wp\/v2\/pages\/2641","targetHints":{"allow":["GET"]}}],"collection":[{"href":"https:\/\/auvisa.org\/befr\/wp-json\/wp\/v2\/pages"}],"about":[{"href":"https:\/\/auvisa.org\/befr\/wp-json\/wp\/v2\/types\/page"}],"author":[{"embeddable":true,"href":"https:\/\/auvisa.org\/befr\/wp-json\/wp\/v2\/users\/5"}],"replies":[{"embeddable":true,"href":"https:\/\/auvisa.org\/befr\/wp-json\/wp\/v2\/comments?post=2641"}],"version-history":[{"count":12,"href":"https:\/\/auvisa.org\/befr\/wp-json\/wp\/v2\/pages\/2641\/revisions"}],"predecessor-version":[{"id":2824,"href":"https:\/\/auvisa.org\/befr\/wp-json\/wp\/v2\/pages\/2641\/revisions\/2824"}],"wp:attachment":[{"href":"https:\/\/auvisa.org\/befr\/wp-json\/wp\/v2\/media?parent=2641"}],"curies":[{"name":"wp","href":"https:\/\/api.w.org\/{rel}","templated":true}]}}