{"id":7057,"date":"2021-05-28T10:27:30","date_gmt":"2021-05-28T10:27:30","guid":{"rendered":"https:\/\/auvisa.org\/befr\/?page_id=7057"},"modified":"2021-05-28T10:27:31","modified_gmt":"2021-05-28T10:27:31","slug":"visa-holidaysecond","status":"publish","type":"page","link":"https:\/\/auvisa.org\/befr\/visa-holidaysecond\/","title":{"rendered":"Demande de Deuxi\u00e8me Visa Working Holiday pour l&rsquo;Australie (Belgique)"},"content":{"rendered":"\n<div style=\"height:20px\" aria-hidden=\"true\" class=\"wp-block-spacer\"><\/div>\n\n\n\n<p>Vous pouvez demander un deuxi\u00e8me visa Working Holiday si vous <strong>remplissez toutes les conditions applicables aux <a href=\"\/befr\/visa-vacances-travail-en-australie-vvt\/\" class=\"aioseop-link\">visas vacances-travail<\/a><\/strong><strong><a href=\"\/befr\/visa-vacances-travail-en-australie-vvt\/\" class=\"aioseop-link\"> <\/a><\/strong><strong><a href=\"\/befr\/visa-vacances-travail-en-australie-vvt\/\" class=\"aioseop-link\">W<\/a><\/strong><strong><a href=\"\/befr\/visa-vacances-travail-en-australie-vvt\/\" class=\"aioseop-link\">o<\/a><\/strong><strong><a href=\"\/befr\/visa-vacances-travail-en-australie-vvt\/\" class=\"aioseop-link\">r<\/a><\/strong><strong><a href=\"\/befr\/visa-vacances-travail-en-australie-vvt\/\" class=\"aioseop-link\">k<\/a><\/strong><strong><a href=\"\/befr\/visa-vacances-travail-en-australie-vvt\/\" class=\"aioseop-link\">i<\/a><\/strong><strong><a href=\"\/befr\/visa-vacances-travail-en-australie-vvt\/\" class=\"aioseop-link\">n<\/a><\/strong><strong><a href=\"\/befr\/visa-vacances-travail-en-australie-vvt\/\" class=\"aioseop-link\">g<\/a><\/strong><strong><a href=\"\/befr\/visa-vacances-travail-en-australie-vvt\/\" class=\"aioseop-link\"> <\/a><\/strong><strong><a href=\"\/befr\/visa-vacances-travail-en-australie-vvt\/\" class=\"aioseop-link\">H<\/a><\/strong><strong><a href=\"\/befr\/visa-vacances-travail-en-australie-vvt\/\" class=\"aioseop-link\">o<\/a><\/strong><strong><a href=\"\/befr\/visa-vacances-travail-en-australie-vvt\/\" class=\"aioseop-link\">l<\/a><\/strong><strong><a href=\"\/befr\/visa-vacances-travail-en-australie-vvt\/\" class=\"aioseop-link\">i<\/a><\/strong><strong><a href=\"\/befr\/visa-vacances-travail-en-australie-vvt\/\" class=\"aioseop-link\">d<\/a><\/strong><strong><a href=\"\/befr\/visa-vacances-travail-en-australie-vvt\/\" class=\"aioseop-link\">a<\/a><\/strong><a href=\"\/befr\/visa-vacances-travail-en-australie-vvt\/\" class=\"aioseop-link\"><strong>y<\/strong><\/a> et :<\/p>\n\n\n\n<ul class=\"wp-block-list\"><li>Avoir <strong>rempli toutes les conditions de<\/strong> votre premier visa Working Holiday<\/li><li>Ne pas avoir \u00e9t\u00e9 titulaire de plus d&rsquo;un visa Working Holiday<\/li><li>Avoir effectu\u00e9 <strong>trois mois de <\/strong><a href=\"\/befr\/visa-vacances-travail-en-australie-vvt\/#sp%C3%A9cifi%C3%A9s\" class=\"aioseop-link\"><strong>travail sp\u00e9cifique<\/strong><\/a><strong> dans la r\u00e9gion de l&rsquo;Australie<\/strong> pendant votre premier visa Working Holiday.<\/li><\/ul>\n\n\n\n<p>Les industries agr\u00e9\u00e9es pour des travaux sp\u00e9cifiques comprennent :<\/p>\n\n\n\n<ul class=\"wp-block-list\"><li>Culture de plantes et d&rsquo;animaux<\/li><li>P\u00eache et perlage<\/li><li>Culture et abattage d&rsquo;arbres<\/li><li>Exploitation mini\u00e8re<\/li><li>Construction<\/li><\/ul>\n\n\n\n<p>Notez que si vous \u00eates actuellement en Australie avec votre premier visa Vacances-Travail et que vous souhaitez rester dans le pays, <strong>vous devez demander le deuxi\u00e8me visa Vacances-Travail avant l&rsquo;expiration du premier<\/strong>.<\/p>\n\n\n\n<p>Le prix de chaque visa est de 450 \u20ac par personne.<\/p>\n\n\n\n<div style=\"height:58px\" aria-hidden=\"true\" class=\"wp-block-spacer\"><\/div>\n\n\n\n<h3 class=\"wp-block-heading\">Saisissez et confirmez votre adresse \u00e9lectronique pour lancer la demande en ligne :<\/h3>\n","protected":false},"excerpt":{"rendered":"<p>Vous pouvez demander un deuxi\u00e8me visa Working Holiday si vous remplissez toutes les conditions applicables aux visas vacances-travail Working Holiday [&#8230;]<\/p>\n<p><a class=\"btn btn-secondary understrap-read-more-link\" href=\"https:\/\/auvisa.org\/befr\/visa-holidaysecond\/\">Read More&#8230;<span class=\"screen-reader-text\"> from Demande de Deuxi\u00e8me Visa Working Holiday pour l&rsquo;Australie (Belgique)<\/span><\/a><\/p>\n","protected":false},"author":3,"featured_media":0,"parent":0,"menu_order":40,"comment_status":"closed","ping_status":"closed","template":"templates\/tpl_acf_form.php","meta":{"inline_featured_image":false,"footnotes":""},"class_list":["post-7057","page","type-page","status-publish","hentry"],"yoast_head":"<!-- This site is optimized with the Yoast SEO plugin v26.9 - https:\/\/yoast.com\/product\/yoast-seo-wordpress\/ -->\n<title>Demande de Deuxi\u00e8me Visa Working Holiday Australie: Formulaire (Belgique)<\/title>\n<meta name=\"description\" content=\"Pour prolonger votre s\u00e9jour en Australie, demandez un deuxi\u00e8me visa vacances-travail avant l&#039;expiration du premier. V\u00e9rification dans les 24 heures.\" \/>\n<meta name=\"robots\" content=\"index, follow, max-snippet:-1, max-image-preview:large, max-video-preview:-1\" \/>\n<link rel=\"canonical\" href=\"https:\/\/auvisa.org\/befr\/visa-holidaysecond\/\" \/>\n<meta property=\"og:locale\" content=\"fr_FR\" \/>\n<meta property=\"og:type\" content=\"article\" \/>\n<meta property=\"og:title\" content=\"Demande de Deuxi\u00e8me Visa Working Holiday Australie: Formulaire (Belgique)\" \/>\n<meta property=\"og:description\" content=\"Pour prolonger votre s\u00e9jour en Australie, demandez un deuxi\u00e8me visa vacances-travail avant l&#039;expiration du premier. V\u00e9rification dans les 24 heures.\" \/>\n<meta property=\"og:url\" content=\"https:\/\/auvisa.org\/befr\/visa-holidaysecond\/\" \/>\n<meta property=\"og:site_name\" content=\"Auvisa.org\" \/>\n<meta property=\"article:modified_time\" content=\"2021-05-28T10:27:31+00:00\" \/>\n<meta name=\"twitter:card\" content=\"summary_large_image\" \/>\n<meta name=\"twitter:label1\" content=\"Dur\u00e9e de lecture est.\" \/>\n\t<meta name=\"twitter:data1\" content=\"1 minute\" \/>\n<script type=\"application\/ld+json\" class=\"yoast-schema-graph\">{\"@context\":\"https:\/\/schema.org\",\"@graph\":[{\"@type\":\"WebPage\",\"@id\":\"https:\/\/auvisa.org\/befr\/visa-holidaysecond\/\",\"url\":\"https:\/\/auvisa.org\/befr\/visa-holidaysecond\/\",\"name\":\"Demande de Deuxi\u00e8me Visa Working Holiday Australie: Formulaire (Belgique)\",\"isPartOf\":{\"@id\":\"https:\/\/auvisa.org\/befr\/#website\"},\"datePublished\":\"2021-05-28T10:27:30+00:00\",\"dateModified\":\"2021-05-28T10:27:31+00:00\",\"description\":\"Pour prolonger votre s\u00e9jour en Australie, demandez un deuxi\u00e8me visa vacances-travail avant l&#039;expiration du premier. V\u00e9rification dans les 24 heures.\",\"breadcrumb\":{\"@id\":\"https:\/\/auvisa.org\/befr\/visa-holidaysecond\/#breadcrumb\"},\"inLanguage\":\"fr-BE\",\"potentialAction\":[{\"@type\":\"ReadAction\",\"target\":[\"https:\/\/auvisa.org\/befr\/visa-holidaysecond\/\"]}]},{\"@type\":\"BreadcrumbList\",\"@id\":\"https:\/\/auvisa.org\/befr\/visa-holidaysecond\/#breadcrumb\",\"itemListElement\":[{\"@type\":\"ListItem\",\"position\":1,\"name\":\"Home\",\"item\":\"https:\/\/auvisa.org\/befr\/\"},{\"@type\":\"ListItem\",\"position\":2,\"name\":\"Demande de Deuxi\u00e8me Visa Working Holiday pour l&#8217;Australie (Belgique)\"}]},{\"@type\":\"WebSite\",\"@id\":\"https:\/\/auvisa.org\/befr\/#website\",\"url\":\"https:\/\/auvisa.org\/befr\/\",\"name\":\"Auvisa.org\",\"description\":\"\",\"inLanguage\":\"fr-BE\"}]}<\/script>\n<!-- \/ Yoast SEO plugin. -->","yoast_head_json":{"title":"Demande de Deuxi\u00e8me Visa Working Holiday Australie: Formulaire (Belgique)","description":"Pour prolonger votre s\u00e9jour en Australie, demandez un deuxi\u00e8me visa vacances-travail avant l&#039;expiration du premier. V\u00e9rification dans les 24 heures.","robots":{"index":"index","follow":"follow","max-snippet":"max-snippet:-1","max-image-preview":"max-image-preview:large","max-video-preview":"max-video-preview:-1"},"canonical":"https:\/\/auvisa.org\/befr\/visa-holidaysecond\/","og_locale":"fr_FR","og_type":"article","og_title":"Demande de Deuxi\u00e8me Visa Working Holiday Australie: Formulaire (Belgique)","og_description":"Pour prolonger votre s\u00e9jour en Australie, demandez un deuxi\u00e8me visa vacances-travail avant l&#039;expiration du premier. V\u00e9rification dans les 24 heures.","og_url":"https:\/\/auvisa.org\/befr\/visa-holidaysecond\/","og_site_name":"Auvisa.org","article_modified_time":"2021-05-28T10:27:31+00:00","twitter_card":"summary_large_image","twitter_misc":{"Dur\u00e9e de lecture est.":"1 minute"},"schema":{"@context":"https:\/\/schema.org","@graph":[{"@type":"WebPage","@id":"https:\/\/auvisa.org\/befr\/visa-holidaysecond\/","url":"https:\/\/auvisa.org\/befr\/visa-holidaysecond\/","name":"Demande de Deuxi\u00e8me Visa Working Holiday Australie: Formulaire (Belgique)","isPartOf":{"@id":"https:\/\/auvisa.org\/befr\/#website"},"datePublished":"2021-05-28T10:27:30+00:00","dateModified":"2021-05-28T10:27:31+00:00","description":"Pour prolonger votre s\u00e9jour en Australie, demandez un deuxi\u00e8me visa vacances-travail avant l&#039;expiration du premier. V\u00e9rification dans les 24 heures.","breadcrumb":{"@id":"https:\/\/auvisa.org\/befr\/visa-holidaysecond\/#breadcrumb"},"inLanguage":"fr-BE","potentialAction":[{"@type":"ReadAction","target":["https:\/\/auvisa.org\/befr\/visa-holidaysecond\/"]}]},{"@type":"BreadcrumbList","@id":"https:\/\/auvisa.org\/befr\/visa-holidaysecond\/#breadcrumb","itemListElement":[{"@type":"ListItem","position":1,"name":"Home","item":"https:\/\/auvisa.org\/befr\/"},{"@type":"ListItem","position":2,"name":"Demande de Deuxi\u00e8me Visa Working Holiday pour l&#8217;Australie (Belgique)"}]},{"@type":"WebSite","@id":"https:\/\/auvisa.org\/befr\/#website","url":"https:\/\/auvisa.org\/befr\/","name":"Auvisa.org","description":"","inLanguage":"fr-BE"}]}},"_links":{"self":[{"href":"https:\/\/auvisa.org\/befr\/wp-json\/wp\/v2\/pages\/7057","targetHints":{"allow":["GET"]}}],"collection":[{"href":"https:\/\/auvisa.org\/befr\/wp-json\/wp\/v2\/pages"}],"about":[{"href":"https:\/\/auvisa.org\/befr\/wp-json\/wp\/v2\/types\/page"}],"author":[{"embeddable":true,"href":"https:\/\/auvisa.org\/befr\/wp-json\/wp\/v2\/users\/3"}],"replies":[{"embeddable":true,"href":"https:\/\/auvisa.org\/befr\/wp-json\/wp\/v2\/comments?post=7057"}],"version-history":[{"count":2,"href":"https:\/\/auvisa.org\/befr\/wp-json\/wp\/v2\/pages\/7057\/revisions"}],"predecessor-version":[{"id":7059,"href":"https:\/\/auvisa.org\/befr\/wp-json\/wp\/v2\/pages\/7057\/revisions\/7059"}],"wp:attachment":[{"href":"https:\/\/auvisa.org\/befr\/wp-json\/wp\/v2\/media?parent=7057"}],"curies":[{"name":"wp","href":"https:\/\/api.w.org\/{rel}","templated":true}]}}