{"id":1747,"date":"2020-01-07T16:27:41","date_gmt":"2020-01-07T16:27:41","guid":{"rendered":"https:\/\/dev.auvisa.org\/?page_id=1747"},"modified":"2023-07-13T14:14:04","modified_gmt":"2023-07-13T12:14:04","slug":"visa-student","status":"publish","type":"page","link":"https:\/\/auvisa.org\/benl\/visa-student\/","title":{"rendered":"Studentenvisum voor Australi\u00eb: Aanvragen (Visumaanvraagformulier &#8211; Belgi\u00eb)"},"content":{"rendered":"\n<div style=\"height:20px\" aria-hidden=\"true\" class=\"wp-block-spacer\"><\/div>\n\n\n\n<p>Deze pagina stelt u in staat <strong>een studentenvisum voor uw verblijf aan te vragen.<\/strong><\/p>\n\n\n\n<p>U kunt alleen <strong>een studentenvisum aanvragen wanneer u bent toegelaten voor een Australische school of universiteit<\/strong>. Wanneer u wel bent toegelaten, maar nog geen bewijs van inschrijving hebt, neem dan contact op met de instantie waar u gaat studeren.<\/p>\n\n\n\n<h3 class=\"wp-block-heading\" id=\"soorten-studentenvisa\">Soorten studentenvisa<\/h3>\n\n\n\n<ul class=\"wp-block-list\"><li><strong>Hoger onderwijs<\/strong><ul><li>Geldt voor een bachelor, associate degree, graduate opleiding, hoger (geavanceerd) onderwijs en \u2018masters by coursework\u2019.<\/li><\/ul><\/li><li><strong>Onderzoek na afstuderen<\/strong><ul><li>Is geldig bij masters-onderzoeken en doctorale studies<\/li><\/ul><\/li><li><strong>English Language Intensive Courses for Overseas Students (ELICOS)<\/strong><ul><li>Voor stand-alone cursussen die leiden tot een \u2018certificaat I, II, III of IV, of waarbij geen officieel diploma uitgegeven wordt na het succesvol afronden van de cursus.<\/li><\/ul><\/li><li><strong>Basisschool of voortgezet onderwijs<\/strong><ul><li>Geldt voor alle situaties wanneer de student zich in het basis- of voortgezet onderwijs bevindt. Ook wanneer het gaat om een uitwisselingsprogramma zal dit visum in veel gevallen van toepassing zijn.<\/li><\/ul><\/li><li><strong>Vocational Education and Training (VET)<\/strong><ul><li>Wanneer u toegelaten bent tot deze studie, vergelijkbaar met het Belgische mbo, komt u in aanmerking voor dit studentenvisum.<\/li><\/ul><\/li><li><strong>Non-award<\/strong><ul><li>Bij inschrijving van bepaalde minors geldt het \u2018non-award\u2019 studentenvisum<\/li><\/ul><\/li><li><strong>AusAID en defensie<\/strong><ul><li>Wanneer u bent toegelaten voor een opleiding door AusAID of door het Australische Ministerie van Defensie komt u in aanmerking voor dit studentenvisum<\/li><\/ul><\/li><li><strong>Student voogd<\/strong><ul><li>Voor ouders of verzorgers is het mogelijk een visum aan te vragen wanneer hun kind in Australi\u00eb gaat studeren<\/li><\/ul><\/li><\/ul>\n\n\n\n<p>Let erop dat het onderwijssysteem anders geori\u00ebnteerd is dan het Nederlandse onderwijssysteem. Wij verzoeken hier rekening mee te houden omdat niet alle opleidingen te vertalen zijn naar het Nederlands.<\/p>\n\n\n\n<p>Het studentenvisum kost <span class=\"woocommerce-Price-amount amount\"><bdi>1.200,00<span class=\"woocommerce-Price-currencySymbol\">&euro;<\/span><\/bdi><\/span> per uitgegeven visum.<\/p>\n\n\n\n<p>In enkele gevallen is het mogelijk dat er aanvullende kosten worden gerekend voor het visum. Het visum wordt in dit geval pas verstrekt wanneer aan deze betaling is voldaan. Mocht dit op uw aanvraag van toepassing zijn dan zullen wij contact met u opnemen.<\/p>\n\n\n\n<p><\/p>\n\n\n\n<h3 class=\"wp-block-heading\" id=\"voer-en-bevestig-uw-e-mailadres-om-met-de-online-aanvraag-te-beginnen\">Voer en bevestig uw e-mailadres om met de online aanvraag te beginnen:<\/h3>\n","protected":false},"excerpt":{"rendered":"<p>Deze pagina stelt u in staat een studentenvisum voor uw verblijf aan te vragen. U kunt alleen een studentenvisum aanvragen [&#8230;]<\/p>\n<p><a class=\"btn btn-secondary understrap-read-more-link\" href=\"https:\/\/auvisa.org\/benl\/visa-student\/\">Verder lezen&#8230;<span class=\"screen-reader-text\"> from Studentenvisum voor Australi\u00eb: Aanvragen (Visumaanvraagformulier &#8211; Belgi\u00eb)<\/span><\/a><\/p>\n","protected":false},"author":3,"featured_media":0,"parent":0,"menu_order":37,"comment_status":"closed","ping_status":"closed","template":"templates\/tpl_acf_form.php","meta":{"inline_featured_image":false,"footnotes":""},"class_list":["post-1747","page","type-page","status-publish","hentry"],"yoast_head":"<!-- This site is optimized with the Yoast SEO plugin v26.9 - https:\/\/yoast.com\/product\/yoast-seo-wordpress\/ -->\n<title>Studentenvisum voor Australi\u00eb: Aanvragen (Visumaanvraagformulier - Belgi\u00eb)<\/title>\n<meta name=\"description\" content=\"Belgische studenten gebruiken dit aanvraagformulier om een studentenvisum voor Australi\u00eb aan te vragen. Vraag hier online aan: Bevestiging van inschrijving (RvE) vereist.\" \/>\n<meta name=\"robots\" content=\"index, follow, max-snippet:-1, max-image-preview:large, max-video-preview:-1\" \/>\n<link rel=\"canonical\" href=\"https:\/\/auvisa.org\/benl\/visa-student\/\" \/>\n<meta property=\"og:locale\" content=\"nl_BE\" \/>\n<meta property=\"og:type\" content=\"article\" \/>\n<meta property=\"og:title\" content=\"Studentenvisum voor Australi\u00eb: Aanvragen (Visumaanvraagformulier - Belgi\u00eb)\" \/>\n<meta property=\"og:description\" content=\"Belgische studenten gebruiken dit aanvraagformulier om een studentenvisum voor Australi\u00eb aan te vragen. Vraag hier online aan: Bevestiging van inschrijving (RvE) vereist.\" \/>\n<meta property=\"og:url\" content=\"https:\/\/auvisa.org\/benl\/visa-student\/\" \/>\n<meta property=\"og:site_name\" content=\"Auvisa.org\" \/>\n<meta property=\"article:modified_time\" content=\"2023-07-13T12:14:04+00:00\" \/>\n<meta name=\"twitter:card\" content=\"summary_large_image\" \/>\n<meta name=\"twitter:label1\" content=\"Geschatte leestijd\" \/>\n\t<meta name=\"twitter:data1\" content=\"2 minuten\" \/>\n<script type=\"application\/ld+json\" class=\"yoast-schema-graph\">{\"@context\":\"https:\/\/schema.org\",\"@graph\":[{\"@type\":\"WebPage\",\"@id\":\"https:\/\/auvisa.org\/benl\/visa-student\/\",\"url\":\"https:\/\/auvisa.org\/benl\/visa-student\/\",\"name\":\"Studentenvisum voor Australi\u00eb: Aanvragen (Visumaanvraagformulier - Belgi\u00eb)\",\"isPartOf\":{\"@id\":\"https:\/\/auvisa.org\/benl\/#website\"},\"datePublished\":\"2020-01-07T16:27:41+00:00\",\"dateModified\":\"2023-07-13T12:14:04+00:00\",\"description\":\"Belgische studenten gebruiken dit aanvraagformulier om een studentenvisum voor Australi\u00eb aan te vragen. Vraag hier online aan: Bevestiging van inschrijving (RvE) vereist.\",\"breadcrumb\":{\"@id\":\"https:\/\/auvisa.org\/benl\/visa-student\/#breadcrumb\"},\"inLanguage\":\"nl-BE\",\"potentialAction\":[{\"@type\":\"ReadAction\",\"target\":[\"https:\/\/auvisa.org\/benl\/visa-student\/\"]}]},{\"@type\":\"BreadcrumbList\",\"@id\":\"https:\/\/auvisa.org\/benl\/visa-student\/#breadcrumb\",\"itemListElement\":[{\"@type\":\"ListItem\",\"position\":1,\"name\":\"Home\",\"item\":\"https:\/\/auvisa.org\/benl\/\"},{\"@type\":\"ListItem\",\"position\":2,\"name\":\"Studentenvisum voor Australi\u00eb: Aanvragen (Visumaanvraagformulier &#8211; Belgi\u00eb)\"}]},{\"@type\":\"WebSite\",\"@id\":\"https:\/\/auvisa.org\/benl\/#website\",\"url\":\"https:\/\/auvisa.org\/benl\/\",\"name\":\"Auvisa.org\",\"description\":\"\",\"inLanguage\":\"nl-BE\"}]}<\/script>\n<!-- \/ Yoast SEO plugin. -->","yoast_head_json":{"title":"Studentenvisum voor Australi\u00eb: Aanvragen (Visumaanvraagformulier - Belgi\u00eb)","description":"Belgische studenten gebruiken dit aanvraagformulier om een studentenvisum voor Australi\u00eb aan te vragen. Vraag hier online aan: Bevestiging van inschrijving (RvE) vereist.","robots":{"index":"index","follow":"follow","max-snippet":"max-snippet:-1","max-image-preview":"max-image-preview:large","max-video-preview":"max-video-preview:-1"},"canonical":"https:\/\/auvisa.org\/benl\/visa-student\/","og_locale":"nl_BE","og_type":"article","og_title":"Studentenvisum voor Australi\u00eb: Aanvragen (Visumaanvraagformulier - Belgi\u00eb)","og_description":"Belgische studenten gebruiken dit aanvraagformulier om een studentenvisum voor Australi\u00eb aan te vragen. Vraag hier online aan: Bevestiging van inschrijving (RvE) vereist.","og_url":"https:\/\/auvisa.org\/benl\/visa-student\/","og_site_name":"Auvisa.org","article_modified_time":"2023-07-13T12:14:04+00:00","twitter_card":"summary_large_image","twitter_misc":{"Geschatte leestijd":"2 minuten"},"schema":{"@context":"https:\/\/schema.org","@graph":[{"@type":"WebPage","@id":"https:\/\/auvisa.org\/benl\/visa-student\/","url":"https:\/\/auvisa.org\/benl\/visa-student\/","name":"Studentenvisum voor Australi\u00eb: Aanvragen (Visumaanvraagformulier - Belgi\u00eb)","isPartOf":{"@id":"https:\/\/auvisa.org\/benl\/#website"},"datePublished":"2020-01-07T16:27:41+00:00","dateModified":"2023-07-13T12:14:04+00:00","description":"Belgische studenten gebruiken dit aanvraagformulier om een studentenvisum voor Australi\u00eb aan te vragen. Vraag hier online aan: Bevestiging van inschrijving (RvE) vereist.","breadcrumb":{"@id":"https:\/\/auvisa.org\/benl\/visa-student\/#breadcrumb"},"inLanguage":"nl-BE","potentialAction":[{"@type":"ReadAction","target":["https:\/\/auvisa.org\/benl\/visa-student\/"]}]},{"@type":"BreadcrumbList","@id":"https:\/\/auvisa.org\/benl\/visa-student\/#breadcrumb","itemListElement":[{"@type":"ListItem","position":1,"name":"Home","item":"https:\/\/auvisa.org\/benl\/"},{"@type":"ListItem","position":2,"name":"Studentenvisum voor Australi\u00eb: Aanvragen (Visumaanvraagformulier &#8211; Belgi\u00eb)"}]},{"@type":"WebSite","@id":"https:\/\/auvisa.org\/benl\/#website","url":"https:\/\/auvisa.org\/benl\/","name":"Auvisa.org","description":"","inLanguage":"nl-BE"}]}},"_links":{"self":[{"href":"https:\/\/auvisa.org\/benl\/wp-json\/wp\/v2\/pages\/1747","targetHints":{"allow":["GET"]}}],"collection":[{"href":"https:\/\/auvisa.org\/benl\/wp-json\/wp\/v2\/pages"}],"about":[{"href":"https:\/\/auvisa.org\/benl\/wp-json\/wp\/v2\/types\/page"}],"author":[{"embeddable":true,"href":"https:\/\/auvisa.org\/benl\/wp-json\/wp\/v2\/users\/3"}],"replies":[{"embeddable":true,"href":"https:\/\/auvisa.org\/benl\/wp-json\/wp\/v2\/comments?post=1747"}],"version-history":[{"count":17,"href":"https:\/\/auvisa.org\/benl\/wp-json\/wp\/v2\/pages\/1747\/revisions"}],"predecessor-version":[{"id":11439,"href":"https:\/\/auvisa.org\/benl\/wp-json\/wp\/v2\/pages\/1747\/revisions\/11439"}],"wp:attachment":[{"href":"https:\/\/auvisa.org\/benl\/wp-json\/wp\/v2\/media?parent=1747"}],"curies":[{"name":"wp","href":"https:\/\/api.w.org\/{rel}","templated":true}]}}