{"id":1752,"date":"2020-01-07T16:28:55","date_gmt":"2020-01-07T16:28:55","guid":{"rendered":"https:\/\/dev.auvisa.org\/?page_id=1752"},"modified":"2023-08-31T14:43:42","modified_gmt":"2023-08-31T12:43:42","slug":"visa-crew","status":"publish","type":"page","link":"https:\/\/auvisa.org\/benl\/visa-crew\/","title":{"rendered":"MCV voor Australi\u00eb: Aanvragen (Visumaanvraagformulier &#8211; Belgi\u00eb)"},"content":{"rendered":"\n<div style=\"height:20px\" aria-hidden=\"true\" class=\"wp-block-spacer\"><\/div>\n\n\n\n<p>Het Visum voor Zeelieden geldt <strong>wanneer u Australi\u00eb binnenkomt of verlaat via de scheepvaart als werknemer op een schip<\/strong>.<\/p>\n\n\n\n<p>U kunt dit visum aanvragen wanneer:<\/p>\n\n\n\n<ul class=\"wp-block-list\"><li>U zich buiten Australi\u00eb bevindt<\/li><li>U werkzaam bent of wordt als werknemer op een zeeschip dat Australi\u00eb binnenkomt of verlaat<\/li><li>U Australi\u00eb binnenkomt of verlaat via de scheepvaart als werknemer op een schip<\/li><\/ul>\n\n\n\n<p>Het schip waarop u vaart moet aan \u00e9\u00e9n van de volgende voorwaarden voldoen:<\/p>\n\n\n\n<ul class=\"wp-block-list\"><li>Het schip vaart als handelsschip<\/li><li>Het is een passagiersschip<\/li><li>Het schip is eigendom van een overheid van een willekeurig land en heeft als doel wetenschappelijke onderzoeken uit te voeren<\/li><li>Het schip is toegelaten in Australische wateren door het Australische Ministerie van Buitenlandse Zaken als \u201copenbaar vaartuig\u201d<\/li><\/ul>\n\n\n\n<p>Wanneer u familieleden mee wilt nemen aan boord van het desbetreffende schip, is dit mogelijk. Het is hierbij noodzakelijk dat zij op hetzelfde moment als u de aanvraag voor het visum indienen.<\/p>\n\n\n\n<p>Let op: Wanneer u Australi\u00eb binnenkomt via een luchthaven om aan boord van een schip te werken dan heeft u, naast het Visum voor Zeelieden, ook een <strong>aanvullend visum<\/strong> nodig om Australi\u00eb binnen te mogen. Dit zou kunnen volstaan met, bijvoorbeeld, een <a class=\"aioseop-link\" href=\"\/benl\/evisitor-visum-australie-benl\/\">toeristenvisum<\/a>.<\/p>\n\n\n\n<p><strong>BELANGRIJK:<\/strong><br>Om uw aanvraag in te vullen en in te dienen, is een kopie van de volgende documenten nodig:<\/p>\n\n\n\n<ul class=\"wp-block-list\"><li>Persoonlijke gegevenspagina van het paspoort<\/li><\/ul>\n\n\n\n<p>Als u momenteel niet alle benodigde documenten hebt, kunt u de aanvraag opslaan en de documenten later uploaden.<\/p>\n\n\n\n<p><strong>Het<\/strong> <strong>Visum voor Zeelieden kost <span class=\"woocommerce-Price-amount amount\"><bdi>98,00<span class=\"woocommerce-Price-currencySymbol\">&euro;<\/span><\/bdi><\/span> per verstrekt visum. Prijs is inclusief zowel de servicekosten van Auvisa.org als overheidskosten (waar van toepassing).<\/strong><\/p>\n\n\n\n<p><\/p>\n\n\n\n<div style=\"height:20px\" aria-hidden=\"true\" class=\"wp-block-spacer\"><\/div>\n\n\n\n<h3 class=\"wp-block-heading\" id=\"voer-en-bevestig-uw-e-mailadres-om-met-de-online-aanvraag-te-beginnen\">Voer en bevestig uw e-mailadres om met de online aanvraag te beginnen:<\/h3>\n","protected":false},"excerpt":{"rendered":"<p>Het Visum voor Zeelieden geldt wanneer u Australi\u00eb binnenkomt of verlaat via de scheepvaart als werknemer op een schip. U [&#8230;]<\/p>\n<p><a class=\"btn btn-secondary understrap-read-more-link\" href=\"https:\/\/auvisa.org\/benl\/visa-crew\/\">Verder lezen&#8230;<span class=\"screen-reader-text\"> from MCV voor Australi\u00eb: Aanvragen (Visumaanvraagformulier &#8211; Belgi\u00eb)<\/span><\/a><\/p>\n","protected":false},"author":3,"featured_media":0,"parent":0,"menu_order":28,"comment_status":"closed","ping_status":"closed","template":"templates\/tpl_acf_form.php","meta":{"inline_featured_image":false,"footnotes":""},"class_list":["post-1752","page","type-page","status-publish","hentry"],"yoast_head":"<!-- This site is optimized with the Yoast SEO plugin v26.9 - https:\/\/yoast.com\/product\/yoast-seo-wordpress\/ -->\n<title>MCV voor Australi\u00eb: Aanvragen (Visumaanvraagformulier - Belgi\u00eb)<\/title>\n<meta name=\"description\" content=\"Belgen die Australi\u00eb binnenkomen als scheepsbemanning moeten dit aanvraagformulier gebruiken om hun MCV-visum binnen 4 dagen te ontvangen.\" \/>\n<meta name=\"robots\" content=\"index, follow, max-snippet:-1, max-image-preview:large, max-video-preview:-1\" \/>\n<link rel=\"canonical\" href=\"https:\/\/auvisa.org\/benl\/visa-crew\/\" \/>\n<meta property=\"og:locale\" content=\"nl_BE\" \/>\n<meta property=\"og:type\" content=\"article\" \/>\n<meta property=\"og:title\" content=\"MCV voor Australi\u00eb: Aanvragen (Visumaanvraagformulier - Belgi\u00eb)\" \/>\n<meta property=\"og:description\" content=\"Belgen die Australi\u00eb binnenkomen als scheepsbemanning moeten dit aanvraagformulier gebruiken om hun MCV-visum binnen 4 dagen te ontvangen.\" \/>\n<meta property=\"og:url\" content=\"https:\/\/auvisa.org\/benl\/visa-crew\/\" \/>\n<meta property=\"og:site_name\" content=\"Auvisa.org\" \/>\n<meta property=\"article:modified_time\" content=\"2023-08-31T12:43:42+00:00\" \/>\n<meta name=\"twitter:card\" content=\"summary_large_image\" \/>\n<meta name=\"twitter:label1\" content=\"Geschatte leestijd\" \/>\n\t<meta name=\"twitter:data1\" content=\"2 minuten\" \/>\n<script type=\"application\/ld+json\" class=\"yoast-schema-graph\">{\"@context\":\"https:\/\/schema.org\",\"@graph\":[{\"@type\":\"WebPage\",\"@id\":\"https:\/\/auvisa.org\/benl\/visa-crew\/\",\"url\":\"https:\/\/auvisa.org\/benl\/visa-crew\/\",\"name\":\"MCV voor Australi\u00eb: Aanvragen (Visumaanvraagformulier - Belgi\u00eb)\",\"isPartOf\":{\"@id\":\"https:\/\/auvisa.org\/benl\/#website\"},\"datePublished\":\"2020-01-07T16:28:55+00:00\",\"dateModified\":\"2023-08-31T12:43:42+00:00\",\"description\":\"Belgen die Australi\u00eb binnenkomen als scheepsbemanning moeten dit aanvraagformulier gebruiken om hun MCV-visum binnen 4 dagen te ontvangen.\",\"breadcrumb\":{\"@id\":\"https:\/\/auvisa.org\/benl\/visa-crew\/#breadcrumb\"},\"inLanguage\":\"nl-BE\",\"potentialAction\":[{\"@type\":\"ReadAction\",\"target\":[\"https:\/\/auvisa.org\/benl\/visa-crew\/\"]}]},{\"@type\":\"BreadcrumbList\",\"@id\":\"https:\/\/auvisa.org\/benl\/visa-crew\/#breadcrumb\",\"itemListElement\":[{\"@type\":\"ListItem\",\"position\":1,\"name\":\"Home\",\"item\":\"https:\/\/auvisa.org\/benl\/\"},{\"@type\":\"ListItem\",\"position\":2,\"name\":\"MCV voor Australi\u00eb: Aanvragen (Visumaanvraagformulier &#8211; Belgi\u00eb)\"}]},{\"@type\":\"WebSite\",\"@id\":\"https:\/\/auvisa.org\/benl\/#website\",\"url\":\"https:\/\/auvisa.org\/benl\/\",\"name\":\"Auvisa.org\",\"description\":\"\",\"inLanguage\":\"nl-BE\"}]}<\/script>\n<!-- \/ Yoast SEO plugin. -->","yoast_head_json":{"title":"MCV voor Australi\u00eb: Aanvragen (Visumaanvraagformulier - Belgi\u00eb)","description":"Belgen die Australi\u00eb binnenkomen als scheepsbemanning moeten dit aanvraagformulier gebruiken om hun MCV-visum binnen 4 dagen te ontvangen.","robots":{"index":"index","follow":"follow","max-snippet":"max-snippet:-1","max-image-preview":"max-image-preview:large","max-video-preview":"max-video-preview:-1"},"canonical":"https:\/\/auvisa.org\/benl\/visa-crew\/","og_locale":"nl_BE","og_type":"article","og_title":"MCV voor Australi\u00eb: Aanvragen (Visumaanvraagformulier - Belgi\u00eb)","og_description":"Belgen die Australi\u00eb binnenkomen als scheepsbemanning moeten dit aanvraagformulier gebruiken om hun MCV-visum binnen 4 dagen te ontvangen.","og_url":"https:\/\/auvisa.org\/benl\/visa-crew\/","og_site_name":"Auvisa.org","article_modified_time":"2023-08-31T12:43:42+00:00","twitter_card":"summary_large_image","twitter_misc":{"Geschatte leestijd":"2 minuten"},"schema":{"@context":"https:\/\/schema.org","@graph":[{"@type":"WebPage","@id":"https:\/\/auvisa.org\/benl\/visa-crew\/","url":"https:\/\/auvisa.org\/benl\/visa-crew\/","name":"MCV voor Australi\u00eb: Aanvragen (Visumaanvraagformulier - Belgi\u00eb)","isPartOf":{"@id":"https:\/\/auvisa.org\/benl\/#website"},"datePublished":"2020-01-07T16:28:55+00:00","dateModified":"2023-08-31T12:43:42+00:00","description":"Belgen die Australi\u00eb binnenkomen als scheepsbemanning moeten dit aanvraagformulier gebruiken om hun MCV-visum binnen 4 dagen te ontvangen.","breadcrumb":{"@id":"https:\/\/auvisa.org\/benl\/visa-crew\/#breadcrumb"},"inLanguage":"nl-BE","potentialAction":[{"@type":"ReadAction","target":["https:\/\/auvisa.org\/benl\/visa-crew\/"]}]},{"@type":"BreadcrumbList","@id":"https:\/\/auvisa.org\/benl\/visa-crew\/#breadcrumb","itemListElement":[{"@type":"ListItem","position":1,"name":"Home","item":"https:\/\/auvisa.org\/benl\/"},{"@type":"ListItem","position":2,"name":"MCV voor Australi\u00eb: Aanvragen (Visumaanvraagformulier &#8211; Belgi\u00eb)"}]},{"@type":"WebSite","@id":"https:\/\/auvisa.org\/benl\/#website","url":"https:\/\/auvisa.org\/benl\/","name":"Auvisa.org","description":"","inLanguage":"nl-BE"}]}},"_links":{"self":[{"href":"https:\/\/auvisa.org\/benl\/wp-json\/wp\/v2\/pages\/1752","targetHints":{"allow":["GET"]}}],"collection":[{"href":"https:\/\/auvisa.org\/benl\/wp-json\/wp\/v2\/pages"}],"about":[{"href":"https:\/\/auvisa.org\/benl\/wp-json\/wp\/v2\/types\/page"}],"author":[{"embeddable":true,"href":"https:\/\/auvisa.org\/benl\/wp-json\/wp\/v2\/users\/3"}],"replies":[{"embeddable":true,"href":"https:\/\/auvisa.org\/benl\/wp-json\/wp\/v2\/comments?post=1752"}],"version-history":[{"count":16,"href":"https:\/\/auvisa.org\/benl\/wp-json\/wp\/v2\/pages\/1752\/revisions"}],"predecessor-version":[{"id":11470,"href":"https:\/\/auvisa.org\/benl\/wp-json\/wp\/v2\/pages\/1752\/revisions\/11470"}],"wp:attachment":[{"href":"https:\/\/auvisa.org\/benl\/wp-json\/wp\/v2\/media?parent=1752"}],"curies":[{"name":"wp","href":"https:\/\/api.w.org\/{rel}","templated":true}]}}