{"id":1754,"date":"2020-01-07T16:29:15","date_gmt":"2020-01-07T16:29:15","guid":{"rendered":"https:\/\/dev.auvisa.org\/?page_id=1754"},"modified":"2021-05-27T10:48:54","modified_gmt":"2021-05-27T10:48:54","slug":"visa-temporary","status":"publish","type":"page","link":"https:\/\/auvisa.org\/benl\/visa-temporary\/","title":{"rendered":"Tijdelijk Werkvisum voor Australi\u00eb: Aanvragen (Visumaanvraagformulier &#8211; Belgi\u00eb)"},"content":{"rendered":"\n<div style=\"height:20px\" aria-hidden=\"true\" class=\"wp-block-spacer\"><\/div>\n\n\n\n<div class=\"wp-block-group\"><div class=\"wp-block-group__inner-container is-layout-flow wp-block-group-is-layout-flow\">\n<p>Dit visum geldt wanneer u Australi\u00eb binnenkomt om op tijdelijke basis te werken. <\/p>\n\n\n\n<p><strong>De maximum duur van dit visum is drie maanden.<\/strong><\/p>\n\n\n\n<p>U kunt dit visum aanvragen wanneer:<\/p>\n\n\n\n<ul class=\"wp-block-list\"><li>U zich buiten Australi\u00eb bevindt<\/li><li>U tijdelijk, <strong>zeer gespecialiseerd, werk gaat verrichten<\/strong><\/li><li>U deelneemt aan <strong>een cultureel- of sociaal evenement<\/strong><\/li><li>U deelneemt <strong>aan werkzaamheden die als zeer waardevol voor Australi\u00eb aangemerkt staan<\/strong><\/li><\/ul>\n\n\n\n<p><strong>Om uw aanvraag te kunnen doen moet u uitgenodigd zijn door de organisatie waar u werkzaamheden gaat verrichten. <\/strong><\/p>\n\n\n\n<p>Het is ook noodzakelijk dat u reeds relevante werkervaring heeft. Bij deze aanvraag zult u bepaalde documentatie moeten verstrekken om te voldoen aan de eisen van het visum.<\/p>\n\n\n\n<p>De prijs van dit visum is \u20ac495, per aanvraag.<\/p>\n<\/div><\/div>\n\n\n\n<div style=\"height:38px\" aria-hidden=\"true\" class=\"wp-block-spacer\"><\/div>\n\n\n\n<p><strong>Voer en bevestig uw e-mailadres om met de online aanvraag te beginnen:<\/strong><\/p>\n","protected":false},"excerpt":{"rendered":"<p>Dit visum geldt wanneer u Australi\u00eb binnenkomt om op tijdelijke basis te werken. De maximum duur van dit visum is [&#8230;]<\/p>\n<p><a class=\"btn btn-secondary understrap-read-more-link\" href=\"https:\/\/auvisa.org\/benl\/visa-temporary\/\">Verder lezen&#8230;<span class=\"screen-reader-text\"> from Tijdelijk Werkvisum voor Australi\u00eb: Aanvragen (Visumaanvraagformulier &#8211; Belgi\u00eb)<\/span><\/a><\/p>\n","protected":false},"author":3,"featured_media":0,"parent":0,"menu_order":38,"comment_status":"closed","ping_status":"closed","template":"templates\/tpl_acf_form.php","meta":{"inline_featured_image":false,"footnotes":""},"class_list":["post-1754","page","type-page","status-publish","hentry"],"yoast_head":"<!-- This site is optimized with the Yoast SEO plugin v26.9 - https:\/\/yoast.com\/product\/yoast-seo-wordpress\/ -->\n<title>Tijdelijk Werkvisum voor Australi\u00eb: Aanvragen (Visumaanvraagformulier - Belgi\u00eb)<\/title>\n<meta name=\"description\" content=\"Dit Australische aanvraagformulier voor een tijdelijk werkvisum is voor Belgen die naar Australi\u00eb reizen om tijdelijk werk te doen. Solliciteer vandaag nog online.\" \/>\n<meta name=\"robots\" content=\"index, follow, max-snippet:-1, max-image-preview:large, max-video-preview:-1\" \/>\n<link rel=\"canonical\" href=\"https:\/\/auvisa.org\/benl\/visa-temporary\/\" \/>\n<meta property=\"og:locale\" content=\"nl_BE\" \/>\n<meta property=\"og:type\" content=\"article\" \/>\n<meta property=\"og:title\" content=\"Tijdelijk Werkvisum voor Australi\u00eb: Aanvragen (Visumaanvraagformulier - Belgi\u00eb)\" \/>\n<meta property=\"og:description\" content=\"Dit Australische aanvraagformulier voor een tijdelijk werkvisum is voor Belgen die naar Australi\u00eb reizen om tijdelijk werk te doen. Solliciteer vandaag nog online.\" \/>\n<meta property=\"og:url\" content=\"https:\/\/auvisa.org\/benl\/visa-temporary\/\" \/>\n<meta property=\"og:site_name\" content=\"Auvisa.org\" \/>\n<meta property=\"article:modified_time\" content=\"2021-05-27T10:48:54+00:00\" \/>\n<meta name=\"twitter:card\" content=\"summary_large_image\" \/>\n<meta name=\"twitter:label1\" content=\"Geschatte leestijd\" \/>\n\t<meta name=\"twitter:data1\" content=\"1 minuut\" \/>\n<script type=\"application\/ld+json\" class=\"yoast-schema-graph\">{\"@context\":\"https:\/\/schema.org\",\"@graph\":[{\"@type\":\"WebPage\",\"@id\":\"https:\/\/auvisa.org\/benl\/visa-temporary\/\",\"url\":\"https:\/\/auvisa.org\/benl\/visa-temporary\/\",\"name\":\"Tijdelijk Werkvisum voor Australi\u00eb: Aanvragen (Visumaanvraagformulier - Belgi\u00eb)\",\"isPartOf\":{\"@id\":\"https:\/\/auvisa.org\/benl\/#website\"},\"datePublished\":\"2020-01-07T16:29:15+00:00\",\"dateModified\":\"2021-05-27T10:48:54+00:00\",\"description\":\"Dit Australische aanvraagformulier voor een tijdelijk werkvisum is voor Belgen die naar Australi\u00eb reizen om tijdelijk werk te doen. Solliciteer vandaag nog online.\",\"breadcrumb\":{\"@id\":\"https:\/\/auvisa.org\/benl\/visa-temporary\/#breadcrumb\"},\"inLanguage\":\"nl-BE\",\"potentialAction\":[{\"@type\":\"ReadAction\",\"target\":[\"https:\/\/auvisa.org\/benl\/visa-temporary\/\"]}]},{\"@type\":\"BreadcrumbList\",\"@id\":\"https:\/\/auvisa.org\/benl\/visa-temporary\/#breadcrumb\",\"itemListElement\":[{\"@type\":\"ListItem\",\"position\":1,\"name\":\"Home\",\"item\":\"https:\/\/auvisa.org\/benl\/\"},{\"@type\":\"ListItem\",\"position\":2,\"name\":\"Tijdelijk Werkvisum voor Australi\u00eb: Aanvragen (Visumaanvraagformulier &#8211; Belgi\u00eb)\"}]},{\"@type\":\"WebSite\",\"@id\":\"https:\/\/auvisa.org\/benl\/#website\",\"url\":\"https:\/\/auvisa.org\/benl\/\",\"name\":\"Auvisa.org\",\"description\":\"\",\"inLanguage\":\"nl-BE\"}]}<\/script>\n<!-- \/ Yoast SEO plugin. -->","yoast_head_json":{"title":"Tijdelijk Werkvisum voor Australi\u00eb: Aanvragen (Visumaanvraagformulier - Belgi\u00eb)","description":"Dit Australische aanvraagformulier voor een tijdelijk werkvisum is voor Belgen die naar Australi\u00eb reizen om tijdelijk werk te doen. Solliciteer vandaag nog online.","robots":{"index":"index","follow":"follow","max-snippet":"max-snippet:-1","max-image-preview":"max-image-preview:large","max-video-preview":"max-video-preview:-1"},"canonical":"https:\/\/auvisa.org\/benl\/visa-temporary\/","og_locale":"nl_BE","og_type":"article","og_title":"Tijdelijk Werkvisum voor Australi\u00eb: Aanvragen (Visumaanvraagformulier - Belgi\u00eb)","og_description":"Dit Australische aanvraagformulier voor een tijdelijk werkvisum is voor Belgen die naar Australi\u00eb reizen om tijdelijk werk te doen. Solliciteer vandaag nog online.","og_url":"https:\/\/auvisa.org\/benl\/visa-temporary\/","og_site_name":"Auvisa.org","article_modified_time":"2021-05-27T10:48:54+00:00","twitter_card":"summary_large_image","twitter_misc":{"Geschatte leestijd":"1 minuut"},"schema":{"@context":"https:\/\/schema.org","@graph":[{"@type":"WebPage","@id":"https:\/\/auvisa.org\/benl\/visa-temporary\/","url":"https:\/\/auvisa.org\/benl\/visa-temporary\/","name":"Tijdelijk Werkvisum voor Australi\u00eb: Aanvragen (Visumaanvraagformulier - Belgi\u00eb)","isPartOf":{"@id":"https:\/\/auvisa.org\/benl\/#website"},"datePublished":"2020-01-07T16:29:15+00:00","dateModified":"2021-05-27T10:48:54+00:00","description":"Dit Australische aanvraagformulier voor een tijdelijk werkvisum is voor Belgen die naar Australi\u00eb reizen om tijdelijk werk te doen. Solliciteer vandaag nog online.","breadcrumb":{"@id":"https:\/\/auvisa.org\/benl\/visa-temporary\/#breadcrumb"},"inLanguage":"nl-BE","potentialAction":[{"@type":"ReadAction","target":["https:\/\/auvisa.org\/benl\/visa-temporary\/"]}]},{"@type":"BreadcrumbList","@id":"https:\/\/auvisa.org\/benl\/visa-temporary\/#breadcrumb","itemListElement":[{"@type":"ListItem","position":1,"name":"Home","item":"https:\/\/auvisa.org\/benl\/"},{"@type":"ListItem","position":2,"name":"Tijdelijk Werkvisum voor Australi\u00eb: Aanvragen (Visumaanvraagformulier &#8211; Belgi\u00eb)"}]},{"@type":"WebSite","@id":"https:\/\/auvisa.org\/benl\/#website","url":"https:\/\/auvisa.org\/benl\/","name":"Auvisa.org","description":"","inLanguage":"nl-BE"}]}},"_links":{"self":[{"href":"https:\/\/auvisa.org\/benl\/wp-json\/wp\/v2\/pages\/1754","targetHints":{"allow":["GET"]}}],"collection":[{"href":"https:\/\/auvisa.org\/benl\/wp-json\/wp\/v2\/pages"}],"about":[{"href":"https:\/\/auvisa.org\/benl\/wp-json\/wp\/v2\/types\/page"}],"author":[{"embeddable":true,"href":"https:\/\/auvisa.org\/benl\/wp-json\/wp\/v2\/users\/3"}],"replies":[{"embeddable":true,"href":"https:\/\/auvisa.org\/benl\/wp-json\/wp\/v2\/comments?post=1754"}],"version-history":[{"count":16,"href":"https:\/\/auvisa.org\/benl\/wp-json\/wp\/v2\/pages\/1754\/revisions"}],"predecessor-version":[{"id":7053,"href":"https:\/\/auvisa.org\/benl\/wp-json\/wp\/v2\/pages\/1754\/revisions\/7053"}],"wp:attachment":[{"href":"https:\/\/auvisa.org\/benl\/wp-json\/wp\/v2\/media?parent=1754"}],"curies":[{"name":"wp","href":"https:\/\/api.w.org\/{rel}","templated":true}]}}