{"id":1758,"date":"2020-01-07T16:37:23","date_gmt":"2020-01-07T16:37:23","guid":{"rendered":"https:\/\/dev.auvisa.org\/?page_id=1758"},"modified":"2023-07-13T14:28:27","modified_gmt":"2023-07-13T12:28:27","slug":"visa-workingsecond","status":"publish","type":"page","link":"https:\/\/auvisa.org\/benl\/visa-workingsecond\/","title":{"rendered":"Tweede Working Holiday Visum voor Australi\u00eb: Aanvragen (Visumaanvraagformulier &#8211; Belgi\u00eb)"},"content":{"rendered":"\n<div style=\"height:20px\" aria-hidden=\"true\" class=\"wp-block-spacer\"><\/div>\n\n\n\n<p>U kunt een tweede werkvakantievisum aanvragen als u <strong>voldoet aan alle eisen die gelden voor <\/strong><a href=\"\/benl\/working-holiday-visum-voor-australie-2\/\" class=\"aioseop-link\"><strong>werkvakantievisa<\/strong><\/a> en:<\/p>\n\n\n\n<ul class=\"wp-block-list\"><li>Hebben <strong>voldaan aan alle voorwaarden<\/strong> van uw eerste werkvakantievisum<\/li><li>Niet eerder in het bezit zijn geweest van meer dan \u00e9\u00e9n werkvakantievisum<\/li><li>Hebben <strong>drie maanden van <\/strong><a href=\"\/benl\/working-holiday-visum-voor-australie-2\/#specified\" class=\"aioseop-link\"><strong>gespecificeerde werk<\/strong><\/a><strong> in de regionale Australi\u00eb<\/strong>, terwijl op uw eerste Working Holiday visum.<\/li><\/ul>\n\n\n\n<p>Goedgekeurde industrie\u00ebn voor specifieke werkzaamheden zijn onder andere:<\/p>\n\n\n\n<ul class=\"wp-block-list\"><li>Planten- en dierenteelt<\/li><li>Vissen en parelen<\/li><li>Boomkwekerij en -kap<\/li><li>Mijnbouw<\/li><li>Bouw<\/li><\/ul>\n\n\n\n<p>Merk op dat als je op dit moment in Australi\u00eb bent op je eerste Working Holiday visum, en je wilt in het land blijven, <strong>je het tweede Working Holiday visum moet aanvragen voordat het eerste afloopt<\/strong>.<\/p>\n\n\n\n<p>De prijs voor elk visum is <span class=\"woocommerce-Price-amount amount\"><bdi>525,00<span class=\"woocommerce-Price-currencySymbol\">&euro;<\/span><\/bdi><\/span> per persoon.<\/p>\n\n\n\n<div style=\"height:58px\" aria-hidden=\"true\" class=\"wp-block-spacer\"><\/div>\n\n\n\n<h3 class=\"wp-block-heading\" id=\"enter-and-confirm-your-email-address-to-start-the-application-process\">Enter and confirm your email address to start the application process:<\/h3>\n","protected":false},"excerpt":{"rendered":"<p>U kunt een tweede werkvakantievisum aanvragen als u voldoet aan alle eisen die gelden voor werkvakantievisa en: Hebben voldaan aan [&#8230;]<\/p>\n<p><a class=\"btn btn-secondary understrap-read-more-link\" href=\"https:\/\/auvisa.org\/benl\/visa-workingsecond\/\">Verder lezen&#8230;<span class=\"screen-reader-text\"> from Tweede Working Holiday Visum voor Australi\u00eb: Aanvragen (Visumaanvraagformulier &#8211; Belgi\u00eb)<\/span><\/a><\/p>\n","protected":false},"author":3,"featured_media":0,"parent":0,"menu_order":40,"comment_status":"closed","ping_status":"closed","template":"templates\/tpl_acf_form.php","meta":{"inline_featured_image":false,"footnotes":""},"class_list":["post-1758","page","type-page","status-publish","hentry"],"yoast_head":"<!-- This site is optimized with the Yoast SEO plugin v26.9 - https:\/\/yoast.com\/product\/yoast-seo-wordpress\/ -->\n<title>Tweede Working Holiday Visum voor Australi\u00eb: Aanvragen (Visumaanvraagformulier - Belgi\u00eb)<\/title>\n<meta name=\"description\" content=\"Om uw verblijf in Australi\u00eb te verlengen vult u het formulier in en vraagt u een tweede Australisch Working Holiday Visum aan voordat de eerste WHV afloopt. Visumcontrole in 24 uur.\" \/>\n<meta name=\"robots\" content=\"index, follow, max-snippet:-1, max-image-preview:large, max-video-preview:-1\" \/>\n<link rel=\"canonical\" href=\"https:\/\/auvisa.org\/benl\/visa-workingsecond\/\" \/>\n<meta property=\"og:locale\" content=\"nl_BE\" \/>\n<meta property=\"og:type\" content=\"article\" \/>\n<meta property=\"og:title\" content=\"Tweede Working Holiday Visum voor Australi\u00eb: Aanvragen (Visumaanvraagformulier - Belgi\u00eb)\" \/>\n<meta property=\"og:description\" content=\"Om uw verblijf in Australi\u00eb te verlengen vult u het formulier in en vraagt u een tweede Australisch Working Holiday Visum aan voordat de eerste WHV afloopt. Visumcontrole in 24 uur.\" \/>\n<meta property=\"og:url\" content=\"https:\/\/auvisa.org\/benl\/visa-workingsecond\/\" \/>\n<meta property=\"og:site_name\" content=\"Auvisa.org\" \/>\n<meta property=\"article:modified_time\" content=\"2023-07-13T12:28:27+00:00\" \/>\n<meta name=\"twitter:card\" content=\"summary_large_image\" \/>\n<meta name=\"twitter:label1\" content=\"Geschatte leestijd\" \/>\n\t<meta name=\"twitter:data1\" content=\"1 minuut\" \/>\n<script type=\"application\/ld+json\" class=\"yoast-schema-graph\">{\"@context\":\"https:\/\/schema.org\",\"@graph\":[{\"@type\":\"WebPage\",\"@id\":\"https:\/\/auvisa.org\/benl\/visa-workingsecond\/\",\"url\":\"https:\/\/auvisa.org\/benl\/visa-workingsecond\/\",\"name\":\"Tweede Working Holiday Visum voor Australi\u00eb: Aanvragen (Visumaanvraagformulier - Belgi\u00eb)\",\"isPartOf\":{\"@id\":\"https:\/\/auvisa.org\/benl\/#website\"},\"datePublished\":\"2020-01-07T16:37:23+00:00\",\"dateModified\":\"2023-07-13T12:28:27+00:00\",\"description\":\"Om uw verblijf in Australi\u00eb te verlengen vult u het formulier in en vraagt u een tweede Australisch Working Holiday Visum aan voordat de eerste WHV afloopt. Visumcontrole in 24 uur.\",\"breadcrumb\":{\"@id\":\"https:\/\/auvisa.org\/benl\/visa-workingsecond\/#breadcrumb\"},\"inLanguage\":\"nl-BE\",\"potentialAction\":[{\"@type\":\"ReadAction\",\"target\":[\"https:\/\/auvisa.org\/benl\/visa-workingsecond\/\"]}]},{\"@type\":\"BreadcrumbList\",\"@id\":\"https:\/\/auvisa.org\/benl\/visa-workingsecond\/#breadcrumb\",\"itemListElement\":[{\"@type\":\"ListItem\",\"position\":1,\"name\":\"Home\",\"item\":\"https:\/\/auvisa.org\/benl\/\"},{\"@type\":\"ListItem\",\"position\":2,\"name\":\"Tweede Working Holiday Visum voor Australi\u00eb: Aanvragen (Visumaanvraagformulier &#8211; Belgi\u00eb)\"}]},{\"@type\":\"WebSite\",\"@id\":\"https:\/\/auvisa.org\/benl\/#website\",\"url\":\"https:\/\/auvisa.org\/benl\/\",\"name\":\"Auvisa.org\",\"description\":\"\",\"inLanguage\":\"nl-BE\"}]}<\/script>\n<!-- \/ Yoast SEO plugin. -->","yoast_head_json":{"title":"Tweede Working Holiday Visum voor Australi\u00eb: Aanvragen (Visumaanvraagformulier - Belgi\u00eb)","description":"Om uw verblijf in Australi\u00eb te verlengen vult u het formulier in en vraagt u een tweede Australisch Working Holiday Visum aan voordat de eerste WHV afloopt. Visumcontrole in 24 uur.","robots":{"index":"index","follow":"follow","max-snippet":"max-snippet:-1","max-image-preview":"max-image-preview:large","max-video-preview":"max-video-preview:-1"},"canonical":"https:\/\/auvisa.org\/benl\/visa-workingsecond\/","og_locale":"nl_BE","og_type":"article","og_title":"Tweede Working Holiday Visum voor Australi\u00eb: Aanvragen (Visumaanvraagformulier - Belgi\u00eb)","og_description":"Om uw verblijf in Australi\u00eb te verlengen vult u het formulier in en vraagt u een tweede Australisch Working Holiday Visum aan voordat de eerste WHV afloopt. Visumcontrole in 24 uur.","og_url":"https:\/\/auvisa.org\/benl\/visa-workingsecond\/","og_site_name":"Auvisa.org","article_modified_time":"2023-07-13T12:28:27+00:00","twitter_card":"summary_large_image","twitter_misc":{"Geschatte leestijd":"1 minuut"},"schema":{"@context":"https:\/\/schema.org","@graph":[{"@type":"WebPage","@id":"https:\/\/auvisa.org\/benl\/visa-workingsecond\/","url":"https:\/\/auvisa.org\/benl\/visa-workingsecond\/","name":"Tweede Working Holiday Visum voor Australi\u00eb: Aanvragen (Visumaanvraagformulier - Belgi\u00eb)","isPartOf":{"@id":"https:\/\/auvisa.org\/benl\/#website"},"datePublished":"2020-01-07T16:37:23+00:00","dateModified":"2023-07-13T12:28:27+00:00","description":"Om uw verblijf in Australi\u00eb te verlengen vult u het formulier in en vraagt u een tweede Australisch Working Holiday Visum aan voordat de eerste WHV afloopt. Visumcontrole in 24 uur.","breadcrumb":{"@id":"https:\/\/auvisa.org\/benl\/visa-workingsecond\/#breadcrumb"},"inLanguage":"nl-BE","potentialAction":[{"@type":"ReadAction","target":["https:\/\/auvisa.org\/benl\/visa-workingsecond\/"]}]},{"@type":"BreadcrumbList","@id":"https:\/\/auvisa.org\/benl\/visa-workingsecond\/#breadcrumb","itemListElement":[{"@type":"ListItem","position":1,"name":"Home","item":"https:\/\/auvisa.org\/benl\/"},{"@type":"ListItem","position":2,"name":"Tweede Working Holiday Visum voor Australi\u00eb: Aanvragen (Visumaanvraagformulier &#8211; Belgi\u00eb)"}]},{"@type":"WebSite","@id":"https:\/\/auvisa.org\/benl\/#website","url":"https:\/\/auvisa.org\/benl\/","name":"Auvisa.org","description":"","inLanguage":"nl-BE"}]}},"_links":{"self":[{"href":"https:\/\/auvisa.org\/benl\/wp-json\/wp\/v2\/pages\/1758","targetHints":{"allow":["GET"]}}],"collection":[{"href":"https:\/\/auvisa.org\/benl\/wp-json\/wp\/v2\/pages"}],"about":[{"href":"https:\/\/auvisa.org\/benl\/wp-json\/wp\/v2\/types\/page"}],"author":[{"embeddable":true,"href":"https:\/\/auvisa.org\/benl\/wp-json\/wp\/v2\/users\/3"}],"replies":[{"embeddable":true,"href":"https:\/\/auvisa.org\/benl\/wp-json\/wp\/v2\/comments?post=1758"}],"version-history":[{"count":12,"href":"https:\/\/auvisa.org\/benl\/wp-json\/wp\/v2\/pages\/1758\/revisions"}],"predecessor-version":[{"id":11446,"href":"https:\/\/auvisa.org\/benl\/wp-json\/wp\/v2\/pages\/1758\/revisions\/11446"}],"wp:attachment":[{"href":"https:\/\/auvisa.org\/benl\/wp-json\/wp\/v2\/media?parent=1758"}],"curies":[{"name":"wp","href":"https:\/\/api.w.org\/{rel}","templated":true}]}}