{"id":2619,"date":"2020-03-18T10:32:37","date_gmt":"2020-03-18T10:32:37","guid":{"rendered":"https:\/\/auvisa.org\/?p=1850"},"modified":"2023-07-13T14:25:50","modified_gmt":"2023-07-13T12:25:50","slug":"mcv-maritime-crew-visa-belgen","status":"publish","type":"page","link":"https:\/\/auvisa.org\/benl\/mcv-maritime-crew-visa-belgen\/","title":{"rendered":"MCV: Visumaanvraag voor Australi\u00eb voor scheepsbemanningen (Belgen)"},"content":{"rendered":"<h2 id=\"first-paragraph\">&#8220;Maritime Crew Visa&#8221; Zeevaart visum &#8211; Subclass 988<\/h2>\n<p><strong>Het proces waarmee u online een MCV kunt verkrijgen is eenvoudiger dan u zou verwachten<\/strong> en vereist een minimum aan documenten. Het Australische bemanningsvisum vraagt u om offici\u00eble identificatie-informatie voor u en de familieleden die met u naar Australi\u00eb reizen. Om in aanmerking te komen voor Australi\u00eb Maritime Crew Visa, moeten de familieleden die met u meereizen naar of van Australi\u00eb op hetzelfde schip zijn waarop u werkt en moeten ze toestemming hebben van de kapitein van het schip. Onthoudt dat deze <strong>familieleden niet mogen werken terwijl ze in Australi\u00eb verblijven met \u00a0MCV Australi\u00eb visum<\/strong>. Mochten ze in het land willen werken, dan moet een apart Australisch visum aangevraagd worden. Wanneer u niet meer werkt op het bepaalde schip in Australi\u00eb, komt het visum voor de begeleidende familieleden te vervallen. Ze mogen niet in Australi\u00eb blijven na het aflopen van uw \u00a0dienstverband op een gekwalificeerd schip.<\/p>\n<ul class=\"visa-pics\" style=\"float: right;\">\n<li><a class=\"apply\" href=\"\/benl\/visa-crew\/\">Nu aanvragen<\/a><\/li>\n<\/ul>\n<p><br style=\"clear: both;\" \/><br style=\"clear: both;\" \/><\/p>\n<h2>Meer informatie over Australische zeevaart Visum (MCV) voor Belgen<\/h2>\n<ul>\n<li><a href=\"#MCV-benefits\">Australi\u00eb Maritime Crew Visa (MCV) Voordelen<\/a><\/li>\n<li><a href=\"#MCV-requirements\">MCV Voorwaarden om in aanmerking te komen voor MCV-kwalificatie<\/a><\/li>\n<li><a href=\"#MCV-apply\">Online Maritiem Bemanningsvisum voor Australi\u00eb: Hoe aan te vragen<\/a><\/li>\n<li><a href=\"#MCV-application-process\">MCV-aanvraagprocedure vanuit Belgi\u00eb<\/a><\/li>\n<li><a href=\"#MCV-processing-time\">Australische MCV Verwerkingstijd<\/a><\/li>\n<li><a href=\"#MCV-cost\">Australi\u00eb Maritieme Bemanningsvisumkosten (EUR)<\/a><\/li>\n<\/ul>\n<p><br style=\"clear: both;\" \/><br style=\"clear: both;\" \/><\/p>\n<h2 id=\"MCV-benefits\">Australi\u00eb Maritime Crew Visa (MCV) Voordelen<\/h2>\n<p><strong>Australi\u00eb Maritime Crew Visa (MCV)<\/strong> stelt bemanningsleden in staat om arbeidsmogelijkheden te krijgen op gekwalificeerde schepen die door Australi\u00eb varen. Dit visum is vrij eenvoudig te verkrijgen voor werknemers op schepen. Het <a href=\"\/benl\/visa-crew\/\">aanvragen van dit visum<\/a> is een lonende en vrij eenvoudige manier om uw arbeidsstatus als lid van een scheepsbemanning optimaal te benutten.<\/p>\n<p>Als u eenmaal een visum hebt ontvangen van de Australische regering, dan <strong>mag u als Belg via zee Australi\u00eb binnenkomen en verlaten zolang u deel uitmaakt van de bemanning van een bepaald schip. U mag in Australi\u00eb blijven zolang u als bemanningslid aan boord van het schip werkt<\/strong>. Als u in dienst blijft van het bepaalde schip, is het mogelijk onbeperkt aantal keren vertrekken en terug te keren naar Australi\u00eb, terwijl uw visum geldig is zonder uw MCV Australische visumstatus in gevaar te brengen.<\/p>\n<p>Het is belangrijk om te onthouden dat <strong>u alleen met dit visum bevoegd bent visum om werkzaamheden als werknemer uit te voeren als onderdeel van uw vaste baan als bemanningslid op het bepaalde \u00a0schip<\/strong>. Deze visumvoorwaarde omvat alle werkzaamheden die nodig zijn om het schip operationeel te houden, ook als u niet fysiek aan boord van het schip bent terwijl u de vereiste taken als werknemer uitvoert. Met dit specifieke visum mag u alle werkzaamheden buitengaats, in de haven of op het schip verrichten, zolang u niet gecompenseerd wordt voor een extra vorm van arbeid tijdens het verrichten van dergelijke werkzaamheden.<\/p>\n<p><strong>Alle Belgen die in het bezit zijn van een online MCV mogen vrijwilligerswerk doen<\/strong> waarvoor u niet betaald wordt, zonder speciale toestemming van de Australische overheid. Bovendien, als u op korte termijn online werkt, zal u niet worden beperkt van het verdienen van een inkomen op deze manier in Australi\u00eb onder de voorwaarden van het zee visum.<\/p>\n<p><strong>Tenzij uw visum eindigt vanwege werk gerelateerde reden, is het visum voor maximaal drie jaargeldig<\/strong>zonder dat u de Australische regering om verlenging hoeft te vragen. Dit type visum komt niet in aanmerking komt voor verlenging, dan moet u een aanvraag indienen voor verblijf en werk in Australi\u00eb met \u00a0een andere passende visumstatus.<\/p>\n<ul class=\"visa-pics\" style=\"float: right;\">\n<li><a class=\"apply\" href=\"\/benl\/visa-crew\/\">Nu aanvragen<\/a><\/li>\n<\/ul>\n<p><br style=\"clear: both;\" \/><br style=\"clear: both;\" \/><\/p>\n<h2 id=\"MCV-requirements\">MCV Voorwaarden om in aanmerking te komen (Belgische burgers)<\/h2>\n<p>Om in aanmerking te komen voor een Australische MCV <strong>moeten Belgen buiten Australi\u00eb werkzaam zijn als bemanningslid op een schip<\/strong> dat naar of vanuit Australi\u00eb vaart. Zij moeten ook Australi\u00eb binnenkomen en verlaten als scheepsbemanningslid.<\/p>\n<p>Als Belg zijn er ook eisen gesteld aan het type schip waarop u werkt om in aanmerking te komen voor dit specifieke visum. <strong>Het schip moet een commercieel handelsschip of een passagiersschip zijn<\/strong>. Een schip dat in aanmerking komt voor het MCV-visum kan ook in het bezit zijn van een buitenlandse regering om wetenschappelijk onderzoek te verrichten of kan van het Australische ministerie van Buitenlandse Zaken een speciale status als openbaar schip krijgen.<\/p>\n<p>Houdt u er rekening mee dat <strong>als u met andere middelen, zoals een vlucht, in Australi\u00eb aankomt, u naast het visum voor bemanningsleden op zee ook nog een ander passend visum nodig heeft<\/strong>. Als u een bezoek wilt brengen aan Australi\u00eb buiten uw werk als bemanningslid op een bepaald schip, kunt u ook overwegen om een bezoekersvisum aan te vragen wanneer u een visum voor een Maritime Crew Visa in Australi\u00eb aanvraagt. Het is gebruikelijk dat bemanningsleden tegelijkertijd een Australisch zee visum en een bezoekersvisum voor Australi\u00eb hebben. Dit geldt met name als u weet dat het schip waarop u werkt, voor een langere periode in Australi\u00eb verblijft met vrije dagen of weken waarin u niet verplicht bent om op het schip te werken.<\/p>\n<p><strong>Bij aanvraag vanuit Belgi\u00eb komt u niet in aanmerking voor dit visum als u bemanningslid bent op een jacht of een militair schip<\/strong> of als u al in het bezit bent van een vast Australisch visum. Als u al een visum hebt om in Australi\u00eb te werken of te verblijven, moet u dit melden aan de kapitein van het schip waarop u werkt, dat vanuit Australi\u00eb binnenkomt of vertrekt, om geen complicaties te krijgen met uw arbeidsstatus.<\/p>\n<ul class=\"visa-pics\" style=\"float: right;\">\n<li><a class=\"apply\" href=\"\/benl\/visa-crew\/\">Nu aanvragen<\/a><\/li>\n<\/ul>\n<p><br style=\"clear: both;\" \/><br style=\"clear: both;\" \/><\/p>\n<h2 id=\"MCV-apply\">Online MCV voor Australi\u00eb: Hoe aan te vragen<\/h2>\n<p><strong>Zolang u een Belg bent en in het bezit bent van uw persoonlijke en identificatiegegevens, hoeft u zich geen zorgen te maken over eventuele problemen bij het invullen van de aanvraag voor een Maritiem Bemanningsvisum<\/strong>. De MCV Australi\u00eb visa <a href=\"\/benl\/visa-crew\/\">online applicatie<\/a> is makkelijk in gebruik en aan te vullen met uw persoonlijke gegevens. Het visumaanvraagformulier voor de Australische scheepsbemanning vraagt naar basisinformatie over u en uw werk als onderdeel van het bepaalde schip.<\/p>\n<p>Het eerste wat u moet doen is online te controleren of u al in het bezit bent van dit soort Australische visum als onderdeel van uw vroegere of huidige werk op een gekwalificeerd schip. Indien u al in het bezit bent van een geldig visum voor dit soort werk, dient u geen extra visum aan te vragen voordat het visum is verlopen. Dit kan namelijk complicaties veroorzaken bij uw binnenkomst en werk in Australi\u00eb.<\/p>\n<p><strong>Als u inderdaad een dergelijk visum nodig hebt, verzamel dan al uw vereiste arbeids- en nationaliteitsdocumenten die samen met de visumaanvraag online moeten worden ingediend<\/strong>. U heeft een kopie in kleur van uw nationale paspoort nodig om de aanvraag te doen, omdat het ook om informatie vraagt over het staatsburgerschap, de geldige data van uw paspoort en uw nationale paspoortnummer. Indien u sinds de afgifte van uw nationale paspoort van naam bent veranderd, moet u ook documenten overleggen waaruit blijkt dat uw naamswijziging officieel is vastgelegd, zoals een huwelijksakte.<\/p>\n<p>Daarnaast heeft u een officieel document nodig met een verklaring van uw arbeidsgegevens van uw rederij. Dit \u00a0moet worden ingediend op officieel briefpapier van de onderneming en worden ondertekend door de bevoegde autoriteit binnen de rederij met de vermelding van de data van uw dienstverband en uw offici\u00eble functie op het bepaalde schip. Op deze brief moet ook de datum van de verwachte aankomst van het schip waar u werkt in Australi\u00eb en een vrij nauwkeurige schatting van de verwachte duur van het verblijf in het land vermelden. Als het bedrijf verwacht dat uw dienstverband op het schip be\u00ebindigt wordt voordat het schip uit Australi\u00eb vertrekt, moet dit ook worden uitgelegd in de ondertekende brief.<\/p>\n<p><strong>Andere documenten die u bij uw online aanvraag als Belg voor dit visum dient in te dienen zijn onder andere bewijsstukken van uw hoogste opleidingsniveau, eventuele offici\u00eble partnerschapsdocumenten om een relatie aan te tonen met een echtgeno(o)t(e) die een aanvraag indient om met u naar Australi\u00eb te reizen op dit visum en eventuele vereiste karakterdocumenten<\/strong>. De karakterdocumenten zullen alleen nodig zijn als u een officieel politiedossier heeft of als u moet aantonen dat u uit het leger bent ontslagen.<\/p>\n<p>Zelfs als u hetzelfde document voor meerdere doeleinden gebruikt bij uw online visumaanvraag, hoeft u elk document slechts \u00e9\u00e9n keer bij uw aanvraag toe te voegen. Het toevoegen van onnodige of dubbele documenten bij uw visumaanvraag kan de verwerkingstijd vertragen.<\/p>\n<p>Het is belangrijk om te onthouden dat <strong>u niet in Australi\u00eb moet zijn op het moment dat u Australische Zeemanvisum aanvraagt<\/strong>. Hoewel u een beslissing van de Australische regering over uw visum kunt ontvangen wanneer u zich fysiek in Australi\u00eb bevindt, <strong>komt u niet in aanmerking voor dit visum terwijl u in het land verblijft<\/strong>.<\/p>\n<ul class=\"visa-pics\" style=\"float: right;\">\n<li><a class=\"apply\" href=\"\/benl\/visa-crew\/\">Nu aanvragen<\/a><\/li>\n<\/ul>\n<p><br style=\"clear: both;\" \/><br style=\"clear: both;\" \/><\/p>\n<h2 id=\"MCV-application-process\">Australische MCV-aanvraagprocedure<\/h2>\n<p>Nu u weet hoe u een MCV visum moet aanvragen, is hier wat meer informatie over wat u kunt verwachten tijdens<strong> het proces van het aanvragen en wachten op een visum voor scheepsbemanning door de Australische overheid<\/strong>. Voor het MCV-visum geldt dat u <a href=\"\/benl\/visa-crew\/\">online een visum aanvraagt<\/a> voor de snelste verwerking en veiligste resultaten.<\/p>\n<p>Nadat uw visumaanvraag officieel online is ingediend, zal deze worden <strong>beoordeeld door het ministerie van Binnenlandse Zaken van de Australische regering<\/strong>. U ontvangt een schriftelijke beslissing van de Australische overheid na de behandeling van uw visumaanvraag.<\/p>\n<p>Wanneer uw visumaanvraag wordt ingewilligd, ontvangt u het <strong>offici\u00eble MCV-visumnummer dat<\/strong> u is toegekend en de data waarop uw visum geldig zal zijn. Als er andere voorwaarden zijn die een zee visum in Australi\u00eb vergezellen, wat zeer zeldzaam is, zullen die voorwaarden op dat moment schriftelijk door de overheid worden verstrekt.<\/p>\n<p><strong>Indien de Australische regering (immigratie) besluit uw visumaanvraag af te wijzen, wordt u ook schriftelijk op de hoogte gesteld van deze beslissing<\/strong>. De overheid zal de offici\u00eble reden geven waarom uw visumaanvraag is afgewezen. Het is aan te raden om dit visum aan te vragen zodra u heeft bevestigd dat uw arbeidsstatus dit type visum vereist, zodat u voldoende tijd heeft om eventuele fouten te corrigeren of aanvullende informatie te verstrekken in het geval dat uw Australische visumaanvraag door de overheid wordt afgewezen.<\/p>\n<ul class=\"visa-pics\" style=\"float: right;\">\n<li><a class=\"apply\" href=\"\/benl\/visa-crew\/\">Nu aanvragen<\/a><\/li>\n<\/ul>\n<p><br style=\"clear: both;\" \/><br style=\"clear: both;\" \/><\/p>\n<h2 id=\"MCV-processing-time\">MCV Verwerkingstijd<\/h2>\n<p>Hoewel er geen definitieve termijn is voor de behandelingstijd van de MCV-aanvraag, is de verwerkingstermijn voor een visum doorgaans 4 dagen. Veel aanvragen voor visa voor scheepsbemanning voor Australi\u00eb worden ongeveer in twee dagen verwerkt.<\/p>\n<p>De beste manier om er zeker van te zijn dat er geen vertragingen zijn in de verwerking van uw Maritime Visa Australi\u00eb aanvraag is om <strong>alle instructies voor het indienen van de aanvraag zorgvuldig te lezen en alle benodigde informatie te verstrekken<\/strong> bij de eerste aanvraag. <strong>Fouten bij het invullen van de online applicatie voor een MCV kunnen de totale verwerkingstijd onnodig vertragen<\/strong>.<\/p>\n<p>Heeft u meer dan een maand gewacht om informatie over uw MCV-visumstatus van de Australische overheid te ontvangen, dan verzoeken wij u <a href=\"\/benl\/contact-us\/\">contact met ons opnemen<\/a>.<\/p>\n<ul class=\"visa-pics\" style=\"float: right;\">\n<li><a class=\"apply\" href=\"\/benl\/visa-crew\/\">Nu aanvragen<\/a><\/li>\n<\/ul>\n<p><br style=\"clear: both;\" \/><br style=\"clear: both;\" \/><\/p>\n<h2 id=\"MCV-cost\">MCV-kosten \u2013 kosten visum aanvraag Australi\u00eb<\/h2>\n<p><strong>Deaanvraagkosten voor Australische MCV bedragen <span class=\"woocommerce-Price-amount amount\"><bdi>98,00<span class=\"woocommerce-Price-currencySymbol\">&euro;<\/span><\/bdi><\/span><\/strong>. De MCV online betaling is vereist om uw aanvraag in te dienen en elke Maritieme Bemanningsvisumaanvraag voor Australi\u00eb te verwerken: u moet een afzonderlijk visumaanvraagformulier indienen voor elk gezinslid dat met u naar Australi\u00eb reist tijdens uw dienstverband op een schip. Deze aanvragen moeten tegelijk met uw individuele visumaanvraag worden ingediend om verwarring of vertragingen bij de behandeling door de Australische regering te voorkomen.<\/p>\n<ul class=\"visa-pics\" style=\"float: right;\">\n<li><a class=\"apply\" href=\"\/benl\/visa-crew\/\">Nu aanvragen<\/a><\/li>\n<\/ul>\n<p><br style=\"clear: both;\" \/><br style=\"clear: both;\" \/><\/p>\n","protected":false},"excerpt":{"rendered":"<p>&#8220;Maritime Crew Visa&#8221; Zeevaart visum &#8211; Subclass 988 Het proces waarmee u online een MCV kunt verkrijgen is eenvoudiger dan [&#8230;]<\/p>\n<p><a class=\"btn btn-secondary understrap-read-more-link\" href=\"https:\/\/auvisa.org\/benl\/mcv-maritime-crew-visa-belgen\/\">Verder lezen&#8230;<span class=\"screen-reader-text\"> from MCV: Visumaanvraag voor Australi\u00eb voor scheepsbemanningen (Belgen)<\/span><\/a><\/p>\n","protected":false},"author":4,"featured_media":0,"parent":0,"menu_order":17,"comment_status":"closed","ping_status":"closed","template":"templates\/tpl_spiegazione.php","meta":{"inline_featured_image":false,"footnotes":""},"class_list":["post-2619","page","type-page","status-publish","hentry"],"yoast_head":"<!-- This site is optimized with the Yoast SEO plugin v26.9 - https:\/\/yoast.com\/product\/yoast-seo-wordpress\/ -->\n<title>Australisch MCV-visum \u2013 Maritime Crew Visa voor Belgen<\/title>\n<meta name=\"description\" content=\"Australi\u00eb MCV (Maritime Crew Visa) informatie voor Belgen: kosten, eisen en online aanvraagformulier voor Zeemanvisum (Belgen).\" \/>\n<meta name=\"robots\" content=\"index, follow, max-snippet:-1, max-image-preview:large, max-video-preview:-1\" \/>\n<link rel=\"canonical\" href=\"https:\/\/auvisa.org\/benl\/mcv-maritime-crew-visa-belgen\/\" \/>\n<meta property=\"og:locale\" content=\"nl_BE\" \/>\n<meta property=\"og:type\" content=\"article\" \/>\n<meta property=\"og:title\" content=\"Australisch MCV-visum \u2013 Maritime Crew Visa voor Belgen\" \/>\n<meta property=\"og:description\" content=\"Australi\u00eb MCV (Maritime Crew Visa) informatie voor Belgen: kosten, eisen en online aanvraagformulier voor Zeemanvisum (Belgen).\" \/>\n<meta property=\"og:url\" content=\"https:\/\/auvisa.org\/benl\/mcv-maritime-crew-visa-belgen\/\" \/>\n<meta property=\"og:site_name\" content=\"Auvisa.org\" \/>\n<meta property=\"article:modified_time\" content=\"2023-07-13T12:25:50+00:00\" \/>\n<meta name=\"twitter:card\" content=\"summary_large_image\" \/>\n<meta name=\"twitter:label1\" content=\"Geschatte leestijd\" \/>\n\t<meta name=\"twitter:data1\" content=\"10 minuten\" \/>\n<script type=\"application\/ld+json\" class=\"yoast-schema-graph\">{\"@context\":\"https:\/\/schema.org\",\"@graph\":[{\"@type\":\"WebPage\",\"@id\":\"https:\/\/auvisa.org\/benl\/mcv-maritime-crew-visa-belgen\/\",\"url\":\"https:\/\/auvisa.org\/benl\/mcv-maritime-crew-visa-belgen\/\",\"name\":\"Australisch MCV-visum \u2013 Maritime Crew Visa voor Belgen\",\"isPartOf\":{\"@id\":\"https:\/\/auvisa.org\/benl\/#website\"},\"datePublished\":\"2020-03-18T10:32:37+00:00\",\"dateModified\":\"2023-07-13T12:25:50+00:00\",\"description\":\"Australi\u00eb MCV (Maritime Crew Visa) informatie voor Belgen: kosten, eisen en online aanvraagformulier voor Zeemanvisum (Belgen).\",\"breadcrumb\":{\"@id\":\"https:\/\/auvisa.org\/benl\/mcv-maritime-crew-visa-belgen\/#breadcrumb\"},\"inLanguage\":\"nl-BE\",\"potentialAction\":[{\"@type\":\"ReadAction\",\"target\":[\"https:\/\/auvisa.org\/benl\/mcv-maritime-crew-visa-belgen\/\"]}]},{\"@type\":\"BreadcrumbList\",\"@id\":\"https:\/\/auvisa.org\/benl\/mcv-maritime-crew-visa-belgen\/#breadcrumb\",\"itemListElement\":[{\"@type\":\"ListItem\",\"position\":1,\"name\":\"Home\",\"item\":\"https:\/\/auvisa.org\/benl\/\"},{\"@type\":\"ListItem\",\"position\":2,\"name\":\"MCV: Visumaanvraag voor Australi\u00eb voor scheepsbemanningen (Belgen)\"}]},{\"@type\":\"WebSite\",\"@id\":\"https:\/\/auvisa.org\/benl\/#website\",\"url\":\"https:\/\/auvisa.org\/benl\/\",\"name\":\"Auvisa.org\",\"description\":\"\",\"inLanguage\":\"nl-BE\"}]}<\/script>\n<!-- \/ Yoast SEO plugin. -->","yoast_head_json":{"title":"Australisch MCV-visum \u2013 Maritime Crew Visa voor Belgen","description":"Australi\u00eb MCV (Maritime Crew Visa) informatie voor Belgen: kosten, eisen en online aanvraagformulier voor Zeemanvisum (Belgen).","robots":{"index":"index","follow":"follow","max-snippet":"max-snippet:-1","max-image-preview":"max-image-preview:large","max-video-preview":"max-video-preview:-1"},"canonical":"https:\/\/auvisa.org\/benl\/mcv-maritime-crew-visa-belgen\/","og_locale":"nl_BE","og_type":"article","og_title":"Australisch MCV-visum \u2013 Maritime Crew Visa voor Belgen","og_description":"Australi\u00eb MCV (Maritime Crew Visa) informatie voor Belgen: kosten, eisen en online aanvraagformulier voor Zeemanvisum (Belgen).","og_url":"https:\/\/auvisa.org\/benl\/mcv-maritime-crew-visa-belgen\/","og_site_name":"Auvisa.org","article_modified_time":"2023-07-13T12:25:50+00:00","twitter_card":"summary_large_image","twitter_misc":{"Geschatte leestijd":"10 minuten"},"schema":{"@context":"https:\/\/schema.org","@graph":[{"@type":"WebPage","@id":"https:\/\/auvisa.org\/benl\/mcv-maritime-crew-visa-belgen\/","url":"https:\/\/auvisa.org\/benl\/mcv-maritime-crew-visa-belgen\/","name":"Australisch MCV-visum \u2013 Maritime Crew Visa voor Belgen","isPartOf":{"@id":"https:\/\/auvisa.org\/benl\/#website"},"datePublished":"2020-03-18T10:32:37+00:00","dateModified":"2023-07-13T12:25:50+00:00","description":"Australi\u00eb MCV (Maritime Crew Visa) informatie voor Belgen: kosten, eisen en online aanvraagformulier voor Zeemanvisum (Belgen).","breadcrumb":{"@id":"https:\/\/auvisa.org\/benl\/mcv-maritime-crew-visa-belgen\/#breadcrumb"},"inLanguage":"nl-BE","potentialAction":[{"@type":"ReadAction","target":["https:\/\/auvisa.org\/benl\/mcv-maritime-crew-visa-belgen\/"]}]},{"@type":"BreadcrumbList","@id":"https:\/\/auvisa.org\/benl\/mcv-maritime-crew-visa-belgen\/#breadcrumb","itemListElement":[{"@type":"ListItem","position":1,"name":"Home","item":"https:\/\/auvisa.org\/benl\/"},{"@type":"ListItem","position":2,"name":"MCV: Visumaanvraag voor Australi\u00eb voor scheepsbemanningen (Belgen)"}]},{"@type":"WebSite","@id":"https:\/\/auvisa.org\/benl\/#website","url":"https:\/\/auvisa.org\/benl\/","name":"Auvisa.org","description":"","inLanguage":"nl-BE"}]}},"_links":{"self":[{"href":"https:\/\/auvisa.org\/benl\/wp-json\/wp\/v2\/pages\/2619","targetHints":{"allow":["GET"]}}],"collection":[{"href":"https:\/\/auvisa.org\/benl\/wp-json\/wp\/v2\/pages"}],"about":[{"href":"https:\/\/auvisa.org\/benl\/wp-json\/wp\/v2\/types\/page"}],"author":[{"embeddable":true,"href":"https:\/\/auvisa.org\/benl\/wp-json\/wp\/v2\/users\/4"}],"replies":[{"embeddable":true,"href":"https:\/\/auvisa.org\/benl\/wp-json\/wp\/v2\/comments?post=2619"}],"version-history":[{"count":8,"href":"https:\/\/auvisa.org\/benl\/wp-json\/wp\/v2\/pages\/2619\/revisions"}],"predecessor-version":[{"id":11444,"href":"https:\/\/auvisa.org\/benl\/wp-json\/wp\/v2\/pages\/2619\/revisions\/11444"}],"wp:attachment":[{"href":"https:\/\/auvisa.org\/benl\/wp-json\/wp\/v2\/media?parent=2619"}],"curies":[{"name":"wp","href":"https:\/\/api.w.org\/{rel}","templated":true}]}}