{"id":853,"date":"2019-06-27T18:46:51","date_gmt":"2019-06-27T18:46:51","guid":{"rendered":"https:\/\/auvisa.org\/?p=853"},"modified":"2020-05-19T10:35:41","modified_gmt":"2020-05-19T10:35:41","slug":"lang-verblijfvisum-voor-australie-benl","status":"publish","type":"page","link":"https:\/\/auvisa.org\/benl\/lang-verblijfvisum-voor-australie-benl\/","title":{"rendered":"Lang verblijfvisum voor Australi\u00eb (Visitor Visa &#8211; Belgi\u00eb)"},"content":{"rendered":"<h2 id=\"first-paragraph\">Verschil tussen eVisitor en visum voor lang verblijf<\/h2>\n<h3>Verwerkingstijd:<\/h3>\n<p><a href=\"\/benl\/evisitor-visum-australie-benl\/\">eVisitor-toepassing<\/a> is onmiddellijke goedkeuring, maar een visum voor lang verblijf kan <strong>tot 20 dagen duren om verwerkt<\/strong> te worden en meestal worden er meer documenten \/ informatie opgevraagd door het Immigratiebureau in Australi\u00eb.<\/p>\n<h3>In aanmerking komende landen:<\/h3>\n<p>Er zijn maar een <a href=\"\/benl\/evisitor-visum-australie-benl\/#countries\">paar landen<\/a> die in aanmerking komen voor ETA \/ eVisitor, maar er is een grote selectie landenburgers die een visum voor lang verblijf kunnen aanvragen.<\/p>\n<h3>Locatie bij het maken van de applicatie:<\/h3>\n<p>Aanvragers moeten zich buiten Australi\u00eb bevinden tijdens het indienen van ETA \/ evisitor-aanvragen. Een visumaanvraag voor lang verblijf kan echter binnen Australi\u00eb worden ingediend met als doel het huidige visum te verlengen.<\/p>\n<h3>Geldigheid van het visum voor lang verblijf<\/h3>\n<p>Visums kunnen worden uitgegeven met \u00e9\u00e9n of meer items<br \/>\nElke invoer kan <strong>3, 6 of 12 maanden geldig zijn.<\/strong><\/p>\n<h3>Voorwaarden van het visum voor lang verblijf<\/h3>\n<ul>\n<li>Je moet niet in Australi\u00eb werken. Vrijwilligerswerk is mogelijk toegestaan.<\/li>\n<li>Je moet niet langer dan 3 maanden in Australi\u00eb studeren.<\/li>\n<\/ul>\n<h3>Verleng het huidige visum<\/h3>\n<p>Als het huidige visum geen &#8220;geen verder verblijf&#8221; -voorwaarde heeft, kunt u dit visumtype gebruiken om een \u200b\u200bverlenging van uw huidige visum aan te vragen. Tijdens het aanvraagproces kunt u binnen Australi\u00eb blijven.<\/p>\n<h3>Medische vereisten<\/h3>\n<p>Als u meer dan 6 maanden aanvraagt, wordt u mogelijk gevraagd een thoraxfoto en \/ of medisch onderzoek te ondergaan. Als u ouder bent dan 75 jaar of uit een land komt dat volgens Australische immigratie een risiconiveau heeft, moet u aantonen dat u aan de medische vereisten van het visum kunt voldoen.<\/p>\n<h3>Het bewijs van de fondsen<\/h3>\n<p>Wanneer u een visum voor lang verblijf aanvraagt, moet u over voldoende middelen beschikken om uzelf tijdens het hele verblijf in Australi\u00eb te onderhouden. Immigratie kan om dergelijk bewijs vragen, bijvoorbeeld bankafschriften.<\/p>\n<div class=\"text-right\"><a href=\"\/benl\/visa-longterm\/\" class=\"btn  px-5 btn-green\">Een lang verblijf visum aanvragen <\/a><\/div>\n","protected":false},"excerpt":{"rendered":"<p>Verschil tussen eVisitor en visum voor lang verblijf Verwerkingstijd: eVisitor-toepassing is onmiddellijke goedkeuring, maar een visum voor lang verblijf kan [&#8230;]<\/p>\n<p><a class=\"btn btn-secondary understrap-read-more-link\" href=\"https:\/\/auvisa.org\/benl\/lang-verblijfvisum-voor-australie-benl\/\">Verder lezen&#8230;<span class=\"screen-reader-text\"> from Lang verblijfvisum voor Australi\u00eb (Visitor Visa &#8211; Belgi\u00eb)<\/span><\/a><\/p>\n","protected":false},"author":4,"featured_media":0,"parent":0,"menu_order":11,"comment_status":"closed","ping_status":"closed","template":"templates\/tpl_spiegazione.php","meta":{"inline_featured_image":false,"footnotes":""},"class_list":["post-853","page","type-page","status-publish","hentry"],"yoast_head":"<!-- This site is optimized with the Yoast SEO plugin v26.9 - https:\/\/yoast.com\/product\/yoast-seo-wordpress\/ -->\n<title>Lang verblijfvisum Australi\u00eb (subklasse 600) - Belgi\u00eb<\/title>\n<meta name=\"description\" content=\"Lang verblijfvisum voor Australi\u00eb (subklasse 600) is voor Belgische reizigers die niet op de eVisitor-landenlijst staan of die langer dan 3 maanden willen reizen.\" \/>\n<meta name=\"robots\" content=\"index, follow, max-snippet:-1, max-image-preview:large, max-video-preview:-1\" \/>\n<link rel=\"canonical\" href=\"https:\/\/auvisa.org\/benl\/lang-verblijfvisum-voor-australie-benl\/\" \/>\n<meta property=\"og:locale\" content=\"nl_BE\" \/>\n<meta property=\"og:type\" content=\"article\" \/>\n<meta property=\"og:title\" content=\"Lang verblijfvisum Australi\u00eb (subklasse 600) - Belgi\u00eb\" \/>\n<meta property=\"og:description\" content=\"Lang verblijfvisum voor Australi\u00eb (subklasse 600) is voor Belgische reizigers die niet op de eVisitor-landenlijst staan of die langer dan 3 maanden willen reizen.\" \/>\n<meta property=\"og:url\" content=\"https:\/\/auvisa.org\/benl\/lang-verblijfvisum-voor-australie-benl\/\" \/>\n<meta property=\"og:site_name\" content=\"Auvisa.org\" \/>\n<meta property=\"article:modified_time\" content=\"2020-05-19T10:35:41+00:00\" \/>\n<meta name=\"twitter:card\" content=\"summary_large_image\" \/>\n<meta name=\"twitter:label1\" content=\"Geschatte leestijd\" \/>\n\t<meta name=\"twitter:data1\" content=\"2 minuten\" \/>\n<script type=\"application\/ld+json\" class=\"yoast-schema-graph\">{\"@context\":\"https:\/\/schema.org\",\"@graph\":[{\"@type\":\"WebPage\",\"@id\":\"https:\/\/auvisa.org\/benl\/lang-verblijfvisum-voor-australie-benl\/\",\"url\":\"https:\/\/auvisa.org\/benl\/lang-verblijfvisum-voor-australie-benl\/\",\"name\":\"Lang verblijfvisum Australi\u00eb (subklasse 600) - Belgi\u00eb\",\"isPartOf\":{\"@id\":\"https:\/\/auvisa.org\/benl\/#website\"},\"datePublished\":\"2019-06-27T18:46:51+00:00\",\"dateModified\":\"2020-05-19T10:35:41+00:00\",\"description\":\"Lang verblijfvisum voor Australi\u00eb (subklasse 600) is voor Belgische reizigers die niet op de eVisitor-landenlijst staan of die langer dan 3 maanden willen reizen.\",\"breadcrumb\":{\"@id\":\"https:\/\/auvisa.org\/benl\/lang-verblijfvisum-voor-australie-benl\/#breadcrumb\"},\"inLanguage\":\"nl-BE\",\"potentialAction\":[{\"@type\":\"ReadAction\",\"target\":[\"https:\/\/auvisa.org\/benl\/lang-verblijfvisum-voor-australie-benl\/\"]}]},{\"@type\":\"BreadcrumbList\",\"@id\":\"https:\/\/auvisa.org\/benl\/lang-verblijfvisum-voor-australie-benl\/#breadcrumb\",\"itemListElement\":[{\"@type\":\"ListItem\",\"position\":1,\"name\":\"Home\",\"item\":\"https:\/\/auvisa.org\/benl\/\"},{\"@type\":\"ListItem\",\"position\":2,\"name\":\"Lang verblijfvisum voor Australi\u00eb (Visitor Visa &#8211; Belgi\u00eb)\"}]},{\"@type\":\"WebSite\",\"@id\":\"https:\/\/auvisa.org\/benl\/#website\",\"url\":\"https:\/\/auvisa.org\/benl\/\",\"name\":\"Auvisa.org\",\"description\":\"\",\"inLanguage\":\"nl-BE\"}]}<\/script>\n<!-- \/ Yoast SEO plugin. -->","yoast_head_json":{"title":"Lang verblijfvisum Australi\u00eb (subklasse 600) - Belgi\u00eb","description":"Lang verblijfvisum voor Australi\u00eb (subklasse 600) is voor Belgische reizigers die niet op de eVisitor-landenlijst staan of die langer dan 3 maanden willen reizen.","robots":{"index":"index","follow":"follow","max-snippet":"max-snippet:-1","max-image-preview":"max-image-preview:large","max-video-preview":"max-video-preview:-1"},"canonical":"https:\/\/auvisa.org\/benl\/lang-verblijfvisum-voor-australie-benl\/","og_locale":"nl_BE","og_type":"article","og_title":"Lang verblijfvisum Australi\u00eb (subklasse 600) - Belgi\u00eb","og_description":"Lang verblijfvisum voor Australi\u00eb (subklasse 600) is voor Belgische reizigers die niet op de eVisitor-landenlijst staan of die langer dan 3 maanden willen reizen.","og_url":"https:\/\/auvisa.org\/benl\/lang-verblijfvisum-voor-australie-benl\/","og_site_name":"Auvisa.org","article_modified_time":"2020-05-19T10:35:41+00:00","twitter_card":"summary_large_image","twitter_misc":{"Geschatte leestijd":"2 minuten"},"schema":{"@context":"https:\/\/schema.org","@graph":[{"@type":"WebPage","@id":"https:\/\/auvisa.org\/benl\/lang-verblijfvisum-voor-australie-benl\/","url":"https:\/\/auvisa.org\/benl\/lang-verblijfvisum-voor-australie-benl\/","name":"Lang verblijfvisum Australi\u00eb (subklasse 600) - Belgi\u00eb","isPartOf":{"@id":"https:\/\/auvisa.org\/benl\/#website"},"datePublished":"2019-06-27T18:46:51+00:00","dateModified":"2020-05-19T10:35:41+00:00","description":"Lang verblijfvisum voor Australi\u00eb (subklasse 600) is voor Belgische reizigers die niet op de eVisitor-landenlijst staan of die langer dan 3 maanden willen reizen.","breadcrumb":{"@id":"https:\/\/auvisa.org\/benl\/lang-verblijfvisum-voor-australie-benl\/#breadcrumb"},"inLanguage":"nl-BE","potentialAction":[{"@type":"ReadAction","target":["https:\/\/auvisa.org\/benl\/lang-verblijfvisum-voor-australie-benl\/"]}]},{"@type":"BreadcrumbList","@id":"https:\/\/auvisa.org\/benl\/lang-verblijfvisum-voor-australie-benl\/#breadcrumb","itemListElement":[{"@type":"ListItem","position":1,"name":"Home","item":"https:\/\/auvisa.org\/benl\/"},{"@type":"ListItem","position":2,"name":"Lang verblijfvisum voor Australi\u00eb (Visitor Visa &#8211; Belgi\u00eb)"}]},{"@type":"WebSite","@id":"https:\/\/auvisa.org\/benl\/#website","url":"https:\/\/auvisa.org\/benl\/","name":"Auvisa.org","description":"","inLanguage":"nl-BE"}]}},"_links":{"self":[{"href":"https:\/\/auvisa.org\/benl\/wp-json\/wp\/v2\/pages\/853","targetHints":{"allow":["GET"]}}],"collection":[{"href":"https:\/\/auvisa.org\/benl\/wp-json\/wp\/v2\/pages"}],"about":[{"href":"https:\/\/auvisa.org\/benl\/wp-json\/wp\/v2\/types\/page"}],"author":[{"embeddable":true,"href":"https:\/\/auvisa.org\/benl\/wp-json\/wp\/v2\/users\/4"}],"replies":[{"embeddable":true,"href":"https:\/\/auvisa.org\/benl\/wp-json\/wp\/v2\/comments?post=853"}],"version-history":[{"count":10,"href":"https:\/\/auvisa.org\/benl\/wp-json\/wp\/v2\/pages\/853\/revisions"}],"predecessor-version":[{"id":2800,"href":"https:\/\/auvisa.org\/benl\/wp-json\/wp\/v2\/pages\/853\/revisions\/2800"}],"wp:attachment":[{"href":"https:\/\/auvisa.org\/benl\/wp-json\/wp\/v2\/media?parent=853"}],"curies":[{"name":"wp","href":"https:\/\/api.w.org\/{rel}","templated":true}]}}