{"id":856,"date":"2019-06-27T18:48:50","date_gmt":"2019-06-27T18:48:50","guid":{"rendered":"https:\/\/auvisa.org\/?p=856"},"modified":"2020-05-19T10:35:53","modified_gmt":"2020-05-19T10:35:53","slug":"studentenvisum-voor-australie-benl","status":"publish","type":"page","link":"https:\/\/auvisa.org\/benl\/studentenvisum-voor-australie-benl\/","title":{"rendered":"Studentenvisum voor Australi\u00eb (Belgi\u00eb)"},"content":{"rendered":"<h2 id=\"first-paragraph\">Australische Student Visa FAQs (Belgische studenten)<\/h2>\n<h3>Wat is een \u201cGenuine Student\u201d?<\/h3>\n<p>Om te voldoen aan dit criterium moet u aan kunnen tonen dat u gemotiveerd bent de studie succesvol af te ronden. U dient te bezitten over <strong>voldoende talenkennis<\/strong> om uw studie te kunnen volgen. Het is verder noodzakelijk dat u een relevante achtergrond hebt met betrekking tot de studie die u gaat volgen.<\/p>\n<p>Ook moet u kunnen aantonen dat u uw <strong>financi\u00eble<\/strong> zaken op orde heeft zodat deze geen belemmering kunnen zijn tijdens uw opleiding. Daarnaast moet u de intentie hebben de regels van het visum na te leven.<\/p>\n<div class=\"text-right\"><a href=\"\/benl\/visa-student\/\" class=\"btn  px-5 btn-green\">Studentenvisum aanvragen<\/a><\/div>\n<h3>Wat is een \u201cGenuine Temporary Entrant\u201d?<\/h3>\n<p>U bent een Genuine Temporary Entrant (Authentieke Tijdelijke Toetreder) wanneer u uw voorgestelde plannen tot uitvoering brengt, zowel als student als voogd en terugkeert naar uw eigen land.<\/p>\n<p>Hierbij moet rekening gehouden worden met het volgende:<\/p>\n<ul>\n<li>Gebeurtenissen die u belemmeren terug te keren naar uw eigen land<\/li>\n<li>Is de studie voor u van toegevoegde waarde in de toekomst?<\/li>\n<li>Uw immigratieverleden<\/li>\n<li>Overige zaken die van toepassing kunnen zijn<\/li>\n<\/ul>\n<p>Wanneer er twijfel bestaat over uw verblijf in Australi\u00eb zult u een gesprek hebben op de dichtstbijzijnde Australische ambassade om vast te stellen of u in aanmerking komt voor een visum. <strong>In de meeste gevallen is het echter zo dat alleen een <a href=\"\/benl\/visa-student\/\">online formulier<\/a> ingevuld hoeft te worden<\/strong>.<\/p>\n<div class=\"text-right\"><a href=\"\/benl\/visa-student\/\" class=\"btn  px-5 btn-green\">Studentenvisum aanvragen<\/a><\/div>\n<h3>Wat valt onder \u2018goed gedrag\u2019?<\/h3>\n<p>Wanneer u langere tijd in de gevangenis heeft gezeten kan het zijn dat uw visum om die reden afgewezen wordt. Om uw verleden vast te stellen kan het mogelijk zijn dat u gevraagd wordt een Verklaring Omtrent het Gedrag te verstrekken.<\/p>\n<div class=\"text-right\"><a href=\"\/benl\/visa-student\/\" class=\"btn  px-5 btn-green\">Studentenvisum aanvragen<\/a><\/div>\n<h3>Wat zijn de eisen van mijn gezondheid?<\/h3>\n<p>Om Australi\u00eb binnen te <strong>mogen moet u gezond zijn<\/strong>. Om dit aan te tonen is het mogelijk dat u gevraagd wordt naar een medische gezondheidsverklaring en\/of r\u00f6ntgenfoto\u2019s om dit te bewijzen. Wanneer dit het geval is zal er door de Australische immigratiedienst een dokter worden toegewezen om de onderzoeken uit te voeren.<\/p>\n<p>Het studentenvisum dekt geen medische kosten in geval dit nodig is. Alle studenten, behalve uit Belgi\u00eb en Noorwegen, moeten de ziektekostenverzekering <strong>Overseas Student Health Cover (OSHC)<\/strong> afsluiten. Deze verzekering is af te sluiten bij uw school of universiteit, of bij een extern bedrijf dat deze verzekeringen in het pakket heeft.<\/p>\n<div class=\"text-right\"><a href=\"\/benl\/visa-student\/\" class=\"btn  px-5 btn-green\">Studentenvisum aanvragen<\/a><\/div>\n<h3>Is er een leeftijdsbeperking?<\/h3>\n<p>Nee. Wanneer u bent toegelaten tot een school of universiteit is de leeftijd niet van belang. Alleen wanneer u, bijvoorbeeld, een werk- en vakantievisum heeft is de leeftijd beperkt tot een leeftijd van 18 tot 31 jaar.<\/p>\n<h3>Is het mogelijk dat mijn familie mij komt opzoeken terwijl ik in Australi\u00eb studeer?<\/h3>\n<p><strong>Ja, dit is mogelijk. Wanneer u jonger dan 18 bent moet u beschikken over een voogd die voor u garant staat<\/strong>. Uw voogd kan aanspraak doen op het speciale visum dat hiervoor beschikbaar is. Het visum van de voogd heeft dezelfde geldigheidsduur als het studentenvisum dat aan de student verstrekt is.<\/p>\n<div class=\"text-right\"><a href=\"\/benl\/visa-student\/\" class=\"btn  px-5 btn-green\">Studentenvisum aanvragen<\/a><\/div>\n<h3>Mag ik werken met een studentenvisum?<\/h3>\n<p>Ja, dat mag. Het studentenvisum laat toe dat een student veertig uur per <strong>twee weken<\/strong> mag werken. In de vakanties mag u fulltime werken.<\/p>\n<p>Part time werk kan een goede ondersteuning zijn voor, de kosten die u maakt tijdens uw verblijf. Het is echter alleen mogelijk geld te verdienen wanneer u beschikt over een zogeheten Tax File Number en een Australische bankrekening.<\/p>\n<p>Houd er rekening mee dat u niet mag werken v\u00f3\u00f3rdat uw visum geldig is, in het geval u eerder aankomt.<\/p>\n<p>Ook voor uw meegereisde familieleden geldt dat zij mogen werken tijdens hun verblijf. Zij mogen niet meer dan twintig uur per week werken. Dit geldt ook tijdens vakanties.<\/p>\n<div class=\"text-right\"><a href=\"\/benl\/visa-student\/\" class=\"btn  px-5 btn-green\">Studentenvisum aanvragen<\/a><\/div>\n<h3>Mag ik part time studeren en part time werken?<\/h3>\n<p>Nee, <strong>u dient een voltijd studie te volgen om in aanmerking te komen voor het studentenvisum<\/strong>. Wanneer u minder dat voltijd wilt studeren, raden wij aan naar andere visa te kijken. In dit geval komt het werk- en vakantievisum in aanmerking.<\/p>\n<h3>Welke cursussen mag ik volgen?<\/h3>\n<p>Alle soorten cursussen die zijn goedgekeurd door het Australische Ministerie van Buitenlandse Studenten.<\/p>\n<h3>Ik heb geen toelatingsbrief (CoE). Kom ik toch in aanmerking voor een studentenvisum?<\/h3>\n<p>Nee, u moet in bezit zijn van een geldig toelatingsbewijs voordat u een studentenvisum kunt aanvragen. Het toewijzen van het visum is \u00e9\u00e9n van de laatste stappen in het hele proces. Eerst moet u zich aanmelden bij een opleiding, vervolgens moet u toegelaten worden. Hiervan heeft u schriftelijk bewijs nodig en u dient de <strong>aanbetaling hebben gedaan voor het schoolgeld<\/strong>. Alleen wanneer u de Confirmation of Enrolment (CoE) heeft ontvangen van de school of universiteit kunt u het studentenvisum aanvragen.<\/p>\n<h3>Ik ben op dit moment in Australi\u00eb op een ander visum. Mag ik toch een studentenvisum aanvragen?<\/h3>\n<p>Ja, u kunt in de meeste gevallen een studentenvisum aanvragen terwijl u in Australi\u00eb verblijft. Wanneer uw visum een \u201cNo further stay\u201d conditie heeft, kunt u geen visum aanvragen. U zult na het verstrijken van uw visum Australi\u00eb moeten verlaten.<\/p>\n<h3>Ik heb al een werk- en vakantievisum gehad. Kom ik toch in aanmerking voor een studentenvisum?<\/h3>\n<p>Ja, dat heeft geen invloed op uw aanvraag voor een studentenvisum. Ook wanneer u al een studentenvisum in het verleden gehad heeft kunt u nogmaals in aanmerking komen voor een nieuw studentenvisum. Hierbij is het echter wel noodzakelijk dat u nogmaals een CoE kunt tonen.<\/p>\n<h3>Hoelang duurt het voordat ik mijn visum krijg?<\/h3>\n<p>Normaal gesproken duurt het 1 tot 3 weken voordat u uw visum ontvangt. In gevallen wanneer u aanvullende documenten moet verstrekken kan het langer duren voordat u antwoord krijgt. Wij raden u aan ruim voor uw vertrek het visum aan te vragen.<\/p>\n<div class=\"text-right\"><a href=\"\/benl\/visa-student\/\" class=\"btn  px-5 btn-green\">Studentenvisum aanvragen<\/a><\/div>\n","protected":false},"excerpt":{"rendered":"<p>Australische Student Visa FAQs (Belgische studenten) Wat is een \u201cGenuine Student\u201d? Om te voldoen aan dit criterium moet u aan [&#8230;]<\/p>\n<p><a class=\"btn btn-secondary understrap-read-more-link\" href=\"https:\/\/auvisa.org\/benl\/studentenvisum-voor-australie-benl\/\">Verder lezen&#8230;<span class=\"screen-reader-text\"> from Studentenvisum voor Australi\u00eb (Belgi\u00eb)<\/span><\/a><\/p>\n","protected":false},"author":4,"featured_media":0,"parent":0,"menu_order":15,"comment_status":"closed","ping_status":"closed","template":"templates\/tpl_spiegazione.php","meta":{"inline_featured_image":false,"footnotes":""},"class_list":["post-856","page","type-page","status-publish","hentry"],"yoast_head":"<!-- This site is optimized with the Yoast SEO plugin v26.9 - https:\/\/yoast.com\/product\/yoast-seo-wordpress\/ -->\n<title>Studentenvisum voor Australi\u00eb (Belgi\u00eb)<\/title>\n<meta name=\"description\" content=\"Om in aanmerking te komen voor een Australisch studentenvisum uit Belgi\u00eb, moet je worden uitgenodigd door de school waar je wilt studeren. Vraag het visum aan.\" \/>\n<meta name=\"robots\" content=\"index, follow, max-snippet:-1, max-image-preview:large, max-video-preview:-1\" \/>\n<link rel=\"canonical\" href=\"https:\/\/auvisa.org\/benl\/studentenvisum-voor-australie-benl\/\" \/>\n<meta property=\"og:locale\" content=\"nl_BE\" \/>\n<meta property=\"og:type\" content=\"article\" \/>\n<meta property=\"og:title\" content=\"Studentenvisum voor Australi\u00eb (Belgi\u00eb)\" \/>\n<meta property=\"og:description\" content=\"Om in aanmerking te komen voor een Australisch studentenvisum uit Belgi\u00eb, moet je worden uitgenodigd door de school waar je wilt studeren. Vraag het visum aan.\" \/>\n<meta property=\"og:url\" content=\"https:\/\/auvisa.org\/benl\/studentenvisum-voor-australie-benl\/\" \/>\n<meta property=\"og:site_name\" content=\"Auvisa.org\" \/>\n<meta property=\"article:modified_time\" content=\"2020-05-19T10:35:53+00:00\" \/>\n<meta name=\"twitter:card\" content=\"summary_large_image\" \/>\n<meta name=\"twitter:label1\" content=\"Geschatte leestijd\" \/>\n\t<meta name=\"twitter:data1\" content=\"5 minuten\" \/>\n<script type=\"application\/ld+json\" class=\"yoast-schema-graph\">{\"@context\":\"https:\/\/schema.org\",\"@graph\":[{\"@type\":\"WebPage\",\"@id\":\"https:\/\/auvisa.org\/benl\/studentenvisum-voor-australie-benl\/\",\"url\":\"https:\/\/auvisa.org\/benl\/studentenvisum-voor-australie-benl\/\",\"name\":\"Studentenvisum voor Australi\u00eb (Belgi\u00eb)\",\"isPartOf\":{\"@id\":\"https:\/\/auvisa.org\/benl\/#website\"},\"datePublished\":\"2019-06-27T18:48:50+00:00\",\"dateModified\":\"2020-05-19T10:35:53+00:00\",\"description\":\"Om in aanmerking te komen voor een Australisch studentenvisum uit Belgi\u00eb, moet je worden uitgenodigd door de school waar je wilt studeren. Vraag het visum aan.\",\"breadcrumb\":{\"@id\":\"https:\/\/auvisa.org\/benl\/studentenvisum-voor-australie-benl\/#breadcrumb\"},\"inLanguage\":\"nl-BE\",\"potentialAction\":[{\"@type\":\"ReadAction\",\"target\":[\"https:\/\/auvisa.org\/benl\/studentenvisum-voor-australie-benl\/\"]}]},{\"@type\":\"BreadcrumbList\",\"@id\":\"https:\/\/auvisa.org\/benl\/studentenvisum-voor-australie-benl\/#breadcrumb\",\"itemListElement\":[{\"@type\":\"ListItem\",\"position\":1,\"name\":\"Home\",\"item\":\"https:\/\/auvisa.org\/benl\/\"},{\"@type\":\"ListItem\",\"position\":2,\"name\":\"Studentenvisum voor Australi\u00eb (Belgi\u00eb)\"}]},{\"@type\":\"WebSite\",\"@id\":\"https:\/\/auvisa.org\/benl\/#website\",\"url\":\"https:\/\/auvisa.org\/benl\/\",\"name\":\"Auvisa.org\",\"description\":\"\",\"inLanguage\":\"nl-BE\"}]}<\/script>\n<!-- \/ Yoast SEO plugin. -->","yoast_head_json":{"title":"Studentenvisum voor Australi\u00eb (Belgi\u00eb)","description":"Om in aanmerking te komen voor een Australisch studentenvisum uit Belgi\u00eb, moet je worden uitgenodigd door de school waar je wilt studeren. Vraag het visum aan.","robots":{"index":"index","follow":"follow","max-snippet":"max-snippet:-1","max-image-preview":"max-image-preview:large","max-video-preview":"max-video-preview:-1"},"canonical":"https:\/\/auvisa.org\/benl\/studentenvisum-voor-australie-benl\/","og_locale":"nl_BE","og_type":"article","og_title":"Studentenvisum voor Australi\u00eb (Belgi\u00eb)","og_description":"Om in aanmerking te komen voor een Australisch studentenvisum uit Belgi\u00eb, moet je worden uitgenodigd door de school waar je wilt studeren. Vraag het visum aan.","og_url":"https:\/\/auvisa.org\/benl\/studentenvisum-voor-australie-benl\/","og_site_name":"Auvisa.org","article_modified_time":"2020-05-19T10:35:53+00:00","twitter_card":"summary_large_image","twitter_misc":{"Geschatte leestijd":"5 minuten"},"schema":{"@context":"https:\/\/schema.org","@graph":[{"@type":"WebPage","@id":"https:\/\/auvisa.org\/benl\/studentenvisum-voor-australie-benl\/","url":"https:\/\/auvisa.org\/benl\/studentenvisum-voor-australie-benl\/","name":"Studentenvisum voor Australi\u00eb (Belgi\u00eb)","isPartOf":{"@id":"https:\/\/auvisa.org\/benl\/#website"},"datePublished":"2019-06-27T18:48:50+00:00","dateModified":"2020-05-19T10:35:53+00:00","description":"Om in aanmerking te komen voor een Australisch studentenvisum uit Belgi\u00eb, moet je worden uitgenodigd door de school waar je wilt studeren. Vraag het visum aan.","breadcrumb":{"@id":"https:\/\/auvisa.org\/benl\/studentenvisum-voor-australie-benl\/#breadcrumb"},"inLanguage":"nl-BE","potentialAction":[{"@type":"ReadAction","target":["https:\/\/auvisa.org\/benl\/studentenvisum-voor-australie-benl\/"]}]},{"@type":"BreadcrumbList","@id":"https:\/\/auvisa.org\/benl\/studentenvisum-voor-australie-benl\/#breadcrumb","itemListElement":[{"@type":"ListItem","position":1,"name":"Home","item":"https:\/\/auvisa.org\/benl\/"},{"@type":"ListItem","position":2,"name":"Studentenvisum voor Australi\u00eb (Belgi\u00eb)"}]},{"@type":"WebSite","@id":"https:\/\/auvisa.org\/benl\/#website","url":"https:\/\/auvisa.org\/benl\/","name":"Auvisa.org","description":"","inLanguage":"nl-BE"}]}},"_links":{"self":[{"href":"https:\/\/auvisa.org\/benl\/wp-json\/wp\/v2\/pages\/856","targetHints":{"allow":["GET"]}}],"collection":[{"href":"https:\/\/auvisa.org\/benl\/wp-json\/wp\/v2\/pages"}],"about":[{"href":"https:\/\/auvisa.org\/benl\/wp-json\/wp\/v2\/types\/page"}],"author":[{"embeddable":true,"href":"https:\/\/auvisa.org\/benl\/wp-json\/wp\/v2\/users\/4"}],"replies":[{"embeddable":true,"href":"https:\/\/auvisa.org\/benl\/wp-json\/wp\/v2\/comments?post=856"}],"version-history":[{"count":9,"href":"https:\/\/auvisa.org\/benl\/wp-json\/wp\/v2\/pages\/856\/revisions"}],"predecessor-version":[{"id":2801,"href":"https:\/\/auvisa.org\/benl\/wp-json\/wp\/v2\/pages\/856\/revisions\/2801"}],"wp:attachment":[{"href":"https:\/\/auvisa.org\/benl\/wp-json\/wp\/v2\/media?parent=856"}],"curies":[{"name":"wp","href":"https:\/\/api.w.org\/{rel}","templated":true}]}}