{"id":1744,"date":"2020-01-07T16:26:56","date_gmt":"2020-01-07T16:26:56","guid":{"rendered":"https:\/\/dev.auvisa.org\/?page_id=1744"},"modified":"2023-08-25T11:33:57","modified_gmt":"2023-08-25T09:33:57","slug":"visa-working","status":"publish","type":"page","link":"https:\/\/auvisa.org\/de\/visa-working\/","title":{"rendered":"Working Holiday Visum f\u00fcr Australien: Antragsformular (Deutschland)"},"content":{"rendered":"\n<p>Dieses Antragsformular f\u00fcr ein Working Holiday Visum ist f\u00fcr <strong>deutsche Staatsb\u00fcrger<\/strong> gedacht, die zum Zeitpunkt der Antragstellung<strong> zwischen 18 und 30 Jahren (einschlie\u00dflich) alt waren<\/strong>.<\/p>\n\n\n\n<p>Nach Erhalt des Visums k\u00f6nnen deutsche Reisende nach Australien reisen und <strong>Urlaub, Arbeit und Studium kombinieren<\/strong>.<\/p>\n\n\n\n<p>Es ist m\u00f6glich, bis <strong>zu einem Jahr in Australien zu bleiben<\/strong> und bis zu 6 Monate f\u00fcr denselben Arbeitgeber zu arbeiten oder bis zu 4 Monate zu studieren. Wenn man dazu bereit ist, ist es auch m\u00f6glich, bis zur vollen Visumsdauer Urlaub zu machen.<\/p>\n\n\n\n<p>Bedingungen f\u00fcr den Antrag auf ein Working Holiday Visum:<\/p>\n\n\n\n<ul class=\"wp-block-list\"><li>Sie m\u00fcssen zwischen 18 und 30 Jahre alt sein (einschlie\u00dflich).<\/li><li>Sie m\u00fcssen bei guter Gesundheit sein.<\/li><li>Sie m\u00fcssen \u00fcber die finanziellen Mittel verf\u00fcgen, um sich zu Beginn Ihres Aufenthalts selbst zu versorgen.<\/li><\/ul>\n\n\n\n<p>WICHTIG:<br>Um Ihre Bewerbung auszuf\u00fcllen und einzureichen, ist eine Kopie der folgenden Dokumente erforderlich:<\/p>\n\n\n\n<ul class=\"wp-block-list\"><li>Seite mit den pers\u00f6nlichen Daten des Reisepasses<\/li><\/ul>\n\n\n\n<p>Wenn Sie derzeit nicht alle erforderlichen Dokumente haben, k\u00f6nnen Sie die Anwendung speichern und die Dokumente sp\u00e4ter hochladen.<\/p>\n\n\n\n<p>Mit dem folgenden Online-Antragsformular k\u00f6nnen Sie f\u00fcr mehrere Personen gleichzeitig einen Antrag stellen, <strong>wobei jedes Working Holiday Visum <span class=\"woocommerce-Price-amount amount\"><bdi><span class=\"woocommerce-Price-currencySymbol\">&euro;<\/span>575,00<\/bdi><\/span> kostet. Der Preis umfasst sowohl die Servicegeb\u00fchren von Auvisa.org als auch die Regierungsgeb\u00fchren (gegebenenfalls zutreffend).<\/strong><\/p>\n\n\n\n<div style=\"height:20px\" aria-hidden=\"true\" class=\"wp-block-spacer\"><\/div>\n\n\n\n<div style=\"height:62px\" aria-hidden=\"true\" class=\"wp-block-spacer\"><\/div>\n\n\n\n<h3>Geben Sie Ihre E-Mail-Adresse ein und best\u00e4tigen Sie diese, um den Bewerbungsprozess zu starten:<\/h3>\n","protected":false},"excerpt":{"rendered":"<p>Dieses Antragsformular f\u00fcr ein Working Holiday Visum ist f\u00fcr deutsche Staatsb\u00fcrger gedacht, die zum Zeitpunkt der Antragstellung zwischen 18 und [&#8230;]<\/p>\n<p><a class=\"btn btn-secondary understrap-read-more-link\" href=\"https:\/\/auvisa.org\/de\/visa-working\/\">Weiterlesen\u00a0\u2026<span class=\"screen-reader-text\"> from Working Holiday Visum f\u00fcr Australien: Antragsformular (Deutschland)<\/span><\/a><\/p>\n","protected":false},"author":3,"featured_media":0,"parent":0,"menu_order":39,"comment_status":"closed","ping_status":"closed","template":"templates\/tpl_acf_form.php","meta":{"inline_featured_image":false,"footnotes":""},"class_list":["post-1744","page","type-page","status-publish","hentry"],"yoast_head":"<!-- This site is optimized with the Yoast SEO plugin v26.9 - https:\/\/yoast.com\/product\/yoast-seo-wordpress\/ -->\n<title>Working Holiday Visum f\u00fcr Australien: Antragsformular (Deutschland)<\/title>\n<meta name=\"description\" content=\"Deutsche Reisende m\u00fcssen online ein australisches Working Holiday Visum \u00fcber dieses vereinfachte Antragsformular beantragen.\" \/>\n<meta name=\"robots\" content=\"index, follow, max-snippet:-1, max-image-preview:large, max-video-preview:-1\" \/>\n<link rel=\"canonical\" href=\"https:\/\/auvisa.org\/de\/visa-working\/\" \/>\n<meta property=\"og:locale\" content=\"de_DE\" \/>\n<meta property=\"og:type\" content=\"article\" \/>\n<meta property=\"og:title\" content=\"Working Holiday Visum f\u00fcr Australien: Antragsformular (Deutschland)\" \/>\n<meta property=\"og:description\" content=\"Deutsche Reisende m\u00fcssen online ein australisches Working Holiday Visum \u00fcber dieses vereinfachte Antragsformular beantragen.\" \/>\n<meta property=\"og:url\" content=\"https:\/\/auvisa.org\/de\/visa-working\/\" \/>\n<meta property=\"og:site_name\" content=\"Auvisa.org\" \/>\n<meta property=\"article:modified_time\" content=\"2023-08-25T09:33:57+00:00\" \/>\n<meta name=\"twitter:card\" content=\"summary_large_image\" \/>\n<meta name=\"twitter:label1\" content=\"Gesch\u00e4tzte Lesezeit\" \/>\n\t<meta name=\"twitter:data1\" content=\"2\u00a0Minuten\" \/>\n<script type=\"application\/ld+json\" class=\"yoast-schema-graph\">{\"@context\":\"https:\/\/schema.org\",\"@graph\":[{\"@type\":\"WebPage\",\"@id\":\"https:\/\/auvisa.org\/de\/visa-working\/\",\"url\":\"https:\/\/auvisa.org\/de\/visa-working\/\",\"name\":\"Working Holiday Visum f\u00fcr Australien: Antragsformular (Deutschland)\",\"isPartOf\":{\"@id\":\"https:\/\/auvisa.org\/de\/#website\"},\"datePublished\":\"2020-01-07T16:26:56+00:00\",\"dateModified\":\"2023-08-25T09:33:57+00:00\",\"description\":\"Deutsche Reisende m\u00fcssen online ein australisches Working Holiday Visum \u00fcber dieses vereinfachte Antragsformular beantragen.\",\"breadcrumb\":{\"@id\":\"https:\/\/auvisa.org\/de\/visa-working\/#breadcrumb\"},\"inLanguage\":\"de\",\"potentialAction\":[{\"@type\":\"ReadAction\",\"target\":[\"https:\/\/auvisa.org\/de\/visa-working\/\"]}]},{\"@type\":\"BreadcrumbList\",\"@id\":\"https:\/\/auvisa.org\/de\/visa-working\/#breadcrumb\",\"itemListElement\":[{\"@type\":\"ListItem\",\"position\":1,\"name\":\"Home\",\"item\":\"https:\/\/auvisa.org\/de\/\"},{\"@type\":\"ListItem\",\"position\":2,\"name\":\"Working Holiday Visum f\u00fcr Australien: Antragsformular (Deutschland)\"}]},{\"@type\":\"WebSite\",\"@id\":\"https:\/\/auvisa.org\/de\/#website\",\"url\":\"https:\/\/auvisa.org\/de\/\",\"name\":\"Auvisa.org\",\"description\":\"\",\"inLanguage\":\"de\"}]}<\/script>\n<!-- \/ Yoast SEO plugin. -->","yoast_head_json":{"title":"Working Holiday Visum f\u00fcr Australien: Antragsformular (Deutschland)","description":"Deutsche Reisende m\u00fcssen online ein australisches Working Holiday Visum \u00fcber dieses vereinfachte Antragsformular beantragen.","robots":{"index":"index","follow":"follow","max-snippet":"max-snippet:-1","max-image-preview":"max-image-preview:large","max-video-preview":"max-video-preview:-1"},"canonical":"https:\/\/auvisa.org\/de\/visa-working\/","og_locale":"de_DE","og_type":"article","og_title":"Working Holiday Visum f\u00fcr Australien: Antragsformular (Deutschland)","og_description":"Deutsche Reisende m\u00fcssen online ein australisches Working Holiday Visum \u00fcber dieses vereinfachte Antragsformular beantragen.","og_url":"https:\/\/auvisa.org\/de\/visa-working\/","og_site_name":"Auvisa.org","article_modified_time":"2023-08-25T09:33:57+00:00","twitter_card":"summary_large_image","twitter_misc":{"Gesch\u00e4tzte Lesezeit":"2\u00a0Minuten"},"schema":{"@context":"https:\/\/schema.org","@graph":[{"@type":"WebPage","@id":"https:\/\/auvisa.org\/de\/visa-working\/","url":"https:\/\/auvisa.org\/de\/visa-working\/","name":"Working Holiday Visum f\u00fcr Australien: Antragsformular (Deutschland)","isPartOf":{"@id":"https:\/\/auvisa.org\/de\/#website"},"datePublished":"2020-01-07T16:26:56+00:00","dateModified":"2023-08-25T09:33:57+00:00","description":"Deutsche Reisende m\u00fcssen online ein australisches Working Holiday Visum \u00fcber dieses vereinfachte Antragsformular beantragen.","breadcrumb":{"@id":"https:\/\/auvisa.org\/de\/visa-working\/#breadcrumb"},"inLanguage":"de","potentialAction":[{"@type":"ReadAction","target":["https:\/\/auvisa.org\/de\/visa-working\/"]}]},{"@type":"BreadcrumbList","@id":"https:\/\/auvisa.org\/de\/visa-working\/#breadcrumb","itemListElement":[{"@type":"ListItem","position":1,"name":"Home","item":"https:\/\/auvisa.org\/de\/"},{"@type":"ListItem","position":2,"name":"Working Holiday Visum f\u00fcr Australien: Antragsformular (Deutschland)"}]},{"@type":"WebSite","@id":"https:\/\/auvisa.org\/de\/#website","url":"https:\/\/auvisa.org\/de\/","name":"Auvisa.org","description":"","inLanguage":"de"}]}},"_links":{"self":[{"href":"https:\/\/auvisa.org\/de\/wp-json\/wp\/v2\/pages\/1744","targetHints":{"allow":["GET"]}}],"collection":[{"href":"https:\/\/auvisa.org\/de\/wp-json\/wp\/v2\/pages"}],"about":[{"href":"https:\/\/auvisa.org\/de\/wp-json\/wp\/v2\/types\/page"}],"author":[{"embeddable":true,"href":"https:\/\/auvisa.org\/de\/wp-json\/wp\/v2\/users\/3"}],"replies":[{"embeddable":true,"href":"https:\/\/auvisa.org\/de\/wp-json\/wp\/v2\/comments?post=1744"}],"version-history":[{"count":13,"href":"https:\/\/auvisa.org\/de\/wp-json\/wp\/v2\/pages\/1744\/revisions"}],"predecessor-version":[{"id":21230,"href":"https:\/\/auvisa.org\/de\/wp-json\/wp\/v2\/pages\/1744\/revisions\/21230"}],"wp:attachment":[{"href":"https:\/\/auvisa.org\/de\/wp-json\/wp\/v2\/media?parent=1744"}],"curies":[{"name":"wp","href":"https:\/\/api.w.org\/{rel}","templated":true}]}}