{"id":1747,"date":"2020-01-07T16:27:41","date_gmt":"2020-01-07T16:27:41","guid":{"rendered":"https:\/\/dev.auvisa.org\/?page_id=1747"},"modified":"2023-07-12T10:07:48","modified_gmt":"2023-07-12T08:07:48","slug":"visa-student","status":"publish","type":"page","link":"https:\/\/auvisa.org\/de\/visa-student\/","title":{"rendered":"Australien Studentenvisum: Online-Antragsformular (Deutschland)"},"content":{"rendered":"\n<div style=\"height:20px\" aria-hidden=\"true\" class=\"wp-block-spacer\"><\/div>\n\n\n\n<p>Bitte benutzen Sie dieses Antragsformular um ein Studentenvisum nach Australien zu beantragen.<\/p>\n\n\n\n<p>Sie m\u00fcssen sich an einer Universit\u00e4t oder einer Schule anmelden, bevor Sie ein Studentenvisum nach Australien beantragen. Wenn Sie nicht eine Best\u00e4tigung der Anmeldung haben, kontaktieren Sie bitte die Schule oder Universit\u00e4t, wo Sie beabsichtigen, zu studieren.<\/p>\n\n\n\n<h2 class=\"wp-block-heading\" id=\"optionen-fur-ein-studentenvisum\">Optionen f\u00fcr ein Studentenvisum<\/h2>\n\n\n\n<ul class=\"wp-block-list\"><li><strong>H\u00f6here Ausbildung<\/strong><ul><li>Bachelor-Abschluss, Associate Degree, Diplom-Zertifikat, Diplom, Hochschulabschluss, Hochschulbildung, fortgeschrittenes Diplom oder Master durch Kursarbeit.<\/li><\/ul><\/li><li><strong>Postgraduiertenforschung<\/strong><ul><li>Forschungs-Masters oder Doktortitel.<\/li><\/ul><\/li><li><strong>Englisch-Sprachintensivkurse f\u00fcr ausl\u00e4ndische Studenten (ELICOS)<\/strong><ul><li>F\u00fcr Stand-Alone-Kurse, die zu einem Zertifikat I, II, III oder IV, oder in keiner f\u00f6rmlichen Vergabe vertreten sind, f\u00fchren.<\/li><\/ul><\/li><li><strong>Prim\u00e4re oder sekund\u00e4re Schulkurs<\/strong><ul><li>F\u00fcr prim\u00e4re, sekund\u00e4re oder Junior Senior Secondary Schul-Kurse sowie genehmigte Gymnasium Austauschprogramme.<\/li><\/ul><\/li><li><strong>Berufliche Aus- und Weiterbildung (VET)<\/strong><ul><li>Diese Unterklasse ist f\u00fcr Zertifikate I, II, III oder IV (au\u00dfer ELICOS), Berufsbildungsdiplom, erweiterte Berufsbildungsdiplom, Berufsdiplom oder Berufs Diplom Kurse.<\/li><\/ul><\/li><li><strong>Verweigerung<\/strong><ul><li>verweigerte Grund-Studium oder andere Vollzeitkurse oder Komponenten von Kursen die nicht auf australische Auszeichnungen f\u00fchren.<\/li><\/ul><\/li><li><strong>AusAID (Australian Agency for International Development) und Verteidigung<\/strong><ul><li>Studenten gesponsert von AusAID oder dem australischen Verteidigungsministerium mit Verpflichtung von Vollzeitkursen aller Art.<\/li><\/ul><\/li><li><strong>Vormund f\u00fcr Studenten<\/strong><ul><li>Eltern oder Verwandte k\u00f6nnen als Vormund eines Studenten, der in Australien studiert, ein Visum beantragen.<\/li><\/ul><\/li><\/ul>\n\n\n\n<p>Der Preis ist <span class=\"woocommerce-Price-amount amount\"><bdi><span class=\"woocommerce-Price-currencySymbol\">&euro;<\/span>1.200,00<\/bdi><\/span> pro Visum.<\/p>\n\n\n\n<p>Bitte beachten Sie, dass eine weitere Antraggeb\u00fcrde anfallen k\u00f6nnte. Falls bei der Weiterbearbeitung f\u00e4llig, einschlie\u00dflich der Gew\u00e4hrung eines \u00dcberbr\u00fcckungsvisum, wird dieses nur nach Zahlung zugelassen. Wir werden in Kontakt bleiben, um Ihnen mitzuteilen, ob weitere Geb\u00fchren f\u00e4llig sind.<\/p>\n\n\n\n<div style=\"height:59px\" aria-hidden=\"true\" class=\"wp-block-spacer\"><\/div>\n\n\n\n<h3 class=\"wp-block-heading\" id=\"geben-sie-ihre-e-mail-adresse-ein-und-bestatigen-sie-diese-um-den-bewerbungsprozess-zu-starten\">Geben Sie Ihre E-Mail-Adresse ein und best\u00e4tigen Sie diese, um den Bewerbungsprozess zu starten:<\/h3>\n","protected":false},"excerpt":{"rendered":"<p>Bitte benutzen Sie dieses Antragsformular um ein Studentenvisum nach Australien zu beantragen. Sie m\u00fcssen sich an einer Universit\u00e4t oder einer [&#8230;]<\/p>\n<p><a class=\"btn btn-secondary understrap-read-more-link\" href=\"https:\/\/auvisa.org\/de\/visa-student\/\">Weiterlesen\u00a0\u2026<span class=\"screen-reader-text\"> from Australien Studentenvisum: Online-Antragsformular (Deutschland)<\/span><\/a><\/p>\n","protected":false},"author":3,"featured_media":0,"parent":0,"menu_order":37,"comment_status":"closed","ping_status":"closed","template":"templates\/tpl_acf_form.php","meta":{"inline_featured_image":false,"footnotes":""},"class_list":["post-1747","page","type-page","status-publish","hentry"],"yoast_head":"<!-- This site is optimized with the Yoast SEO plugin v26.9 - https:\/\/yoast.com\/product\/yoast-seo-wordpress\/ -->\n<title>Australien Studentenvisum: Online-Antragsformular (Deutschland)<\/title>\n<meta name=\"description\" content=\"Deutsche Studenten sollen dieses Antragsformular verwenden, um ein Studentenvisum f\u00fcr Australien zu beantragen. Beantragen Sie hier online.\" \/>\n<meta name=\"robots\" content=\"index, follow, max-snippet:-1, max-image-preview:large, max-video-preview:-1\" \/>\n<link rel=\"canonical\" href=\"https:\/\/auvisa.org\/de\/visa-student\/\" \/>\n<meta property=\"og:locale\" content=\"de_DE\" \/>\n<meta property=\"og:type\" content=\"article\" \/>\n<meta property=\"og:title\" content=\"Australien Studentenvisum: Online-Antragsformular (Deutschland)\" \/>\n<meta property=\"og:description\" content=\"Deutsche Studenten sollen dieses Antragsformular verwenden, um ein Studentenvisum f\u00fcr Australien zu beantragen. Beantragen Sie hier online.\" \/>\n<meta property=\"og:url\" content=\"https:\/\/auvisa.org\/de\/visa-student\/\" \/>\n<meta property=\"og:site_name\" content=\"Auvisa.org\" \/>\n<meta property=\"article:modified_time\" content=\"2023-07-12T08:07:48+00:00\" \/>\n<meta name=\"twitter:card\" content=\"summary_large_image\" \/>\n<meta name=\"twitter:label1\" content=\"Gesch\u00e4tzte Lesezeit\" \/>\n\t<meta name=\"twitter:data1\" content=\"2\u00a0Minuten\" \/>\n<script type=\"application\/ld+json\" class=\"yoast-schema-graph\">{\"@context\":\"https:\/\/schema.org\",\"@graph\":[{\"@type\":\"WebPage\",\"@id\":\"https:\/\/auvisa.org\/de\/visa-student\/\",\"url\":\"https:\/\/auvisa.org\/de\/visa-student\/\",\"name\":\"Australien Studentenvisum: Online-Antragsformular (Deutschland)\",\"isPartOf\":{\"@id\":\"https:\/\/auvisa.org\/de\/#website\"},\"datePublished\":\"2020-01-07T16:27:41+00:00\",\"dateModified\":\"2023-07-12T08:07:48+00:00\",\"description\":\"Deutsche Studenten sollen dieses Antragsformular verwenden, um ein Studentenvisum f\u00fcr Australien zu beantragen. Beantragen Sie hier online.\",\"breadcrumb\":{\"@id\":\"https:\/\/auvisa.org\/de\/visa-student\/#breadcrumb\"},\"inLanguage\":\"de\",\"potentialAction\":[{\"@type\":\"ReadAction\",\"target\":[\"https:\/\/auvisa.org\/de\/visa-student\/\"]}]},{\"@type\":\"BreadcrumbList\",\"@id\":\"https:\/\/auvisa.org\/de\/visa-student\/#breadcrumb\",\"itemListElement\":[{\"@type\":\"ListItem\",\"position\":1,\"name\":\"Home\",\"item\":\"https:\/\/auvisa.org\/de\/\"},{\"@type\":\"ListItem\",\"position\":2,\"name\":\"Australien Studentenvisum: Online-Antragsformular (Deutschland)\"}]},{\"@type\":\"WebSite\",\"@id\":\"https:\/\/auvisa.org\/de\/#website\",\"url\":\"https:\/\/auvisa.org\/de\/\",\"name\":\"Auvisa.org\",\"description\":\"\",\"inLanguage\":\"de\"}]}<\/script>\n<!-- \/ Yoast SEO plugin. -->","yoast_head_json":{"title":"Australien Studentenvisum: Online-Antragsformular (Deutschland)","description":"Deutsche Studenten sollen dieses Antragsformular verwenden, um ein Studentenvisum f\u00fcr Australien zu beantragen. Beantragen Sie hier online.","robots":{"index":"index","follow":"follow","max-snippet":"max-snippet:-1","max-image-preview":"max-image-preview:large","max-video-preview":"max-video-preview:-1"},"canonical":"https:\/\/auvisa.org\/de\/visa-student\/","og_locale":"de_DE","og_type":"article","og_title":"Australien Studentenvisum: Online-Antragsformular (Deutschland)","og_description":"Deutsche Studenten sollen dieses Antragsformular verwenden, um ein Studentenvisum f\u00fcr Australien zu beantragen. Beantragen Sie hier online.","og_url":"https:\/\/auvisa.org\/de\/visa-student\/","og_site_name":"Auvisa.org","article_modified_time":"2023-07-12T08:07:48+00:00","twitter_card":"summary_large_image","twitter_misc":{"Gesch\u00e4tzte Lesezeit":"2\u00a0Minuten"},"schema":{"@context":"https:\/\/schema.org","@graph":[{"@type":"WebPage","@id":"https:\/\/auvisa.org\/de\/visa-student\/","url":"https:\/\/auvisa.org\/de\/visa-student\/","name":"Australien Studentenvisum: Online-Antragsformular (Deutschland)","isPartOf":{"@id":"https:\/\/auvisa.org\/de\/#website"},"datePublished":"2020-01-07T16:27:41+00:00","dateModified":"2023-07-12T08:07:48+00:00","description":"Deutsche Studenten sollen dieses Antragsformular verwenden, um ein Studentenvisum f\u00fcr Australien zu beantragen. Beantragen Sie hier online.","breadcrumb":{"@id":"https:\/\/auvisa.org\/de\/visa-student\/#breadcrumb"},"inLanguage":"de","potentialAction":[{"@type":"ReadAction","target":["https:\/\/auvisa.org\/de\/visa-student\/"]}]},{"@type":"BreadcrumbList","@id":"https:\/\/auvisa.org\/de\/visa-student\/#breadcrumb","itemListElement":[{"@type":"ListItem","position":1,"name":"Home","item":"https:\/\/auvisa.org\/de\/"},{"@type":"ListItem","position":2,"name":"Australien Studentenvisum: Online-Antragsformular (Deutschland)"}]},{"@type":"WebSite","@id":"https:\/\/auvisa.org\/de\/#website","url":"https:\/\/auvisa.org\/de\/","name":"Auvisa.org","description":"","inLanguage":"de"}]}},"_links":{"self":[{"href":"https:\/\/auvisa.org\/de\/wp-json\/wp\/v2\/pages\/1747","targetHints":{"allow":["GET"]}}],"collection":[{"href":"https:\/\/auvisa.org\/de\/wp-json\/wp\/v2\/pages"}],"about":[{"href":"https:\/\/auvisa.org\/de\/wp-json\/wp\/v2\/types\/page"}],"author":[{"embeddable":true,"href":"https:\/\/auvisa.org\/de\/wp-json\/wp\/v2\/users\/3"}],"replies":[{"embeddable":true,"href":"https:\/\/auvisa.org\/de\/wp-json\/wp\/v2\/comments?post=1747"}],"version-history":[{"count":15,"href":"https:\/\/auvisa.org\/de\/wp-json\/wp\/v2\/pages\/1747\/revisions"}],"predecessor-version":[{"id":21085,"href":"https:\/\/auvisa.org\/de\/wp-json\/wp\/v2\/pages\/1747\/revisions\/21085"}],"wp:attachment":[{"href":"https:\/\/auvisa.org\/de\/wp-json\/wp\/v2\/media?parent=1747"}],"curies":[{"name":"wp","href":"https:\/\/api.w.org\/{rel}","templated":true}]}}