{"id":1749,"date":"2020-01-07T16:28:00","date_gmt":"2020-01-07T16:28:00","guid":{"rendered":"https:\/\/dev.auvisa.org\/?page_id=1749"},"modified":"2023-07-12T10:05:16","modified_gmt":"2023-07-12T08:05:16","slug":"visa-longterm","status":"publish","type":"page","link":"https:\/\/auvisa.org\/de\/visa-longterm\/","title":{"rendered":"Australien Besuchervisum: Antragsformular (Deutschland)"},"content":{"rendered":"\n<div style=\"height:20px\" aria-hidden=\"true\" class=\"wp-block-spacer\"><\/div>\n\n\n\n<p>Dieses ist ein tempor\u00e4res Visum f\u00fcr l\u00e4ngere Aufenthalte in Australien. Wenn Sie dieses Visum beantragen, <strong>k\u00f6nnen Sie zwischen 3, 6 und 12 Monaten G\u00fcltigkeit w\u00e4hlen<\/strong>. Das Visum ist f\u00fcr Tourismus, Gesch\u00e4ftsreisen und Familienbesuche geeignet. Sie k\u00f6nnen dieses Visum beantragen, um Ihren Aufenthalt in Australien zu verl\u00e4ngern, wenn Sie sich schon im Land mit einem anderen Visum, das am ablaufen ist, befinden.<\/p>\n\n\n\n<p><strong>Touristenvisum<\/strong>: Wenn Sie f\u00fcr Urlaub oder um Familie und Freunde zu besuchen nach Australien reisen, w\u00e4hlen Sie diese Art des Visums im Antragsformular. Mit diesem Visum d\u00fcrfen Sie auch ein Studium bis zu 3 Monaten absolvieren.<\/p>\n\n\n\n<p><strong>Visum f\u00fcr Gesch\u00e4ftsreisen<\/strong>: Wenn Sie sich nach Australien f\u00fcr eine kurze Gesch\u00e4ftsreise begeben, w\u00e4hlen Sie dieses Visum im Antragsformular. Sie sind somit berechtigt, allgemeine Gesch\u00e4fte, Verhandlungen oder Besch\u00e4ftigungsanfragen zu t\u00e4tigen, oder an Konferenzen teilzunehmen. Sie sind nicht berechtigt, f\u00fcr ein Unternehmen oder eine Gesellschaft in Australien zu arbeiten oder Dienstleistungen zu erbringen. Sie sind nicht berechtigt, Waren oder Dienstleistungen an die \u00d6ffentlichkeit zu verkaufen.<\/p>\n\n\n\n<p><strong>Gesponsertes Familienvisum<\/strong>: Wenn Sie nach Australien reisen, um Familienangeh\u00f6rige zu besuchen und einen Sponsor haben, w\u00e4hlen Sie diese Art von Visum im Antragsformular. Ihr Sponsor k\u00f6nnte gefragt werden eine Verwandtschaft vorzuweisen. Wenn Sie in Australien angekommen sind, k\u00f6nnen Sie keine andere Art von Visum, w\u00e4hrend Ihres Aufenthaltes in Australien, verwenden.<\/p>\n\n\n\n<p><strong>Ihr aktuelles Visum verl\u00e4ngern<\/strong>: Wenn Sie sich derzeit in Australien befinden und Ihr Visum am verfallen ist, k\u00f6nnen Sie dieses Visum beantragen, um Ihren Aufenthalt zu verl\u00e4ngern. Dies ist nur m\u00f6glich, wenn auf Ihrem aktuellen Visum 8503 &#8222;Keinen weiteren Aufenthalt&#8220; Bedingung steht.<\/p>\n\n\n\n<p>Langzeitvisums haben eine Kosten von jeweils <span class=\"woocommerce-Price-amount amount\"><bdi><span class=\"woocommerce-Price-currencySymbol\">&euro;<\/span>275,00<\/bdi><\/span>. Wenn Sie dieses Visum beantragen und sich aber schon in Australien befinden, gibt es eine zus\u00e4tzliche Geb\u00fchr von 150 Euro pro Person. Sie k\u00f6nnen einen Antrag f\u00fcr gleichzeitig mehrere Personen anfragen.<\/p>\n\n\n\n<div style=\"height:61px\" aria-hidden=\"true\" class=\"wp-block-spacer\"><\/div>\n\n\n\n<h3 class=\"wp-block-heading\" id=\"geben-sie-ihre-e-mail-adresse-ein-und-bestatigen-sie-diese-um-den-bewerbungsprozess-zu-starten\">Geben Sie Ihre E-Mail-Adresse ein und best\u00e4tigen Sie diese, um den Bewerbungsprozess zu starten:<\/h3>\n\n\n\n<p><\/p>\n","protected":false},"excerpt":{"rendered":"<p>Dieses ist ein tempor\u00e4res Visum f\u00fcr l\u00e4ngere Aufenthalte in Australien. Wenn Sie dieses Visum beantragen, k\u00f6nnen Sie zwischen 3, 6 [&#8230;]<\/p>\n<p><a class=\"btn btn-secondary understrap-read-more-link\" href=\"https:\/\/auvisa.org\/de\/visa-longterm\/\">Weiterlesen\u00a0\u2026<span class=\"screen-reader-text\"> from Australien Besuchervisum: Antragsformular (Deutschland)<\/span><\/a><\/p>\n","protected":false},"author":3,"featured_media":0,"parent":0,"menu_order":32,"comment_status":"closed","ping_status":"closed","template":"templates\/tpl_acf_form.php","meta":{"inline_featured_image":false,"footnotes":""},"class_list":["post-1749","page","type-page","status-publish","hentry"],"yoast_head":"<!-- This site is optimized with the Yoast SEO plugin v26.9 - https:\/\/yoast.com\/product\/yoast-seo-wordpress\/ -->\n<title>Australien Besuchervisum: Antragsformular (Langzeitaufenthalt - Unt.600)<\/title>\n<meta name=\"description\" content=\"Australiens Langzeitvisum (Besuchervisum - Unterklasse 600) ist f\u00fcr Aufenthalte von 3, 6 oder 12 Monaten, auch zur Verl\u00e4ngerung Ihres derzeitigen Aufenthalts in Australien.\" \/>\n<meta name=\"robots\" content=\"index, follow, max-snippet:-1, max-image-preview:large, max-video-preview:-1\" \/>\n<link rel=\"canonical\" href=\"https:\/\/auvisa.org\/de\/visa-longterm\/\" \/>\n<meta property=\"og:locale\" content=\"de_DE\" \/>\n<meta property=\"og:type\" content=\"article\" \/>\n<meta property=\"og:title\" content=\"Australien Besuchervisum: Antragsformular (Langzeitaufenthalt - Unt.600)\" \/>\n<meta property=\"og:description\" content=\"Australiens Langzeitvisum (Besuchervisum - Unterklasse 600) ist f\u00fcr Aufenthalte von 3, 6 oder 12 Monaten, auch zur Verl\u00e4ngerung Ihres derzeitigen Aufenthalts in Australien.\" \/>\n<meta property=\"og:url\" content=\"https:\/\/auvisa.org\/de\/visa-longterm\/\" \/>\n<meta property=\"og:site_name\" content=\"Auvisa.org\" \/>\n<meta property=\"article:modified_time\" content=\"2023-07-12T08:05:16+00:00\" \/>\n<meta name=\"twitter:card\" content=\"summary_large_image\" \/>\n<meta name=\"twitter:label1\" content=\"Gesch\u00e4tzte Lesezeit\" \/>\n\t<meta name=\"twitter:data1\" content=\"2\u00a0Minuten\" \/>\n<script type=\"application\/ld+json\" class=\"yoast-schema-graph\">{\"@context\":\"https:\/\/schema.org\",\"@graph\":[{\"@type\":\"WebPage\",\"@id\":\"https:\/\/auvisa.org\/de\/visa-longterm\/\",\"url\":\"https:\/\/auvisa.org\/de\/visa-longterm\/\",\"name\":\"Australien Besuchervisum: Antragsformular (Langzeitaufenthalt - Unt.600)\",\"isPartOf\":{\"@id\":\"https:\/\/auvisa.org\/de\/#website\"},\"datePublished\":\"2020-01-07T16:28:00+00:00\",\"dateModified\":\"2023-07-12T08:05:16+00:00\",\"description\":\"Australiens Langzeitvisum (Besuchervisum - Unterklasse 600) ist f\u00fcr Aufenthalte von 3, 6 oder 12 Monaten, auch zur Verl\u00e4ngerung Ihres derzeitigen Aufenthalts in Australien.\",\"breadcrumb\":{\"@id\":\"https:\/\/auvisa.org\/de\/visa-longterm\/#breadcrumb\"},\"inLanguage\":\"de\",\"potentialAction\":[{\"@type\":\"ReadAction\",\"target\":[\"https:\/\/auvisa.org\/de\/visa-longterm\/\"]}]},{\"@type\":\"BreadcrumbList\",\"@id\":\"https:\/\/auvisa.org\/de\/visa-longterm\/#breadcrumb\",\"itemListElement\":[{\"@type\":\"ListItem\",\"position\":1,\"name\":\"Home\",\"item\":\"https:\/\/auvisa.org\/de\/\"},{\"@type\":\"ListItem\",\"position\":2,\"name\":\"Australien Besuchervisum: Antragsformular (Deutschland)\"}]},{\"@type\":\"WebSite\",\"@id\":\"https:\/\/auvisa.org\/de\/#website\",\"url\":\"https:\/\/auvisa.org\/de\/\",\"name\":\"Auvisa.org\",\"description\":\"\",\"inLanguage\":\"de\"}]}<\/script>\n<!-- \/ Yoast SEO plugin. -->","yoast_head_json":{"title":"Australien Besuchervisum: Antragsformular (Langzeitaufenthalt - Unt.600)","description":"Australiens Langzeitvisum (Besuchervisum - Unterklasse 600) ist f\u00fcr Aufenthalte von 3, 6 oder 12 Monaten, auch zur Verl\u00e4ngerung Ihres derzeitigen Aufenthalts in Australien.","robots":{"index":"index","follow":"follow","max-snippet":"max-snippet:-1","max-image-preview":"max-image-preview:large","max-video-preview":"max-video-preview:-1"},"canonical":"https:\/\/auvisa.org\/de\/visa-longterm\/","og_locale":"de_DE","og_type":"article","og_title":"Australien Besuchervisum: Antragsformular (Langzeitaufenthalt - Unt.600)","og_description":"Australiens Langzeitvisum (Besuchervisum - Unterklasse 600) ist f\u00fcr Aufenthalte von 3, 6 oder 12 Monaten, auch zur Verl\u00e4ngerung Ihres derzeitigen Aufenthalts in Australien.","og_url":"https:\/\/auvisa.org\/de\/visa-longterm\/","og_site_name":"Auvisa.org","article_modified_time":"2023-07-12T08:05:16+00:00","twitter_card":"summary_large_image","twitter_misc":{"Gesch\u00e4tzte Lesezeit":"2\u00a0Minuten"},"schema":{"@context":"https:\/\/schema.org","@graph":[{"@type":"WebPage","@id":"https:\/\/auvisa.org\/de\/visa-longterm\/","url":"https:\/\/auvisa.org\/de\/visa-longterm\/","name":"Australien Besuchervisum: Antragsformular (Langzeitaufenthalt - Unt.600)","isPartOf":{"@id":"https:\/\/auvisa.org\/de\/#website"},"datePublished":"2020-01-07T16:28:00+00:00","dateModified":"2023-07-12T08:05:16+00:00","description":"Australiens Langzeitvisum (Besuchervisum - Unterklasse 600) ist f\u00fcr Aufenthalte von 3, 6 oder 12 Monaten, auch zur Verl\u00e4ngerung Ihres derzeitigen Aufenthalts in Australien.","breadcrumb":{"@id":"https:\/\/auvisa.org\/de\/visa-longterm\/#breadcrumb"},"inLanguage":"de","potentialAction":[{"@type":"ReadAction","target":["https:\/\/auvisa.org\/de\/visa-longterm\/"]}]},{"@type":"BreadcrumbList","@id":"https:\/\/auvisa.org\/de\/visa-longterm\/#breadcrumb","itemListElement":[{"@type":"ListItem","position":1,"name":"Home","item":"https:\/\/auvisa.org\/de\/"},{"@type":"ListItem","position":2,"name":"Australien Besuchervisum: Antragsformular (Deutschland)"}]},{"@type":"WebSite","@id":"https:\/\/auvisa.org\/de\/#website","url":"https:\/\/auvisa.org\/de\/","name":"Auvisa.org","description":"","inLanguage":"de"}]}},"_links":{"self":[{"href":"https:\/\/auvisa.org\/de\/wp-json\/wp\/v2\/pages\/1749","targetHints":{"allow":["GET"]}}],"collection":[{"href":"https:\/\/auvisa.org\/de\/wp-json\/wp\/v2\/pages"}],"about":[{"href":"https:\/\/auvisa.org\/de\/wp-json\/wp\/v2\/types\/page"}],"author":[{"embeddable":true,"href":"https:\/\/auvisa.org\/de\/wp-json\/wp\/v2\/users\/3"}],"replies":[{"embeddable":true,"href":"https:\/\/auvisa.org\/de\/wp-json\/wp\/v2\/comments?post=1749"}],"version-history":[{"count":17,"href":"https:\/\/auvisa.org\/de\/wp-json\/wp\/v2\/pages\/1749\/revisions"}],"predecessor-version":[{"id":21081,"href":"https:\/\/auvisa.org\/de\/wp-json\/wp\/v2\/pages\/1749\/revisions\/21081"}],"wp:attachment":[{"href":"https:\/\/auvisa.org\/de\/wp-json\/wp\/v2\/media?parent=1749"}],"curies":[{"name":"wp","href":"https:\/\/api.w.org\/{rel}","templated":true}]}}