{"id":1752,"date":"2020-01-07T16:28:55","date_gmt":"2020-01-07T16:28:55","guid":{"rendered":"https:\/\/dev.auvisa.org\/?page_id=1752"},"modified":"2023-08-31T15:00:23","modified_gmt":"2023-08-31T13:00:23","slug":"visa-crew","status":"publish","type":"page","link":"https:\/\/auvisa.org\/de\/visa-crew\/","title":{"rendered":"MCV-Visum f\u00fcr Australien: Antragsformular (deutsche Staatsb\u00fcrger)"},"content":{"rendered":"\n<div style=\"height:20px\" aria-hidden=\"true\" class=\"wp-block-spacer\"><\/div>\n\n\n\n<p>Das MCV-Visum f\u00fcr Australien (Schiffspersonal-Visum) ist f\u00fcr Personen, die Australien auf dem Seeweg als Schiffspersonal betreten oder verlassen<\/p>\n\n\n\n<p>Sie k\u00f6nnen dieses Visum beantragen wenn Sie:<\/p>\n\n\n\n<ul class=\"wp-block-list\"><li>sich auserhalb Australiens befinden<\/li><li>Teil einer Schiffsbesatzung sind oder werden, und sich auf einem Schiff auf dem Weg von oder nach Australien befinden.<\/li><li>Australien auf dem Seeweg als Schiffspersonal betreten oder verlassen<\/li><\/ul>\n\n\n\n<p>Das Schiff muss entweder:<\/p>\n\n\n\n<ul class=\"wp-block-list\"><li>Ein kommerzielles Handelsschiff sein<\/li><li>Ein Passagierschiff sein<\/li><li>Ein Schiff eines ausl\u00e4ndischen Staats mit Genehmigung f\u00fcr wissenschaftliche Forschungen sein<\/li><li>Ein vom australischen Au\u00dfenministerium mit &#8222;\u00f6ffentliche Schiff Status&#8220; zugelassenes Schiff sein<\/li><\/ul>\n\n\n\n<p>Wenn Familienangeh\u00f6rige mit Ihnen reisen, k\u00f6nnnen diese, gemeinsam mit Ihnen, ein Visum f\u00fcr Schiffspersonal beantragen.<\/p>\n\n\n\n<p>Bitte beachten Sie: Wenn Sie Australien auf dem Luftweg erreichen, ben\u00f6tigen Sie zusammen mit dem Schiffspersonalvisum auch ein weiteres Visum, wie z.B. eines f\u00fcr Touristen.<\/p>\n\n\n\n<p><strong>WICHTIG:<\/strong><br>Um Ihre Bewerbung auszuf\u00fcllen und einzureichen, ist eine Kopie der folgenden Dokumente erforderlich:<\/p>\n\n\n\n<ul class=\"wp-block-list\"><li>Seite mit den pers\u00f6nlichen Daten des Reisepasses<\/li><\/ul>\n\n\n\n<p>Wenn Sie derzeit nicht alle erforderlichen Dokumente haben, k\u00f6nnen Sie die Anwendung speichern und die Dokumente sp\u00e4ter hochladen.<\/p>\n\n\n\n<p><strong>Der Preis pro Visum ist <span class=\"woocommerce-Price-amount amount\"><bdi><span class=\"woocommerce-Price-currencySymbol\">&euro;<\/span>98,00<\/bdi><\/span>. Der Preis umfasst sowohl die Servicegeb\u00fchren von Auvisa.org als auch die Regierungsgeb\u00fchren (gegebenenfalls zutreffend).<\/strong><\/p>\n\n\n\n<div style=\"height:63px\" aria-hidden=\"true\" class=\"wp-block-spacer\"><\/div>\n\n\n\n<h3 class=\"wp-block-heading\" id=\"geben-sie-ihre-e-mail-adresse-ein-und-bestatigen-sie-diese-um-den-bewerbungsprozess-zu-starten\">Geben Sie Ihre E-Mail-Adresse ein und best\u00e4tigen Sie diese, um den Bewerbungsprozess zu starten:<\/h3>\n","protected":false},"excerpt":{"rendered":"<p>Das MCV-Visum f\u00fcr Australien (Schiffspersonal-Visum) ist f\u00fcr Personen, die Australien auf dem Seeweg als Schiffspersonal betreten oder verlassen Sie k\u00f6nnen [&#8230;]<\/p>\n<p><a class=\"btn btn-secondary understrap-read-more-link\" href=\"https:\/\/auvisa.org\/de\/visa-crew\/\">Weiterlesen\u00a0\u2026<span class=\"screen-reader-text\"> from MCV-Visum f\u00fcr Australien: Antragsformular (deutsche Staatsb\u00fcrger)<\/span><\/a><\/p>\n","protected":false},"author":3,"featured_media":0,"parent":0,"menu_order":28,"comment_status":"closed","ping_status":"closed","template":"templates\/tpl_acf_form.php","meta":{"inline_featured_image":false,"footnotes":""},"class_list":["post-1752","page","type-page","status-publish","hentry"],"yoast_head":"<!-- This site is optimized with the Yoast SEO plugin v26.9 - https:\/\/yoast.com\/product\/yoast-seo-wordpress\/ -->\n<title>MCV-Visum f\u00fcr Australien: Antragsformular (Deutschland)<\/title>\n<meta name=\"description\" content=\"Deutsche Staatsb\u00fcrger, die als Seeleute nach Australien einreisen, m\u00fcssen dieses Antragsformular verwenden, um ihr MCV-Visum innerhalb von 4 Tagen zu erhalten.\" \/>\n<meta name=\"robots\" content=\"index, follow, max-snippet:-1, max-image-preview:large, max-video-preview:-1\" \/>\n<link rel=\"canonical\" href=\"https:\/\/auvisa.org\/de\/visa-crew\/\" \/>\n<meta property=\"og:locale\" content=\"de_DE\" \/>\n<meta property=\"og:type\" content=\"article\" \/>\n<meta property=\"og:title\" content=\"MCV-Visum f\u00fcr Australien: Antragsformular (Deutschland)\" \/>\n<meta property=\"og:description\" content=\"Deutsche Staatsb\u00fcrger, die als Seeleute nach Australien einreisen, m\u00fcssen dieses Antragsformular verwenden, um ihr MCV-Visum innerhalb von 4 Tagen zu erhalten.\" \/>\n<meta property=\"og:url\" content=\"https:\/\/auvisa.org\/de\/visa-crew\/\" \/>\n<meta property=\"og:site_name\" content=\"Auvisa.org\" \/>\n<meta property=\"article:modified_time\" content=\"2023-08-31T13:00:23+00:00\" \/>\n<meta name=\"twitter:card\" content=\"summary_large_image\" \/>\n<meta name=\"twitter:label1\" content=\"Gesch\u00e4tzte Lesezeit\" \/>\n\t<meta name=\"twitter:data1\" content=\"2\u00a0Minuten\" \/>\n<script type=\"application\/ld+json\" class=\"yoast-schema-graph\">{\"@context\":\"https:\/\/schema.org\",\"@graph\":[{\"@type\":\"WebPage\",\"@id\":\"https:\/\/auvisa.org\/de\/visa-crew\/\",\"url\":\"https:\/\/auvisa.org\/de\/visa-crew\/\",\"name\":\"MCV-Visum f\u00fcr Australien: Antragsformular (Deutschland)\",\"isPartOf\":{\"@id\":\"https:\/\/auvisa.org\/de\/#website\"},\"datePublished\":\"2020-01-07T16:28:55+00:00\",\"dateModified\":\"2023-08-31T13:00:23+00:00\",\"description\":\"Deutsche Staatsb\u00fcrger, die als Seeleute nach Australien einreisen, m\u00fcssen dieses Antragsformular verwenden, um ihr MCV-Visum innerhalb von 4 Tagen zu erhalten.\",\"breadcrumb\":{\"@id\":\"https:\/\/auvisa.org\/de\/visa-crew\/#breadcrumb\"},\"inLanguage\":\"de\",\"potentialAction\":[{\"@type\":\"ReadAction\",\"target\":[\"https:\/\/auvisa.org\/de\/visa-crew\/\"]}]},{\"@type\":\"BreadcrumbList\",\"@id\":\"https:\/\/auvisa.org\/de\/visa-crew\/#breadcrumb\",\"itemListElement\":[{\"@type\":\"ListItem\",\"position\":1,\"name\":\"Home\",\"item\":\"https:\/\/auvisa.org\/de\/\"},{\"@type\":\"ListItem\",\"position\":2,\"name\":\"MCV-Visum f\u00fcr Australien: Antragsformular (deutsche Staatsb\u00fcrger)\"}]},{\"@type\":\"WebSite\",\"@id\":\"https:\/\/auvisa.org\/de\/#website\",\"url\":\"https:\/\/auvisa.org\/de\/\",\"name\":\"Auvisa.org\",\"description\":\"\",\"inLanguage\":\"de\"}]}<\/script>\n<!-- \/ Yoast SEO plugin. -->","yoast_head_json":{"title":"MCV-Visum f\u00fcr Australien: Antragsformular (Deutschland)","description":"Deutsche Staatsb\u00fcrger, die als Seeleute nach Australien einreisen, m\u00fcssen dieses Antragsformular verwenden, um ihr MCV-Visum innerhalb von 4 Tagen zu erhalten.","robots":{"index":"index","follow":"follow","max-snippet":"max-snippet:-1","max-image-preview":"max-image-preview:large","max-video-preview":"max-video-preview:-1"},"canonical":"https:\/\/auvisa.org\/de\/visa-crew\/","og_locale":"de_DE","og_type":"article","og_title":"MCV-Visum f\u00fcr Australien: Antragsformular (Deutschland)","og_description":"Deutsche Staatsb\u00fcrger, die als Seeleute nach Australien einreisen, m\u00fcssen dieses Antragsformular verwenden, um ihr MCV-Visum innerhalb von 4 Tagen zu erhalten.","og_url":"https:\/\/auvisa.org\/de\/visa-crew\/","og_site_name":"Auvisa.org","article_modified_time":"2023-08-31T13:00:23+00:00","twitter_card":"summary_large_image","twitter_misc":{"Gesch\u00e4tzte Lesezeit":"2\u00a0Minuten"},"schema":{"@context":"https:\/\/schema.org","@graph":[{"@type":"WebPage","@id":"https:\/\/auvisa.org\/de\/visa-crew\/","url":"https:\/\/auvisa.org\/de\/visa-crew\/","name":"MCV-Visum f\u00fcr Australien: Antragsformular (Deutschland)","isPartOf":{"@id":"https:\/\/auvisa.org\/de\/#website"},"datePublished":"2020-01-07T16:28:55+00:00","dateModified":"2023-08-31T13:00:23+00:00","description":"Deutsche Staatsb\u00fcrger, die als Seeleute nach Australien einreisen, m\u00fcssen dieses Antragsformular verwenden, um ihr MCV-Visum innerhalb von 4 Tagen zu erhalten.","breadcrumb":{"@id":"https:\/\/auvisa.org\/de\/visa-crew\/#breadcrumb"},"inLanguage":"de","potentialAction":[{"@type":"ReadAction","target":["https:\/\/auvisa.org\/de\/visa-crew\/"]}]},{"@type":"BreadcrumbList","@id":"https:\/\/auvisa.org\/de\/visa-crew\/#breadcrumb","itemListElement":[{"@type":"ListItem","position":1,"name":"Home","item":"https:\/\/auvisa.org\/de\/"},{"@type":"ListItem","position":2,"name":"MCV-Visum f\u00fcr Australien: Antragsformular (deutsche Staatsb\u00fcrger)"}]},{"@type":"WebSite","@id":"https:\/\/auvisa.org\/de\/#website","url":"https:\/\/auvisa.org\/de\/","name":"Auvisa.org","description":"","inLanguage":"de"}]}},"_links":{"self":[{"href":"https:\/\/auvisa.org\/de\/wp-json\/wp\/v2\/pages\/1752","targetHints":{"allow":["GET"]}}],"collection":[{"href":"https:\/\/auvisa.org\/de\/wp-json\/wp\/v2\/pages"}],"about":[{"href":"https:\/\/auvisa.org\/de\/wp-json\/wp\/v2\/types\/page"}],"author":[{"embeddable":true,"href":"https:\/\/auvisa.org\/de\/wp-json\/wp\/v2\/users\/3"}],"replies":[{"embeddable":true,"href":"https:\/\/auvisa.org\/de\/wp-json\/wp\/v2\/comments?post=1752"}],"version-history":[{"count":13,"href":"https:\/\/auvisa.org\/de\/wp-json\/wp\/v2\/pages\/1752\/revisions"}],"predecessor-version":[{"id":21241,"href":"https:\/\/auvisa.org\/de\/wp-json\/wp\/v2\/pages\/1752\/revisions\/21241"}],"wp:attachment":[{"href":"https:\/\/auvisa.org\/de\/wp-json\/wp\/v2\/media?parent=1752"}],"curies":[{"name":"wp","href":"https:\/\/api.w.org\/{rel}","templated":true}]}}