{"id":1754,"date":"2020-01-07T16:29:15","date_gmt":"2020-01-07T16:29:15","guid":{"rendered":"https:\/\/dev.auvisa.org\/?page_id=1754"},"modified":"2023-07-12T11:56:04","modified_gmt":"2023-07-12T09:56:04","slug":"visa-temporary","status":"publish","type":"page","link":"https:\/\/auvisa.org\/de\/visa-temporary\/","title":{"rendered":"Australisches befristetes Arbeitsvisum: Antragsformular (Deutschland)"},"content":{"rendered":"\n<div style=\"height:20px\" aria-hidden=\"true\" class=\"wp-block-spacer\"><\/div>\n\n\n\n<div class=\"wp-block-group\"><div class=\"wp-block-group__inner-container is-layout-flow wp-block-group-is-layout-flow\"><\/div><\/div>\n\n\n\n<p>Dieses Visum ist f\u00fcr Personen, die sich nach Australien begeben, um eine zeitweilige Arbeit zu t\u00e4tigen. Das Visum kann f\u00fcr bis zu drei Monaten erteilt werden.<\/p>\n\n\n\n<p>Sie k\u00f6nnen dieses Visum beantragen wenn Sie:<\/p>\n\n\n\n<ul class=\"wp-block-list\"><li>sich ausserhalb Australiens befinden<\/li><li>kurzfristig, hoch spezialisierte Zeitarbeit, verrichten<\/li><li>an kulturellen oder sozialen Veranstaltung teilnehmen<\/li><li>an Aktivit\u00e4ten teilnehmen oder in Bezug auf Australien\u2019s Interessen arbeiten<\/li><\/ul>\n\n\n\n<p>Um den Antrag zu stellen, m\u00fcssen Sie von der Organisation, f\u00fcr die Sie arbeiten werden, eingeladen sein. Sie m\u00fcssen au\u00dferdem besondere Eigenschaften oder einen Arbeitsvertrag f\u00fcr die Arbeit haben, die Sie verrichten werden, besitzen. Verschiedene Unterlagen f\u00fcr die Bewerbung m\u00fcssen vorgelegt werden.<\/p>\n\n\n\n<p>Der Preis pro Visum ist <span class=\"woocommerce-Price-amount amount\"><bdi><span class=\"woocommerce-Price-currencySymbol\">&euro;<\/span>550,00<\/bdi><\/span>.<\/p>\n\n\n\n<p><\/p>\n\n\n\n<div style=\"height:38px\" aria-hidden=\"true\" class=\"wp-block-spacer\"><\/div>\n\n\n\n<p><strong>Geben Sie Ihre E-Mail-Adresse ein und best\u00e4tigen Sie diese, um den Bewerbungsprozess zu starten:<\/strong><\/p>\n","protected":false},"excerpt":{"rendered":"<p>Dieses Visum ist f\u00fcr Personen, die sich nach Australien begeben, um eine zeitweilige Arbeit zu t\u00e4tigen. Das Visum kann f\u00fcr [&#8230;]<\/p>\n<p><a class=\"btn btn-secondary understrap-read-more-link\" href=\"https:\/\/auvisa.org\/de\/visa-temporary\/\">Weiterlesen\u00a0\u2026<span class=\"screen-reader-text\"> from Australisches befristetes Arbeitsvisum: Antragsformular (Deutschland)<\/span><\/a><\/p>\n","protected":false},"author":3,"featured_media":0,"parent":0,"menu_order":38,"comment_status":"closed","ping_status":"closed","template":"templates\/tpl_acf_form.php","meta":{"inline_featured_image":false,"footnotes":""},"class_list":["post-1754","page","type-page","status-publish","hentry"],"yoast_head":"<!-- This site is optimized with the Yoast SEO plugin v26.9 - https:\/\/yoast.com\/product\/yoast-seo-wordpress\/ -->\n<title>Australisches befristetes Arbeitsvisum: Antragsformular (Deutschland)<\/title>\n<meta name=\"description\" content=\"Dieses Antragsformular f\u00fcr australische Zeitarbeitsvisa ist f\u00fcr deutsche Staatsb\u00fcrger, die nach Australien reisen, um dort eine Zeitarbeit zu verrichten.\" \/>\n<meta name=\"robots\" content=\"index, follow, max-snippet:-1, max-image-preview:large, max-video-preview:-1\" \/>\n<link rel=\"canonical\" href=\"https:\/\/auvisa.org\/de\/visa-temporary\/\" \/>\n<meta property=\"og:locale\" content=\"de_DE\" \/>\n<meta property=\"og:type\" content=\"article\" \/>\n<meta property=\"og:title\" content=\"Australisches befristetes Arbeitsvisum: Antragsformular (Deutschland)\" \/>\n<meta property=\"og:description\" content=\"Dieses Antragsformular f\u00fcr australische Zeitarbeitsvisa ist f\u00fcr deutsche Staatsb\u00fcrger, die nach Australien reisen, um dort eine Zeitarbeit zu verrichten.\" \/>\n<meta property=\"og:url\" content=\"https:\/\/auvisa.org\/de\/visa-temporary\/\" \/>\n<meta property=\"og:site_name\" content=\"Auvisa.org\" \/>\n<meta property=\"article:modified_time\" content=\"2023-07-12T09:56:04+00:00\" \/>\n<meta name=\"twitter:card\" content=\"summary_large_image\" \/>\n<meta name=\"twitter:label1\" content=\"Gesch\u00e4tzte Lesezeit\" \/>\n\t<meta name=\"twitter:data1\" content=\"1\u00a0Minute\" \/>\n<script type=\"application\/ld+json\" class=\"yoast-schema-graph\">{\"@context\":\"https:\/\/schema.org\",\"@graph\":[{\"@type\":\"WebPage\",\"@id\":\"https:\/\/auvisa.org\/de\/visa-temporary\/\",\"url\":\"https:\/\/auvisa.org\/de\/visa-temporary\/\",\"name\":\"Australisches befristetes Arbeitsvisum: Antragsformular (Deutschland)\",\"isPartOf\":{\"@id\":\"https:\/\/auvisa.org\/de\/#website\"},\"datePublished\":\"2020-01-07T16:29:15+00:00\",\"dateModified\":\"2023-07-12T09:56:04+00:00\",\"description\":\"Dieses Antragsformular f\u00fcr australische Zeitarbeitsvisa ist f\u00fcr deutsche Staatsb\u00fcrger, die nach Australien reisen, um dort eine Zeitarbeit zu verrichten.\",\"breadcrumb\":{\"@id\":\"https:\/\/auvisa.org\/de\/visa-temporary\/#breadcrumb\"},\"inLanguage\":\"de\",\"potentialAction\":[{\"@type\":\"ReadAction\",\"target\":[\"https:\/\/auvisa.org\/de\/visa-temporary\/\"]}]},{\"@type\":\"BreadcrumbList\",\"@id\":\"https:\/\/auvisa.org\/de\/visa-temporary\/#breadcrumb\",\"itemListElement\":[{\"@type\":\"ListItem\",\"position\":1,\"name\":\"Home\",\"item\":\"https:\/\/auvisa.org\/de\/\"},{\"@type\":\"ListItem\",\"position\":2,\"name\":\"Australisches befristetes Arbeitsvisum: Antragsformular (Deutschland)\"}]},{\"@type\":\"WebSite\",\"@id\":\"https:\/\/auvisa.org\/de\/#website\",\"url\":\"https:\/\/auvisa.org\/de\/\",\"name\":\"Auvisa.org\",\"description\":\"\",\"inLanguage\":\"de\"}]}<\/script>\n<!-- \/ Yoast SEO plugin. -->","yoast_head_json":{"title":"Australisches befristetes Arbeitsvisum: Antragsformular (Deutschland)","description":"Dieses Antragsformular f\u00fcr australische Zeitarbeitsvisa ist f\u00fcr deutsche Staatsb\u00fcrger, die nach Australien reisen, um dort eine Zeitarbeit zu verrichten.","robots":{"index":"index","follow":"follow","max-snippet":"max-snippet:-1","max-image-preview":"max-image-preview:large","max-video-preview":"max-video-preview:-1"},"canonical":"https:\/\/auvisa.org\/de\/visa-temporary\/","og_locale":"de_DE","og_type":"article","og_title":"Australisches befristetes Arbeitsvisum: Antragsformular (Deutschland)","og_description":"Dieses Antragsformular f\u00fcr australische Zeitarbeitsvisa ist f\u00fcr deutsche Staatsb\u00fcrger, die nach Australien reisen, um dort eine Zeitarbeit zu verrichten.","og_url":"https:\/\/auvisa.org\/de\/visa-temporary\/","og_site_name":"Auvisa.org","article_modified_time":"2023-07-12T09:56:04+00:00","twitter_card":"summary_large_image","twitter_misc":{"Gesch\u00e4tzte Lesezeit":"1\u00a0Minute"},"schema":{"@context":"https:\/\/schema.org","@graph":[{"@type":"WebPage","@id":"https:\/\/auvisa.org\/de\/visa-temporary\/","url":"https:\/\/auvisa.org\/de\/visa-temporary\/","name":"Australisches befristetes Arbeitsvisum: Antragsformular (Deutschland)","isPartOf":{"@id":"https:\/\/auvisa.org\/de\/#website"},"datePublished":"2020-01-07T16:29:15+00:00","dateModified":"2023-07-12T09:56:04+00:00","description":"Dieses Antragsformular f\u00fcr australische Zeitarbeitsvisa ist f\u00fcr deutsche Staatsb\u00fcrger, die nach Australien reisen, um dort eine Zeitarbeit zu verrichten.","breadcrumb":{"@id":"https:\/\/auvisa.org\/de\/visa-temporary\/#breadcrumb"},"inLanguage":"de","potentialAction":[{"@type":"ReadAction","target":["https:\/\/auvisa.org\/de\/visa-temporary\/"]}]},{"@type":"BreadcrumbList","@id":"https:\/\/auvisa.org\/de\/visa-temporary\/#breadcrumb","itemListElement":[{"@type":"ListItem","position":1,"name":"Home","item":"https:\/\/auvisa.org\/de\/"},{"@type":"ListItem","position":2,"name":"Australisches befristetes Arbeitsvisum: Antragsformular (Deutschland)"}]},{"@type":"WebSite","@id":"https:\/\/auvisa.org\/de\/#website","url":"https:\/\/auvisa.org\/de\/","name":"Auvisa.org","description":"","inLanguage":"de"}]}},"_links":{"self":[{"href":"https:\/\/auvisa.org\/de\/wp-json\/wp\/v2\/pages\/1754","targetHints":{"allow":["GET"]}}],"collection":[{"href":"https:\/\/auvisa.org\/de\/wp-json\/wp\/v2\/pages"}],"about":[{"href":"https:\/\/auvisa.org\/de\/wp-json\/wp\/v2\/types\/page"}],"author":[{"embeddable":true,"href":"https:\/\/auvisa.org\/de\/wp-json\/wp\/v2\/users\/3"}],"replies":[{"embeddable":true,"href":"https:\/\/auvisa.org\/de\/wp-json\/wp\/v2\/comments?post=1754"}],"version-history":[{"count":16,"href":"https:\/\/auvisa.org\/de\/wp-json\/wp\/v2\/pages\/1754\/revisions"}],"predecessor-version":[{"id":21088,"href":"https:\/\/auvisa.org\/de\/wp-json\/wp\/v2\/pages\/1754\/revisions\/21088"}],"wp:attachment":[{"href":"https:\/\/auvisa.org\/de\/wp-json\/wp\/v2\/media?parent=1754"}],"curies":[{"name":"wp","href":"https:\/\/api.w.org\/{rel}","templated":true}]}}