{"id":1758,"date":"2020-01-07T16:37:23","date_gmt":"2020-01-07T16:37:23","guid":{"rendered":"https:\/\/dev.auvisa.org\/?page_id=1758"},"modified":"2023-07-12T11:58:57","modified_gmt":"2023-07-12T09:58:57","slug":"visa-workingsecond","status":"publish","type":"page","link":"https:\/\/auvisa.org\/de\/visa-workingsecond\/","title":{"rendered":"Zweites Arbeitsferien-Visum f\u00fcr Australien: Antragsformular"},"content":{"rendered":"\n<p>Sie k\u00f6nnen ein zweites Working Holiday-Visum beantragen, wenn Sie <strong>alle Anforderungen erf\u00fcllen, die f\u00fcr <\/strong><a href=\"\/de\/australisches-working-holiday\/\"><strong>Working Holiday-Visa<\/strong><\/a><strong> gelten<\/strong>:<\/p>\n\n\n\n<ul class=\"wp-block-list\"><li><strong>alle Bedingungen<\/strong> f\u00fcr Ihr erstes Working Holiday Visum erf\u00fcllt haben<\/li><li>Sie haben bisher nicht mehr als ein Working Holiday Visum besessen<\/li><li>Sie haben w\u00e4hrend Ihres ersten Working Holiday-Visums<strong> drei Monate lang <\/strong><a href=\"\/de\/australisches-working-holiday\/#specified\"><strong>eine bestimmte Arbeit<\/strong><\/a><strong> im regionalen Australien<\/strong> geleistet.<\/li><\/ul>\n\n\n\n<p>Zu den genehmigten Branchen f\u00fcr bestimmte Arbeiten geh\u00f6ren:<\/p>\n\n\n\n<ul class=\"wp-block-list\"><li>Pflanzen- und Tierzucht<\/li><li>Fischen und Perlenfischen<\/li><li>Baumzucht und -f\u00e4llung<\/li><li>Bergbau<\/li><li>Konstruktion<\/li><\/ul>\n\n\n\n<p>Wenn Sie sich mit Ihrem ersten Working Holiday-Visum in Australien befinden und im Land bleiben m\u00f6chten, <strong>sollten Sie das zweite Working Holiday-Visum beantragen, bevor das erste abl\u00e4uft<\/strong>.<\/p>\n\n\n\n<p>Der Preis f\u00fcr jedes Visum betr\u00e4gt <span class=\"woocommerce-Price-amount amount\"><bdi><span class=\"woocommerce-Price-currencySymbol\">&euro;<\/span>525,00<\/bdi><\/span> pro Person.<\/p>\n\n\n\n<div style=\"height:20px\" aria-hidden=\"true\" class=\"wp-block-spacer\"><\/div>\n\n\n\n<div style=\"height:58px\" aria-hidden=\"true\" class=\"wp-block-spacer\"><\/div>\n\n\n\n<h3 class=\"wp-block-heading\" id=\"geben-sie-ihre-e-mail-adresse-ein-und-bestatigen-sie-diese-um-den-bewerbungsprozess-zu-starten\">Geben Sie Ihre E-Mail-Adresse ein und best\u00e4tigen Sie diese, um den Bewerbungsprozess zu starten:<\/h3>\n","protected":false},"excerpt":{"rendered":"<p>Sie k\u00f6nnen ein zweites Working Holiday-Visum beantragen, wenn Sie alle Anforderungen erf\u00fcllen, die f\u00fcr Working Holiday-Visa gelten: alle Bedingungen f\u00fcr [&#8230;]<\/p>\n<p><a class=\"btn btn-secondary understrap-read-more-link\" href=\"https:\/\/auvisa.org\/de\/visa-workingsecond\/\">Weiterlesen\u00a0\u2026<span class=\"screen-reader-text\"> from Zweites Arbeitsferien-Visum f\u00fcr Australien: Antragsformular<\/span><\/a><\/p>\n","protected":false},"author":3,"featured_media":0,"parent":0,"menu_order":40,"comment_status":"closed","ping_status":"closed","template":"templates\/tpl_acf_form.php","meta":{"inline_featured_image":false,"footnotes":""},"class_list":["post-1758","page","type-page","status-publish","hentry"],"yoast_head":"<!-- This site is optimized with the Yoast SEO plugin v26.9 - https:\/\/yoast.com\/product\/yoast-seo-wordpress\/ -->\n<title>Australiens zweites Working Holiday Visum: Antragsformular<\/title>\n<meta name=\"description\" content=\"Um Ihren Aufenthalt in Australien zu verl\u00e4ngern, f\u00fcllen Sie das Formular aus und beantragen Sie ein zweites australisches Working Holiday-Visum, bevor das erste WHV ausl\u00e4uft.\" \/>\n<meta name=\"robots\" content=\"index, follow, max-snippet:-1, max-image-preview:large, max-video-preview:-1\" \/>\n<link rel=\"canonical\" href=\"https:\/\/auvisa.org\/de\/visa-workingsecond\/\" \/>\n<meta property=\"og:locale\" content=\"de_DE\" \/>\n<meta property=\"og:type\" content=\"article\" \/>\n<meta property=\"og:title\" content=\"Australiens zweites Working Holiday Visum: Antragsformular\" \/>\n<meta property=\"og:description\" content=\"Um Ihren Aufenthalt in Australien zu verl\u00e4ngern, f\u00fcllen Sie das Formular aus und beantragen Sie ein zweites australisches Working Holiday-Visum, bevor das erste WHV ausl\u00e4uft.\" \/>\n<meta property=\"og:url\" content=\"https:\/\/auvisa.org\/de\/visa-workingsecond\/\" \/>\n<meta property=\"og:site_name\" content=\"Auvisa.org\" \/>\n<meta property=\"article:modified_time\" content=\"2023-07-12T09:58:57+00:00\" \/>\n<meta name=\"twitter:card\" content=\"summary_large_image\" \/>\n<meta name=\"twitter:label1\" content=\"Gesch\u00e4tzte Lesezeit\" \/>\n\t<meta name=\"twitter:data1\" content=\"1\u00a0Minute\" \/>\n<script type=\"application\/ld+json\" class=\"yoast-schema-graph\">{\"@context\":\"https:\/\/schema.org\",\"@graph\":[{\"@type\":\"WebPage\",\"@id\":\"https:\/\/auvisa.org\/de\/visa-workingsecond\/\",\"url\":\"https:\/\/auvisa.org\/de\/visa-workingsecond\/\",\"name\":\"Australiens zweites Working Holiday Visum: Antragsformular\",\"isPartOf\":{\"@id\":\"https:\/\/auvisa.org\/de\/#website\"},\"datePublished\":\"2020-01-07T16:37:23+00:00\",\"dateModified\":\"2023-07-12T09:58:57+00:00\",\"description\":\"Um Ihren Aufenthalt in Australien zu verl\u00e4ngern, f\u00fcllen Sie das Formular aus und beantragen Sie ein zweites australisches Working Holiday-Visum, bevor das erste WHV ausl\u00e4uft.\",\"breadcrumb\":{\"@id\":\"https:\/\/auvisa.org\/de\/visa-workingsecond\/#breadcrumb\"},\"inLanguage\":\"de\",\"potentialAction\":[{\"@type\":\"ReadAction\",\"target\":[\"https:\/\/auvisa.org\/de\/visa-workingsecond\/\"]}]},{\"@type\":\"BreadcrumbList\",\"@id\":\"https:\/\/auvisa.org\/de\/visa-workingsecond\/#breadcrumb\",\"itemListElement\":[{\"@type\":\"ListItem\",\"position\":1,\"name\":\"Home\",\"item\":\"https:\/\/auvisa.org\/de\/\"},{\"@type\":\"ListItem\",\"position\":2,\"name\":\"Zweites Arbeitsferien-Visum f\u00fcr Australien: Antragsformular\"}]},{\"@type\":\"WebSite\",\"@id\":\"https:\/\/auvisa.org\/de\/#website\",\"url\":\"https:\/\/auvisa.org\/de\/\",\"name\":\"Auvisa.org\",\"description\":\"\",\"inLanguage\":\"de\"}]}<\/script>\n<!-- \/ Yoast SEO plugin. -->","yoast_head_json":{"title":"Australiens zweites Working Holiday Visum: Antragsformular","description":"Um Ihren Aufenthalt in Australien zu verl\u00e4ngern, f\u00fcllen Sie das Formular aus und beantragen Sie ein zweites australisches Working Holiday-Visum, bevor das erste WHV ausl\u00e4uft.","robots":{"index":"index","follow":"follow","max-snippet":"max-snippet:-1","max-image-preview":"max-image-preview:large","max-video-preview":"max-video-preview:-1"},"canonical":"https:\/\/auvisa.org\/de\/visa-workingsecond\/","og_locale":"de_DE","og_type":"article","og_title":"Australiens zweites Working Holiday Visum: Antragsformular","og_description":"Um Ihren Aufenthalt in Australien zu verl\u00e4ngern, f\u00fcllen Sie das Formular aus und beantragen Sie ein zweites australisches Working Holiday-Visum, bevor das erste WHV ausl\u00e4uft.","og_url":"https:\/\/auvisa.org\/de\/visa-workingsecond\/","og_site_name":"Auvisa.org","article_modified_time":"2023-07-12T09:58:57+00:00","twitter_card":"summary_large_image","twitter_misc":{"Gesch\u00e4tzte Lesezeit":"1\u00a0Minute"},"schema":{"@context":"https:\/\/schema.org","@graph":[{"@type":"WebPage","@id":"https:\/\/auvisa.org\/de\/visa-workingsecond\/","url":"https:\/\/auvisa.org\/de\/visa-workingsecond\/","name":"Australiens zweites Working Holiday Visum: Antragsformular","isPartOf":{"@id":"https:\/\/auvisa.org\/de\/#website"},"datePublished":"2020-01-07T16:37:23+00:00","dateModified":"2023-07-12T09:58:57+00:00","description":"Um Ihren Aufenthalt in Australien zu verl\u00e4ngern, f\u00fcllen Sie das Formular aus und beantragen Sie ein zweites australisches Working Holiday-Visum, bevor das erste WHV ausl\u00e4uft.","breadcrumb":{"@id":"https:\/\/auvisa.org\/de\/visa-workingsecond\/#breadcrumb"},"inLanguage":"de","potentialAction":[{"@type":"ReadAction","target":["https:\/\/auvisa.org\/de\/visa-workingsecond\/"]}]},{"@type":"BreadcrumbList","@id":"https:\/\/auvisa.org\/de\/visa-workingsecond\/#breadcrumb","itemListElement":[{"@type":"ListItem","position":1,"name":"Home","item":"https:\/\/auvisa.org\/de\/"},{"@type":"ListItem","position":2,"name":"Zweites Arbeitsferien-Visum f\u00fcr Australien: Antragsformular"}]},{"@type":"WebSite","@id":"https:\/\/auvisa.org\/de\/#website","url":"https:\/\/auvisa.org\/de\/","name":"Auvisa.org","description":"","inLanguage":"de"}]}},"_links":{"self":[{"href":"https:\/\/auvisa.org\/de\/wp-json\/wp\/v2\/pages\/1758","targetHints":{"allow":["GET"]}}],"collection":[{"href":"https:\/\/auvisa.org\/de\/wp-json\/wp\/v2\/pages"}],"about":[{"href":"https:\/\/auvisa.org\/de\/wp-json\/wp\/v2\/types\/page"}],"author":[{"embeddable":true,"href":"https:\/\/auvisa.org\/de\/wp-json\/wp\/v2\/users\/3"}],"replies":[{"embeddable":true,"href":"https:\/\/auvisa.org\/de\/wp-json\/wp\/v2\/comments?post=1758"}],"version-history":[{"count":13,"href":"https:\/\/auvisa.org\/de\/wp-json\/wp\/v2\/pages\/1758\/revisions"}],"predecessor-version":[{"id":21093,"href":"https:\/\/auvisa.org\/de\/wp-json\/wp\/v2\/pages\/1758\/revisions\/21093"}],"wp:attachment":[{"href":"https:\/\/auvisa.org\/de\/wp-json\/wp\/v2\/media?parent=1758"}],"curies":[{"name":"wp","href":"https:\/\/api.w.org\/{rel}","templated":true}]}}