{"id":1760,"date":"2020-01-08T11:13:59","date_gmt":"2020-01-08T11:13:59","guid":{"rendered":"https:\/\/dev.auvisa.org\/?page_id=1760"},"modified":"2023-08-24T12:09:02","modified_gmt":"2023-08-24T10:09:02","slug":"visa-business","status":"publish","type":"page","link":"https:\/\/auvisa.org\/de\/visa-business\/","title":{"rendered":"Business Visum f\u00fcr Australien: Antragsformular (Deutschland)"},"content":{"rendered":"\n<div style=\"height:20px\" aria-hidden=\"true\" class=\"wp-block-spacer\"><\/div>\n\n\n\n<p>Dieses Business eVisitor-Visumantragsformular richtet sich an deutsche Gesch\u00e4ftsreisende, die sich zum Zeitpunkt des Antrags au\u00dferhalb Australiens befinden und planen, Australien zu besuchen, <strong>um an Gesch\u00e4ftstreffen, Konferenzen oder Verhandlungen teilzunehmen<\/strong>.<\/p>\n\n\n\n<p>Das Gesch\u00e4ftsvisum ist <strong>12 Monate g\u00fcltig<\/strong>. W\u00e4hrend dieser Zeit k\u00f6nnen Sie mehrmals nach Australien einreisen und<strong> sich jeweils bis zu 90 Tage in Australien aufhalten<\/strong>.<\/p>\n\n\n\n<p>Beachten Sie, dass Sie w\u00e4hrend Ihres Aufenthalts nicht f\u00fcr australische Arbeitgeber arbeiten d\u00fcrfen.<\/p>\n\n\n\n<p><strong>95% der Visa werden innerhalb von 24 Stunden erteilt<\/strong>. Die Bearbeitung des Visumantrags kann jedoch bis zu 10 Tage dauern. Wir empfehlen daher, sich mindestens 14 Tage vor dem Datum Ihrer geplanten Einreise nach Australien zu bewerben.<\/p>\n\n\n\n<p>Sie k\u00f6nnen mehr als eine Person gleichzeitig beantragen. <strong>Der Preis f\u00fcr jedes Visum betr\u00e4gt <span class=\"woocommerce-Price-amount amount\"><bdi><span class=\"woocommerce-Price-currencySymbol\">&euro;<\/span>69,00<\/bdi><\/span>. Der Preis umfasst sowohl die Servicegeb\u00fchren von auvisa.org als auch die Regierungsgeb\u00fchren (gegebenenfalls zutreffend).<\/strong><\/p>\n\n\n\n<div style=\"height:46px\" aria-hidden=\"true\" class=\"wp-block-spacer\"><\/div>\n\n\n\n<h3>Geben Sie Ihre E-Mail-Adresse ein und best\u00e4tigen Sie diese, um den Bewerbungsprozess zu starten:<\/h3>\n","protected":false},"excerpt":{"rendered":"<p>Dieses Business eVisitor-Visumantragsformular richtet sich an deutsche Gesch\u00e4ftsreisende, die sich zum Zeitpunkt des Antrags au\u00dferhalb Australiens befinden und planen, Australien [&#8230;]<\/p>\n<p><a class=\"btn btn-secondary understrap-read-more-link\" href=\"https:\/\/auvisa.org\/de\/visa-business\/\">Weiterlesen\u00a0\u2026<span class=\"screen-reader-text\"> from Business Visum f\u00fcr Australien: Antragsformular (Deutschland)<\/span><\/a><\/p>\n","protected":false},"author":3,"featured_media":0,"parent":0,"menu_order":25,"comment_status":"closed","ping_status":"closed","template":"templates\/tpl_acf_form.php","meta":{"inline_featured_image":false,"footnotes":""},"class_list":["post-1760","page","type-page","status-publish","hentry"],"yoast_head":"<!-- This site is optimized with the Yoast SEO plugin v26.9 - https:\/\/yoast.com\/product\/yoast-seo-wordpress\/ -->\n<title>Antragsformular f\u00fcr ein Gesch\u00e4ftsvisum (eVisitor) - Deutschland<\/title>\n<meta name=\"description\" content=\"Deutsche Gesch\u00e4ftsreisende m\u00fcssen ein australisches Business eVisitor Visum \u00fcber dieses Online-Antragsformular beantragen. Das Visum wird innerhalb von 24 Stunden ausgestellt.\" \/>\n<meta name=\"robots\" content=\"index, follow, max-snippet:-1, max-image-preview:large, max-video-preview:-1\" \/>\n<link rel=\"canonical\" href=\"https:\/\/auvisa.org\/de\/visa-business\/\" \/>\n<meta property=\"og:locale\" content=\"de_DE\" \/>\n<meta property=\"og:type\" content=\"article\" \/>\n<meta property=\"og:title\" content=\"Antragsformular f\u00fcr ein Gesch\u00e4ftsvisum (eVisitor) - Deutschland\" \/>\n<meta property=\"og:description\" content=\"Deutsche Gesch\u00e4ftsreisende m\u00fcssen ein australisches Business eVisitor Visum \u00fcber dieses Online-Antragsformular beantragen. Das Visum wird innerhalb von 24 Stunden ausgestellt.\" \/>\n<meta property=\"og:url\" content=\"https:\/\/auvisa.org\/de\/visa-business\/\" \/>\n<meta property=\"og:site_name\" content=\"Auvisa.org\" \/>\n<meta property=\"article:modified_time\" content=\"2023-08-24T10:09:02+00:00\" \/>\n<meta name=\"twitter:card\" content=\"summary_large_image\" \/>\n<meta name=\"twitter:label1\" content=\"Gesch\u00e4tzte Lesezeit\" \/>\n\t<meta name=\"twitter:data1\" content=\"1\u00a0Minute\" \/>\n<script type=\"application\/ld+json\" class=\"yoast-schema-graph\">{\"@context\":\"https:\/\/schema.org\",\"@graph\":[{\"@type\":\"WebPage\",\"@id\":\"https:\/\/auvisa.org\/de\/visa-business\/\",\"url\":\"https:\/\/auvisa.org\/de\/visa-business\/\",\"name\":\"Antragsformular f\u00fcr ein Gesch\u00e4ftsvisum (eVisitor) - Deutschland\",\"isPartOf\":{\"@id\":\"https:\/\/auvisa.org\/de\/#website\"},\"datePublished\":\"2020-01-08T11:13:59+00:00\",\"dateModified\":\"2023-08-24T10:09:02+00:00\",\"description\":\"Deutsche Gesch\u00e4ftsreisende m\u00fcssen ein australisches Business eVisitor Visum \u00fcber dieses Online-Antragsformular beantragen. Das Visum wird innerhalb von 24 Stunden ausgestellt.\",\"breadcrumb\":{\"@id\":\"https:\/\/auvisa.org\/de\/visa-business\/#breadcrumb\"},\"inLanguage\":\"de\",\"potentialAction\":[{\"@type\":\"ReadAction\",\"target\":[\"https:\/\/auvisa.org\/de\/visa-business\/\"]}]},{\"@type\":\"BreadcrumbList\",\"@id\":\"https:\/\/auvisa.org\/de\/visa-business\/#breadcrumb\",\"itemListElement\":[{\"@type\":\"ListItem\",\"position\":1,\"name\":\"Home\",\"item\":\"https:\/\/auvisa.org\/de\/\"},{\"@type\":\"ListItem\",\"position\":2,\"name\":\"Business Visum f\u00fcr Australien: Antragsformular (Deutschland)\"}]},{\"@type\":\"WebSite\",\"@id\":\"https:\/\/auvisa.org\/de\/#website\",\"url\":\"https:\/\/auvisa.org\/de\/\",\"name\":\"Auvisa.org\",\"description\":\"\",\"inLanguage\":\"de\"}]}<\/script>\n<!-- \/ Yoast SEO plugin. -->","yoast_head_json":{"title":"Antragsformular f\u00fcr ein Gesch\u00e4ftsvisum (eVisitor) - Deutschland","description":"Deutsche Gesch\u00e4ftsreisende m\u00fcssen ein australisches Business eVisitor Visum \u00fcber dieses Online-Antragsformular beantragen. Das Visum wird innerhalb von 24 Stunden ausgestellt.","robots":{"index":"index","follow":"follow","max-snippet":"max-snippet:-1","max-image-preview":"max-image-preview:large","max-video-preview":"max-video-preview:-1"},"canonical":"https:\/\/auvisa.org\/de\/visa-business\/","og_locale":"de_DE","og_type":"article","og_title":"Antragsformular f\u00fcr ein Gesch\u00e4ftsvisum (eVisitor) - Deutschland","og_description":"Deutsche Gesch\u00e4ftsreisende m\u00fcssen ein australisches Business eVisitor Visum \u00fcber dieses Online-Antragsformular beantragen. Das Visum wird innerhalb von 24 Stunden ausgestellt.","og_url":"https:\/\/auvisa.org\/de\/visa-business\/","og_site_name":"Auvisa.org","article_modified_time":"2023-08-24T10:09:02+00:00","twitter_card":"summary_large_image","twitter_misc":{"Gesch\u00e4tzte Lesezeit":"1\u00a0Minute"},"schema":{"@context":"https:\/\/schema.org","@graph":[{"@type":"WebPage","@id":"https:\/\/auvisa.org\/de\/visa-business\/","url":"https:\/\/auvisa.org\/de\/visa-business\/","name":"Antragsformular f\u00fcr ein Gesch\u00e4ftsvisum (eVisitor) - Deutschland","isPartOf":{"@id":"https:\/\/auvisa.org\/de\/#website"},"datePublished":"2020-01-08T11:13:59+00:00","dateModified":"2023-08-24T10:09:02+00:00","description":"Deutsche Gesch\u00e4ftsreisende m\u00fcssen ein australisches Business eVisitor Visum \u00fcber dieses Online-Antragsformular beantragen. Das Visum wird innerhalb von 24 Stunden ausgestellt.","breadcrumb":{"@id":"https:\/\/auvisa.org\/de\/visa-business\/#breadcrumb"},"inLanguage":"de","potentialAction":[{"@type":"ReadAction","target":["https:\/\/auvisa.org\/de\/visa-business\/"]}]},{"@type":"BreadcrumbList","@id":"https:\/\/auvisa.org\/de\/visa-business\/#breadcrumb","itemListElement":[{"@type":"ListItem","position":1,"name":"Home","item":"https:\/\/auvisa.org\/de\/"},{"@type":"ListItem","position":2,"name":"Business Visum f\u00fcr Australien: Antragsformular (Deutschland)"}]},{"@type":"WebSite","@id":"https:\/\/auvisa.org\/de\/#website","url":"https:\/\/auvisa.org\/de\/","name":"Auvisa.org","description":"","inLanguage":"de"}]}},"_links":{"self":[{"href":"https:\/\/auvisa.org\/de\/wp-json\/wp\/v2\/pages\/1760","targetHints":{"allow":["GET"]}}],"collection":[{"href":"https:\/\/auvisa.org\/de\/wp-json\/wp\/v2\/pages"}],"about":[{"href":"https:\/\/auvisa.org\/de\/wp-json\/wp\/v2\/types\/page"}],"author":[{"embeddable":true,"href":"https:\/\/auvisa.org\/de\/wp-json\/wp\/v2\/users\/3"}],"replies":[{"embeddable":true,"href":"https:\/\/auvisa.org\/de\/wp-json\/wp\/v2\/comments?post=1760"}],"version-history":[{"count":20,"href":"https:\/\/auvisa.org\/de\/wp-json\/wp\/v2\/pages\/1760\/revisions"}],"predecessor-version":[{"id":21223,"href":"https:\/\/auvisa.org\/de\/wp-json\/wp\/v2\/pages\/1760\/revisions\/21223"}],"wp:attachment":[{"href":"https:\/\/auvisa.org\/de\/wp-json\/wp\/v2\/media?parent=1760"}],"curies":[{"name":"wp","href":"https:\/\/api.w.org\/{rel}","templated":true}]}}