{"id":21530,"date":"2024-01-17T18:23:46","date_gmt":"2024-01-17T17:23:46","guid":{"rendered":"https:\/\/auvisa.org\/de\/?page_id=21530"},"modified":"2026-03-23T18:05:02","modified_gmt":"2026-03-23T17:05:02","slug":"visa-lp","status":"publish","type":"page","link":"https:\/\/auvisa.org\/de\/visa-lp\/","title":{"rendered":"eVisitor-Visum f\u00fcr Australien beantragen"},"content":{"rendered":"\n<div style=\"height:20px\" aria-hidden=\"true\" class=\"wp-block-spacer\"><\/div>\n\n\n\n<div style=\"font-family: -apple-system, BlinkMacSystemFont, 'Segoe UI', Roboto, Helvetica, Arial, sans-serif;color: #2c3e50;line-height: 1.7;width: 100%\">\n  <p style=\"font-size: 15px;color: #3a4a52;margin: 0 0 14px 0\">\n    Das eVisitor ist ein offizielles elektronisches Visum, das von der australischen Regierung f\u00fcr <strong style=\"color: #1a2e3b\">Inhaber deutscher, europ\u00e4ischer und britischer Reisep\u00e4sse<\/strong> ausgestellt wird, die Australien f\u00fcr Tourismus, Familienbesuche und Gesch\u00e4ftstreffen besuchen m\u00f6chten.\n  <\/p>\n  <p style=\"font-size: 15px;color: #3a4a52;margin: 0 0 14px 0\">\n    Das eVisitor-Visum ist <strong style=\"color: #1a2e3b\">12 Monate<\/strong> g\u00fcltig, erlaubt mehrere Einreisen nach Australien und einen maximalen Aufenthalt von <strong style=\"color: #1a2e3b\">90 Tagen<\/strong> pro Besuch. Der vollst\u00e4ndige Service, einschlie\u00dflich der Geb\u00fchren von Auvisa und staatlicher Geb\u00fchren (sofern zutreffend), beginnt ab <strong style=\"color: #1a2e3b\">69 \u20ac\/Reisender<\/strong> je nach gew\u00e4hlter Bearbeitungsgeschwindigkeit.\n  <\/p>\n  <p style=\"font-size: 15px;color: #3a4a52;margin: 0 0 24px 0\">\n    Wenn Sie als Gruppe oder Familie reisen, ben\u00f6tigt jede Person ein eigenes eVisitor, einschlie\u00dflich S\u00e4uglinge und Kinder.\n  <\/p>\n  <h3 style=\"font-size: 20px;font-weight: 700;color: #1f5284;margin: 0;padding: 0;text-align: center\">Beantragen Sie Ihr eVisitor-Visum<\/h3>\n\n<\/div>\n\n\n\n<p><\/p>\n","protected":false},"excerpt":{"rendered":"<p>Das eVisitor ist ein offizielles elektronisches Visum, das von der australischen Regierung f\u00fcr Inhaber deutscher, europ\u00e4ischer und britischer Reisep\u00e4sse ausgestellt [&#8230;]<\/p>\n<p><a class=\"btn btn-secondary understrap-read-more-link\" href=\"https:\/\/auvisa.org\/de\/visa-lp\/\">Weiterlesen\u00a0\u2026<span class=\"screen-reader-text\"> from eVisitor-Visum f\u00fcr Australien beantragen<\/span><\/a><\/p>\n","protected":false},"author":4,"featured_media":0,"parent":0,"menu_order":4,"comment_status":"closed","ping_status":"closed","template":"templates\/tpl_acf_form.php","meta":{"inline_featured_image":false,"footnotes":""},"class_list":["post-21530","page","type-page","status-publish","hentry"],"yoast_head":"<!-- This site is optimized with the Yoast SEO plugin v26.9 - https:\/\/yoast.com\/product\/yoast-seo-wordpress\/ -->\n<title>Australien eVisitor-Visum: Antragsformular (Deutschland)<\/title>\n<meta name=\"description\" content=\"Beantragen Sie online ein australisches eVisitor-Visum f\u00fcr deutsche Staatsb\u00fcrger mit diesem Schnell-Antragsformular: vereinfachtes Formular und 24-Stunden-Visumgenehmigung.\" \/>\n<meta name=\"robots\" content=\"noindex, follow\" \/>\n<meta property=\"og:locale\" content=\"de_DE\" \/>\n<meta property=\"og:type\" content=\"article\" \/>\n<meta property=\"og:title\" content=\"Australien eVisitor-Visum: Antragsformular (Deutschland)\" \/>\n<meta property=\"og:description\" content=\"Beantragen Sie online ein australisches eVisitor-Visum f\u00fcr deutsche Staatsb\u00fcrger mit diesem Schnell-Antragsformular: vereinfachtes Formular und 24-Stunden-Visumgenehmigung.\" \/>\n<meta property=\"og:url\" content=\"https:\/\/auvisa.australialegal.it\/de\/visa-lp\/\" \/>\n<meta property=\"og:site_name\" content=\"Auvisa.org\" \/>\n<meta property=\"article:modified_time\" content=\"2026-03-23T17:05:02+00:00\" \/>\n<meta name=\"twitter:card\" content=\"summary_large_image\" \/>\n<meta name=\"twitter:label1\" content=\"Gesch\u00e4tzte Lesezeit\" \/>\n\t<meta name=\"twitter:data1\" content=\"1\u00a0Minute\" \/>\n<script type=\"application\/ld+json\" class=\"yoast-schema-graph\">{\"@context\":\"https:\/\/schema.org\",\"@graph\":[{\"@type\":\"WebPage\",\"@id\":\"https:\/\/auvisa.australialegal.it\/de\/visa-lp\/\",\"url\":\"https:\/\/auvisa.australialegal.it\/de\/visa-lp\/\",\"name\":\"Australien eVisitor-Visum: Antragsformular (Deutschland)\",\"isPartOf\":{\"@id\":\"https:\/\/auvisa.org\/de\/#website\"},\"datePublished\":\"2024-01-17T17:23:46+00:00\",\"dateModified\":\"2026-03-23T17:05:02+00:00\",\"description\":\"Beantragen Sie online ein australisches eVisitor-Visum f\u00fcr deutsche Staatsb\u00fcrger mit diesem Schnell-Antragsformular: vereinfachtes Formular und 24-Stunden-Visumgenehmigung.\",\"breadcrumb\":{\"@id\":\"https:\/\/auvisa.australialegal.it\/de\/visa-lp\/#breadcrumb\"},\"inLanguage\":\"de\",\"potentialAction\":[{\"@type\":\"ReadAction\",\"target\":[\"https:\/\/auvisa.australialegal.it\/de\/visa-lp\/\"]}]},{\"@type\":\"BreadcrumbList\",\"@id\":\"https:\/\/auvisa.australialegal.it\/de\/visa-lp\/#breadcrumb\",\"itemListElement\":[{\"@type\":\"ListItem\",\"position\":1,\"name\":\"Home\",\"item\":\"https:\/\/auvisa.org\/de\/\"},{\"@type\":\"ListItem\",\"position\":2,\"name\":\"eVisitor-Visum f\u00fcr Australien beantragen\"}]},{\"@type\":\"WebSite\",\"@id\":\"https:\/\/auvisa.org\/de\/#website\",\"url\":\"https:\/\/auvisa.org\/de\/\",\"name\":\"Auvisa.org\",\"description\":\"\",\"inLanguage\":\"de\"}]}<\/script>\n<!-- \/ Yoast SEO plugin. -->","yoast_head_json":{"title":"Australien eVisitor-Visum: Antragsformular (Deutschland)","description":"Beantragen Sie online ein australisches eVisitor-Visum f\u00fcr deutsche Staatsb\u00fcrger mit diesem Schnell-Antragsformular: vereinfachtes Formular und 24-Stunden-Visumgenehmigung.","robots":{"index":"noindex","follow":"follow"},"og_locale":"de_DE","og_type":"article","og_title":"Australien eVisitor-Visum: Antragsformular (Deutschland)","og_description":"Beantragen Sie online ein australisches eVisitor-Visum f\u00fcr deutsche Staatsb\u00fcrger mit diesem Schnell-Antragsformular: vereinfachtes Formular und 24-Stunden-Visumgenehmigung.","og_url":"https:\/\/auvisa.australialegal.it\/de\/visa-lp\/","og_site_name":"Auvisa.org","article_modified_time":"2026-03-23T17:05:02+00:00","twitter_card":"summary_large_image","twitter_misc":{"Gesch\u00e4tzte Lesezeit":"1\u00a0Minute"},"schema":{"@context":"https:\/\/schema.org","@graph":[{"@type":"WebPage","@id":"https:\/\/auvisa.australialegal.it\/de\/visa-lp\/","url":"https:\/\/auvisa.australialegal.it\/de\/visa-lp\/","name":"Australien eVisitor-Visum: Antragsformular (Deutschland)","isPartOf":{"@id":"https:\/\/auvisa.org\/de\/#website"},"datePublished":"2024-01-17T17:23:46+00:00","dateModified":"2026-03-23T17:05:02+00:00","description":"Beantragen Sie online ein australisches eVisitor-Visum f\u00fcr deutsche Staatsb\u00fcrger mit diesem Schnell-Antragsformular: vereinfachtes Formular und 24-Stunden-Visumgenehmigung.","breadcrumb":{"@id":"https:\/\/auvisa.australialegal.it\/de\/visa-lp\/#breadcrumb"},"inLanguage":"de","potentialAction":[{"@type":"ReadAction","target":["https:\/\/auvisa.australialegal.it\/de\/visa-lp\/"]}]},{"@type":"BreadcrumbList","@id":"https:\/\/auvisa.australialegal.it\/de\/visa-lp\/#breadcrumb","itemListElement":[{"@type":"ListItem","position":1,"name":"Home","item":"https:\/\/auvisa.org\/de\/"},{"@type":"ListItem","position":2,"name":"eVisitor-Visum f\u00fcr Australien beantragen"}]},{"@type":"WebSite","@id":"https:\/\/auvisa.org\/de\/#website","url":"https:\/\/auvisa.org\/de\/","name":"Auvisa.org","description":"","inLanguage":"de"}]}},"_links":{"self":[{"href":"https:\/\/auvisa.org\/de\/wp-json\/wp\/v2\/pages\/21530","targetHints":{"allow":["GET"]}}],"collection":[{"href":"https:\/\/auvisa.org\/de\/wp-json\/wp\/v2\/pages"}],"about":[{"href":"https:\/\/auvisa.org\/de\/wp-json\/wp\/v2\/types\/page"}],"author":[{"embeddable":true,"href":"https:\/\/auvisa.org\/de\/wp-json\/wp\/v2\/users\/4"}],"replies":[{"embeddable":true,"href":"https:\/\/auvisa.org\/de\/wp-json\/wp\/v2\/comments?post=21530"}],"version-history":[{"count":5,"href":"https:\/\/auvisa.org\/de\/wp-json\/wp\/v2\/pages\/21530\/revisions"}],"predecessor-version":[{"id":39819,"href":"https:\/\/auvisa.org\/de\/wp-json\/wp\/v2\/pages\/21530\/revisions\/39819"}],"wp:attachment":[{"href":"https:\/\/auvisa.org\/de\/wp-json\/wp\/v2\/media?parent=21530"}],"curies":[{"name":"wp","href":"https:\/\/api.w.org\/{rel}","templated":true}]}}