{"id":21541,"date":"2024-01-17T18:36:32","date_gmt":"2024-01-17T17:36:32","guid":{"rendered":"https:\/\/auvisa.org\/de\/?page_id=21541"},"modified":"2024-01-17T18:36:33","modified_gmt":"2024-01-17T17:36:33","slug":"visa-business-lp","status":"publish","type":"page","link":"https:\/\/auvisa.org\/de\/visa-business-lp\/","title":{"rendered":"Business Visum f\u00fcr Australien (eVisitor): Antragsformular"},"content":{"rendered":"\n<div style=\"height:20px\" aria-hidden=\"true\" class=\"wp-block-spacer\"><\/div>\n\n\n\n<p>Dieses Business eVisitor-Visumantragsformular richtet sich an <strong>deutsche Gesch\u00e4ftsreisende<\/strong>, die Australien besuchen m\u00f6chten, um an <strong>Gesch\u00e4ftstreffen, Konferenzen oder Verhandlungen teilzunehmen<\/strong>.<\/p>\n\n\n\n<p>Das Gesch\u00e4ftsvisum ist <strong>12 Monate g\u00fcltig<\/strong>. W\u00e4hrend dieser Zeit k\u00f6nnen Sie mehrmals nach Australien einreisen und<strong> sich jeweils bis zu 90 Tage in Australien aufhalten<\/strong>.<\/p>\n\n\n\n<p>eVisitor Business Visum ist die von der \u00fcberwiegenden Mehrheit der deutschen Gesch\u00e4ftsreisenden gew\u00e4hlte Visumsart und <strong>95 % der Visa werden innerhalb von 24 Stunden ausgestellt<\/strong>.<\/p>\n\n\n\n<p><strong>Der Preis f\u00fcr jedes Visum betr\u00e4gt <span class=\"woocommerce-Price-amount amount\"><bdi><span class=\"woocommerce-Price-currencySymbol\">&euro;<\/span>69,00<\/bdi><\/span>. <\/strong>Der Preis umfasst sowohl die Servicegeb\u00fchren von auvisa.org als auch die Regierungsgeb\u00fchren (gegebenenfalls zutreffend).<\/p>\n\n\n\n<div style=\"height:46px\" aria-hidden=\"true\" class=\"wp-block-spacer\"><\/div>\n\n\n\n<h3>Geben Sie Ihre E-Mail-Adresse ein und best\u00e4tigen Sie diese, um den Bewerbungsprozess zu starten:<\/h3>\n","protected":false},"excerpt":{"rendered":"<p>Dieses Business eVisitor-Visumantragsformular richtet sich an deutsche Gesch\u00e4ftsreisende, die Australien besuchen m\u00f6chten, um an Gesch\u00e4ftstreffen, Konferenzen oder Verhandlungen teilzunehmen. Das [&#8230;]<\/p>\n<p><a class=\"btn btn-secondary understrap-read-more-link\" href=\"https:\/\/auvisa.org\/de\/visa-business-lp\/\">Weiterlesen\u00a0\u2026<span class=\"screen-reader-text\"> from Business Visum f\u00fcr Australien (eVisitor): Antragsformular<\/span><\/a><\/p>\n","protected":false},"author":4,"featured_media":0,"parent":0,"menu_order":25,"comment_status":"closed","ping_status":"closed","template":"templates\/tpl_acf_form.php","meta":{"inline_featured_image":false,"footnotes":""},"class_list":["post-21541","page","type-page","status-publish","hentry"],"yoast_head":"<!-- This site is optimized with the Yoast SEO plugin v26.9 - https:\/\/yoast.com\/product\/yoast-seo-wordpress\/ -->\n<title>Antragsformular f\u00fcr ein Gesch\u00e4ftsvisum (eVisitor) - Deutschland<\/title>\n<meta name=\"description\" content=\"Deutsche Gesch\u00e4ftsreisende m\u00fcssen ein australisches Business eVisitor Visum \u00fcber dieses Online-Antragsformular beantragen. Das Visum wird innerhalb von 24 Stunden ausgestellt.\" \/>\n<meta name=\"robots\" content=\"index, nofollow, max-snippet:-1, max-image-preview:large, max-video-preview:-1\" \/>\n<link rel=\"canonical\" href=\"https:\/\/auvisa.org\/de\/visa-business-lp\/\" \/>\n<meta property=\"og:locale\" content=\"de_DE\" \/>\n<meta property=\"og:type\" content=\"article\" \/>\n<meta property=\"og:title\" content=\"Antragsformular f\u00fcr ein Gesch\u00e4ftsvisum (eVisitor) - Deutschland\" \/>\n<meta property=\"og:description\" content=\"Deutsche Gesch\u00e4ftsreisende m\u00fcssen ein australisches Business eVisitor Visum \u00fcber dieses Online-Antragsformular beantragen. Das Visum wird innerhalb von 24 Stunden ausgestellt.\" \/>\n<meta property=\"og:url\" content=\"https:\/\/auvisa.org\/de\/visa-business-lp\/\" \/>\n<meta property=\"og:site_name\" content=\"Auvisa.org\" \/>\n<meta property=\"article:modified_time\" content=\"2024-01-17T17:36:33+00:00\" \/>\n<meta name=\"twitter:card\" content=\"summary_large_image\" \/>\n<meta name=\"twitter:label1\" content=\"Gesch\u00e4tzte Lesezeit\" \/>\n\t<meta name=\"twitter:data1\" content=\"1\u00a0Minute\" \/>\n<script type=\"application\/ld+json\" class=\"yoast-schema-graph\">{\"@context\":\"https:\/\/schema.org\",\"@graph\":[{\"@type\":\"WebPage\",\"@id\":\"https:\/\/auvisa.org\/de\/visa-business-lp\/\",\"url\":\"https:\/\/auvisa.org\/de\/visa-business-lp\/\",\"name\":\"Antragsformular f\u00fcr ein Gesch\u00e4ftsvisum (eVisitor) - Deutschland\",\"isPartOf\":{\"@id\":\"https:\/\/auvisa.org\/de\/#website\"},\"datePublished\":\"2024-01-17T17:36:32+00:00\",\"dateModified\":\"2024-01-17T17:36:33+00:00\",\"description\":\"Deutsche Gesch\u00e4ftsreisende m\u00fcssen ein australisches Business eVisitor Visum \u00fcber dieses Online-Antragsformular beantragen. Das Visum wird innerhalb von 24 Stunden ausgestellt.\",\"breadcrumb\":{\"@id\":\"https:\/\/auvisa.org\/de\/visa-business-lp\/#breadcrumb\"},\"inLanguage\":\"de\",\"potentialAction\":[{\"@type\":\"ReadAction\",\"target\":[\"https:\/\/auvisa.org\/de\/visa-business-lp\/\"]}]},{\"@type\":\"BreadcrumbList\",\"@id\":\"https:\/\/auvisa.org\/de\/visa-business-lp\/#breadcrumb\",\"itemListElement\":[{\"@type\":\"ListItem\",\"position\":1,\"name\":\"Home\",\"item\":\"https:\/\/auvisa.org\/de\/\"},{\"@type\":\"ListItem\",\"position\":2,\"name\":\"Business Visum f\u00fcr Australien (eVisitor): Antragsformular\"}]},{\"@type\":\"WebSite\",\"@id\":\"https:\/\/auvisa.org\/de\/#website\",\"url\":\"https:\/\/auvisa.org\/de\/\",\"name\":\"Auvisa.org\",\"description\":\"\",\"inLanguage\":\"de\"}]}<\/script>\n<!-- \/ Yoast SEO plugin. -->","yoast_head_json":{"title":"Antragsformular f\u00fcr ein Gesch\u00e4ftsvisum (eVisitor) - Deutschland","description":"Deutsche Gesch\u00e4ftsreisende m\u00fcssen ein australisches Business eVisitor Visum \u00fcber dieses Online-Antragsformular beantragen. Das Visum wird innerhalb von 24 Stunden ausgestellt.","robots":{"index":"index","follow":"nofollow","max-snippet":"max-snippet:-1","max-image-preview":"max-image-preview:large","max-video-preview":"max-video-preview:-1"},"canonical":"https:\/\/auvisa.org\/de\/visa-business-lp\/","og_locale":"de_DE","og_type":"article","og_title":"Antragsformular f\u00fcr ein Gesch\u00e4ftsvisum (eVisitor) - Deutschland","og_description":"Deutsche Gesch\u00e4ftsreisende m\u00fcssen ein australisches Business eVisitor Visum \u00fcber dieses Online-Antragsformular beantragen. Das Visum wird innerhalb von 24 Stunden ausgestellt.","og_url":"https:\/\/auvisa.org\/de\/visa-business-lp\/","og_site_name":"Auvisa.org","article_modified_time":"2024-01-17T17:36:33+00:00","twitter_card":"summary_large_image","twitter_misc":{"Gesch\u00e4tzte Lesezeit":"1\u00a0Minute"},"schema":{"@context":"https:\/\/schema.org","@graph":[{"@type":"WebPage","@id":"https:\/\/auvisa.org\/de\/visa-business-lp\/","url":"https:\/\/auvisa.org\/de\/visa-business-lp\/","name":"Antragsformular f\u00fcr ein Gesch\u00e4ftsvisum (eVisitor) - Deutschland","isPartOf":{"@id":"https:\/\/auvisa.org\/de\/#website"},"datePublished":"2024-01-17T17:36:32+00:00","dateModified":"2024-01-17T17:36:33+00:00","description":"Deutsche Gesch\u00e4ftsreisende m\u00fcssen ein australisches Business eVisitor Visum \u00fcber dieses Online-Antragsformular beantragen. Das Visum wird innerhalb von 24 Stunden ausgestellt.","breadcrumb":{"@id":"https:\/\/auvisa.org\/de\/visa-business-lp\/#breadcrumb"},"inLanguage":"de","potentialAction":[{"@type":"ReadAction","target":["https:\/\/auvisa.org\/de\/visa-business-lp\/"]}]},{"@type":"BreadcrumbList","@id":"https:\/\/auvisa.org\/de\/visa-business-lp\/#breadcrumb","itemListElement":[{"@type":"ListItem","position":1,"name":"Home","item":"https:\/\/auvisa.org\/de\/"},{"@type":"ListItem","position":2,"name":"Business Visum f\u00fcr Australien (eVisitor): Antragsformular"}]},{"@type":"WebSite","@id":"https:\/\/auvisa.org\/de\/#website","url":"https:\/\/auvisa.org\/de\/","name":"Auvisa.org","description":"","inLanguage":"de"}]}},"_links":{"self":[{"href":"https:\/\/auvisa.org\/de\/wp-json\/wp\/v2\/pages\/21541","targetHints":{"allow":["GET"]}}],"collection":[{"href":"https:\/\/auvisa.org\/de\/wp-json\/wp\/v2\/pages"}],"about":[{"href":"https:\/\/auvisa.org\/de\/wp-json\/wp\/v2\/types\/page"}],"author":[{"embeddable":true,"href":"https:\/\/auvisa.org\/de\/wp-json\/wp\/v2\/users\/4"}],"replies":[{"embeddable":true,"href":"https:\/\/auvisa.org\/de\/wp-json\/wp\/v2\/comments?post=21541"}],"version-history":[{"count":1,"href":"https:\/\/auvisa.org\/de\/wp-json\/wp\/v2\/pages\/21541\/revisions"}],"predecessor-version":[{"id":21543,"href":"https:\/\/auvisa.org\/de\/wp-json\/wp\/v2\/pages\/21541\/revisions\/21543"}],"wp:attachment":[{"href":"https:\/\/auvisa.org\/de\/wp-json\/wp\/v2\/media?parent=21541"}],"curies":[{"name":"wp","href":"https:\/\/api.w.org\/{rel}","templated":true}]}}