{"id":2615,"date":"2012-01-23T21:36:07","date_gmt":"2012-01-23T21:36:07","guid":{"rendered":"https:\/\/auvisa.org\/?p=111"},"modified":"2024-02-29T11:10:22","modified_gmt":"2024-02-29T10:10:22","slug":"bedingungen-und-konditionen","status":"publish","type":"page","link":"https:\/\/auvisa.org\/de\/bedingungen-und-konditionen\/","title":{"rendered":"\u00dcber Uns"},"content":{"rendered":"<h2>Das Unternehmen<\/h2>\n<p>Diese Webseite ist das Eigentum von Visa &amp; Immigration Services LTD, Zulassungsnummer 72792776, mit Sitz in Hongkong. Visa &amp; Immigration Services LTD ist ein international t\u00e4tiges Unternehmen, und hat sich in Visumangelegenheiten spezialisiert. Wir sind auf der ganzen Welt in verschiedenen Sprachen vertreten.<\/p>\n<h2>Unsere Mission<\/h2>\n<p>Visa\u00a0&amp;\u00a0Immigration\u00a0Services\u00a0LTD hat den Auftrag, \u00dcbersetzungsdienstleistungen und konsularische Beratung bez\u00fcglich Visum und Einreisestempel Anwendungen bereitzustellen. Wir unterst\u00fctzen Sie in verschiedenen Sprachen, vor allem europ\u00e4ische. Wenn Sie die englische Sprache zu beherrschen, oder nicht Hilfe ben\u00f6tigen, k\u00f6nnten Sie ein Visum oder eine Genehmigung auf eigene Faust, ohne der Nutzung unserer Dienste gelten.<\/p>\n<p>Australian tempor\u00e4ren Touristen-oder Business-Visa k\u00f6nnen angewendet kostenlos \u00fcber die Website des\u00a0Department of Immigration and Citizenship in Australia, bei http:\/\/www.immi.gov.au.<\/p>\n<h2>Bezahlung<\/h2>\n<p>Die Bezahlung wird zum Ende eines Antrags durchgef\u00fchrt. Man kann auch einen Antrag speichern und zu einem sp\u00e4teren Zeitpunkt bezahlen. Ein Visumantrag wird als fertiggestellt angesehen, wenn dieser vollst\u00e4ndig bezahlt wurde. Wir werden nur vollst\u00e4ndig bezahlte Antr\u00e4ge bearbeiten.<\/p>\n<p>Auvisa.org beh\u00e4lt sich das Recht vor, seine Preise ohne vorherige Ank\u00fcndigung zu \u00e4ndern.<\/p>\n<h2>Lieferzeit<\/h2>\n<p>In manchen F\u00e4llen erhalten Sie eine Antwort auf Ihren Visumantrag schon innerhalb eines Tages. Wir bitten Sie aber, Ihre Bewerbung bereits vierzehn Tage vor Ihrer geplanten Abreise nach Australien zu \u00fcbermitteln da die Genehmigung in manchen F\u00e4llen auch zehn oder mehr Tage in Anspruch nehmen kann. F\u00fcr &#8222;Working Holiday&#8220; Sie sollten den Antrag mindestens 2 Monate im Voraus.<\/p>\n<h2>Pers\u00f6nliche Angaben<\/h2>\n<p>Wir speichern Ihre pers\u00f6nlichen Daten (Ihres Visumantrages) nur zur Bearbeitung Ihres Visumantrages. Wir werden diese niemals ohne Ihre Einwilligung an Dritte weitergeben.<\/p>\n<h2>Zus\u00e4tzliche Informationen<\/h2>\n<p>In manchen F\u00e4llen fragen wir nach zus\u00e4tzlichen Informationen. Wir werden Sie per E-Mail kontaktieren, daher liegt es in Ihrer Verantwortung, Ihre E-Mails regelm\u00e4\u00dfig auf neue Nachrichten zu pr\u00fcfen und uns rechtzeitig zu antworten. Wenn eine E-Mail von uns an Sie nicht rechtzeitig von Ihnen beantwortet wird, kann dies zur Ablehnung Ihres Visumantrages f\u00fchren.<\/p>\n<h2>Altersgrenze<\/h2>\n<p>Um unseren Dienst nutzen zu k\u00f6nnen, m\u00fcssen Sie mindestens 18 Jahre alt sein. Personen die mindestens 18 Jahre alt sind, k\u00f6nnen Bewerbungen f\u00fcr Personen unterhalb der Altersgrenze einreichen.<\/p>\n<h2>Garantien<\/h2>\n<p>Die Entscheidung, ob Ihr Antrag genehmigt oder abgelehnt wird, liegt alleine beim Department of Immigration and Citizenship in Australien. Wir von Auvisa.org k\u00f6nnen deren Entscheidung nicht beeinflussen.<br \/>\nAuvisa.org kann nicht f\u00fcr jegliche direkte oder indirekte, besondere Folgesch\u00e4den, wirtschaftliche oder andere Sch\u00e4den, die durch die Benutzung dieser Webseite oder unserer Dienstleistungen entstanden sind, geliefert oder nicht geliefert wurden, haftbar gemacht werden.<\/p>\n<h2>Nutzungsbedingungen<\/h2>\n<p><a href=\"\/terms\/auvisa_terms_and_conditions_de.pdf\">https:\/\/auvisa.org\/terms\/auvisa_terms_and_conditions_de.pdf<\/a><\/p>\n","protected":false},"excerpt":{"rendered":"<p>Das Unternehmen Diese Webseite ist das Eigentum von Visa &amp; Immigration Services LTD, Zulassungsnummer 72792776, mit Sitz in Hongkong. Visa [&#8230;]<\/p>\n<p><a class=\"btn btn-secondary understrap-read-more-link\" href=\"https:\/\/auvisa.org\/de\/bedingungen-und-konditionen\/\">Weiterlesen\u00a0\u2026<span class=\"screen-reader-text\"> from \u00dcber Uns<\/span><\/a><\/p>\n","protected":false},"author":3,"featured_media":0,"parent":0,"menu_order":0,"comment_status":"open","ping_status":"open","template":"","meta":{"inline_featured_image":false,"footnotes":""},"class_list":["post-2615","page","type-page","status-publish","hentry"],"yoast_head":"<!-- This site is optimized with the Yoast SEO plugin v26.9 - https:\/\/yoast.com\/product\/yoast-seo-wordpress\/ -->\n<title>\u00dcber Uns - Auvisa.org<\/title>\n<meta name=\"description\" content=\"\u00dcber Uns - Auvisa.org\" \/>\n<meta name=\"robots\" content=\"index, follow, max-snippet:-1, max-image-preview:large, max-video-preview:-1\" \/>\n<link rel=\"canonical\" href=\"https:\/\/auvisa.org\/de\/bedingungen-und-konditionen\/\" \/>\n<meta property=\"og:locale\" content=\"de_DE\" \/>\n<meta property=\"og:type\" content=\"article\" \/>\n<meta property=\"og:title\" content=\"\u00dcber Uns - Auvisa.org\" \/>\n<meta property=\"og:description\" content=\"\u00dcber Uns - Auvisa.org\" \/>\n<meta property=\"og:url\" content=\"https:\/\/auvisa.org\/de\/bedingungen-und-konditionen\/\" \/>\n<meta property=\"og:site_name\" content=\"Auvisa.org\" \/>\n<meta property=\"article:modified_time\" content=\"2024-02-29T10:10:22+00:00\" \/>\n<meta name=\"twitter:card\" content=\"summary_large_image\" \/>\n<meta name=\"twitter:label1\" content=\"Gesch\u00e4tzte Lesezeit\" \/>\n\t<meta name=\"twitter:data1\" content=\"3\u00a0Minuten\" \/>\n<script type=\"application\/ld+json\" class=\"yoast-schema-graph\">{\"@context\":\"https:\/\/schema.org\",\"@graph\":[{\"@type\":\"WebPage\",\"@id\":\"https:\/\/auvisa.org\/de\/bedingungen-und-konditionen\/\",\"url\":\"https:\/\/auvisa.org\/de\/bedingungen-und-konditionen\/\",\"name\":\"\u00dcber Uns - Auvisa.org\",\"isPartOf\":{\"@id\":\"https:\/\/auvisa.org\/de\/#website\"},\"datePublished\":\"2012-01-23T21:36:07+00:00\",\"dateModified\":\"2024-02-29T10:10:22+00:00\",\"description\":\"\u00dcber Uns - Auvisa.org\",\"breadcrumb\":{\"@id\":\"https:\/\/auvisa.org\/de\/bedingungen-und-konditionen\/#breadcrumb\"},\"inLanguage\":\"de\",\"potentialAction\":[{\"@type\":\"ReadAction\",\"target\":[\"https:\/\/auvisa.org\/de\/bedingungen-und-konditionen\/\"]}]},{\"@type\":\"BreadcrumbList\",\"@id\":\"https:\/\/auvisa.org\/de\/bedingungen-und-konditionen\/#breadcrumb\",\"itemListElement\":[{\"@type\":\"ListItem\",\"position\":1,\"name\":\"Home\",\"item\":\"https:\/\/auvisa.org\/de\/\"},{\"@type\":\"ListItem\",\"position\":2,\"name\":\"\u00dcber Uns\"}]},{\"@type\":\"WebSite\",\"@id\":\"https:\/\/auvisa.org\/de\/#website\",\"url\":\"https:\/\/auvisa.org\/de\/\",\"name\":\"Auvisa.org\",\"description\":\"\",\"inLanguage\":\"de\"}]}<\/script>\n<!-- \/ Yoast SEO plugin. -->","yoast_head_json":{"title":"\u00dcber Uns - Auvisa.org","description":"\u00dcber Uns - Auvisa.org","robots":{"index":"index","follow":"follow","max-snippet":"max-snippet:-1","max-image-preview":"max-image-preview:large","max-video-preview":"max-video-preview:-1"},"canonical":"https:\/\/auvisa.org\/de\/bedingungen-und-konditionen\/","og_locale":"de_DE","og_type":"article","og_title":"\u00dcber Uns - Auvisa.org","og_description":"\u00dcber Uns - Auvisa.org","og_url":"https:\/\/auvisa.org\/de\/bedingungen-und-konditionen\/","og_site_name":"Auvisa.org","article_modified_time":"2024-02-29T10:10:22+00:00","twitter_card":"summary_large_image","twitter_misc":{"Gesch\u00e4tzte Lesezeit":"3\u00a0Minuten"},"schema":{"@context":"https:\/\/schema.org","@graph":[{"@type":"WebPage","@id":"https:\/\/auvisa.org\/de\/bedingungen-und-konditionen\/","url":"https:\/\/auvisa.org\/de\/bedingungen-und-konditionen\/","name":"\u00dcber Uns - Auvisa.org","isPartOf":{"@id":"https:\/\/auvisa.org\/de\/#website"},"datePublished":"2012-01-23T21:36:07+00:00","dateModified":"2024-02-29T10:10:22+00:00","description":"\u00dcber Uns - Auvisa.org","breadcrumb":{"@id":"https:\/\/auvisa.org\/de\/bedingungen-und-konditionen\/#breadcrumb"},"inLanguage":"de","potentialAction":[{"@type":"ReadAction","target":["https:\/\/auvisa.org\/de\/bedingungen-und-konditionen\/"]}]},{"@type":"BreadcrumbList","@id":"https:\/\/auvisa.org\/de\/bedingungen-und-konditionen\/#breadcrumb","itemListElement":[{"@type":"ListItem","position":1,"name":"Home","item":"https:\/\/auvisa.org\/de\/"},{"@type":"ListItem","position":2,"name":"\u00dcber Uns"}]},{"@type":"WebSite","@id":"https:\/\/auvisa.org\/de\/#website","url":"https:\/\/auvisa.org\/de\/","name":"Auvisa.org","description":"","inLanguage":"de"}]}},"_links":{"self":[{"href":"https:\/\/auvisa.org\/de\/wp-json\/wp\/v2\/pages\/2615","targetHints":{"allow":["GET"]}}],"collection":[{"href":"https:\/\/auvisa.org\/de\/wp-json\/wp\/v2\/pages"}],"about":[{"href":"https:\/\/auvisa.org\/de\/wp-json\/wp\/v2\/types\/page"}],"author":[{"embeddable":true,"href":"https:\/\/auvisa.org\/de\/wp-json\/wp\/v2\/users\/3"}],"replies":[{"embeddable":true,"href":"https:\/\/auvisa.org\/de\/wp-json\/wp\/v2\/comments?post=2615"}],"version-history":[{"count":7,"href":"https:\/\/auvisa.org\/de\/wp-json\/wp\/v2\/pages\/2615\/revisions"}],"predecessor-version":[{"id":22258,"href":"https:\/\/auvisa.org\/de\/wp-json\/wp\/v2\/pages\/2615\/revisions\/22258"}],"wp:attachment":[{"href":"https:\/\/auvisa.org\/de\/wp-json\/wp\/v2\/media?parent=2615"}],"curies":[{"name":"wp","href":"https:\/\/api.w.org\/{rel}","templated":true}]}}