{"id":2616,"date":"2012-02-14T14:44:34","date_gmt":"2012-02-14T14:44:34","guid":{"rendered":"https:\/\/auvisa.org\/?p=189"},"modified":"2023-06-15T16:01:53","modified_gmt":"2023-06-15T14:01:53","slug":"datenschutz","status":"publish","type":"page","link":"https:\/\/auvisa.org\/de\/datenschutz\/","title":{"rendered":"Datenschutz"},"content":{"rendered":"<p>Diese Datenschutzrichtlinie legt dar, wie Visa &amp; Immigration Services LTD sch\u00fctzt und nutzt jede Information, die Sie Visa &amp; Immigration Services LTD geben, wenn Sie diese Website zu benutzen.<\/p>\n<p>Visa &amp; Immigration Services LTD setzt sich daf\u00fcr ein, dass Ihre Privatsph\u00e4re gesch\u00fctzt ist. Sollten wir Sie bitten, bestimmte Informationen, mit denen Sie identifiziert werden, wenn die Nutzung dieser Website werden k\u00f6nnen, k\u00f6nnen Sie sicher sein, dass diese nur in \u00dcbereinstimmung mit dieser Datenschutzerkl\u00e4rung genutzt werden kann.<\/p>\n<p>Visa &amp; Immigration Services LTD kann diese Richtlinie von Zeit zu Zeit ge\u00e4ndert durch Aktualisierung dieser Seite. Sie sollten diese Seite von Zeit zu Zeit \u00fcberpr\u00fcfen, um sicherzustellen, dass Sie mit den \u00c4nderungen einverstanden sind. Diese Politik ist mit Wirkung vom 2011.12.10.<\/p>\n<h2>Was wir sammeln<\/h2>\n<p>Wir sammeln folgende Informationen:<\/p>\n<ul>\n<li>Vollst\u00e4ndiger Name, Geburtsdatum, Reisepassnummer und ausstellende Details<\/li>\n<li>Kontaktinformationen einschlie\u00dflich E-Mail-Adresse und Postanschrift<\/li>\n<li>Andere Informationen, die f\u00fcr Ihre Anwendung<\/li>\n<\/ul>\n<h2>Was wir tun, mit der von uns gesammelten Informationen<\/h2>\n<p>Wir ben\u00f6tigen diese Informationen in der Lage sein, den Service, den Sie beantragen (Visum oder Einreiseerlaubnis) zu liefern.Die Informationen werden von den Beh\u00f6rden, dass mit den Fragen und Visa und Genehmigungen befasst erforderlich.<\/p>\n<p>Um Ihre Bewerbung einreichen werden wir Ihre Informationen an die ausstellende Beh\u00f6rde einzureichen.\u00a0Diese wird elektronisch \u00fcber eine verschl\u00fcsselte und sichere Verbindung.<\/p>\n<p>Die von Ihnen eingegebenen Informationen, einschlie\u00dflich des Ergebnisses oder Ihre Anwendung wird danach in unserem System gespeichert werden f\u00fcr Sie sein zu k\u00f6nnen, loggen und diese Daten zugreifen.<\/p>\n<h2>Sicherheit<\/h2>\n<p>Wir setzen uns daf\u00fcr ein, dass Ihre Daten sicher sind.\u00a0Um unberechtigten Zugriff oder Offenlegung zu verhindern, haben wir angemessene physische, elektronische und organisatorische Verfahren zum Schutz und zur Sicherung der Daten, die wir online sammeln.<\/p>\n<h2>Wie setzen wir Cookies ein<\/h2>\n<p>Ein Cookie ist eine kleine Datei, die Erlaubnis, auf Ihre Festplatte des Computers platziert werden m\u00f6chte.\u00a0Wenn Sie zustimmen, wird die Datei hinzugef\u00fcgt und die Online-Cookie hilft Webverkehr zu analysieren oder informiert Sie, wenn Sie eine bestimmte Website zu besuchen.\u00a0Cookies erm\u00f6glichen Web-Anwendungen, um Sie als Person zu reagieren.\u00a0Die Web-Anwendung kann seinen Betrieb auf Ihre Bed\u00fcrfnisse, Vorlieben und Abneigungen durch das Sammeln und Erinnern von Informationen \u00fcber Ihre Pr\u00e4ferenzen.<\/p>\n<p>Wir verwenden Traffic Log Cookies zu identifizieren, welche Seiten besucht werden.\u00a0Dies hilft uns bei der Analyse von Daten \u00fcber Web-Seite Verkehr und Verbesserung unserer Website, um es individuell auf die Kundenbed\u00fcrfnisse.\u00a0Wir verwenden diese Informationen ausschlie\u00dflich f\u00fcr statistische Zwecke.<\/p>\n<p>Insgesamt helfen uns Cookies bieten Ihnen eine bessere Website, indem es uns erm\u00f6glicht, zu \u00fcberwachen, welche Seiten Sie n\u00fctzlich und was Sie nicht finden.\u00a0Ein Cookie in keiner Weise gibt uns Zugriff auf Ihren Computer oder irgendwelche Informationen \u00fcber Sie, au\u00dfer den Daten, die Sie mit uns teilen.<\/p>\n<p>Sie k\u00f6nnen Cookies akzeptieren oder ablehnen.\u00a0Die meisten Web-Browser akzeptieren Cookies automatisch, aber Sie k\u00f6nnen Ihren Browser so einstellen, dass Cookies abgelehnt werden.\u00a0Dadurch k\u00f6nnen Sie die volle Nutzung der Website zu verhindern.Diese Website wurde bereits von Cookies auf Ihrem Computer installiert sein, wenn Ihr Browser ist Setup zu erlauben.\u00a0Sollten Sie keine M\u00f6glichkeit, dass nicht einverstanden sind, k\u00f6nnen Sie dieses Fenster schlie\u00dfen und l\u00f6schen Sie die Cookies aus Ihrem Browser.<\/p>\n<h2>Links zu anderen Websites<\/h2>\n<p>Unsere Website kann Links zu anderen Websites von Interesse.\u00a0Sobald Sie jedoch haben diese Links benutzt, um unsere Website verlassen, sollten Sie beachten, dass wir keinerlei Kontrolle \u00fcber diese andere Website.\u00a0Deshalb k\u00f6nnen wir keine Verantwortung f\u00fcr den Schutz und die Geheimhaltung von Informationen, die Sie beim Besuch solcher Websites und solche Seiten sind nicht von dieser Datenschutzerkl\u00e4rung.\u00a0Sie sollten Vorsicht walten lassen und bei der Datenschutzerkl\u00e4rung f\u00fcr die Website in Frage.<\/p>\n<h2>Controlling Ihre pers\u00f6nlichen Informationen<\/h2>\n<p>Wir werden nicht verkaufen, vertreiben oder vermieten Ihre pers\u00f6nlichen Informationen an Dritte weiter, es sei denn wir Ihre Genehmigung oder sind gesetzlich dazu verpflichtet sind.\u00a0Wir werden niemals Ihre pers\u00f6nlichen Daten verwenden, um Ihnen Werbe Informationen von Dritten.\u00a0Um Ihre Bewerbung zu vervollst\u00e4ndigen, m\u00fcssen wir Ihre Informationen an die zust\u00e4ndigen Beh\u00f6rden, die Visa bzw. Genehmigungen erm\u00e4chtigen geben.<\/p>\n<p>Wenn Sie glauben, dass alle Informationen, die wir \u00fcber Sie halten sind, unrichtig oder unvollst\u00e4ndig sind, schreiben Sie bitte an oder mailen Sie uns so bald wie m\u00f6glich, an die obige Adresse.\u00a0Wir werden Ihnen umgehend korrigieren Informationen fehlerhaft befunden.<\/p>\n<p>Wenn Sie nicht m\u00f6chten, dass alle Informationen von uns erhalten m\u00f6chten, oder m\u00f6chten Sie von unserem Kunden-Datenbank entfernt werden, z\u00f6gern Sie nicht, uns Ihre Anfrage kontaktieren und wir werden aktualisieren oder zu entfernen Ihre Unterlagen unverz\u00fcglich.<\/p>\n","protected":false},"excerpt":{"rendered":"<p>Diese Datenschutzrichtlinie legt dar, wie Visa &amp; Immigration Services LTD sch\u00fctzt und nutzt jede Information, die Sie Visa &amp; Immigration [&#8230;]<\/p>\n<p><a class=\"btn btn-secondary understrap-read-more-link\" href=\"https:\/\/auvisa.org\/de\/datenschutz\/\">Weiterlesen\u00a0\u2026<span class=\"screen-reader-text\"> from Datenschutz<\/span><\/a><\/p>\n","protected":false},"author":3,"featured_media":0,"parent":0,"menu_order":0,"comment_status":"open","ping_status":"open","template":"","meta":{"inline_featured_image":false,"footnotes":""},"class_list":["post-2616","page","type-page","status-publish","hentry"],"yoast_head":"<!-- This site is optimized with the Yoast SEO plugin v26.9 - https:\/\/yoast.com\/product\/yoast-seo-wordpress\/ -->\n<title>Datenschutz - Auvisa.org<\/title>\n<meta name=\"robots\" content=\"index, follow, max-snippet:-1, max-image-preview:large, max-video-preview:-1\" \/>\n<link rel=\"canonical\" href=\"https:\/\/auvisa.org\/de\/datenschutz\/\" \/>\n<meta property=\"og:locale\" content=\"de_DE\" \/>\n<meta property=\"og:type\" content=\"article\" \/>\n<meta property=\"og:title\" content=\"Datenschutz - Auvisa.org\" \/>\n<meta property=\"og:description\" content=\"Diese Datenschutzrichtlinie legt dar, wie Visa &amp; Immigration Services LTD sch\u00fctzt und nutzt jede Information, die Sie Visa &amp; Immigration [...]Weiterlesen\u00a0\u2026 from Datenschutz\" \/>\n<meta property=\"og:url\" content=\"https:\/\/auvisa.org\/de\/datenschutz\/\" \/>\n<meta property=\"og:site_name\" content=\"Auvisa.org\" \/>\n<meta property=\"article:modified_time\" content=\"2023-06-15T14:01:53+00:00\" \/>\n<meta name=\"twitter:card\" content=\"summary_large_image\" \/>\n<meta name=\"twitter:label1\" content=\"Gesch\u00e4tzte Lesezeit\" \/>\n\t<meta name=\"twitter:data1\" content=\"5\u00a0Minuten\" \/>\n<script type=\"application\/ld+json\" class=\"yoast-schema-graph\">{\"@context\":\"https:\/\/schema.org\",\"@graph\":[{\"@type\":\"WebPage\",\"@id\":\"https:\/\/auvisa.org\/de\/datenschutz\/\",\"url\":\"https:\/\/auvisa.org\/de\/datenschutz\/\",\"name\":\"Datenschutz - Auvisa.org\",\"isPartOf\":{\"@id\":\"https:\/\/auvisa.org\/de\/#website\"},\"datePublished\":\"2012-02-14T14:44:34+00:00\",\"dateModified\":\"2023-06-15T14:01:53+00:00\",\"breadcrumb\":{\"@id\":\"https:\/\/auvisa.org\/de\/datenschutz\/#breadcrumb\"},\"inLanguage\":\"de\",\"potentialAction\":[{\"@type\":\"ReadAction\",\"target\":[\"https:\/\/auvisa.org\/de\/datenschutz\/\"]}]},{\"@type\":\"BreadcrumbList\",\"@id\":\"https:\/\/auvisa.org\/de\/datenschutz\/#breadcrumb\",\"itemListElement\":[{\"@type\":\"ListItem\",\"position\":1,\"name\":\"Home\",\"item\":\"https:\/\/auvisa.org\/de\/\"},{\"@type\":\"ListItem\",\"position\":2,\"name\":\"Datenschutz\"}]},{\"@type\":\"WebSite\",\"@id\":\"https:\/\/auvisa.org\/de\/#website\",\"url\":\"https:\/\/auvisa.org\/de\/\",\"name\":\"Auvisa.org\",\"description\":\"\",\"inLanguage\":\"de\"}]}<\/script>\n<!-- \/ Yoast SEO plugin. -->","yoast_head_json":{"title":"Datenschutz - Auvisa.org","robots":{"index":"index","follow":"follow","max-snippet":"max-snippet:-1","max-image-preview":"max-image-preview:large","max-video-preview":"max-video-preview:-1"},"canonical":"https:\/\/auvisa.org\/de\/datenschutz\/","og_locale":"de_DE","og_type":"article","og_title":"Datenschutz - Auvisa.org","og_description":"Diese Datenschutzrichtlinie legt dar, wie Visa &amp; Immigration Services LTD sch\u00fctzt und nutzt jede Information, die Sie Visa &amp; Immigration [...]Weiterlesen\u00a0\u2026 from Datenschutz","og_url":"https:\/\/auvisa.org\/de\/datenschutz\/","og_site_name":"Auvisa.org","article_modified_time":"2023-06-15T14:01:53+00:00","twitter_card":"summary_large_image","twitter_misc":{"Gesch\u00e4tzte Lesezeit":"5\u00a0Minuten"},"schema":{"@context":"https:\/\/schema.org","@graph":[{"@type":"WebPage","@id":"https:\/\/auvisa.org\/de\/datenschutz\/","url":"https:\/\/auvisa.org\/de\/datenschutz\/","name":"Datenschutz - Auvisa.org","isPartOf":{"@id":"https:\/\/auvisa.org\/de\/#website"},"datePublished":"2012-02-14T14:44:34+00:00","dateModified":"2023-06-15T14:01:53+00:00","breadcrumb":{"@id":"https:\/\/auvisa.org\/de\/datenschutz\/#breadcrumb"},"inLanguage":"de","potentialAction":[{"@type":"ReadAction","target":["https:\/\/auvisa.org\/de\/datenschutz\/"]}]},{"@type":"BreadcrumbList","@id":"https:\/\/auvisa.org\/de\/datenschutz\/#breadcrumb","itemListElement":[{"@type":"ListItem","position":1,"name":"Home","item":"https:\/\/auvisa.org\/de\/"},{"@type":"ListItem","position":2,"name":"Datenschutz"}]},{"@type":"WebSite","@id":"https:\/\/auvisa.org\/de\/#website","url":"https:\/\/auvisa.org\/de\/","name":"Auvisa.org","description":"","inLanguage":"de"}]}},"_links":{"self":[{"href":"https:\/\/auvisa.org\/de\/wp-json\/wp\/v2\/pages\/2616","targetHints":{"allow":["GET"]}}],"collection":[{"href":"https:\/\/auvisa.org\/de\/wp-json\/wp\/v2\/pages"}],"about":[{"href":"https:\/\/auvisa.org\/de\/wp-json\/wp\/v2\/types\/page"}],"author":[{"embeddable":true,"href":"https:\/\/auvisa.org\/de\/wp-json\/wp\/v2\/users\/3"}],"replies":[{"embeddable":true,"href":"https:\/\/auvisa.org\/de\/wp-json\/wp\/v2\/comments?post=2616"}],"version-history":[{"count":4,"href":"https:\/\/auvisa.org\/de\/wp-json\/wp\/v2\/pages\/2616\/revisions"}],"predecessor-version":[{"id":21021,"href":"https:\/\/auvisa.org\/de\/wp-json\/wp\/v2\/pages\/2616\/revisions\/21021"}],"wp:attachment":[{"href":"https:\/\/auvisa.org\/de\/wp-json\/wp\/v2\/media?parent=2616"}],"curies":[{"name":"wp","href":"https:\/\/api.w.org\/{rel}","templated":true}]}}