{"id":2712,"date":"2020-07-26T13:35:18","date_gmt":"2020-07-26T13:35:18","guid":{"rendered":"https:\/\/auvisa.org\/de\/?page_id=2712"},"modified":"2023-07-12T11:57:33","modified_gmt":"2023-07-12T09:57:33","slug":"mcv-maritime-crew-visa-australien","status":"publish","type":"page","link":"https:\/\/auvisa.org\/de\/mcv-maritime-crew-visa-australien\/","title":{"rendered":"Maritime Crew Visa f\u00fcr Australien &#8211; Deutsche Staatsangeh\u00f6rige"},"content":{"rendered":"<h2 id=\"read-more\">&#8222;MCV&#8220; Seemann-Visum &#8211; Unterklasse 988)<\/h2>\n<p>F\u00fcr diejenigen, die sich fragen, was ein MCV Visum (auch bekannt als Maritime Crew Visum) ist, es handelt sich um den gebr\u00e4uchlichen Begriff f\u00fcr <strong>ein Visum, das f\u00fcr diejenigen verf\u00fcgbar ist, die als Teil einer Schiffsbesatzung auf dem Seeweg nach Australien kommen<\/strong>.<\/p>\n<p><strong>Dieses Seemann-Visum f\u00fcr Australien erm\u00f6glicht es auch Familienmitgliedern der Schiffsbesatzung, die nach Australien reisen, zusammen mit dem Besatzungsmitglied einen Antrag zu stellen<\/strong>. Es enth\u00e4lt bestimmte Einschr\u00e4nkungen f\u00fcr die Art der Arbeit, die ein Visuminhaber verrichten darf, und verlangt, dass alle Familienmitglieder des Antragstellers w\u00e4hrend ihres Aufenthalts im Land keine zus\u00e4tzliche Arbeit verrichten.<\/p>\n<p><strong>Der Prozess, mit dem Sie ein MCV Visum f\u00fcr Australien online erhalten k\u00f6nnen, ist weniger kompliziert, als Sie vielleicht erwarten w\u00fcrden,<\/strong> und erfordert minimale Dokumente zur Verarbeitung. Die Maritime Crew Visa f\u00fcr Australien verlangen, dass Sie offizielle Ausweisinformationen f\u00fcr Sie und die Familienmitglieder, die m\u00f6glicherweise mit Ihnen nach Australien reisen werden, angeben. Um f\u00fcr diese Art von Maritime Crew Visa f\u00fcr Australien in Frage zu kommen, m\u00fcssen alle Familienmitglieder, die mit Ihnen reisen, mit demselben qualifizierten Schiff, auf dem Sie arbeiten, nach oder aus Australien kommen und bereits die Erlaubnis des Kapit\u00e4ns des Schiffes eingeholt haben. Denken Sie daran, dass es <strong>diesen Familienmitgliedern nicht erlaubt ist, w\u00e4hrend ihres Aufenthalts in Australien mit einem MCV Visum zu arbeiten<\/strong>. Wenn sie im Land arbeiten wollen, m\u00fcssen sie das entsprechende australische Visum separat beantragen. Wenn Sie nicht mehr auf dem sich qualifizierenden Schiff in Australien arbeiten oder besch\u00e4ftigt sind, ist das Visum f\u00fcr Ihre begleitenden Familienmitglieder nicht mehr g\u00fcltig. Sie sollten nicht in Australien bleiben, wenn Sie nicht mehr auf dem qualifizierten Schiff arbeiten.<\/p>\n<p><div class=\"text-right\"><a href=\"\/de\/visa-crew\/\" class=\"btn  px-5 btn-green\">Jetzt bewerben<\/a><\/div><br style=\"clear: both;\" \/><strong>Weitere Informationen zu Australiens Maritime Crew Visum f\u00fcr deutsche Staatsb\u00fcrger finden Sie hier:<\/strong><\/p>\n<ul>\n<li><a href=\"#MCV-benefits\">Vorteile des Maritime Crew Visums f\u00fcr Australien (MCV)<\/a><\/li>\n<li><a href=\"#MCV-requirements\">MCV Visum &#8211; Zulassungsvoraussetzungen<\/a><\/li>\n<li><a href=\"#MCV-apply\">Online Maritimes Crew Visum f\u00fcr Australien: Wie man sich bewirbt<\/a><\/li>\n<li><a href=\"#MCV-application-process\">MCV Visum &#8211; Antragsverfahren aus Deutschland<\/a><\/li>\n<li><a href=\"#MCV-processing-time\">Bearbeitungsdauer der australischen MCV Visums<\/a><\/li>\n<li><a href=\"#MCV-cost\">Kosten f\u00fcr Australiens Maritime Crew Visum (MCV)<\/a><\/li>\n<\/ul>\n<p><br style=\"clear: both;\" \/><br style=\"clear: both;\" \/><\/p>\n<h2 id=\"MCV-benefits\">Vorteile des Maritime Crew Visums f\u00fcr Australien (MCV)<\/h2>\n<p>Die <strong>Vorteile f\u00fcr deutsche Staatsb\u00fcrger<\/strong>, die ein MCV-Online-Visum f\u00fcr Australien erhalten, bestehen darin, dass die Besatzungsmitglieder lukrative Besch\u00e4ftigungsm\u00f6glichkeiten erhalten k\u00f6nnen, w\u00e4hrend qualifizierte Schiffe nach Australien oder in seinen Gew\u00e4ssern reisen. Da dieses Visum f\u00fcr Mitarbeiter von Schiffen, die sich f\u00fcr diesen Status qualifizieren, relativ einfach zu erhalten ist, stellt die <a href=\"\/de\/visa-crew\/\">Beantragung dieses Visums<\/a> eine lohnende und ziemlich einfache M\u00f6glichkeit dar, Ihren Besch\u00e4ftigungsstatus als Mitglied einer Schiffsbesatzung optimal zu nutzen.<\/p>\n<p>Sobald Ihr Visum von der australischen Regierung erteilt wurde, <strong>d\u00fcrfen Sie als deutscher Staatsb\u00fcrger auf dem Seeweg nach Australien ein- und ausreisen, solange Sie Teil der Besatzung eines qualifizierten Schiffes sind und Sie k\u00f6nnen in Australien bleiben, solange Sie als Besatzungsmitglied auf dem Schiff besch\u00e4ftigt sind<\/strong>. Wenn Sie an dem sich qualifizierenden Schiff besch\u00e4ftigt bleiben, kann es, w\u00e4hrend Ihr Visum g\u00fcltig ist, unbegrenzt oft nach Australien zur\u00fcckkehren, ohne Ihren australischen MCV Visastatus zu gef\u00e4hrden.<\/p>\n<p>Es ist wichtig, sich daran zu erinnern, dass <strong>Sie <\/strong>mit diesem speziellen Visum<strong> nur im Rahmen Ihrer regul\u00e4ren Besch\u00e4ftigung als Besatzungsmitglied auf dem sich qualifizierenden Schiff<\/strong> <strong>berechtigt sind, eine Arbeit als Angestellter auszu\u00fcben. <\/strong>Diese Visabedingung umfasst alle Arbeiten, die erforderlich sind, um das Schiff betriebsbereit zu halten, auch wenn Sie sich nicht physisch an Bord des Schiffes befinden, w\u00e4hrend Sie Ihre erforderlichen Aufgaben als Mitarbeiter erf\u00fcllen. Mit diesem spezifischen Visum d\u00fcrfen Sie alle Arbeitsaufgaben offshore, im Hafen oder auf dem Schiff ausf\u00fchren, solange Sie w\u00e4hrend Ihrer Arbeit nicht f\u00fcr eine zus\u00e4tzliche Form von Besch\u00e4ftigung entsch\u00e4digt werden.<\/p>\n<p><strong>Alle in Deutschland ans\u00e4ssigen Personen, die im Besitz eines Online-MCVs sind, d\u00fcrfen ehrenamtliche T\u00e4tigkeiten aus\u00fcben<\/strong>, f\u00fcr die Sie nicht bezahlt werden, ohne andere besondere Genehmigungen der australischen Regierung einholen zu m\u00fcssen. Wenn Sie eine kurzfristige Online-Besch\u00e4ftigung aus\u00fcben, werden Sie dar\u00fcber hinaus nicht daran gehindert, auf diese Weise in Australien unter den Bedingungen des Seemann-Visums ein Einkommen zu erzielen.<\/p>\n<p><strong>Sofern Ihr Visum nicht aus arbeitsbezogenen Gr\u00fcnden endet, ist es ansonsten bis zu drei Jahren g\u00fcltig,<\/strong> ohne dass Sie eine Verl\u00e4ngerung bei der australischen Regierung beantragen m\u00fcssen. Da diese Art von Visum nicht f\u00fcr eine Verl\u00e4ngerung in Frage kommt, m\u00fcssen Sie nach Ablauf dieser Frist eventuell einen neuen Antrag auf Aufenthalt und Arbeit in Australien unter einem anderen angemessenen Visa-Typ stellen.<\/p>\n<p><div class=\"text-right\"><a href=\"\/de\/visa-crew\/\" class=\"btn  px-5 btn-green\">Jetzt bewerben<\/a><\/div><br \/>\n<br style=\"clear: both;\" \/><br style=\"clear: both;\" \/><\/p>\n<h2 id=\"MCV-requirements\">MCV Visum &#8211; Zulassungsvoraussetzungen<\/h2>\n<p>Um Australiens Maritime Crew Visa zu erhalten, <strong>m\u00fcssen deutsche Staatsb\u00fcrger au\u00dferhalb Australiens als Besatzungsmitglieder auf einem Schiff besch\u00e4ftigt sein,<\/strong> das entweder nach oder aus Australien reist. Sie m\u00fcssen au\u00dferdem als Besatzungsmitglieder nach Australien ein- und aus Australien ausreisen.<\/p>\n<p>F\u00fcr deutsche Staatsb\u00fcrger gibt es auch Anforderungen an den Schiffstyp, auf dem sie arbeiten d\u00fcrfen, um sich f\u00fcr dieses spezielle Visum zu qualifizieren. <strong>Das Schiff muss entweder ein kommerzielles Handelsschiff oder ein Passagierschiff sein<\/strong>. Ein Schiff, das f\u00fcr das MCV Visum in Frage kommt, kann auch im Besitz einer ausl\u00e4ndischen Regierung sein, die wissenschaftliche Forschung betreibt, oder vom australischen Au\u00dfenministerium einen Sonderstatus als \u00f6ffentliches Schiff erhalten hat.<\/p>\n<p>Denken Sie daran, dass <strong>Sie, wenn Sie mit anderen Mitteln, wie z.B. einem Flug, nach Australien einreisen, zus\u00e4tzlich zum Crewmitglied-Visum auch ein weiteres Visum ben\u00f6tigen<\/strong>. Wenn Sie au\u00dferhalb Ihrer Besch\u00e4ftigung als Crewmitglied auf einem qualifizierten Schiff nach Australien reisen m\u00f6chten, k\u00f6nnen Sie auch den Antrag auf ein Besuchervisum in Betracht ziehen, wenn Sie Australiens Maritime Crew Visum beantragen. Es ist \u00fcblich, dass Besatzungsmitglieder gleichzeitig ein Besuchervisum und ein Seemann-Visum f\u00fcr Australien haben. Dies gilt insbesondere, wenn Sie wissen, dass das Schiff, an dem Sie arbeiten, f\u00fcr einen l\u00e4ngeren Zeitraum in Australien bleiben wird, mit L\u00fccken in Tagen oder Wochen, in denen Sie nicht auf dem Schiff arbeiten m\u00fcssen.<\/p>\n<p><strong>Wenn Sie sich aus Deutschland bewerben, haben Sie keinen Anspruch auf dieses Visum, wenn Sie Mitglied einer Crew auf einer Yacht oder einem Milit\u00e4rschiff sind<\/strong> oder wenn Sie bereits Inhaber eines permanenten australischen Visums sind. Wenn Sie bereits ein Visum f\u00fcr die Arbeit oder den Aufenthalt in Australien haben, sollten Sie dies dem Kapit\u00e4n des Schiffes, f\u00fcr das Sie arbeiten und das nach Australien ein- oder abreisen wird, mitteilen, damit es keine unerwarteten Komplikationen mit Ihrem Besch\u00e4ftigungsstatus gibt.<\/p>\n<p><div class=\"text-right\"><a href=\"\/de\/visa-crew\/\" class=\"btn  px-5 btn-green\">Jetzt bewerben<\/a><\/div><br \/>\n<br style=\"clear: both;\" \/><br style=\"clear: both;\" \/><\/p>\n<h2 id=\"MCV-apply\">Online Maritimes Crew Visum f\u00fcr Australien: Wie man sich bewirbt<\/h2>\n<p><strong>Solange Sie deutscher Staatsb\u00fcrger sind und im Besitz Ihrer grundlegenden Personen- und Ausweisdaten sind, sollten Sie sich keine Sorgen \u00fcber Schwierigkeiten bei der Beantragung des Maritime Crew Visums f\u00fcr Australien machen<\/strong>. Der <a href=\"\/de\/visa-crew\/\">Online Antrag<\/a> f\u00fcr ein MCV Visum ist einfach zug\u00e4nglich und wird mit Ihren pers\u00f6nlichen Daten erg\u00e4nzt. Das Antragsformular f\u00fcr Australiens Maritime Crew Visa fragt nach grundlegenden Informationen \u00fcber Sie und Ihre Besch\u00e4ftigung als Mitglied eines qualifizierten Schiffes.<\/p>\n<p>Als erstes sollten Sie online \u00fcberpr\u00fcfen, ob Sie diese Art von australischem Visum bereits als Teil Ihrer fr\u00fcheren oder aktuellen Besch\u00e4ftigung auf einem qualifizierten Schiff besitzen. Wenn Sie bereits im Besitz eines g\u00fcltigen Visums f\u00fcr diese Art von Arbeit sind, sollten Sie kein zus\u00e4tzliches Visum beantragen, bevor es abgelaufen ist. Dies kann n\u00e4mlich zu Komplikationen bei der Einreise und Besch\u00e4ftigung in Australien f\u00fchren.<\/p>\n<p><strong>Wenn Sie tats\u00e4chlich ein solches Visum ben\u00f6tigen, sammeln Sie alle erforderlichen Arbeits- und Staatsb\u00fcrgerschaftsdokumente, die zusammen mit dem Visumantrag online eingereicht werden m\u00fcssen<\/strong>. Sie ben\u00f6tigen Farbkopien Ihres nationalen Reisepasses, um den Antrag zu stellen, da auch Informationen zur Staatsangeh\u00f6rigkeit anfordert werden, wie z.B. die G\u00fcltigkeitsdaten Ihres Reisepasses und Ihre nationale Passnummer. Wenn Sie Ihren Namen seit der Ausstellung Ihres nationalen Reisepasses ge\u00e4ndert haben, m\u00fcssen Sie auch Dokumente vorlegen, die eine offizielle Aufzeichnung Ihrer Namens\u00e4nderung enthalten, wie beispielsweise eine Heiratsurkunde.<\/p>\n<p>Dar\u00fcber hinaus ben\u00f6tigen Sie ein offizielles Dokument mit einer Erkl\u00e4rung Ihrer Reederei, die Ihre Besch\u00e4ftigungsinformationen enth\u00e4lt. Es sollte auf offiziellem Firmenbriefbogen eingereicht und von der zust\u00e4ndigen Beh\u00f6rde innerhalb der Reederei unterzeichnet werden. Geben Sie die Daten Ihrer Besch\u00e4ftigung und Ihre offizielle Berufsbezeichnung auf dem sich qualifizierenden Schiff an. Das Schreiben sollte auch das Datum der erwarteten Ankunft des Schiffes, an dem Sie in Australien arbeiten werden, und eine ziemlich genaue Sch\u00e4tzung der voraussichtlichen Aufenthaltsdauer des Schiffes im Land enthalten. Wenn das Unternehmen davon ausgeht, dass Sie Ihre Anstellung auf dem Schiff aufgeben werden, bevor das Schiff voraussichtlich Australien verlassen wird, sollte dies auch in dem unterschriebenen Schreiben erl\u00e4utert werden.<\/p>\n<p><strong>Weitere Dokumente, die Sie mit Ihrem Online-Antrag als deutscher Staatsb\u00fcrger f\u00fcr dieses Visum einreichen sollten, sind der Nachweis Ihres h\u00f6chsten erreichten Bildungsniveaus, offizielle Partnerschaftsdokumente zur Darstellung einer Beziehung zu einem Ehepartner, der mit diesem Visum eine Reise nach Australien mit Ihnen beantragt, sowie alle erforderlichen Charakterdokumente<\/strong>. Die Charakterdokumente k\u00f6nnen unter Umst\u00e4nden nur dann notwendig sein, wenn Sie eine offizielle Polizeiaufzeichnung haben oder nachweisen m\u00fcssen, dass Sie aus dem Milit\u00e4r entlassen wurden.<\/p>\n<p>Selbst wenn Sie das gleiche Dokument f\u00fcr mehrere Zwecke in Ihrem Online-Visumantrag verwenden, sollten Sie jedes Dokument nur einmal an Ihren Antrag anh\u00e4ngen. Das Einf\u00fcgen unn\u00f6tiger oder doppelter Dokumente in Ihren Visumantrag kann die Bearbeitungszeit verlangsamen.<\/p>\n<p>Es ist wichtig, sich daran zu erinnern, dass <strong>Sie sich nicht innerhalb Australiens aufhalten sollten, wenn Sie Ihr Seemann-Visum f\u00fcr Australien beantragen<\/strong>. Es ist zwar m\u00f6glich, dass Sie die Entscheidung der australischen Regierung \u00fcber Ihr Visum erhalten, wenn Sie sich physisch innerhalb Australiens befinden, <strong>Sie haben aber w\u00e4hrend Ihres Aufenthalts im Land keinen Anspruch auf dieses Visum<\/strong>.<\/p>\n<p><div class=\"text-right\"><a href=\"\/de\/visa-crew\/\" class=\"btn  px-5 btn-green\">Jetzt bewerben<\/a><\/div><br \/>\n<br style=\"clear: both;\" \/><br style=\"clear: both;\" \/><\/p>\n<h2 id=\"MCV-application-process\">MCV Visum &#8211; Antragsverfahren aus Deutschland<\/h2>\n<p>Nun wissen Sie also, wie man Schritt f\u00fcr Schritt das MCV Visum f\u00fcr Australien beantragt. Hier finden Sie noch mehr Informationen dar\u00fcber, was Sie w\u00e4hrend<strong> des Antragsprozesses und des Wartens auf Ihr Maritime Crew Visum<\/strong>, das<strong> von der australischen Regierung bewilligt werden muss, <\/strong>erwarten sollten. Sie sollten das MCV Visum <a href=\"\/de\/visa-crew\/\"><strong>online beantragen<\/strong><\/a>, um <strong>die schnellstm\u00f6gliche Bearbeitung und die sichersten Ergebnisse<\/strong> zu erzielen.<\/p>\n<p>Nachdem Ihr Visumantrag offiziell online eingereicht wurde, wird er <strong>vom Innenministerium der australischen Regierung gepr\u00fcft<\/strong>. Nach seiner Bearbeitung erhalten Sie eine schriftliche Entscheidung der australischen Regierung.<\/p>\n<p>Wenn Ihnen das Visum erteilt wird, erfahren Sie die Ihnen zugewiesene<strong> offizielle MCV-Visumnummer <\/strong>sowie die Daten, f\u00fcr die Ihr Visum g\u00fcltig ist. Wenn es noch weitere zus\u00e4tzliche Bedingungen geben sollte als die, die regelm\u00e4\u00dfig ein Seemann-Visum f\u00fcr Australien begleiten, was aber sehr selten vorkommt, werden diese zu diesem Zeitpunkt von der Regierung schriftlich mitgeteilt.<\/p>\n<p><strong>Wenn die australische Regierung (Einwanderungsbeh\u00f6rde) beschlie\u00dft, Ihrem Visumantrag nicht zuzustimmen, werden Sie ebenfalls schriftlich \u00fcber diese Entscheidung informiert<\/strong>. Die Regierung wird Ihnen den offiziellen Grund f\u00fcr die Ablehnung Ihres Visumantrags mitteilen. Es ist empfehlenswert, dieses Visum zu beantragen, sobald Sie best\u00e4tigt haben, dass Ihr Besch\u00e4ftigungsstatus diese Art von Visum erfordert, so dass Sie gen\u00fcgend Zeit haben, eventuelle Fehler zu korrigieren oder zus\u00e4tzliche Informationen zu liefern, falls Ihr Visumantrag von der Regierung abgelehnt wird.<\/p>\n<p><div class=\"text-right\"><a href=\"\/de\/visa-crew\/\" class=\"btn  px-5 btn-green\">Jetzt bewerben<\/a><\/div><br \/>\n<br style=\"clear: both;\" \/><\/p>\n<h2 id=\"MCV-processing-time\">Bearbeitungsdauer der australischen MCV Visums<\/h2>\n<p>Es gibt zwar keine definitive Frist, bis zu der ein Antragsteller sicher sein kann, dass sein MCV-Antrag bearbeitet wird, aber <strong>die Bearbeitungszeit des MCV Visums betr\u00e4gt in der Regel vier Tage<\/strong>. Viele Antr\u00e4ge auf die Maritime Crew Visa f\u00fcr Australien werden jedoch innerhalb von nur zwei Tagen bearbeitet.<\/p>\n<p>Der beste Weg, um sicherzustellen, dass es keine Verz\u00f6gerungen bei der Bearbeitung Ihres MCV-Antrags geben wird, besteht darin, <strong>alle Anweisungen zu der Antragstellung sorgf\u00e4ltig zu lesen und alle erforderlichen Informationen<\/strong> bei der ersten Einreichung <strong>zu liefern<\/strong>. <strong>Fehler beim Ausf\u00fcllen der Online-Bewerbung f\u00fcr ein MCV Visum k\u00f6nnen die gesamte Bearbeitungszeit unn\u00f6tig verz\u00f6gern<\/strong>.<\/p>\n<p>Wenn Sie mehr als einen Monat gewartet haben, um von der australischen Regierung Informationen \u00fcber den Status Ihres MCV-Visums zu erhalten, sollten Sie <a href=\"\/de\/kontaktiere-uns\/\">uns kontaktieren<\/a>.<\/p>\n<div class=\"text-right\"><a href=\"\/de\/visa-crew\/\" class=\"btn  px-5 btn-green\">Jetzt bewerben<\/a><\/div>\n<h2 id=\"MCV-cost\">Kosten f\u00fcr Australiens Maritime Crew Visum (MCV)<\/h2>\n<p><strong>Die Kosten f\u00fcr die Beantragung eines MCV Visums f\u00fcr Australien betragen <span class=\"woocommerce-Price-amount amount\"><bdi><span class=\"woocommerce-Price-currencySymbol\">&euro;<\/span>98,00<\/bdi><\/span><\/strong>. Um Ihren Antrag auf das Maritime Crew Visum f\u00fcr Australien einzureichen und es zu bearbeiten, ist die MCV-Online-Zahlung ist erforderlich: Sie m\u00fcssen f\u00fcr jedes Familienmitglied, das w\u00e4hrend Ihrer Besch\u00e4ftigung auf einem Schiff mit Ihnen nach Australien reist, separat ein Visumantragsformular einreichen. Diese Antr\u00e4ge sollten zusammen mit Ihrem individuellen Visumantrag abgegeben werden, um Verwirrung und Verz\u00f6gerungen bei der Bearbeitung durch die australische Regierung zu vermeiden.<\/p>\n<div class=\"text-right\"><a href=\"\/de\/visa-crew\/\" class=\"btn  px-5 btn-green\">Jetzt bewerben<\/a><\/div>\n","protected":false},"excerpt":{"rendered":"<p>&#8222;MCV&#8220; Seemann-Visum &#8211; Unterklasse 988) F\u00fcr diejenigen, die sich fragen, was ein MCV Visum (auch bekannt als Maritime Crew Visum) [&#8230;]<\/p>\n<p><a class=\"btn btn-secondary understrap-read-more-link\" href=\"https:\/\/auvisa.org\/de\/mcv-maritime-crew-visa-australien\/\">Weiterlesen\u00a0\u2026<span class=\"screen-reader-text\"> from Maritime Crew Visa f\u00fcr Australien &#8211; Deutsche Staatsangeh\u00f6rige<\/span><\/a><\/p>\n","protected":false},"author":4,"featured_media":0,"parent":0,"menu_order":5,"comment_status":"closed","ping_status":"closed","template":"templates\/tpl_spiegazione.php","meta":{"inline_featured_image":false,"footnotes":""},"class_list":["post-2712","page","type-page","status-publish","hentry"],"yoast_head":"<!-- This site is optimized with the Yoast SEO plugin v26.9 - https:\/\/yoast.com\/product\/yoast-seo-wordpress\/ -->\n<title>Australisches MCV-Visum - Seemann-Visum Online<\/title>\n<meta name=\"description\" content=\"MCV (Maritime Crew Visa) f\u00fcr Australien: Kosten, Anforderungen und schnelles Online-Antragsformular f\u00fcr Seemann-Visa (deutsche Staatsb\u00fcrger).\" \/>\n<meta name=\"robots\" content=\"index, follow, max-snippet:-1, max-image-preview:large, max-video-preview:-1\" \/>\n<link rel=\"canonical\" href=\"https:\/\/auvisa.org\/de\/mcv-maritime-crew-visa-australien\/\" \/>\n<meta property=\"og:locale\" content=\"de_DE\" \/>\n<meta property=\"og:type\" content=\"article\" \/>\n<meta property=\"og:title\" content=\"Australisches MCV-Visum - Seemann-Visum Online\" \/>\n<meta property=\"og:description\" content=\"MCV (Maritime Crew Visa) f\u00fcr Australien: Kosten, Anforderungen und schnelles Online-Antragsformular f\u00fcr Seemann-Visa (deutsche Staatsb\u00fcrger).\" \/>\n<meta property=\"og:url\" content=\"https:\/\/auvisa.org\/de\/mcv-maritime-crew-visa-australien\/\" \/>\n<meta property=\"og:site_name\" content=\"Auvisa.org\" \/>\n<meta property=\"article:modified_time\" content=\"2023-07-12T09:57:33+00:00\" \/>\n<meta name=\"twitter:card\" content=\"summary_large_image\" \/>\n<meta name=\"twitter:label1\" content=\"Gesch\u00e4tzte Lesezeit\" \/>\n\t<meta name=\"twitter:data1\" content=\"11\u00a0Minuten\" \/>\n<script type=\"application\/ld+json\" class=\"yoast-schema-graph\">{\"@context\":\"https:\/\/schema.org\",\"@graph\":[{\"@type\":\"WebPage\",\"@id\":\"https:\/\/auvisa.org\/de\/mcv-maritime-crew-visa-australien\/\",\"url\":\"https:\/\/auvisa.org\/de\/mcv-maritime-crew-visa-australien\/\",\"name\":\"Australisches MCV-Visum - Seemann-Visum Online\",\"isPartOf\":{\"@id\":\"https:\/\/auvisa.org\/de\/#website\"},\"datePublished\":\"2020-07-26T13:35:18+00:00\",\"dateModified\":\"2023-07-12T09:57:33+00:00\",\"description\":\"MCV (Maritime Crew Visa) f\u00fcr Australien: Kosten, Anforderungen und schnelles Online-Antragsformular f\u00fcr Seemann-Visa (deutsche Staatsb\u00fcrger).\",\"breadcrumb\":{\"@id\":\"https:\/\/auvisa.org\/de\/mcv-maritime-crew-visa-australien\/#breadcrumb\"},\"inLanguage\":\"de\",\"potentialAction\":[{\"@type\":\"ReadAction\",\"target\":[\"https:\/\/auvisa.org\/de\/mcv-maritime-crew-visa-australien\/\"]}]},{\"@type\":\"BreadcrumbList\",\"@id\":\"https:\/\/auvisa.org\/de\/mcv-maritime-crew-visa-australien\/#breadcrumb\",\"itemListElement\":[{\"@type\":\"ListItem\",\"position\":1,\"name\":\"Home\",\"item\":\"https:\/\/auvisa.org\/de\/\"},{\"@type\":\"ListItem\",\"position\":2,\"name\":\"Maritime Crew Visa f\u00fcr Australien &#8211; Deutsche Staatsangeh\u00f6rige\"}]},{\"@type\":\"WebSite\",\"@id\":\"https:\/\/auvisa.org\/de\/#website\",\"url\":\"https:\/\/auvisa.org\/de\/\",\"name\":\"Auvisa.org\",\"description\":\"\",\"inLanguage\":\"de\"}]}<\/script>\n<!-- \/ Yoast SEO plugin. -->","yoast_head_json":{"title":"Australisches MCV-Visum - Seemann-Visum Online","description":"MCV (Maritime Crew Visa) f\u00fcr Australien: Kosten, Anforderungen und schnelles Online-Antragsformular f\u00fcr Seemann-Visa (deutsche Staatsb\u00fcrger).","robots":{"index":"index","follow":"follow","max-snippet":"max-snippet:-1","max-image-preview":"max-image-preview:large","max-video-preview":"max-video-preview:-1"},"canonical":"https:\/\/auvisa.org\/de\/mcv-maritime-crew-visa-australien\/","og_locale":"de_DE","og_type":"article","og_title":"Australisches MCV-Visum - Seemann-Visum Online","og_description":"MCV (Maritime Crew Visa) f\u00fcr Australien: Kosten, Anforderungen und schnelles Online-Antragsformular f\u00fcr Seemann-Visa (deutsche Staatsb\u00fcrger).","og_url":"https:\/\/auvisa.org\/de\/mcv-maritime-crew-visa-australien\/","og_site_name":"Auvisa.org","article_modified_time":"2023-07-12T09:57:33+00:00","twitter_card":"summary_large_image","twitter_misc":{"Gesch\u00e4tzte Lesezeit":"11\u00a0Minuten"},"schema":{"@context":"https:\/\/schema.org","@graph":[{"@type":"WebPage","@id":"https:\/\/auvisa.org\/de\/mcv-maritime-crew-visa-australien\/","url":"https:\/\/auvisa.org\/de\/mcv-maritime-crew-visa-australien\/","name":"Australisches MCV-Visum - Seemann-Visum Online","isPartOf":{"@id":"https:\/\/auvisa.org\/de\/#website"},"datePublished":"2020-07-26T13:35:18+00:00","dateModified":"2023-07-12T09:57:33+00:00","description":"MCV (Maritime Crew Visa) f\u00fcr Australien: Kosten, Anforderungen und schnelles Online-Antragsformular f\u00fcr Seemann-Visa (deutsche Staatsb\u00fcrger).","breadcrumb":{"@id":"https:\/\/auvisa.org\/de\/mcv-maritime-crew-visa-australien\/#breadcrumb"},"inLanguage":"de","potentialAction":[{"@type":"ReadAction","target":["https:\/\/auvisa.org\/de\/mcv-maritime-crew-visa-australien\/"]}]},{"@type":"BreadcrumbList","@id":"https:\/\/auvisa.org\/de\/mcv-maritime-crew-visa-australien\/#breadcrumb","itemListElement":[{"@type":"ListItem","position":1,"name":"Home","item":"https:\/\/auvisa.org\/de\/"},{"@type":"ListItem","position":2,"name":"Maritime Crew Visa f\u00fcr Australien &#8211; Deutsche Staatsangeh\u00f6rige"}]},{"@type":"WebSite","@id":"https:\/\/auvisa.org\/de\/#website","url":"https:\/\/auvisa.org\/de\/","name":"Auvisa.org","description":"","inLanguage":"de"}]}},"_links":{"self":[{"href":"https:\/\/auvisa.org\/de\/wp-json\/wp\/v2\/pages\/2712","targetHints":{"allow":["GET"]}}],"collection":[{"href":"https:\/\/auvisa.org\/de\/wp-json\/wp\/v2\/pages"}],"about":[{"href":"https:\/\/auvisa.org\/de\/wp-json\/wp\/v2\/types\/page"}],"author":[{"embeddable":true,"href":"https:\/\/auvisa.org\/de\/wp-json\/wp\/v2\/users\/4"}],"replies":[{"embeddable":true,"href":"https:\/\/auvisa.org\/de\/wp-json\/wp\/v2\/comments?post=2712"}],"version-history":[{"count":8,"href":"https:\/\/auvisa.org\/de\/wp-json\/wp\/v2\/pages\/2712\/revisions"}],"predecessor-version":[{"id":21090,"href":"https:\/\/auvisa.org\/de\/wp-json\/wp\/v2\/pages\/2712\/revisions\/21090"}],"wp:attachment":[{"href":"https:\/\/auvisa.org\/de\/wp-json\/wp\/v2\/media?parent=2712"}],"curies":[{"name":"wp","href":"https:\/\/api.w.org\/{rel}","templated":true}]}}