{"id":2808,"date":"2020-07-29T13:54:02","date_gmt":"2020-07-29T13:54:02","guid":{"rendered":"https:\/\/auvisa.org\/de\/?page_id=2808"},"modified":"2023-08-11T14:17:32","modified_gmt":"2023-08-11T12:17:32","slug":"australisches-zweites-working-holiday-visum-deutschland","status":"publish","type":"page","link":"https:\/\/auvisa.org\/de\/australisches-zweites-working-holiday-visum-deutschland\/","title":{"rendered":"Australisches Zweites Working Holiday Visum (Deutschland)"},"content":{"rendered":"\n<h2 class=\"wp-block-heading\" id=\"read-more\">Weitere Informationen zu Visa f\u00fcr den zweiten Arbeitsfeiertag<\/h2>\n\n\n\n<p>Sie k\u00f6nnen ein zweites Working Holiday Visum beantragen, wenn Sie bestimmte Voraussetzungen erf\u00fcllen:<\/p>\n\n\n\n<ul class=\"wp-block-list\"><li>Alles, was f\u00fcr <a href=\"\/de\/australisches-working-holiday\/\">das erste Working Holiday Visum<\/a> gilt, plus:<ul><li>alle Bedingungen f\u00fcr Ihr erstes Working Holiday Visum erf\u00fcllt haben<\/li><li>zuvor nicht mehr als ein Working Holiday Visum erhalten haben<\/li><li>drei Monate lang mit Ihrem ersten Working Holiday-Visum <a href=\"\/de\/australisches-working-holiday\/#specified\">bestimmte Arbeit<\/a> in regionalen Gebieten Australiens geleistet haben.<\/li><\/ul><\/li><\/ul>\n\n\n\n<p>Wenn Sie sich derzeit mit Ihrem ersten Working Holiday-Visum in Australien befinden und im Land bleiben m\u00f6chten, sollten Sie <strong>das zweite Working Holiday-Visum beantragen, bevor das erste abl\u00e4uft<\/strong>.<\/p>\n\n\n\n<p>&#8222;Spezifizierte Arbeit&#8220; ist eine Arbeit, die in <strong>einer Reihe von spezifizierten Arbeitspl\u00e4tzen oder Branchen und Regionen<\/strong> ausgef\u00fchrt wird, einschlie\u00dflich:<\/p>\n\n\n\n<ul class=\"wp-block-list\"><li><strong>Fischen und Perlenfischen <\/strong>in Nordaustralien<\/li><li><strong>Baumzucht <\/strong>und -f\u00e4llung in Nordaustralien<\/li><li><strong>Tourismus und Gastfreundschaft <\/strong>in Nordaustralien<\/li><li><strong>Pflanzen- und Tieranbau <\/strong>in Nordaustralien und anderen spezifizierten Regionen<\/li><\/ul>\n\n\n\n<p>Weitere Informationen zu bestimmten Stellen finden Sie im <a href=\"\/de\/australisches-working-holiday\/#specified\" title=\"\/de\/australisches-working-holiday\/\">speziellen Abschnitt \u00fcber das Working Holiday Visa<\/a>.<\/p>\n\n\n\n<div class=\"text-right\"><a href=\"\/de\/visa-workingsecond\/\" class=\"btn  px-5 btn-green\">Jetzt bewerben<\/a><\/div>\n","protected":false},"excerpt":{"rendered":"<p>Weitere Informationen zu Visa f\u00fcr den zweiten Arbeitsfeiertag Sie k\u00f6nnen ein zweites Working Holiday Visum beantragen, wenn Sie bestimmte Voraussetzungen [&#8230;]<\/p>\n<p><a class=\"btn btn-secondary understrap-read-more-link\" href=\"https:\/\/auvisa.org\/de\/australisches-zweites-working-holiday-visum-deutschland\/\">Weiterlesen\u00a0\u2026<span class=\"screen-reader-text\"> from Australisches Zweites Working Holiday Visum (Deutschland)<\/span><\/a><\/p>\n","protected":false},"author":4,"featured_media":0,"parent":0,"menu_order":2,"comment_status":"closed","ping_status":"open","template":"templates\/tpl_spiegazione.php","meta":{"inline_featured_image":false,"footnotes":""},"class_list":["post-2808","page","type-page","status-publish","hentry"],"yoast_head":"<!-- This site is optimized with the Yoast SEO plugin v26.9 - https:\/\/yoast.com\/product\/yoast-seo-wordpress\/ -->\n<title>Australisches Zweites Working Holiday Visum f\u00fcr deutsche Staatsb\u00fcrger<\/title>\n<meta name=\"description\" content=\"Ein zweites Working Holiday Visum ist f\u00fcr diejenigen, denen ein Working Holiday Visum gew\u00e4hrt wurde und die ihren Aufenthalt in Australien verl\u00e4ngern m\u00f6chten. Beantragen Sie das Visum online.\" \/>\n<meta name=\"robots\" content=\"index, follow, max-snippet:-1, max-image-preview:large, max-video-preview:-1\" \/>\n<link rel=\"canonical\" href=\"https:\/\/auvisa.org\/de\/australisches-zweites-working-holiday-visum-deutschland\/\" \/>\n<meta property=\"og:locale\" content=\"de_DE\" \/>\n<meta property=\"og:type\" content=\"article\" \/>\n<meta property=\"og:title\" content=\"Australisches Zweites Working Holiday Visum f\u00fcr deutsche Staatsb\u00fcrger\" \/>\n<meta property=\"og:description\" content=\"Ein zweites Working Holiday Visum ist f\u00fcr diejenigen, denen ein Working Holiday Visum gew\u00e4hrt wurde und die ihren Aufenthalt in Australien verl\u00e4ngern m\u00f6chten. Beantragen Sie das Visum online.\" \/>\n<meta property=\"og:url\" content=\"https:\/\/auvisa.org\/de\/australisches-zweites-working-holiday-visum-deutschland\/\" \/>\n<meta property=\"og:site_name\" content=\"Auvisa.org\" \/>\n<meta property=\"article:modified_time\" content=\"2023-08-11T12:17:32+00:00\" \/>\n<meta name=\"twitter:card\" content=\"summary_large_image\" \/>\n<meta name=\"twitter:label1\" content=\"Gesch\u00e4tzte Lesezeit\" \/>\n\t<meta name=\"twitter:data1\" content=\"1\u00a0Minute\" \/>\n<script type=\"application\/ld+json\" class=\"yoast-schema-graph\">{\"@context\":\"https:\/\/schema.org\",\"@graph\":[{\"@type\":\"WebPage\",\"@id\":\"https:\/\/auvisa.org\/de\/australisches-zweites-working-holiday-visum-deutschland\/\",\"url\":\"https:\/\/auvisa.org\/de\/australisches-zweites-working-holiday-visum-deutschland\/\",\"name\":\"Australisches Zweites Working Holiday Visum f\u00fcr deutsche Staatsb\u00fcrger\",\"isPartOf\":{\"@id\":\"https:\/\/auvisa.org\/de\/#website\"},\"datePublished\":\"2020-07-29T13:54:02+00:00\",\"dateModified\":\"2023-08-11T12:17:32+00:00\",\"description\":\"Ein zweites Working Holiday Visum ist f\u00fcr diejenigen, denen ein Working Holiday Visum gew\u00e4hrt wurde und die ihren Aufenthalt in Australien verl\u00e4ngern m\u00f6chten. Beantragen Sie das Visum online.\",\"breadcrumb\":{\"@id\":\"https:\/\/auvisa.org\/de\/australisches-zweites-working-holiday-visum-deutschland\/#breadcrumb\"},\"inLanguage\":\"de\",\"potentialAction\":[{\"@type\":\"ReadAction\",\"target\":[\"https:\/\/auvisa.org\/de\/australisches-zweites-working-holiday-visum-deutschland\/\"]}]},{\"@type\":\"BreadcrumbList\",\"@id\":\"https:\/\/auvisa.org\/de\/australisches-zweites-working-holiday-visum-deutschland\/#breadcrumb\",\"itemListElement\":[{\"@type\":\"ListItem\",\"position\":1,\"name\":\"Home\",\"item\":\"https:\/\/auvisa.org\/de\/\"},{\"@type\":\"ListItem\",\"position\":2,\"name\":\"Australisches Zweites Working Holiday Visum (Deutschland)\"}]},{\"@type\":\"WebSite\",\"@id\":\"https:\/\/auvisa.org\/de\/#website\",\"url\":\"https:\/\/auvisa.org\/de\/\",\"name\":\"Auvisa.org\",\"description\":\"\",\"inLanguage\":\"de\"}]}<\/script>\n<!-- \/ Yoast SEO plugin. -->","yoast_head_json":{"title":"Australisches Zweites Working Holiday Visum f\u00fcr deutsche Staatsb\u00fcrger","description":"Ein zweites Working Holiday Visum ist f\u00fcr diejenigen, denen ein Working Holiday Visum gew\u00e4hrt wurde und die ihren Aufenthalt in Australien verl\u00e4ngern m\u00f6chten. Beantragen Sie das Visum online.","robots":{"index":"index","follow":"follow","max-snippet":"max-snippet:-1","max-image-preview":"max-image-preview:large","max-video-preview":"max-video-preview:-1"},"canonical":"https:\/\/auvisa.org\/de\/australisches-zweites-working-holiday-visum-deutschland\/","og_locale":"de_DE","og_type":"article","og_title":"Australisches Zweites Working Holiday Visum f\u00fcr deutsche Staatsb\u00fcrger","og_description":"Ein zweites Working Holiday Visum ist f\u00fcr diejenigen, denen ein Working Holiday Visum gew\u00e4hrt wurde und die ihren Aufenthalt in Australien verl\u00e4ngern m\u00f6chten. Beantragen Sie das Visum online.","og_url":"https:\/\/auvisa.org\/de\/australisches-zweites-working-holiday-visum-deutschland\/","og_site_name":"Auvisa.org","article_modified_time":"2023-08-11T12:17:32+00:00","twitter_card":"summary_large_image","twitter_misc":{"Gesch\u00e4tzte Lesezeit":"1\u00a0Minute"},"schema":{"@context":"https:\/\/schema.org","@graph":[{"@type":"WebPage","@id":"https:\/\/auvisa.org\/de\/australisches-zweites-working-holiday-visum-deutschland\/","url":"https:\/\/auvisa.org\/de\/australisches-zweites-working-holiday-visum-deutschland\/","name":"Australisches Zweites Working Holiday Visum f\u00fcr deutsche Staatsb\u00fcrger","isPartOf":{"@id":"https:\/\/auvisa.org\/de\/#website"},"datePublished":"2020-07-29T13:54:02+00:00","dateModified":"2023-08-11T12:17:32+00:00","description":"Ein zweites Working Holiday Visum ist f\u00fcr diejenigen, denen ein Working Holiday Visum gew\u00e4hrt wurde und die ihren Aufenthalt in Australien verl\u00e4ngern m\u00f6chten. Beantragen Sie das Visum online.","breadcrumb":{"@id":"https:\/\/auvisa.org\/de\/australisches-zweites-working-holiday-visum-deutschland\/#breadcrumb"},"inLanguage":"de","potentialAction":[{"@type":"ReadAction","target":["https:\/\/auvisa.org\/de\/australisches-zweites-working-holiday-visum-deutschland\/"]}]},{"@type":"BreadcrumbList","@id":"https:\/\/auvisa.org\/de\/australisches-zweites-working-holiday-visum-deutschland\/#breadcrumb","itemListElement":[{"@type":"ListItem","position":1,"name":"Home","item":"https:\/\/auvisa.org\/de\/"},{"@type":"ListItem","position":2,"name":"Australisches Zweites Working Holiday Visum (Deutschland)"}]},{"@type":"WebSite","@id":"https:\/\/auvisa.org\/de\/#website","url":"https:\/\/auvisa.org\/de\/","name":"Auvisa.org","description":"","inLanguage":"de"}]}},"_links":{"self":[{"href":"https:\/\/auvisa.org\/de\/wp-json\/wp\/v2\/pages\/2808","targetHints":{"allow":["GET"]}}],"collection":[{"href":"https:\/\/auvisa.org\/de\/wp-json\/wp\/v2\/pages"}],"about":[{"href":"https:\/\/auvisa.org\/de\/wp-json\/wp\/v2\/types\/page"}],"author":[{"embeddable":true,"href":"https:\/\/auvisa.org\/de\/wp-json\/wp\/v2\/users\/4"}],"replies":[{"embeddable":true,"href":"https:\/\/auvisa.org\/de\/wp-json\/wp\/v2\/comments?post=2808"}],"version-history":[{"count":13,"href":"https:\/\/auvisa.org\/de\/wp-json\/wp\/v2\/pages\/2808\/revisions"}],"predecessor-version":[{"id":2846,"href":"https:\/\/auvisa.org\/de\/wp-json\/wp\/v2\/pages\/2808\/revisions\/2846"}],"wp:attachment":[{"href":"https:\/\/auvisa.org\/de\/wp-json\/wp\/v2\/media?parent=2808"}],"curies":[{"name":"wp","href":"https:\/\/api.w.org\/{rel}","templated":true}]}}