{"id":2822,"date":"2020-07-30T08:26:11","date_gmt":"2020-07-30T08:26:11","guid":{"rendered":"https:\/\/auvisa.org\/de\/?page_id=2822"},"modified":"2023-08-11T14:17:15","modified_gmt":"2023-08-11T12:17:15","slug":"australisches-zeitarbeits-visum","status":"publish","type":"page","link":"https:\/\/auvisa.org\/de\/australisches-zeitarbeits-visum\/","title":{"rendered":"Australisches Zeitarbeits- Visum (Deutschland)"},"content":{"rendered":"\n<h2 class=\"wp-block-heading\" id=\"read-more\">Australiens Zeitarbeitsvisum f\u00fcr deutsche Staatsb\u00fcrger<\/h2>\n\n\n\n<p>Dieses Visum ist f\u00fcr Personen, die sich nach Australien begeben, um eine zeitweilige Arbeit zu t\u00e4tigen. Das Visum kann f\u00fcr bis zu drei Monaten erteilt werden.<\/p>\n\n\n\n<p>Sie k\u00f6nnen dieses Visum beantragen wenn Sie:<\/p>\n\n\n\n<ul class=\"wp-block-list\"><li>sich ausserhalb Australiens befinden<\/li><li>kurzfristig, hoch spezialisierte Zeitarbeit, verrichten<\/li><li>an kulturellen oder sozialen Veranstaltung teilnehmen<\/li><li>an Aktivit\u00e4ten teilnehmen oder in Bezug auf Australien\u2019s Interessen arbeiten<\/li><\/ul>\n\n\n\n<p>Um den Antrag zu stellen, m\u00fcssen Sie von der Organisation, f\u00fcr die Sie arbeiten werden, eingeladen sein. <\/p>\n\n\n\n<p>Sie m\u00fcssen au\u00dferdem besondere Eigenschaften oder einen Arbeitsvertrag f\u00fcr die Arbeit haben, die Sie verrichten werden, besitzen. Verschiedene Unterlagen f\u00fcr die Bewerbung m\u00fcssen vorgelegt werden.<\/p>\n\n\n\n<div class=\"text-right\"><a href=\"\/de\/visa-temporary\/\" class=\"btn  px-5 btn-green\">Jetzt bewerben<\/a><\/div>\n","protected":false},"excerpt":{"rendered":"<p>Australiens Zeitarbeitsvisum f\u00fcr deutsche Staatsb\u00fcrger Dieses Visum ist f\u00fcr Personen, die sich nach Australien begeben, um eine zeitweilige Arbeit zu [&#8230;]<\/p>\n<p><a class=\"btn btn-secondary understrap-read-more-link\" href=\"https:\/\/auvisa.org\/de\/australisches-zeitarbeits-visum\/\">Weiterlesen\u00a0\u2026<span class=\"screen-reader-text\"> from Australisches Zeitarbeits- Visum (Deutschland)<\/span><\/a><\/p>\n","protected":false},"author":4,"featured_media":0,"parent":0,"menu_order":6,"comment_status":"closed","ping_status":"open","template":"templates\/tpl_spiegazione.php","meta":{"inline_featured_image":false,"footnotes":""},"class_list":["post-2822","page","type-page","status-publish","hentry"],"yoast_head":"<!-- This site is optimized with the Yoast SEO plugin v26.9 - https:\/\/yoast.com\/product\/yoast-seo-wordpress\/ -->\n<title>Australisches Zeitarbeits-Visum (Deutschland): Jetzt beantragen<\/title>\n<meta name=\"description\" content=\"Ein australisches Zeitarbeitsvisum (Unterklasse 400) ist f\u00fcr deutsche Staatsb\u00fcrger, die nach Australien gehen werden, um dort hochspezialisierte Zeitarbeit zu verrichten.\" \/>\n<meta name=\"robots\" content=\"index, follow, max-snippet:-1, max-image-preview:large, max-video-preview:-1\" \/>\n<link rel=\"canonical\" href=\"https:\/\/auvisa.org\/de\/australisches-zeitarbeits-visum\/\" \/>\n<meta property=\"og:locale\" content=\"de_DE\" \/>\n<meta property=\"og:type\" content=\"article\" \/>\n<meta property=\"og:title\" content=\"Australisches Zeitarbeits-Visum (Deutschland): Jetzt beantragen\" \/>\n<meta property=\"og:description\" content=\"Ein australisches Zeitarbeitsvisum (Unterklasse 400) ist f\u00fcr deutsche Staatsb\u00fcrger, die nach Australien gehen werden, um dort hochspezialisierte Zeitarbeit zu verrichten.\" \/>\n<meta property=\"og:url\" content=\"https:\/\/auvisa.org\/de\/australisches-zeitarbeits-visum\/\" \/>\n<meta property=\"og:site_name\" content=\"Auvisa.org\" \/>\n<meta property=\"article:modified_time\" content=\"2023-08-11T12:17:15+00:00\" \/>\n<meta name=\"twitter:card\" content=\"summary_large_image\" \/>\n<meta name=\"twitter:label1\" content=\"Gesch\u00e4tzte Lesezeit\" \/>\n\t<meta name=\"twitter:data1\" content=\"1\u00a0Minute\" \/>\n<script type=\"application\/ld+json\" class=\"yoast-schema-graph\">{\"@context\":\"https:\/\/schema.org\",\"@graph\":[{\"@type\":\"WebPage\",\"@id\":\"https:\/\/auvisa.org\/de\/australisches-zeitarbeits-visum\/\",\"url\":\"https:\/\/auvisa.org\/de\/australisches-zeitarbeits-visum\/\",\"name\":\"Australisches Zeitarbeits-Visum (Deutschland): Jetzt beantragen\",\"isPartOf\":{\"@id\":\"https:\/\/auvisa.org\/de\/#website\"},\"datePublished\":\"2020-07-30T08:26:11+00:00\",\"dateModified\":\"2023-08-11T12:17:15+00:00\",\"description\":\"Ein australisches Zeitarbeitsvisum (Unterklasse 400) ist f\u00fcr deutsche Staatsb\u00fcrger, die nach Australien gehen werden, um dort hochspezialisierte Zeitarbeit zu verrichten.\",\"breadcrumb\":{\"@id\":\"https:\/\/auvisa.org\/de\/australisches-zeitarbeits-visum\/#breadcrumb\"},\"inLanguage\":\"de\",\"potentialAction\":[{\"@type\":\"ReadAction\",\"target\":[\"https:\/\/auvisa.org\/de\/australisches-zeitarbeits-visum\/\"]}]},{\"@type\":\"BreadcrumbList\",\"@id\":\"https:\/\/auvisa.org\/de\/australisches-zeitarbeits-visum\/#breadcrumb\",\"itemListElement\":[{\"@type\":\"ListItem\",\"position\":1,\"name\":\"Home\",\"item\":\"https:\/\/auvisa.org\/de\/\"},{\"@type\":\"ListItem\",\"position\":2,\"name\":\"Australisches Zeitarbeits- Visum (Deutschland)\"}]},{\"@type\":\"WebSite\",\"@id\":\"https:\/\/auvisa.org\/de\/#website\",\"url\":\"https:\/\/auvisa.org\/de\/\",\"name\":\"Auvisa.org\",\"description\":\"\",\"inLanguage\":\"de\"}]}<\/script>\n<!-- \/ Yoast SEO plugin. -->","yoast_head_json":{"title":"Australisches Zeitarbeits-Visum (Deutschland): Jetzt beantragen","description":"Ein australisches Zeitarbeitsvisum (Unterklasse 400) ist f\u00fcr deutsche Staatsb\u00fcrger, die nach Australien gehen werden, um dort hochspezialisierte Zeitarbeit zu verrichten.","robots":{"index":"index","follow":"follow","max-snippet":"max-snippet:-1","max-image-preview":"max-image-preview:large","max-video-preview":"max-video-preview:-1"},"canonical":"https:\/\/auvisa.org\/de\/australisches-zeitarbeits-visum\/","og_locale":"de_DE","og_type":"article","og_title":"Australisches Zeitarbeits-Visum (Deutschland): Jetzt beantragen","og_description":"Ein australisches Zeitarbeitsvisum (Unterklasse 400) ist f\u00fcr deutsche Staatsb\u00fcrger, die nach Australien gehen werden, um dort hochspezialisierte Zeitarbeit zu verrichten.","og_url":"https:\/\/auvisa.org\/de\/australisches-zeitarbeits-visum\/","og_site_name":"Auvisa.org","article_modified_time":"2023-08-11T12:17:15+00:00","twitter_card":"summary_large_image","twitter_misc":{"Gesch\u00e4tzte Lesezeit":"1\u00a0Minute"},"schema":{"@context":"https:\/\/schema.org","@graph":[{"@type":"WebPage","@id":"https:\/\/auvisa.org\/de\/australisches-zeitarbeits-visum\/","url":"https:\/\/auvisa.org\/de\/australisches-zeitarbeits-visum\/","name":"Australisches Zeitarbeits-Visum (Deutschland): Jetzt beantragen","isPartOf":{"@id":"https:\/\/auvisa.org\/de\/#website"},"datePublished":"2020-07-30T08:26:11+00:00","dateModified":"2023-08-11T12:17:15+00:00","description":"Ein australisches Zeitarbeitsvisum (Unterklasse 400) ist f\u00fcr deutsche Staatsb\u00fcrger, die nach Australien gehen werden, um dort hochspezialisierte Zeitarbeit zu verrichten.","breadcrumb":{"@id":"https:\/\/auvisa.org\/de\/australisches-zeitarbeits-visum\/#breadcrumb"},"inLanguage":"de","potentialAction":[{"@type":"ReadAction","target":["https:\/\/auvisa.org\/de\/australisches-zeitarbeits-visum\/"]}]},{"@type":"BreadcrumbList","@id":"https:\/\/auvisa.org\/de\/australisches-zeitarbeits-visum\/#breadcrumb","itemListElement":[{"@type":"ListItem","position":1,"name":"Home","item":"https:\/\/auvisa.org\/de\/"},{"@type":"ListItem","position":2,"name":"Australisches Zeitarbeits- Visum (Deutschland)"}]},{"@type":"WebSite","@id":"https:\/\/auvisa.org\/de\/#website","url":"https:\/\/auvisa.org\/de\/","name":"Auvisa.org","description":"","inLanguage":"de"}]}},"_links":{"self":[{"href":"https:\/\/auvisa.org\/de\/wp-json\/wp\/v2\/pages\/2822","targetHints":{"allow":["GET"]}}],"collection":[{"href":"https:\/\/auvisa.org\/de\/wp-json\/wp\/v2\/pages"}],"about":[{"href":"https:\/\/auvisa.org\/de\/wp-json\/wp\/v2\/types\/page"}],"author":[{"embeddable":true,"href":"https:\/\/auvisa.org\/de\/wp-json\/wp\/v2\/users\/4"}],"replies":[{"embeddable":true,"href":"https:\/\/auvisa.org\/de\/wp-json\/wp\/v2\/comments?post=2822"}],"version-history":[{"count":19,"href":"https:\/\/auvisa.org\/de\/wp-json\/wp\/v2\/pages\/2822\/revisions"}],"predecessor-version":[{"id":2873,"href":"https:\/\/auvisa.org\/de\/wp-json\/wp\/v2\/pages\/2822\/revisions\/2873"}],"wp:attachment":[{"href":"https:\/\/auvisa.org\/de\/wp-json\/wp\/v2\/media?parent=2822"}],"curies":[{"name":"wp","href":"https:\/\/api.w.org\/{rel}","templated":true}]}}