{"id":943,"date":"2019-06-28T20:57:48","date_gmt":"2019-06-28T20:57:48","guid":{"rendered":"https:\/\/auvisa.org\/?p=943"},"modified":"2020-07-30T08:55:34","modified_gmt":"2020-07-30T08:55:34","slug":"langzeitvisum-nach-australien","status":"publish","type":"page","link":"https:\/\/auvisa.org\/de\/langzeitvisum-nach-australien\/","title":{"rendered":"Langzeitvisum nach Australien"},"content":{"rendered":"<h2 id=\"read-more\">Unterschied zwischen eVisitor und Langzeitvisum<\/h2>\n<h3>Bearbeitungszeit:<\/h3>\n<p>Der ETA \/ eVistor-Antrag ist eine sofortige Genehmigung. Es kann jedoch bis zu 20 Tage dauern, bis ein Visum f\u00fcr einen l\u00e4ngeren Aufenthalt bearbeitet wird. In der Regel werden weitere Dokumente \/ Informationen von der Einwanderungsbeh\u00f6rde in Australien angefordert.<\/p>\n<h3>Geeignete L\u00e4nder:<\/h3>\n<p>Es gibt nur wenige berechtigte L\u00e4nder f\u00fcr ETA \/ eVisitor, aber es gibt eine gro\u00dfe Auswahl von Staatsb\u00fcrgern, die ein Visum f\u00fcr einen l\u00e4ngeren Aufenthalt beantragen k\u00f6nnen.<\/p>\n<h3>Ort bei der Antragstellung:<\/h3>\n<p>Bewerber m\u00fcssen sich au\u00dferhalb Australiens aufhalten, wenn sie ETA- \/ Evisitor-Bewerbungen einreichen. Ein Visum f\u00fcr einen l\u00e4ngeren Aufenthalt kann jedoch in Australien beantragt werden, um das derzeitige Visum zu verl\u00e4ngern.<\/p>\n<h3>G\u00fcltigkeit des Langzeitvisums<\/h3>\n<p>Das Visum kann mit einer oder mehreren Einreisen ausgestellt werden<br \/>\nJeder Eintrag kann 3, 6 oder 12 Monate g\u00fcltig sein<\/p>\n<h3>Bedingungen des Langzeitvisums<\/h3>\n<p>Sie d\u00fcrfen nicht in Australien arbeiten. Freiwilligenarbeit ist zul\u00e4ssig.<br \/>\nSie d\u00fcrfen nicht l\u00e4nger als 3 Monate in Australien studieren.<\/p>\n<h3>Das aktuelle Visum verl\u00e4ngern<\/h3>\n<p>Wenn f\u00fcr das aktuelle Visum die Bedingung \u201eKein weiterer Aufenthalt\u201c nicht erf\u00fcllt ist, k\u00f6nnen Sie mit diesem Visumtyp die Verl\u00e4ngerung Ihres aktuellen Visums beantragen. W\u00e4hrend des Antragsverfahrens k\u00f6nnen Sie sich in Australien aufhalten.<\/p>\n<h3>Medizinische Anforderungen<\/h3>\n<p>Wenn Sie sich l\u00e4nger als 6 Monate bewerben, werden Sie m\u00f6glicherweise gebeten, sich einer R\u00f6ntgenaufnahme der Brust und \/ oder einer medizinischen Untersuchung zu unterziehen. Wenn Sie \u00fcber 75 Jahre alt sind oder aus einem Land stammen, das nach Ansicht der australischen Einwanderungsbeh\u00f6rde ein hohes Risiko birgt, m\u00fcssen Sie nachweisen, dass Sie die medizinischen Anforderungen des Visums erf\u00fcllen k\u00f6nnen.<\/p>\n<h3>Nachweis der Mittel<\/h3>\n<p>Wenn Sie ein Visum f\u00fcr einen l\u00e4ngeren Aufenthalt beantragen, m\u00fcssen Sie \u00fcber ausreichende finanzielle Mittel verf\u00fcgen, um sich w\u00e4hrend des gesamten Aufenthalts in Australien zu versorgen. Die Einwanderung k\u00f6nnte einen solchen Nachweis verlangen, beispielsweise einen Kontoauszug.<\/p>\n<ul class=\"visa-pics\" style=\"float: right\">\n<li><a class=\"apply\" href=\"\/de\/visa-longterm\/\">Jetzt bewerben<\/a><\/li>\n<\/ul>\n","protected":false},"excerpt":{"rendered":"<p>Unterschied zwischen eVisitor und Langzeitvisum Bearbeitungszeit: Der ETA \/ eVistor-Antrag ist eine sofortige Genehmigung. Es kann jedoch bis zu 20 [&#8230;]<\/p>\n<p><a class=\"btn btn-secondary understrap-read-more-link\" href=\"https:\/\/auvisa.org\/de\/langzeitvisum-nach-australien\/\">Weiterlesen\u00a0\u2026<span class=\"screen-reader-text\"> from Langzeitvisum nach Australien<\/span><\/a><\/p>\n","protected":false},"author":3,"featured_media":0,"parent":0,"menu_order":3,"comment_status":"closed","ping_status":"closed","template":"templates\/tpl_spiegazione.php","meta":{"inline_featured_image":false,"footnotes":""},"class_list":["post-943","page","type-page","status-publish","hentry"],"yoast_head":"<!-- This site is optimized with the Yoast SEO plugin v26.9 - https:\/\/yoast.com\/product\/yoast-seo-wordpress\/ -->\n<title>Langzeit-Visa Australien (Besuchervisum, Unterklasse 600): Deutschland<\/title>\n<meta name=\"description\" content=\"Langzeit-Visa Australien (Besuchervisum, Unterklasse 600) sind f\u00fcr deutsche Staatsb\u00fcrger, die sich l\u00e4nger als 3 Monate aufhalten oder ihre Visa verl\u00e4ngern m\u00f6chten.\" \/>\n<meta name=\"robots\" content=\"index, follow, max-snippet:-1, max-image-preview:large, max-video-preview:-1\" \/>\n<link rel=\"canonical\" href=\"https:\/\/auvisa.org\/de\/langzeitvisum-nach-australien\/\" \/>\n<meta property=\"og:locale\" content=\"de_DE\" \/>\n<meta property=\"og:type\" content=\"article\" \/>\n<meta property=\"og:title\" content=\"Langzeit-Visa Australien (Besuchervisum, Unterklasse 600): Deutschland\" \/>\n<meta property=\"og:description\" content=\"Langzeit-Visa Australien (Besuchervisum, Unterklasse 600) sind f\u00fcr deutsche Staatsb\u00fcrger, die sich l\u00e4nger als 3 Monate aufhalten oder ihre Visa verl\u00e4ngern m\u00f6chten.\" \/>\n<meta property=\"og:url\" content=\"https:\/\/auvisa.org\/de\/langzeitvisum-nach-australien\/\" \/>\n<meta property=\"og:site_name\" content=\"Auvisa.org\" \/>\n<meta property=\"article:modified_time\" content=\"2020-07-30T08:55:34+00:00\" \/>\n<meta name=\"twitter:card\" content=\"summary_large_image\" \/>\n<meta name=\"twitter:label1\" content=\"Gesch\u00e4tzte Lesezeit\" \/>\n\t<meta name=\"twitter:data1\" content=\"2\u00a0Minuten\" \/>\n<script type=\"application\/ld+json\" class=\"yoast-schema-graph\">{\"@context\":\"https:\/\/schema.org\",\"@graph\":[{\"@type\":\"WebPage\",\"@id\":\"https:\/\/auvisa.org\/de\/langzeitvisum-nach-australien\/\",\"url\":\"https:\/\/auvisa.org\/de\/langzeitvisum-nach-australien\/\",\"name\":\"Langzeit-Visa Australien (Besuchervisum, Unterklasse 600): Deutschland\",\"isPartOf\":{\"@id\":\"https:\/\/auvisa.org\/de\/#website\"},\"datePublished\":\"2019-06-28T20:57:48+00:00\",\"dateModified\":\"2020-07-30T08:55:34+00:00\",\"description\":\"Langzeit-Visa Australien (Besuchervisum, Unterklasse 600) sind f\u00fcr deutsche Staatsb\u00fcrger, die sich l\u00e4nger als 3 Monate aufhalten oder ihre Visa verl\u00e4ngern m\u00f6chten.\",\"breadcrumb\":{\"@id\":\"https:\/\/auvisa.org\/de\/langzeitvisum-nach-australien\/#breadcrumb\"},\"inLanguage\":\"de\",\"potentialAction\":[{\"@type\":\"ReadAction\",\"target\":[\"https:\/\/auvisa.org\/de\/langzeitvisum-nach-australien\/\"]}]},{\"@type\":\"BreadcrumbList\",\"@id\":\"https:\/\/auvisa.org\/de\/langzeitvisum-nach-australien\/#breadcrumb\",\"itemListElement\":[{\"@type\":\"ListItem\",\"position\":1,\"name\":\"Home\",\"item\":\"https:\/\/auvisa.org\/de\/\"},{\"@type\":\"ListItem\",\"position\":2,\"name\":\"Langzeitvisum nach Australien\"}]},{\"@type\":\"WebSite\",\"@id\":\"https:\/\/auvisa.org\/de\/#website\",\"url\":\"https:\/\/auvisa.org\/de\/\",\"name\":\"Auvisa.org\",\"description\":\"\",\"inLanguage\":\"de\"}]}<\/script>\n<!-- \/ Yoast SEO plugin. -->","yoast_head_json":{"title":"Langzeit-Visa Australien (Besuchervisum, Unterklasse 600): Deutschland","description":"Langzeit-Visa Australien (Besuchervisum, Unterklasse 600) sind f\u00fcr deutsche Staatsb\u00fcrger, die sich l\u00e4nger als 3 Monate aufhalten oder ihre Visa verl\u00e4ngern m\u00f6chten.","robots":{"index":"index","follow":"follow","max-snippet":"max-snippet:-1","max-image-preview":"max-image-preview:large","max-video-preview":"max-video-preview:-1"},"canonical":"https:\/\/auvisa.org\/de\/langzeitvisum-nach-australien\/","og_locale":"de_DE","og_type":"article","og_title":"Langzeit-Visa Australien (Besuchervisum, Unterklasse 600): Deutschland","og_description":"Langzeit-Visa Australien (Besuchervisum, Unterklasse 600) sind f\u00fcr deutsche Staatsb\u00fcrger, die sich l\u00e4nger als 3 Monate aufhalten oder ihre Visa verl\u00e4ngern m\u00f6chten.","og_url":"https:\/\/auvisa.org\/de\/langzeitvisum-nach-australien\/","og_site_name":"Auvisa.org","article_modified_time":"2020-07-30T08:55:34+00:00","twitter_card":"summary_large_image","twitter_misc":{"Gesch\u00e4tzte Lesezeit":"2\u00a0Minuten"},"schema":{"@context":"https:\/\/schema.org","@graph":[{"@type":"WebPage","@id":"https:\/\/auvisa.org\/de\/langzeitvisum-nach-australien\/","url":"https:\/\/auvisa.org\/de\/langzeitvisum-nach-australien\/","name":"Langzeit-Visa Australien (Besuchervisum, Unterklasse 600): Deutschland","isPartOf":{"@id":"https:\/\/auvisa.org\/de\/#website"},"datePublished":"2019-06-28T20:57:48+00:00","dateModified":"2020-07-30T08:55:34+00:00","description":"Langzeit-Visa Australien (Besuchervisum, Unterklasse 600) sind f\u00fcr deutsche Staatsb\u00fcrger, die sich l\u00e4nger als 3 Monate aufhalten oder ihre Visa verl\u00e4ngern m\u00f6chten.","breadcrumb":{"@id":"https:\/\/auvisa.org\/de\/langzeitvisum-nach-australien\/#breadcrumb"},"inLanguage":"de","potentialAction":[{"@type":"ReadAction","target":["https:\/\/auvisa.org\/de\/langzeitvisum-nach-australien\/"]}]},{"@type":"BreadcrumbList","@id":"https:\/\/auvisa.org\/de\/langzeitvisum-nach-australien\/#breadcrumb","itemListElement":[{"@type":"ListItem","position":1,"name":"Home","item":"https:\/\/auvisa.org\/de\/"},{"@type":"ListItem","position":2,"name":"Langzeitvisum nach Australien"}]},{"@type":"WebSite","@id":"https:\/\/auvisa.org\/de\/#website","url":"https:\/\/auvisa.org\/de\/","name":"Auvisa.org","description":"","inLanguage":"de"}]}},"_links":{"self":[{"href":"https:\/\/auvisa.org\/de\/wp-json\/wp\/v2\/pages\/943","targetHints":{"allow":["GET"]}}],"collection":[{"href":"https:\/\/auvisa.org\/de\/wp-json\/wp\/v2\/pages"}],"about":[{"href":"https:\/\/auvisa.org\/de\/wp-json\/wp\/v2\/types\/page"}],"author":[{"embeddable":true,"href":"https:\/\/auvisa.org\/de\/wp-json\/wp\/v2\/users\/3"}],"replies":[{"embeddable":true,"href":"https:\/\/auvisa.org\/de\/wp-json\/wp\/v2\/comments?post=943"}],"version-history":[{"count":15,"href":"https:\/\/auvisa.org\/de\/wp-json\/wp\/v2\/pages\/943\/revisions"}],"predecessor-version":[{"id":40144,"href":"https:\/\/auvisa.org\/de\/wp-json\/wp\/v2\/pages\/943\/revisions\/40144"}],"wp:attachment":[{"href":"https:\/\/auvisa.org\/de\/wp-json\/wp\/v2\/media?parent=943"}],"curies":[{"name":"wp","href":"https:\/\/api.w.org\/{rel}","templated":true}]}}