{"id":947,"date":"2019-06-28T21:03:41","date_gmt":"2019-06-28T21:03:41","guid":{"rendered":"https:\/\/auvisa.org\/?p=947"},"modified":"2020-07-30T08:55:57","modified_gmt":"2020-07-30T08:55:57","slug":"studentenvisum-nach-australien","status":"publish","type":"page","link":"https:\/\/auvisa.org\/de\/studentenvisum-nach-australien\/","title":{"rendered":"Studentenvisum nach Australien"},"content":{"rendered":"<h2 id=\"read-more\">Australische Studenten Visa FAQs (Deutsche Studenten)<\/h2>\n<h3>Was ist ein echter Student?<\/h3>\n<p>Um dieses Kriterium zu erf\u00fcllen, m\u00fcssen Sie nachweisen, dass Sie ein berechtigtes Interesse an einem Studium haben, dass Sie \u00fcber ausreichende Sprachkenntnisse verf\u00fcgen, um die Ausbildung zu verwalten, und dass Sie \u00fcber den richtigen Bildungshintergrund f\u00fcr das Studium verf\u00fcgen, an dem Sie teilnehmen m\u00f6chten.<\/p>\n<p>Sie m\u00fcssen auch Ihre Finanzen in Ordnung haben. Dar\u00fcber hinaus m\u00fcssen Sie die Absicht haben, die Visabestimmungen einzuhalten.<\/p>\n<p><br style=\"clear: both\"><br \/>\n<div class=\"text-right\"><a href=\"\/de\/visa-student\/\" class=\"btn  px-5 btn-green\">Jetzt bewerben<\/a><\/div><br \/>\n<br style=\"clear: both\"><br style=\"clear: both\"><\/p>\n<h3>Was ist ein echter vor\u00fcbergehender Teilnehmer?<\/h3>\n<p>Ein echter vor\u00fcbergehender Teilnehmer ist eine Person, die beabsichtigt, vor\u00fcbergehend nach Australien einzureisen, um dort zu studieren (oder einem Studenten Vormund zu sein) und dann in ihr Heimatland zur\u00fcckzukehren.<\/p>\n<p>Bei dieser Bewertung sind eine Reihe von Faktoren zu ber\u00fccksichtigen:<\/p>\n<ul>\n<li>Das Land, in dem du lebst. Gibt es etwas, das dich davon abh\u00e4lt, zur\u00fcckzukehren?<\/li>\n<li>Wird das Studium in Australien f\u00fcr Sie in Zukunft wirklich von Vorteil sein?<\/li>\n<li>Ihre Einwanderungsgeschichte.<\/li>\n<li>Andere Angelegenheiten, die von Interesse sind<\/li>\n<\/ul>\n<p>Im Zweifelsfall m\u00fcssen Sie m\u00f6glicherweise ein pers\u00f6nliches Vorstellungsgespr\u00e4ch bei der n\u00e4chstgelegenen australischen Botschaft f\u00fchren. Die meisten Antr\u00e4ge m\u00fcssen jedoch nur online ausgef\u00fcllt werden.<\/p>\n<p><br style=\"clear: both\"><br \/>\n<div class=\"text-right\"><a href=\"\/de\/visa-student\/\" class=\"btn  px-5 btn-green\">Jetzt bewerben<\/a><\/div><br \/>\n<br style=\"clear: both\"><br style=\"clear: both\"><\/p>\n<h3>Was ist guter Charakter?<\/h3>\n<p>Grunds\u00e4tzlich sollten Sie kein Krimineller sein und keine l\u00e4ngere Zeit im Gef\u00e4ngnis verbracht haben. Wenn Sie im Gef\u00e4ngnis waren, kann Ihr Visum aus diesem Grund abgelehnt werden. In einigen F\u00e4llen m\u00fcssen Sie eine Strafbescheinigung oder eine polizeiliche Bescheinigung vorlegen.<\/p>\n<p><br style=\"clear: both\"><br \/>\n<div class=\"text-right\"><a href=\"\/de\/visa-student\/\" class=\"btn  px-5 btn-green\">Jetzt bewerben<\/a><\/div><br \/>\n<br style=\"clear: both\"><br style=\"clear: both\"><\/p>\n<h3>Was sind die gesundheitlichen Anforderungen?<\/h3>\n<p>Du musst gesund sein. M\u00f6glicherweise m\u00fcssen Sie eine \u00e4rztliche Untersuchung und \/ oder eine R\u00f6ntgenuntersuchung durchf\u00fchren, um dies nachzuweisen. Wenn dies f\u00fcr Sie erforderlich ist, m\u00fcssen Sie einen von der australischen Einwanderungsbeh\u00f6rde ernannten Arzt konsultieren.<\/p>\n<p>Das Studentenvisum beinhaltet keine Krankenversicherung. Jeder Student mit Ausnahme von Studenten aus Norwegen und Belgien muss eine Krankenversicherung mit der Bezeichnung Overseas Student Health Cover (OSHC) abschlie\u00dfen. Sie k\u00f6nnen dies von Ihrer Universit\u00e4t oder von anderen Unternehmen kaufen, die es verkaufen. Schwedische Studenten m\u00fcssen dies nur tun, wenn sie noch keine Versicherung bei CSN International oder Kammarkollegiet abgeschlossen haben.<\/p>\n<p><br style=\"clear: both\"><br \/>\n<div class=\"text-right\"><a href=\"\/de\/visa-student\/\" class=\"btn  px-5 btn-green\">Jetzt bewerben<\/a><\/div><br \/>\n<br style=\"clear: both\"><br style=\"clear: both\"><\/p>\n<h3>Gibt es eine Altersgrenze?<\/h3>\n<p>Nein, gibt es nicht. Das Studentenvisum unterliegt keiner Altersbeschr\u00e4nkung, solange Sie von einer Universit\u00e4t oder Schule akzeptiert werden. Es unterscheidet sich beispielsweise von einem Working Holiday-Visum, das auf Antragsteller im Alter von 18 bis 31 Jahren beschr\u00e4nkt ist.<\/p>\n<p><br style=\"clear: both\"><br \/>\n<div class=\"text-right\"><a href=\"\/de\/visa-student\/\" class=\"btn  px-5 btn-green\">Jetzt bewerben<\/a><\/div><br \/>\n<br style=\"clear: both\"><br style=\"clear: both\"><\/p>\n<h3>Kann meine Familie folgen, wenn ich ein Studentenvisum habe?<\/h3>\n<p>Ja, sie k\u00f6nnen dir nach Australien folgen.<\/p>\n<p>Wenn Sie unter 18 Jahre alt sind, m\u00fcssen Sie einen Vormund haben. Ihre Eltern oder Verwandten k\u00f6nnen ein Studentenschutzvisum beantragen und Sie auf der Reise nach Australien begleiten. Ihr Visum hat die gleiche G\u00fcltigkeit wie Ihr Studentenvisum.<\/p>\n<p><br style=\"clear: both\"><br \/>\n<div class=\"text-right\"><a href=\"\/de\/visa-student\/\" class=\"btn  px-5 btn-green\">Jetzt bewerben<\/a><\/div><br \/>\n<br style=\"clear: both\"><br style=\"clear: both\"><\/p>\n<h3>Darf ich an einem Studentenvisum arbeiten?<\/h3>\n<p>Ja, ein Studentenvisum erm\u00f6glicht eine begrenzte Arbeitszeit von h\u00f6chstens 40 Stunden in einem Zeitraum von zwei Wochen. An Feiertagen darf man Vollzeit arbeiten.<\/p>\n<p>Teilzeitarbeit kann eine gute M\u00f6glichkeit sein, die Unterkunft zu bezahlen und Ihnen zus\u00e4tzliches Geld zu geben. Bevor Sie jedoch mit der Arbeit beginnen k\u00f6nnen, ben\u00f6tigen Sie eine Steuerdateinummer und ein Bankkonto bei einer australischen Bank.<\/p>\n<p>Denken Sie daran, dass Sie vor Kursbeginn \u00fcberhaupt nicht arbeiten d\u00fcrfen, falls Sie fr\u00fcher anreisen.<\/p>\n<p>Das Recht auf Arbeit gilt auch f\u00fcr mitreisende Familienangeh\u00f6rige (Ehepartner und Kinder). Familienmitglieder d\u00fcrfen jedoch auch in den Ferienzeiten 20 Stunden pro Woche nicht \u00fcberschreiten.<\/p>\n<p><br style=\"clear: both\"><br \/>\n<div class=\"text-right\"><a href=\"\/de\/visa-student\/\" class=\"btn  px-5 btn-green\">Jetzt bewerben<\/a><\/div><br \/>\n<br style=\"clear: both\"><br style=\"clear: both\"><\/p>\n<h3>Kann ich Teilzeit studieren und Teilzeit arbeiten?<\/h3>\n<p>Nein, Sie sollten Vollzeitstudien besuchen, um als Studentenvisum zu gelten. Wenn Sie weniger als Vollzeit studieren m\u00f6chten, sollten Sie nach anderen Visaoptionen suchen. In solchen F\u00e4llen ist ein Working Holiday-Visum m\u00f6glicherweise die bessere L\u00f6sung.<\/p>\n<p><br style=\"clear: both\"><br \/>\n<div class=\"text-right\"><a href=\"\/de\/visa-student\/\" class=\"btn  px-5 btn-green\">Jetzt bewerben<\/a><\/div><br \/>\n<br style=\"clear: both\"><br style=\"clear: both\"><\/p>\n<h3>Welche Art von Kurs kann ich besuchen?<\/h3>\n<p>Jede Art von Kurs, solange er von der australischen Regierung f\u00fcr ausl\u00e4ndische Studenten genehmigt wurde.<\/p>\n<p><br style=\"clear: both\"><br \/>\n<div class=\"text-right\"><a href=\"\/de\/visa-student\/\" class=\"btn  px-5 btn-green\">Jetzt bewerben<\/a><\/div><br \/>\n<br style=\"clear: both\"><br style=\"clear: both\"><\/p>\n<h3>Ich habe kein Zulassungsschreiben (CoE). Kann ich mich trotzdem bewerben?<\/h3>\n<p>Nein, Sie m\u00fcssen einen CoE erhalten, bevor Sie den Antrag einreichen k\u00f6nnen. Der Visumantrag ist einer der letzten Schritte auf dem Weg nach Australien, um zu studieren. Zun\u00e4chst m\u00fcssen Sie sich an einer Universit\u00e4t oder Schule in Australien bewerben und von dieser akzeptiert werden. Sie m\u00fcssen dies auch schriftlich best\u00e4tigen und die Anzahlung f\u00fcr die Studiengeb\u00fchr leisten. Erst nachdem Sie die Immatrikulationsbest\u00e4tigung von der Universit\u00e4t erhalten haben, k\u00f6nnen Sie das Visum beantragen.<\/p>\n<p><br style=\"clear: both\"><br \/>\n<div class=\"text-right\"><a href=\"\/de\/visa-student\/\" class=\"btn  px-5 btn-green\">Jetzt bewerben<\/a><\/div><br \/>\n<br style=\"clear: both\"><br style=\"clear: both\"><\/p>\n<h3>Ich bin bereits mit einem anderen Visum in Australien. Kann ich trotzdem ein Studentenvisum beantragen?<\/h3>\n<p>Ja, in den meisten F\u00e4llen k\u00f6nnen Sie in Australien ein Studentenvisum beantragen. Wenn in Ihrem Visum die Bedingung &#8222;Kein weiterer Aufenthalt&#8220; enthalten ist, k\u00f6nnen Sie in Australien keinen Antrag stellen. In diesem Fall m\u00fcssen Sie das Land verlassen, bevor Sie sich bewerben k\u00f6nnen.<\/p>\n<p><br style=\"clear: both\"><br \/>\n<div class=\"text-right\"><a href=\"\/de\/visa-student\/\" class=\"btn  px-5 btn-green\">Jetzt bewerben<\/a><\/div><br \/>\n<br style=\"clear: both\"><br style=\"clear: both\"><\/p>\n<h3>Ich hatte bereits ein Working Holiday-Visum. Kann ich trotzdem ein Studentenvisum bekommen?<\/h3>\n<p>Ja, das hat keinen Einfluss auf die Entscheidung. Es ist auch m\u00f6glich, ein neues Studentenvisum zu erhalten, wenn Sie bereits eines hatten, solange Sie einen neuen CoE von einer Universit\u00e4t oder Schule erhalten.<\/p>\n<p><br style=\"clear: both\"><br \/>\n<div class=\"text-right\"><a href=\"\/de\/visa-student\/\" class=\"btn  px-5 btn-green\">Jetzt bewerben<\/a><\/div><br \/>\n<br style=\"clear: both\"><br style=\"clear: both\"><\/p>\n<h3>Was ist die Bearbeitungszeit?<\/h3>\n<p>Normalerweise 1-3 Wochen unter normalen Umst\u00e4nden. Die Bearbeitungszeit kann auch l\u00e4nger sein, wenn Sie Ihren Antrag mit weiteren Dokumenten vervollst\u00e4ndigen m\u00fcssen. Bitte melden Sie sich rechtzeitig vor dem geplanten Reisetermin an.<\/p>\n<p><br style=\"clear: both\"><br \/>\n<div class=\"text-right\"><a href=\"\/de\/visa-student\/\" class=\"btn  px-5 btn-green\">Jetzt bewerben<\/a><\/div><br \/>\n<br style=\"clear: both\"><br style=\"clear: both\"><\/p>\n","protected":false},"excerpt":{"rendered":"<p>Australische Studenten Visa FAQs (Deutsche Studenten) Was ist ein echter Student? Um dieses Kriterium zu erf\u00fcllen, m\u00fcssen Sie nachweisen, dass [&#8230;]<\/p>\n<p><a class=\"btn btn-secondary understrap-read-more-link\" href=\"https:\/\/auvisa.org\/de\/studentenvisum-nach-australien\/\">Weiterlesen\u00a0\u2026<span class=\"screen-reader-text\"> from Studentenvisum nach Australien<\/span><\/a><\/p>\n","protected":false},"author":3,"featured_media":0,"parent":0,"menu_order":4,"comment_status":"closed","ping_status":"closed","template":"templates\/tpl_spiegazione.php","meta":{"inline_featured_image":false,"footnotes":""},"class_list":["post-947","page","type-page","status-publish","hentry"],"yoast_head":"<!-- This site is optimized with the Yoast SEO plugin v26.9 - https:\/\/yoast.com\/product\/yoast-seo-wordpress\/ -->\n<title>Studentenvisum nach Australien: So bewerben Sie sich online<\/title>\n<meta name=\"description\" content=\"Um ein Studentenvisum f\u00fcr Australien zu beantragen, m\u00fcssen Sie eine Reihe von Anforderungen erf\u00fcllen: Erfahren Sie mehr und bewerben Sie sich noch heute online.\" \/>\n<meta name=\"robots\" content=\"index, follow, max-snippet:-1, max-image-preview:large, max-video-preview:-1\" \/>\n<link rel=\"canonical\" href=\"https:\/\/auvisa.org\/de\/studentenvisum-nach-australien\/\" \/>\n<meta property=\"og:locale\" content=\"de_DE\" \/>\n<meta property=\"og:type\" content=\"article\" \/>\n<meta property=\"og:title\" content=\"Studentenvisum nach Australien: So bewerben Sie sich online\" \/>\n<meta property=\"og:description\" content=\"Um ein Studentenvisum f\u00fcr Australien zu beantragen, m\u00fcssen Sie eine Reihe von Anforderungen erf\u00fcllen: Erfahren Sie mehr und bewerben Sie sich noch heute online.\" \/>\n<meta property=\"og:url\" content=\"https:\/\/auvisa.org\/de\/studentenvisum-nach-australien\/\" \/>\n<meta property=\"og:site_name\" content=\"Auvisa.org\" \/>\n<meta property=\"article:modified_time\" content=\"2020-07-30T08:55:57+00:00\" \/>\n<meta name=\"twitter:card\" content=\"summary_large_image\" \/>\n<meta name=\"twitter:label1\" content=\"Gesch\u00e4tzte Lesezeit\" \/>\n\t<meta name=\"twitter:data1\" content=\"5\u00a0Minuten\" \/>\n<script type=\"application\/ld+json\" class=\"yoast-schema-graph\">{\"@context\":\"https:\/\/schema.org\",\"@graph\":[{\"@type\":\"WebPage\",\"@id\":\"https:\/\/auvisa.org\/de\/studentenvisum-nach-australien\/\",\"url\":\"https:\/\/auvisa.org\/de\/studentenvisum-nach-australien\/\",\"name\":\"Studentenvisum nach Australien: So bewerben Sie sich online\",\"isPartOf\":{\"@id\":\"https:\/\/auvisa.org\/de\/#website\"},\"datePublished\":\"2019-06-28T21:03:41+00:00\",\"dateModified\":\"2020-07-30T08:55:57+00:00\",\"description\":\"Um ein Studentenvisum f\u00fcr Australien zu beantragen, m\u00fcssen Sie eine Reihe von Anforderungen erf\u00fcllen: Erfahren Sie mehr und bewerben Sie sich noch heute online.\",\"breadcrumb\":{\"@id\":\"https:\/\/auvisa.org\/de\/studentenvisum-nach-australien\/#breadcrumb\"},\"inLanguage\":\"de\",\"potentialAction\":[{\"@type\":\"ReadAction\",\"target\":[\"https:\/\/auvisa.org\/de\/studentenvisum-nach-australien\/\"]}]},{\"@type\":\"BreadcrumbList\",\"@id\":\"https:\/\/auvisa.org\/de\/studentenvisum-nach-australien\/#breadcrumb\",\"itemListElement\":[{\"@type\":\"ListItem\",\"position\":1,\"name\":\"Home\",\"item\":\"https:\/\/auvisa.org\/de\/\"},{\"@type\":\"ListItem\",\"position\":2,\"name\":\"Studentenvisum nach Australien\"}]},{\"@type\":\"WebSite\",\"@id\":\"https:\/\/auvisa.org\/de\/#website\",\"url\":\"https:\/\/auvisa.org\/de\/\",\"name\":\"Auvisa.org\",\"description\":\"\",\"inLanguage\":\"de\"}]}<\/script>\n<!-- \/ Yoast SEO plugin. -->","yoast_head_json":{"title":"Studentenvisum nach Australien: So bewerben Sie sich online","description":"Um ein Studentenvisum f\u00fcr Australien zu beantragen, m\u00fcssen Sie eine Reihe von Anforderungen erf\u00fcllen: Erfahren Sie mehr und bewerben Sie sich noch heute online.","robots":{"index":"index","follow":"follow","max-snippet":"max-snippet:-1","max-image-preview":"max-image-preview:large","max-video-preview":"max-video-preview:-1"},"canonical":"https:\/\/auvisa.org\/de\/studentenvisum-nach-australien\/","og_locale":"de_DE","og_type":"article","og_title":"Studentenvisum nach Australien: So bewerben Sie sich online","og_description":"Um ein Studentenvisum f\u00fcr Australien zu beantragen, m\u00fcssen Sie eine Reihe von Anforderungen erf\u00fcllen: Erfahren Sie mehr und bewerben Sie sich noch heute online.","og_url":"https:\/\/auvisa.org\/de\/studentenvisum-nach-australien\/","og_site_name":"Auvisa.org","article_modified_time":"2020-07-30T08:55:57+00:00","twitter_card":"summary_large_image","twitter_misc":{"Gesch\u00e4tzte Lesezeit":"5\u00a0Minuten"},"schema":{"@context":"https:\/\/schema.org","@graph":[{"@type":"WebPage","@id":"https:\/\/auvisa.org\/de\/studentenvisum-nach-australien\/","url":"https:\/\/auvisa.org\/de\/studentenvisum-nach-australien\/","name":"Studentenvisum nach Australien: So bewerben Sie sich online","isPartOf":{"@id":"https:\/\/auvisa.org\/de\/#website"},"datePublished":"2019-06-28T21:03:41+00:00","dateModified":"2020-07-30T08:55:57+00:00","description":"Um ein Studentenvisum f\u00fcr Australien zu beantragen, m\u00fcssen Sie eine Reihe von Anforderungen erf\u00fcllen: Erfahren Sie mehr und bewerben Sie sich noch heute online.","breadcrumb":{"@id":"https:\/\/auvisa.org\/de\/studentenvisum-nach-australien\/#breadcrumb"},"inLanguage":"de","potentialAction":[{"@type":"ReadAction","target":["https:\/\/auvisa.org\/de\/studentenvisum-nach-australien\/"]}]},{"@type":"BreadcrumbList","@id":"https:\/\/auvisa.org\/de\/studentenvisum-nach-australien\/#breadcrumb","itemListElement":[{"@type":"ListItem","position":1,"name":"Home","item":"https:\/\/auvisa.org\/de\/"},{"@type":"ListItem","position":2,"name":"Studentenvisum nach Australien"}]},{"@type":"WebSite","@id":"https:\/\/auvisa.org\/de\/#website","url":"https:\/\/auvisa.org\/de\/","name":"Auvisa.org","description":"","inLanguage":"de"}]}},"_links":{"self":[{"href":"https:\/\/auvisa.org\/de\/wp-json\/wp\/v2\/pages\/947","targetHints":{"allow":["GET"]}}],"collection":[{"href":"https:\/\/auvisa.org\/de\/wp-json\/wp\/v2\/pages"}],"about":[{"href":"https:\/\/auvisa.org\/de\/wp-json\/wp\/v2\/types\/page"}],"author":[{"embeddable":true,"href":"https:\/\/auvisa.org\/de\/wp-json\/wp\/v2\/users\/3"}],"replies":[{"embeddable":true,"href":"https:\/\/auvisa.org\/de\/wp-json\/wp\/v2\/comments?post=947"}],"version-history":[{"count":10,"href":"https:\/\/auvisa.org\/de\/wp-json\/wp\/v2\/pages\/947\/revisions"}],"predecessor-version":[{"id":2792,"href":"https:\/\/auvisa.org\/de\/wp-json\/wp\/v2\/pages\/947\/revisions\/2792"}],"wp:attachment":[{"href":"https:\/\/auvisa.org\/de\/wp-json\/wp\/v2\/media?parent=947"}],"curies":[{"name":"wp","href":"https:\/\/api.w.org\/{rel}","templated":true}]}}