{"id":1460,"date":"2019-11-21T10:56:19","date_gmt":"2019-11-21T10:56:19","guid":{"rendered":"https:\/\/auvisa.org\/?p=1460"},"modified":"2023-07-07T17:55:10","modified_gmt":"2023-07-07T15:55:10","slug":"maritime-crew-visa-australien-mcv-visum","status":"publish","type":"page","link":"https:\/\/auvisa.org\/dk\/maritime-crew-visa-australien-mcv-visum\/","title":{"rendered":"Maritime Crew Visa for Australien: MCV Visum"},"content":{"rendered":"<h2 id=\"first-paragraph\">\u201cMCV\u201d Seaman Visa &#8211; Underklasse 988<\/h2>\n<p><strong>Den proces, hvorp\u00e5 du kan f\u00e5 en MCV online, er mere enkel end du muligvis forudser\u00a0<\/strong>og kr\u00e6ver minimale dokumenter for at behandle.\u00a0Det australske bes\u00e6tningsvisum beder dig om at give officielle identifikationsoplysninger om dig og de familiemedlemmer, der muligvis rejser til Australien med dig.\u00a0For at v\u00e6re berettiget til denne type australske s\u00f8fartsbes\u00e6tningsvisum skal familiemedlemmer, der rejser med dig, komme til eller fra Australien p\u00e5 det samme kvalificerende fart\u00f8j, som du arbejder p\u00e5, og har allerede s\u00f8gt tilladelse fra skibsf\u00f8reren.\u00a0Husk, at\u00a0<strong>disse familiemedlemmer overhovedet ikke har tilladelse til at arbejde, mens de opholder sig i Australien p\u00e5 et visum fra MCV Australien\u00a0<\/strong>.\u00a0Hvis de \u00f8nsker at arbejde i landet, skal de separat ans\u00f8ge om det relevante australske visum.\u00a0N\u00e5r du ikke l\u00e6ngere arbejder p\u00e5 det kvalificerende fart\u00f8j i Australien, er visumet for nogen af \u200b\u200bdine ledsagende familiemedlemmer ikke l\u00e6ngere i kraft.\u00a0Hverken du eller din familie b\u00f8r derfor forblive i Australien ud over din ans\u00e6ttelse p\u00e5 skibet.<\/p>\n<ul class=\"visa-pics\" style=\"float: right;\">\n<li><a class=\"apply\" href=\"\/dk\/visa-crew\/\">Ans\u00f8g nu<\/a><\/li>\n<\/ul>\n<p><br style=\"clear: both;\" \/><br style=\"clear: both;\" \/><\/p>\n<h2>Flere oplysninger om Australiens S\u00f8manvisum for\u00a0dansk\u00a0statsborger:<\/h2>\n<ul>\n<li><a href=\"#MCV-fordele\">Fordele ved australsk s\u00f8fartsbes\u00e6tning (MCV)<\/a><\/li>\n<li><a href=\"#MCV-krav\">Krav til MCV-berettigelse<\/a><\/li>\n<li><a href=\"#MCV-ans\u00f8g\">Online s\u00f8fartsbes\u00e6tningsvisum til Australien: Hvordan man ans\u00f8ger<\/a><\/li>\n<li><a href=\"#MCV-ans\u00f8gningsproces\">MCV-ans\u00f8gningsproces fra\u00a0Danmark<\/a><\/li>\n<li><a href=\"#MCV-behandlingstid\">Australsk MCV-behandlingstid<\/a><\/li>\n<li><a href=\"#MCV-omkostninger\">Australien Maritime Crew Visa-omkostninger<\/a><\/li>\n<\/ul>\n<h2 id=\"MCV-fordele\">Fordele ved australsk s\u00f8fartsbes\u00e6tning (MCV)<\/h2>\n<p>De\u00a0<strong>fordele, som\u00a0danske\u00a0borgere har, og\u00a0<\/strong>som f\u00e5r et australsk MCV-onlinevisum, giver bes\u00e6tningsmedlemmer mulighed for at f\u00e5 lukrative besk\u00e6ftigelsesmuligheder, mens kvalificerede skibe rejser gennem Australien.\u00a0I betragtning af at dette visum er relativt let at f\u00e5 for ansatte p\u00e5 skibe, der kvalificerer sig til denne status, er det at\u00a0<a href=\"\/dk\/visa-crew\/\">ans\u00f8ge om dette visum<\/a>\u00a0en givende og forholdsvis nem m\u00e5de at f\u00e5 mest muligt ud af din ans\u00e6ttelsesstatus som medlem af et skibbes\u00e6tning.<\/p>\n<p>N\u00e5r din visum er blevet tildelt af den australske regering, kan du\u00a0<strong>som\u00a0dansk\u00a0statsborger ankomme i og forlade Australien til s\u00f8s, s\u00e5 l\u00e6nge du er en del af et bes\u00e6tning p\u00e5 et kvalificerende fart\u00f8j og kan bo i Australien, s\u00e5 l\u00e6nge du er ansat som bes\u00e6tningsmedlem p\u00e5 skibet\u00a0<\/strong>.\u00a0Hvis du forbliver ansat i det kvalificerende fart\u00f8j, kan du forlade og vende tilbage til Australien et ubegr\u00e6nset antal gange, mens dit visum er gyldigt uden at bringe din MCV-australske visustatus i fare.<\/p>\n<p>Det er vigtigt at huske, at du med et MCV-visum kun har tilladelse til at arbejde som medarbejder i form af din regelm\u00e6ssige ans\u00e6ttelse som bes\u00e6tningsmedlem p\u00e5 det skib, der er kvalificeret til dette s\u00e6rlige visum.<\/p>\n<p>Denne visumbetingelse inkluderer alt arbejde, der er n\u00f8dvendigt for at holde skibet i drift, selvom du ikke fysisk er ombord p\u00e5 skibet, mens du udf\u00f8rer dine kr\u00e6vede opgaver som medarbejder.\u00a0Med dette specifikke visum har du lov til at udf\u00f8re alle ans\u00e6ttelsesopgaver offshore, i havnen eller p\u00e5 skibet, s\u00e5 l\u00e6nge du ikke f\u00e5r tildelt nogen anden type arbejde, mens du udf\u00f8rer det autoriserede job.<\/p>\n<p><strong>Alle\u00a0danske\u00a0indbyggere, der er i besiddelse af en online MCV, har tilladelse til at udf\u00f8re frivilligt arbejde,\u00a0<\/strong>som du ikke f\u00e5r betalt for, uden at du har f\u00e5et s\u00e6rlige tilladelser fra den australske regering med dette visum.\u00a0Derudover, hvis du deltager i kortvarig online-besk\u00e6ftigelse, vil du ikke v\u00e6re begr\u00e6nset til at tjene en indkomst p\u00e5 denne m\u00e5de i Australien under betingelserne for havvisumet.<\/p>\n<p><strong>Medmindre dit visa slutter p\u00e5 grund af en arbejdsrelateret grund, er det ellers gyldigt i op til tre \u00e5r\u00a0<\/strong>uden at skulle s\u00f8ge fornyelse fra den australske regering.\u00a0I betragtning af at denne type visum ikke er berettiget til en forl\u00e6ngelse, er du n\u00f8dt til at ans\u00f8ge om at blive og arbejde i Australien under en anden passende visumstatus ud over denne frist.<\/p>\n<ul class=\"visa-pics\" style=\"float: right;\">\n<li><a class=\"apply\" href=\"\/dk\/visa-crew\/\">Ans\u00f8g nu<\/a><\/li>\n<\/ul>\n<p><br style=\"clear: both;\" \/><br style=\"clear: both;\" \/><\/p>\n<h2 id=\"MCV-krav\">Krav til MCV-st\u00f8tteberettigelse (Danskere)<\/h2>\n<p>For at v\u00e6re kvalificeret til en australsk MCV skal\u00a0<strong>danske\u00a0borgere ans\u00e6ttes uden for Australien som medlemmer af bes\u00e6tningen p\u00e5 et skib\u00a0<\/strong>, der enten rejser til eller ud af Australien.\u00a0De skal ogs\u00e5 ind og ud af Australien som maritime bes\u00e6tningsmedlemmer.<\/p>\n<p>Som\u00a0dansk\u00a0statsborger er der ogs\u00e5 krav til den type skib, du arbejder p\u00e5 for at kvalificere dig til dette specifikke visum.\u00a0<strong>Skibet skal enten v\u00e6re et kommercielt handelsskib eller et passagerskib\u00a0<\/strong>.\u00a0Et kvalificeret skib til MCV-visum kan ogs\u00e5 ejes af en udenlandsk regering til at udf\u00f8re videnskabelig forskning eller have tildelt s\u00e6rlig status som et offentligt skib af det australske udenrigsministerium.<\/p>\n<p>Husk, at\u00a0<strong>hvis du ankommer til Australien p\u00e5 anden m\u00e5de, f.eks. <\/strong><strong>en flyvning, er du forpligtet til at f\u00e5 et andet passende visum ud over det maritime bes\u00e6tningsmedlemvisum\u00a0<\/strong>.\u00a0Hvis du \u00f8nsker at bes\u00f8ge Australien uden for din ans\u00e6ttelse som bes\u00e6tningsmedlem p\u00e5 et kvalificerende fart\u00f8j, kan du ogs\u00e5 overveje at ans\u00f8ge om et bes\u00f8gendevisum, n\u00e5r du ans\u00f8ger om et Maritime Crew Visa i Australien.\u00a0Det er almindeligt, at bes\u00e6tningsmedlemmerne har et australsk s\u00f8fartsvisum og et bes\u00f8gendevisum for Australien p\u00e5 samme tid.\u00a0Dette g\u00e6lder is\u00e6r, hvis du ved, at det fart\u00f8j, som du arbejder p\u00e5, bliver i Australien i en l\u00e6ngere periode med huller i dage eller uger, som du ikke bliver p\u00e5lagt at arbejde p\u00e5 skibet.<\/p>\n<p><strong>Med ans\u00f8gning fra\u00a0Danmark\u00a0er du ikke kvalificeret til dette visum, hvis du er medlem af et bes\u00e6tning p\u00e5 en yacht eller et milit\u00e6rt fart\u00f8j,\u00a0<\/strong>eller hvis du allerede er indehaver af et permanent australsk visum.\u00a0Hvis du allerede har et visum til at arbejde eller opholde dig i Australien, skal du kommunikere dette til skibsf\u00f8reren p\u00e5 det fart\u00f8j, som du arbejder for, og vil komme ind eller forlade Australien, s\u00e5 der ikke er nogen uventede komplikationer med din ans\u00e6ttelsesstatus.<\/p>\n<ul class=\"visa-pics\" style=\"float: right;\">\n<li><a class=\"apply\" href=\"\/dk\/visa-crew\/\">Ans\u00f8g nu<\/a><\/li>\n<\/ul>\n<p><br style=\"clear: both;\" \/><br style=\"clear: both;\" \/><\/p>\n<h2 id=\"MCV-ans\u00f8g\">Online MCV til Australien: Hvordan man ans\u00f8ger<\/h2>\n<p><strong>S\u00e5 l\u00e6nge du er en\u00a0dansk\u00a0statsborger og <\/strong><strong>er i besiddelse af dine grundl\u00e6ggende personlige og identifikationsoplysninger, skal du ikke v\u00e6re bekymret for problemer med at udfylde ans\u00f8gningen om Maritime Crew Visa\u00a0<\/strong>.\u00a0MCV-australske visum\u00a0<a href=\"\/dk\/visa-crew\/\">online-ans\u00f8gning<\/a>\u00a0er let tilg\u00e6ngelig og komplet med dine personlige oplysninger.\u00a0Den australske Maritime Crew Visa-ans\u00f8gningsskema beder grundl\u00e6ggende identificerende oplysninger om dig og din ans\u00e6ttelse som en del af et kvalificerende fart\u00f8j.<\/p>\n<p>Den f\u00f8rste ting, du skal g\u00f8re, er at tjekke online for at se, om du allerede har denne type australske visa som en del af din tidligere eller nuv\u00e6rende besk\u00e6ftigelse p\u00e5 et kvalificerende fart\u00f8j.\u00a0Hvis du allerede har et gyldigt visum til denne type arbejde, skal du ikke ans\u00f8ge om et ekstra visum, f\u00f8r det er udl\u00f8bet.\u00a0Dette kan for\u00e5rsage komplikationer med din indrejse og ans\u00e6ttelse i Australien.<\/p>\n<p><strong>Hvis du virkelig har brug for denne type visum, skal du indsamle alle dine kr\u00e6vede ans\u00e6ttelses- og statsborgerskabsdokumenter, der skal indsendes online sammen med visumans\u00f8gningen\u00a0<\/strong>.\u00a0Du har brug for farvekopier af dit nationale pas for at starte ans\u00f8gningen, fordi det ogs\u00e5 vil anmode om statsborgerskabsoplysninger, s\u00e5som de gyldige datoer for dit pas og dit nationale pasnummer.\u00a0Hvis du har \u00e6ndret dit navn, siden dit nationale pas blev udstedt, skal du ogs\u00e5 freml\u00e6gge dokumenter, der viser en officiel registrering af dit navne\u00e6ndring, f.eks. Et \u00e6gteskabsbevis.<\/p>\n<p>Derudover har du brug for et officielt dokument med en erkl\u00e6ring, der indeholder dine ans\u00e6ttelsesoplysninger fra dit rederi.\u00a0Det skal indsendes p\u00e5 det officielle selskabets brevhoved og underskrives af den relevante myndighed i rederiet.\u00a0Medtag datoerne for din ans\u00e6ttelse og din officielle jobtitel p\u00e5 det kvalificerende fart\u00f8j.\u00a0Brevet skal ogs\u00e5 angive datoen for det forventede ankomst til det skib, som du vil arbejde p\u00e5 i Australien, og et forholdsvis n\u00f8jagtigt sk\u00f8n over, hvor l\u00e6nge skibet forventes at blive i landet.\u00a0Hvis rederiet forventer, at du forlader din ans\u00e6ttelse p\u00e5 skibet, f\u00f8r skibet forventes at forlade Australien, skal dette ogs\u00e5 forklares i det underskrevne brev.<\/p>\n<p><strong>Andre dokumenter, som du skal sende med din online-ans\u00f8gning som\u00a0dansk\u00a0statsborger til dette visa inkluderer bevis for dit h\u00f8jeste uddannelsesniveau, eventuelle officielle dokumenter for at vise et forhold til en \u00e6gtef\u00e6lle, der ans\u00f8ger om at rejse til Australien med dig p\u00e5 dette visum og eventuelle obligatoriske karakterdokumenter\u00a0<\/strong>.\u00a0Karakterdokumenterne kan kun v\u00e6re n\u00f8dvendige, hvis du har en officiel politiregistrering eller har behov for at vise, at du blev udskrevet fra milit\u00e6ret.<\/p>\n<p>Selv hvis du bruger det samme dokument til flere form\u00e5l p\u00e5 din online visums\u00f8gning, skal du kun vedh\u00e6fte hvert dokument \u00e9n gang til din ans\u00f8gning.\u00a0Hvis du inkluderer un\u00f8dvendige eller duplikerede dokumenter med din visumans\u00f8gning, kan det s\u00e6nke behandlingstiden.<\/p>\n<p>Det er vigtigt at huske, at\u00a0<strong>du ikke skal v\u00e6re i Australien p\u00e5 det tidspunkt, du ans\u00f8ger om dit australske s\u00f8fartvisum\u00a0<\/strong>.\u00a0Selvom du muligvis modtager en beslutning fra den australske regering om dit visum, n\u00e5r du fysisk er inde i Australien, er\u00a0<strong>du ikke berettiget til dette visum, mens du opholder dig i landet\u00a0<\/strong>.<\/p>\n<ul class=\"visa-pics\" style=\"float: right;\">\n<li><a class=\"apply\" href=\"\/dk\/visa-crew\/\">Ans\u00f8g nu<\/a><\/li>\n<\/ul>\n<p><br style=\"clear: both;\" \/><br style=\"clear: both;\" \/><\/p>\n<h2 id=\"MCV-ans\u00f8gningsproces\">Australsk MCV-ans\u00f8gningsproces<\/h2>\n<p>Nu hvor du kender trinene til, hvordan du ans\u00f8ger om MCV-visum, her er nogle flere oplysninger om, hvad du skal forvente under\u00a0processen med at ans\u00f8ge om og vente p\u00e5, at dit marinebes\u00e6tningsvisum skal udstedes af den australske regering.\u00a0<strong>Vi anbefaler at MCV-visumet <a href=\"\/dk\/visa-crew\/\">ans\u00f8ges online<\/a> for af f\u00e5 den hurtigste behandling og de mest sikre resultater<\/strong>.<\/p>\n<p>N\u00e5r din visums\u00f8gning officielt er indsendt online, vil den blive\u00a0<strong>revideret af departementet for indenrigsanliggender i den australske regering<\/strong>.\u00a0Du vil modtage en\u00a0 skriftligt afg\u00f8relse fra den australske regering efter behandlingen af \u200b\u200bdin visumans\u00f8gning.<\/p>\n<p>N\u00e5r din visumans\u00f8gning er godkendt, finder du ud af det\u00a0<strong>officielle MCV-visumnummer, der er\u00a0<\/strong>tildelt dig, samt de datoer, som dit visa er gyldigt for.\u00a0Hvis der er andre yderligere betingelser end dem, der regelm\u00e6ssigt ledsager et havvisum i Australien, hvilket er meget sj\u00e6ldent, vil disse betingelser blive givet p\u00e5 det tidspunkt af regeringen skriftligt.<\/p>\n<p><strong>Hvis den australske regering (indvandring) beslutter ikke at give din visumans\u00f8gning, vil du ogs\u00e5 blive underrettet om denne bestemmelse skriftligt<\/strong>.\u00a0Regeringen giver den officielle grund til, at din visumans\u00f8gning blev afvist.\u00a0Det anbefales, at du ans\u00f8ger om dette visum, s\u00e5 snart du har bekr\u00e6ftet, at din ans\u00e6ttelsesstatus kr\u00e6ver denne type visum, s\u00e5 du har tilstr\u00e6kkelig tid til at rette eventuelle fejl eller give yderligere oplysninger i tilf\u00e6lde af, at din australske visums\u00f8gning afvises af regeringen.<\/p>\n<ul class=\"visa-pics\" style=\"float: right;\">\n<li><a class=\"apply\" href=\"\/dk\/visa-crew\/\">Ans\u00f8g nu<\/a><\/li>\n<\/ul>\n<p><br style=\"clear: both;\" \/><br style=\"clear: both;\" \/><\/p>\n<h2 id=\"MCV-behandlingstid\">MCV-behandlingstid<\/h2>\n<p>Selvom der ikke er nogen endelig frist, inden for hvilken en ans\u00f8ger kan v\u00e6re sikker p\u00e5, at deres MCV-ans\u00f8gning vil blive behandlet,\u00a0<strong>er MCV-visumbehandlingstiden typisk fire dage<\/strong>.\u00a0Mange Maritime Crew Visa-ans\u00f8gninger til Australien behandles p\u00e5 s\u00e5 f\u00e5 som to dage.<\/p>\n<p>Den bedste m\u00e5de at sikre, at der ikke er nogen forsinkelser i behandlingen af \u200b\u200bdin Maritime Visa Australia-ans\u00f8gning, er at\u00a0<strong>l\u00e6se alle ans\u00f8gningsinstruktioner omhyggeligt og give alle de n\u00f8dvendige oplysninger,<\/strong> f\u00f8rste gang den indsendes.\u00a0<strong>Fejl ved udfyldelse af online-applikationen til en MCV kan un\u00f8digt forsinke den samlede behandlingstid<\/strong>.<\/p>\n<p>Hvis du har ventet i mere end en m\u00e5ned med at f\u00e5 oplysninger om din MCV-visumstatus fra den australske regering, skal du\u00a0<a href=\"\/dk\/contact-us\/\">kontakte os<\/a>\u00a0.<\/p>\n<ul class=\"visa-pics\" style=\"float: right;\">\n<li><a class=\"apply\" href=\"\/dk\/visa-crew\/\">Ans\u00f8g nu<\/a><\/li>\n<\/ul>\n<p><br style=\"clear: both;\" \/><br style=\"clear: both;\" \/><\/p>\n<h2 id=\"MCV-omkostninger\">MCV-omkostninger<\/h2>\n<p><strong>Omkostningerne til ans\u00f8gningen om en australsk MCV er <span class=\"woocommerce-Price-amount amount\"><bdi><span class=\"woocommerce-Price-currencySymbol\">kr.<\/span>980,00<\/bdi><\/span><\/strong>.\u00a0MCV-onlinebetaling kr\u00e6ves for at indsende din anmodning og behandle hver Maritime Crew Visa-ans\u00f8gning til Australien: Du skal separat indgive en visumans\u00f8gningsskema for hvert familiemedlem, der rejser med dig til Australien under din ans\u00e6ttelse p\u00e5 et skib.\u00a0Disse ans\u00f8gninger skal indgives p\u00e5 samme tid som din individuelle visums\u00f8gning for at undg\u00e5 forvirring eller forsinkelser i behandlingen af \u200b\u200bden australske regering.<\/p>\n<ul class=\"visa-pics\" style=\"float: right;\">\n<li><a class=\"apply\" href=\"\/dk\/visa-crew\/\">Ans\u00f8g nu<\/a><\/li>\n<\/ul>\n<p><br style=\"clear: both;\" \/><br style=\"clear: both;\" \/><\/p>\n","protected":false},"excerpt":{"rendered":"<p>\u201cMCV\u201d Seaman Visa &#8211; Underklasse 988 Den proces, hvorp\u00e5 du kan f\u00e5 en MCV online, er mere enkel end du [&#8230;]<\/p>\n<p><a class=\"btn btn-secondary understrap-read-more-link\" href=\"https:\/\/auvisa.org\/dk\/maritime-crew-visa-australien-mcv-visum\/\">L\u00e6s mere&#8230;<span class=\"screen-reader-text\"> from Maritime Crew Visa for Australien: MCV Visum<\/span><\/a><\/p>\n","protected":false},"author":4,"featured_media":0,"parent":0,"menu_order":17,"comment_status":"closed","ping_status":"closed","template":"templates\/tpl_spiegazione.php","meta":{"inline_featured_image":false,"footnotes":""},"class_list":["post-1460","page","type-page","status-publish","hentry"],"yoast_head":"<!-- This site is optimized with the Yoast SEO plugin v26.9 - https:\/\/yoast.com\/product\/yoast-seo-wordpress\/ -->\n<title>MCV Visum for Australien - Maritime Crew Visa (Danskere)<\/title>\n<meta name=\"description\" content=\"Australien MCV (Maritime Crew Visa) -oplysninger for\u00a0danske\u00a0borgere: omkostninger, krav og hurtig online-ans\u00f8gningsskema for sj\u00f8mandsvisum. Ans\u00f8g nu.\" \/>\n<meta name=\"robots\" content=\"index, follow, max-snippet:-1, max-image-preview:large, max-video-preview:-1\" \/>\n<link rel=\"canonical\" href=\"https:\/\/auvisa.org\/dk\/maritime-crew-visa-australien-mcv-visum\/\" \/>\n<meta property=\"og:locale\" content=\"da_DK\" \/>\n<meta property=\"og:type\" content=\"article\" \/>\n<meta property=\"og:title\" content=\"MCV Visum for Australien - Maritime Crew Visa (Danskere)\" \/>\n<meta property=\"og:description\" content=\"Australien MCV (Maritime Crew Visa) -oplysninger for\u00a0danske\u00a0borgere: omkostninger, krav og hurtig online-ans\u00f8gningsskema for sj\u00f8mandsvisum. Ans\u00f8g nu.\" \/>\n<meta property=\"og:url\" content=\"https:\/\/auvisa.org\/dk\/maritime-crew-visa-australien-mcv-visum\/\" \/>\n<meta property=\"og:site_name\" content=\"Auvisa.org\" \/>\n<meta property=\"article:modified_time\" content=\"2023-07-07T15:55:10+00:00\" \/>\n<meta name=\"twitter:card\" content=\"summary_large_image\" \/>\n<meta name=\"twitter:label1\" content=\"Estimeret l\u00e6setid\" \/>\n\t<meta name=\"twitter:data1\" content=\"10 minutter\" \/>\n<script type=\"application\/ld+json\" class=\"yoast-schema-graph\">{\"@context\":\"https:\/\/schema.org\",\"@graph\":[{\"@type\":\"WebPage\",\"@id\":\"https:\/\/auvisa.org\/dk\/maritime-crew-visa-australien-mcv-visum\/\",\"url\":\"https:\/\/auvisa.org\/dk\/maritime-crew-visa-australien-mcv-visum\/\",\"name\":\"MCV Visum for Australien - Maritime Crew Visa (Danskere)\",\"isPartOf\":{\"@id\":\"https:\/\/auvisa.org\/dk\/#website\"},\"datePublished\":\"2019-11-21T10:56:19+00:00\",\"dateModified\":\"2023-07-07T15:55:10+00:00\",\"description\":\"Australien MCV (Maritime Crew Visa) -oplysninger for\u00a0danske\u00a0borgere: omkostninger, krav og hurtig online-ans\u00f8gningsskema for sj\u00f8mandsvisum. Ans\u00f8g nu.\",\"breadcrumb\":{\"@id\":\"https:\/\/auvisa.org\/dk\/maritime-crew-visa-australien-mcv-visum\/#breadcrumb\"},\"inLanguage\":\"da-DK\",\"potentialAction\":[{\"@type\":\"ReadAction\",\"target\":[\"https:\/\/auvisa.org\/dk\/maritime-crew-visa-australien-mcv-visum\/\"]}]},{\"@type\":\"BreadcrumbList\",\"@id\":\"https:\/\/auvisa.org\/dk\/maritime-crew-visa-australien-mcv-visum\/#breadcrumb\",\"itemListElement\":[{\"@type\":\"ListItem\",\"position\":1,\"name\":\"Home\",\"item\":\"https:\/\/auvisa.org\/dk\/\"},{\"@type\":\"ListItem\",\"position\":2,\"name\":\"Maritime Crew Visa for Australien: MCV Visum\"}]},{\"@type\":\"WebSite\",\"@id\":\"https:\/\/auvisa.org\/dk\/#website\",\"url\":\"https:\/\/auvisa.org\/dk\/\",\"name\":\"Auvisa.org\",\"description\":\"\",\"inLanguage\":\"da-DK\"}]}<\/script>\n<!-- \/ Yoast SEO plugin. -->","yoast_head_json":{"title":"MCV Visum for Australien - Maritime Crew Visa (Danskere)","description":"Australien MCV (Maritime Crew Visa) -oplysninger for\u00a0danske\u00a0borgere: omkostninger, krav og hurtig online-ans\u00f8gningsskema for sj\u00f8mandsvisum. Ans\u00f8g nu.","robots":{"index":"index","follow":"follow","max-snippet":"max-snippet:-1","max-image-preview":"max-image-preview:large","max-video-preview":"max-video-preview:-1"},"canonical":"https:\/\/auvisa.org\/dk\/maritime-crew-visa-australien-mcv-visum\/","og_locale":"da_DK","og_type":"article","og_title":"MCV Visum for Australien - Maritime Crew Visa (Danskere)","og_description":"Australien MCV (Maritime Crew Visa) -oplysninger for\u00a0danske\u00a0borgere: omkostninger, krav og hurtig online-ans\u00f8gningsskema for sj\u00f8mandsvisum. Ans\u00f8g nu.","og_url":"https:\/\/auvisa.org\/dk\/maritime-crew-visa-australien-mcv-visum\/","og_site_name":"Auvisa.org","article_modified_time":"2023-07-07T15:55:10+00:00","twitter_card":"summary_large_image","twitter_misc":{"Estimeret l\u00e6setid":"10 minutter"},"schema":{"@context":"https:\/\/schema.org","@graph":[{"@type":"WebPage","@id":"https:\/\/auvisa.org\/dk\/maritime-crew-visa-australien-mcv-visum\/","url":"https:\/\/auvisa.org\/dk\/maritime-crew-visa-australien-mcv-visum\/","name":"MCV Visum for Australien - Maritime Crew Visa (Danskere)","isPartOf":{"@id":"https:\/\/auvisa.org\/dk\/#website"},"datePublished":"2019-11-21T10:56:19+00:00","dateModified":"2023-07-07T15:55:10+00:00","description":"Australien MCV (Maritime Crew Visa) -oplysninger for\u00a0danske\u00a0borgere: omkostninger, krav og hurtig online-ans\u00f8gningsskema for sj\u00f8mandsvisum. Ans\u00f8g nu.","breadcrumb":{"@id":"https:\/\/auvisa.org\/dk\/maritime-crew-visa-australien-mcv-visum\/#breadcrumb"},"inLanguage":"da-DK","potentialAction":[{"@type":"ReadAction","target":["https:\/\/auvisa.org\/dk\/maritime-crew-visa-australien-mcv-visum\/"]}]},{"@type":"BreadcrumbList","@id":"https:\/\/auvisa.org\/dk\/maritime-crew-visa-australien-mcv-visum\/#breadcrumb","itemListElement":[{"@type":"ListItem","position":1,"name":"Home","item":"https:\/\/auvisa.org\/dk\/"},{"@type":"ListItem","position":2,"name":"Maritime Crew Visa for Australien: MCV Visum"}]},{"@type":"WebSite","@id":"https:\/\/auvisa.org\/dk\/#website","url":"https:\/\/auvisa.org\/dk\/","name":"Auvisa.org","description":"","inLanguage":"da-DK"}]}},"_links":{"self":[{"href":"https:\/\/auvisa.org\/dk\/wp-json\/wp\/v2\/pages\/1460","targetHints":{"allow":["GET"]}}],"collection":[{"href":"https:\/\/auvisa.org\/dk\/wp-json\/wp\/v2\/pages"}],"about":[{"href":"https:\/\/auvisa.org\/dk\/wp-json\/wp\/v2\/types\/page"}],"author":[{"embeddable":true,"href":"https:\/\/auvisa.org\/dk\/wp-json\/wp\/v2\/users\/4"}],"replies":[{"embeddable":true,"href":"https:\/\/auvisa.org\/dk\/wp-json\/wp\/v2\/comments?post=1460"}],"version-history":[{"count":8,"href":"https:\/\/auvisa.org\/dk\/wp-json\/wp\/v2\/pages\/1460\/revisions"}],"predecessor-version":[{"id":18819,"href":"https:\/\/auvisa.org\/dk\/wp-json\/wp\/v2\/pages\/1460\/revisions\/18819"}],"wp:attachment":[{"href":"https:\/\/auvisa.org\/dk\/wp-json\/wp\/v2\/media?parent=1460"}],"curies":[{"name":"wp","href":"https:\/\/api.w.org\/{rel}","templated":true}]}}