{"id":1744,"date":"2020-01-07T16:26:56","date_gmt":"2020-01-07T16:26:56","guid":{"rendered":"https:\/\/dev.auvisa.org\/?page_id=1744"},"modified":"2023-08-25T11:30:50","modified_gmt":"2023-08-25T09:30:50","slug":"visa-working","status":"publish","type":"page","link":"https:\/\/auvisa.org\/dk\/visa-working\/","title":{"rendered":"Ans\u00f8g om Working Holiday-Visum til Australien: Ans\u00f8gningsskema"},"content":{"rendered":"\n<div style=\"height:20px\" aria-hidden=\"true\" class=\"wp-block-spacer\"><\/div>\n\n\n\n<p>Dette ans\u00f8gningsskema til Working Holiday Visa er beregnet til&nbsp;<strong>danske&nbsp;borgere mellem 18 og 30 \u00e5r (inklusive)&nbsp;<\/strong>p\u00e5 tidspunktet for deres ans\u00f8gning.&nbsp;&nbsp;<\/p>\n\n\n\n<p>Efter opn\u00e5else af&nbsp;visumet&nbsp;kan&nbsp;danskere&nbsp;rejse til Australien og&nbsp;<strong>kombinere ferie, arbejde og studier<\/strong>.&nbsp;&nbsp;<\/p>\n\n\n\n<p>Det er muligt at&nbsp;<strong>opholde sig i Australien i op til et \u00e5r&nbsp;<\/strong>og arbejde hos den samme arbejdsgiver i op til seks m\u00e5neder, eller studere i op til fire m\u00e5neder.&nbsp;Det er ogs\u00e5 muligt at bruge den fulde visumperiode p\u00e5 ferie.&nbsp;<\/p>\n\n\n\n<p>Betingelser for ans\u00f8gning om visum til arbejdsferie:<\/p>\n\n\n\n<ul class=\"wp-block-list\"><li>Du skal v\u00e6re mellem 18 og 30 \u00e5r (inklusive)<\/li><li>Du skal v\u00e6re i godt helbred<\/li><li>Du skal have de \u00f8konomiske midler til at fors\u00f8rge dig selv i begyndelsen af \u200b\u200bdit ophold<\/li><\/ul>\n\n\n\n<p><strong>VIGTIG:<br><\/strong>For at udfylde og indsende din ans\u00f8gning er der behov for en kopi af f\u00f8lgende dokumenter:<\/p>\n\n\n\n<ul class=\"wp-block-list\"><li>Passport personlige detaljer side<\/li><\/ul>\n\n\n\n<p>Hvis du ikke har alle de n\u00f8dvendige dokumenter i \u00f8jeblikket, kan du gemme applikationen og uploade dokumenterne senere.<\/p>\n\n\n\n<p>Du kan ans\u00f8ge om flere personer p\u00e5 samme tid, og <strong>hver Working Holiday Visa koster\u00a05.295 DKK. Prisen inkluderer b\u00e5de auvisa.orgs servicegebyrer og statslige gebyrer (hvor relevant).<\/strong><\/p>\n\n\n\n<p><\/p>\n\n\n\n<h3>Indtast og bekr\u00e6ft din e-mailadresse for at starte din ans\u00f8gning:<\/h3>\n","protected":false},"excerpt":{"rendered":"<p>Dette ans\u00f8gningsskema til Working Holiday Visa er beregnet til&nbsp;danske&nbsp;borgere mellem 18 og 30 \u00e5r (inklusive)&nbsp;p\u00e5 tidspunktet for deres ans\u00f8gning.&nbsp;&nbsp; Efter [&#8230;]<\/p>\n<p><a class=\"btn btn-secondary understrap-read-more-link\" href=\"https:\/\/auvisa.org\/dk\/visa-working\/\">L\u00e6s mere&#8230;<span class=\"screen-reader-text\"> from Ans\u00f8g om Working Holiday-Visum til Australien: Ans\u00f8gningsskema<\/span><\/a><\/p>\n","protected":false},"author":3,"featured_media":0,"parent":0,"menu_order":39,"comment_status":"closed","ping_status":"closed","template":"templates\/tpl_acf_form.php","meta":{"inline_featured_image":false,"footnotes":""},"class_list":["post-1744","page","type-page","status-publish","hentry"],"yoast_head":"<!-- This site is optimized with the Yoast SEO plugin v26.9 - https:\/\/yoast.com\/product\/yoast-seo-wordpress\/ -->\n<title>Ans\u00f8g om Working Holiday-Visum til Australien: Ans\u00f8gningsskema<\/title>\n<meta name=\"description\" content=\"Danske rejsende skal tilmelde sig et online australsk arbejdsferievisum (Working Holiday-Visum til Australien) via denne ans\u00f8gningsformular.\" \/>\n<meta name=\"robots\" content=\"index, follow, max-snippet:-1, max-image-preview:large, max-video-preview:-1\" \/>\n<link rel=\"canonical\" href=\"https:\/\/auvisa.org\/dk\/visa-working\/\" \/>\n<meta property=\"og:locale\" content=\"da_DK\" \/>\n<meta property=\"og:type\" content=\"article\" \/>\n<meta property=\"og:title\" content=\"Ans\u00f8g om Working Holiday-Visum til Australien: Ans\u00f8gningsskema\" \/>\n<meta property=\"og:description\" content=\"Danske rejsende skal tilmelde sig et online australsk arbejdsferievisum (Working Holiday-Visum til Australien) via denne ans\u00f8gningsformular.\" \/>\n<meta property=\"og:url\" content=\"https:\/\/auvisa.org\/dk\/visa-working\/\" \/>\n<meta property=\"og:site_name\" content=\"Auvisa.org\" \/>\n<meta property=\"article:modified_time\" content=\"2023-08-25T09:30:50+00:00\" \/>\n<meta name=\"twitter:card\" content=\"summary_large_image\" \/>\n<meta name=\"twitter:label1\" content=\"Estimeret l\u00e6setid\" \/>\n\t<meta name=\"twitter:data1\" content=\"2 minutter\" \/>\n<script type=\"application\/ld+json\" class=\"yoast-schema-graph\">{\"@context\":\"https:\/\/schema.org\",\"@graph\":[{\"@type\":\"WebPage\",\"@id\":\"https:\/\/auvisa.org\/dk\/visa-working\/\",\"url\":\"https:\/\/auvisa.org\/dk\/visa-working\/\",\"name\":\"Ans\u00f8g om Working Holiday-Visum til Australien: Ans\u00f8gningsskema\",\"isPartOf\":{\"@id\":\"https:\/\/auvisa.org\/dk\/#website\"},\"datePublished\":\"2020-01-07T16:26:56+00:00\",\"dateModified\":\"2023-08-25T09:30:50+00:00\",\"description\":\"Danske rejsende skal tilmelde sig et online australsk arbejdsferievisum (Working Holiday-Visum til Australien) via denne ans\u00f8gningsformular.\",\"breadcrumb\":{\"@id\":\"https:\/\/auvisa.org\/dk\/visa-working\/#breadcrumb\"},\"inLanguage\":\"da-DK\",\"potentialAction\":[{\"@type\":\"ReadAction\",\"target\":[\"https:\/\/auvisa.org\/dk\/visa-working\/\"]}]},{\"@type\":\"BreadcrumbList\",\"@id\":\"https:\/\/auvisa.org\/dk\/visa-working\/#breadcrumb\",\"itemListElement\":[{\"@type\":\"ListItem\",\"position\":1,\"name\":\"Home\",\"item\":\"https:\/\/auvisa.org\/dk\/\"},{\"@type\":\"ListItem\",\"position\":2,\"name\":\"Ans\u00f8g om Working Holiday-Visum til Australien: Ans\u00f8gningsskema\"}]},{\"@type\":\"WebSite\",\"@id\":\"https:\/\/auvisa.org\/dk\/#website\",\"url\":\"https:\/\/auvisa.org\/dk\/\",\"name\":\"Auvisa.org\",\"description\":\"\",\"inLanguage\":\"da-DK\"}]}<\/script>\n<!-- \/ Yoast SEO plugin. -->","yoast_head_json":{"title":"Ans\u00f8g om Working Holiday-Visum til Australien: Ans\u00f8gningsskema","description":"Danske rejsende skal tilmelde sig et online australsk arbejdsferievisum (Working Holiday-Visum til Australien) via denne ans\u00f8gningsformular.","robots":{"index":"index","follow":"follow","max-snippet":"max-snippet:-1","max-image-preview":"max-image-preview:large","max-video-preview":"max-video-preview:-1"},"canonical":"https:\/\/auvisa.org\/dk\/visa-working\/","og_locale":"da_DK","og_type":"article","og_title":"Ans\u00f8g om Working Holiday-Visum til Australien: Ans\u00f8gningsskema","og_description":"Danske rejsende skal tilmelde sig et online australsk arbejdsferievisum (Working Holiday-Visum til Australien) via denne ans\u00f8gningsformular.","og_url":"https:\/\/auvisa.org\/dk\/visa-working\/","og_site_name":"Auvisa.org","article_modified_time":"2023-08-25T09:30:50+00:00","twitter_card":"summary_large_image","twitter_misc":{"Estimeret l\u00e6setid":"2 minutter"},"schema":{"@context":"https:\/\/schema.org","@graph":[{"@type":"WebPage","@id":"https:\/\/auvisa.org\/dk\/visa-working\/","url":"https:\/\/auvisa.org\/dk\/visa-working\/","name":"Ans\u00f8g om Working Holiday-Visum til Australien: Ans\u00f8gningsskema","isPartOf":{"@id":"https:\/\/auvisa.org\/dk\/#website"},"datePublished":"2020-01-07T16:26:56+00:00","dateModified":"2023-08-25T09:30:50+00:00","description":"Danske rejsende skal tilmelde sig et online australsk arbejdsferievisum (Working Holiday-Visum til Australien) via denne ans\u00f8gningsformular.","breadcrumb":{"@id":"https:\/\/auvisa.org\/dk\/visa-working\/#breadcrumb"},"inLanguage":"da-DK","potentialAction":[{"@type":"ReadAction","target":["https:\/\/auvisa.org\/dk\/visa-working\/"]}]},{"@type":"BreadcrumbList","@id":"https:\/\/auvisa.org\/dk\/visa-working\/#breadcrumb","itemListElement":[{"@type":"ListItem","position":1,"name":"Home","item":"https:\/\/auvisa.org\/dk\/"},{"@type":"ListItem","position":2,"name":"Ans\u00f8g om Working Holiday-Visum til Australien: Ans\u00f8gningsskema"}]},{"@type":"WebSite","@id":"https:\/\/auvisa.org\/dk\/#website","url":"https:\/\/auvisa.org\/dk\/","name":"Auvisa.org","description":"","inLanguage":"da-DK"}]}},"_links":{"self":[{"href":"https:\/\/auvisa.org\/dk\/wp-json\/wp\/v2\/pages\/1744","targetHints":{"allow":["GET"]}}],"collection":[{"href":"https:\/\/auvisa.org\/dk\/wp-json\/wp\/v2\/pages"}],"about":[{"href":"https:\/\/auvisa.org\/dk\/wp-json\/wp\/v2\/types\/page"}],"author":[{"embeddable":true,"href":"https:\/\/auvisa.org\/dk\/wp-json\/wp\/v2\/users\/3"}],"replies":[{"embeddable":true,"href":"https:\/\/auvisa.org\/dk\/wp-json\/wp\/v2\/comments?post=1744"}],"version-history":[{"count":14,"href":"https:\/\/auvisa.org\/dk\/wp-json\/wp\/v2\/pages\/1744\/revisions"}],"predecessor-version":[{"id":18980,"href":"https:\/\/auvisa.org\/dk\/wp-json\/wp\/v2\/pages\/1744\/revisions\/18980"}],"wp:attachment":[{"href":"https:\/\/auvisa.org\/dk\/wp-json\/wp\/v2\/media?parent=1744"}],"curies":[{"name":"wp","href":"https:\/\/api.w.org\/{rel}","templated":true}]}}