{"id":1747,"date":"2020-01-07T16:27:41","date_gmt":"2020-01-07T16:27:41","guid":{"rendered":"https:\/\/dev.auvisa.org\/?page_id=1747"},"modified":"2023-07-07T17:49:04","modified_gmt":"2023-07-07T15:49:04","slug":"visa-student","status":"publish","type":"page","link":"https:\/\/auvisa.org\/dk\/visa-student\/","title":{"rendered":"Ans\u00f8g om Studentervisum til Australien: Ans\u00f8gningsskema"},"content":{"rendered":"\n<div style=\"height:20px\" aria-hidden=\"true\" class=\"wp-block-spacer\"><\/div>\n\n\n\n<p>Brug dette ans\u00f8gningsskema for <strong>at ans\u00f8ge om et studentervisum til Australien.<\/strong><\/p>\n\n\n\n<p>Du skal v\u00e6re <strong>optaget p\u00e5 et universitet eller en skole i Australien<\/strong>, f\u00f8r du kan ans\u00f8ge om et studievisum. Hvis du ikke har et bevis p\u00e5 dit kommende studium, Confirmation of Enrolment, skal du kontakte skolen eller universitet for at f\u00e5 dem til at udstede dette.<\/p>\n\n\n\n<ul class=\"wp-block-list\"><li><strong>Higher education (Videreg\u00e5ende uddannelser)<\/strong><ul><li>G\u00e6lder for bachelor degree, associate degree, graduate certificate, graduate diploma, higher education diploma, higher education advanced diploma eller masters by coursework.<\/li><\/ul><\/li><li><strong>Postgratuate research<\/strong><ul><li>G\u00e6lder for Masters by research eller en doktorgrad.<\/li><\/ul><\/li><li><strong>English Language Intensive Courses for Overseas Students (ELICOS)<\/strong><ul><li>Intensive enkeltst\u00e5ende engelskkurser, som f\u00f8rer til certifikat I, II, III, IV eller som resulterer i ingen formel grad.<\/li><\/ul><\/li><li><strong>Primary or secondary school course<\/strong><ul><li>For kurser p\u00e5 primary-, junior secondary- eller senior secondary-skoler samt godkendte udvekslingsprogrammer med secondary-skoler.<\/li><\/ul><\/li><li><strong>Vocational education and training (VET)<\/strong><ul><li>Erhvervsuddannelser eller tr\u00e6ning. Denne kategori er for certifikat I, II, III, IV (p\u00e5 n\u00e6r ELICOS), VET diploma, VET advanced diploma, vocational graduate certificate eller vocational graduate diploma-kurser.<\/li><\/ul><\/li><li><strong>Non-award<\/strong><ul><li>G\u00e6lder for studier, som ikke er meritgivende eller andre fuldtids-kurser eller dele af kurser, som ikke giver en officiel titel i Australien.<\/li><\/ul><\/li><li><strong>AusAID and Defense<\/strong><ul><li>Gl\u00e6der for studerende, der tager fuldtids-kurser sponsoreret af AusAID eller Australian Department of Defence.<\/li><\/ul><\/li><li><strong>Student Guardians<\/strong><ul><li>For\u00e6ldre eller familiemedlemmer kan ans\u00f8ge om visum til at opholde sig i Australien som v\u00e6rge for en studerende, som studerer i Australien.<\/li><\/ul><\/li><\/ul>\n\n\n\n<p>Prisen for visummet er <span class=\"woocommerce-Price-amount amount\"><bdi><span class=\"woocommerce-Price-currencySymbol\">kr.<\/span>9.000,00<\/bdi><\/span>.<\/p>\n\n\n\n<p><\/p>\n\n\n\n<h3 class=\"wp-block-heading\" id=\"indtast-og-bekraeft-din-e-mailadresse-for-at-starte-din-ansogning\">Indtast og bekr\u00e6ft din e-mailadresse for at starte din ans\u00f8gning:<\/h3>\n","protected":false},"excerpt":{"rendered":"<p>Brug dette ans\u00f8gningsskema for at ans\u00f8ge om et studentervisum til Australien. Du skal v\u00e6re optaget p\u00e5 et universitet eller en [&#8230;]<\/p>\n<p><a class=\"btn btn-secondary understrap-read-more-link\" href=\"https:\/\/auvisa.org\/dk\/visa-student\/\">L\u00e6s mere&#8230;<span class=\"screen-reader-text\"> from Ans\u00f8g om Studentervisum til Australien: Ans\u00f8gningsskema<\/span><\/a><\/p>\n","protected":false},"author":3,"featured_media":0,"parent":0,"menu_order":37,"comment_status":"closed","ping_status":"closed","template":"templates\/tpl_acf_form.php","meta":{"inline_featured_image":false,"footnotes":""},"class_list":["post-1747","page","type-page","status-publish","hentry"],"yoast_head":"<!-- This site is optimized with the Yoast SEO plugin v26.9 - https:\/\/yoast.com\/product\/yoast-seo-wordpress\/ -->\n<title>Ans\u00f8g om Studentervisum til Australien: Ans\u00f8gningsskema (Danmark)<\/title>\n<meta name=\"description\" content=\"Danske studerende skal bruge denne ans\u00f8gningsformular til at ans\u00f8ge om et studentervisum til Australien. Ans\u00f8g online her.\" \/>\n<meta name=\"robots\" content=\"index, follow, max-snippet:-1, max-image-preview:large, max-video-preview:-1\" \/>\n<link rel=\"canonical\" href=\"https:\/\/auvisa.org\/dk\/visa-student\/\" \/>\n<meta property=\"og:locale\" content=\"da_DK\" \/>\n<meta property=\"og:type\" content=\"article\" \/>\n<meta property=\"og:title\" content=\"Ans\u00f8g om Studentervisum til Australien: Ans\u00f8gningsskema (Danmark)\" \/>\n<meta property=\"og:description\" content=\"Danske studerende skal bruge denne ans\u00f8gningsformular til at ans\u00f8ge om et studentervisum til Australien. Ans\u00f8g online her.\" \/>\n<meta property=\"og:url\" content=\"https:\/\/auvisa.org\/dk\/visa-student\/\" \/>\n<meta property=\"og:site_name\" content=\"Auvisa.org\" \/>\n<meta property=\"article:modified_time\" content=\"2023-07-07T15:49:04+00:00\" \/>\n<meta name=\"twitter:card\" content=\"summary_large_image\" \/>\n<meta name=\"twitter:label1\" content=\"Estimeret l\u00e6setid\" \/>\n\t<meta name=\"twitter:data1\" content=\"2 minutter\" \/>\n<script type=\"application\/ld+json\" class=\"yoast-schema-graph\">{\"@context\":\"https:\/\/schema.org\",\"@graph\":[{\"@type\":\"WebPage\",\"@id\":\"https:\/\/auvisa.org\/dk\/visa-student\/\",\"url\":\"https:\/\/auvisa.org\/dk\/visa-student\/\",\"name\":\"Ans\u00f8g om Studentervisum til Australien: Ans\u00f8gningsskema (Danmark)\",\"isPartOf\":{\"@id\":\"https:\/\/auvisa.org\/dk\/#website\"},\"datePublished\":\"2020-01-07T16:27:41+00:00\",\"dateModified\":\"2023-07-07T15:49:04+00:00\",\"description\":\"Danske studerende skal bruge denne ans\u00f8gningsformular til at ans\u00f8ge om et studentervisum til Australien. Ans\u00f8g online her.\",\"breadcrumb\":{\"@id\":\"https:\/\/auvisa.org\/dk\/visa-student\/#breadcrumb\"},\"inLanguage\":\"da-DK\",\"potentialAction\":[{\"@type\":\"ReadAction\",\"target\":[\"https:\/\/auvisa.org\/dk\/visa-student\/\"]}]},{\"@type\":\"BreadcrumbList\",\"@id\":\"https:\/\/auvisa.org\/dk\/visa-student\/#breadcrumb\",\"itemListElement\":[{\"@type\":\"ListItem\",\"position\":1,\"name\":\"Home\",\"item\":\"https:\/\/auvisa.org\/dk\/\"},{\"@type\":\"ListItem\",\"position\":2,\"name\":\"Ans\u00f8g om Studentervisum til Australien: Ans\u00f8gningsskema\"}]},{\"@type\":\"WebSite\",\"@id\":\"https:\/\/auvisa.org\/dk\/#website\",\"url\":\"https:\/\/auvisa.org\/dk\/\",\"name\":\"Auvisa.org\",\"description\":\"\",\"inLanguage\":\"da-DK\"}]}<\/script>\n<!-- \/ Yoast SEO plugin. -->","yoast_head_json":{"title":"Ans\u00f8g om Studentervisum til Australien: Ans\u00f8gningsskema (Danmark)","description":"Danske studerende skal bruge denne ans\u00f8gningsformular til at ans\u00f8ge om et studentervisum til Australien. Ans\u00f8g online her.","robots":{"index":"index","follow":"follow","max-snippet":"max-snippet:-1","max-image-preview":"max-image-preview:large","max-video-preview":"max-video-preview:-1"},"canonical":"https:\/\/auvisa.org\/dk\/visa-student\/","og_locale":"da_DK","og_type":"article","og_title":"Ans\u00f8g om Studentervisum til Australien: Ans\u00f8gningsskema (Danmark)","og_description":"Danske studerende skal bruge denne ans\u00f8gningsformular til at ans\u00f8ge om et studentervisum til Australien. Ans\u00f8g online her.","og_url":"https:\/\/auvisa.org\/dk\/visa-student\/","og_site_name":"Auvisa.org","article_modified_time":"2023-07-07T15:49:04+00:00","twitter_card":"summary_large_image","twitter_misc":{"Estimeret l\u00e6setid":"2 minutter"},"schema":{"@context":"https:\/\/schema.org","@graph":[{"@type":"WebPage","@id":"https:\/\/auvisa.org\/dk\/visa-student\/","url":"https:\/\/auvisa.org\/dk\/visa-student\/","name":"Ans\u00f8g om Studentervisum til Australien: Ans\u00f8gningsskema (Danmark)","isPartOf":{"@id":"https:\/\/auvisa.org\/dk\/#website"},"datePublished":"2020-01-07T16:27:41+00:00","dateModified":"2023-07-07T15:49:04+00:00","description":"Danske studerende skal bruge denne ans\u00f8gningsformular til at ans\u00f8ge om et studentervisum til Australien. Ans\u00f8g online her.","breadcrumb":{"@id":"https:\/\/auvisa.org\/dk\/visa-student\/#breadcrumb"},"inLanguage":"da-DK","potentialAction":[{"@type":"ReadAction","target":["https:\/\/auvisa.org\/dk\/visa-student\/"]}]},{"@type":"BreadcrumbList","@id":"https:\/\/auvisa.org\/dk\/visa-student\/#breadcrumb","itemListElement":[{"@type":"ListItem","position":1,"name":"Home","item":"https:\/\/auvisa.org\/dk\/"},{"@type":"ListItem","position":2,"name":"Ans\u00f8g om Studentervisum til Australien: Ans\u00f8gningsskema"}]},{"@type":"WebSite","@id":"https:\/\/auvisa.org\/dk\/#website","url":"https:\/\/auvisa.org\/dk\/","name":"Auvisa.org","description":"","inLanguage":"da-DK"}]}},"_links":{"self":[{"href":"https:\/\/auvisa.org\/dk\/wp-json\/wp\/v2\/pages\/1747","targetHints":{"allow":["GET"]}}],"collection":[{"href":"https:\/\/auvisa.org\/dk\/wp-json\/wp\/v2\/pages"}],"about":[{"href":"https:\/\/auvisa.org\/dk\/wp-json\/wp\/v2\/types\/page"}],"author":[{"embeddable":true,"href":"https:\/\/auvisa.org\/dk\/wp-json\/wp\/v2\/users\/3"}],"replies":[{"embeddable":true,"href":"https:\/\/auvisa.org\/dk\/wp-json\/wp\/v2\/comments?post=1747"}],"version-history":[{"count":17,"href":"https:\/\/auvisa.org\/dk\/wp-json\/wp\/v2\/pages\/1747\/revisions"}],"predecessor-version":[{"id":18815,"href":"https:\/\/auvisa.org\/dk\/wp-json\/wp\/v2\/pages\/1747\/revisions\/18815"}],"wp:attachment":[{"href":"https:\/\/auvisa.org\/dk\/wp-json\/wp\/v2\/media?parent=1747"}],"curies":[{"name":"wp","href":"https:\/\/api.w.org\/{rel}","templated":true}]}}