{"id":1749,"date":"2020-01-07T16:28:00","date_gmt":"2020-01-07T16:28:00","guid":{"rendered":"https:\/\/dev.auvisa.org\/?page_id=1749"},"modified":"2023-07-07T17:46:23","modified_gmt":"2023-07-07T15:46:23","slug":"visa-longterm","status":"publish","type":"page","link":"https:\/\/auvisa.org\/dk\/visa-longterm\/","title":{"rendered":"Ans\u00f8g om Langtidsvisum (Visit Visa) til Australien: Ans\u00f8gningsskema"},"content":{"rendered":"\n<div style=\"height:20px\" aria-hidden=\"true\" class=\"wp-block-spacer\"><\/div>\n\n\n\n<p>Dette visum er et midlertidigt visum for l\u00e6ngere ophold i Australien. <\/p>\n\n\n\n<p>N\u00e5r du ans\u00f8ger, kan du v\u00e6lge <strong>mellem en gyldighedstid p\u00e5 3, 6 og 12 m\u00e5neder<\/strong>. Visummet g\u00e6lder for turisme, forretninger og bes\u00f8g af familie. Du kan ogs\u00e5 bruge dette visum til at forl\u00e6nge dit ophold i Australien, hvis du allerede er i landet og p\u00e5 et visum, som snart udl\u00f8ber.<\/p>\n\n\n\n<p><strong>Turistvisum<\/strong>: Hvis du rejser til Australien for at holde ferie eller bes\u00f8ge venner eller familie, skal du v\u00e6lge denne type visum i ans\u00f8gningen. Du har desuden tilladelse til at studere i op til 3 m\u00e5neder.<\/p>\n\n\n\n<p><strong>Visum til forretningsrejse<\/strong>: Hvis du skal til Australien p\u00e5 korte forretningsrejser, kan du v\u00e6lge dette visum i ans\u00f8gningen. Du kan dermed rejse til Australien for at holde forretningsm\u00f8der, forhandlinger eller deltage i konferencer. Du m\u00e5 ikke arbejde eller yde tjeneste for en virksomhed eller organisation i Australien. Du m\u00e5 heller ikke s\u00e6lge varer eller tjenester til private.<\/p>\n\n\n\n<p><strong>Visum til sponsoreret familiebes\u00f8g<\/strong>: Hvis du rejser til Australien for at bes\u00f8ge familie og har en sponsor, skal du v\u00e6lge denne form for visum i ans\u00f8gningen. Din sponsor vil m\u00e5ske blive p\u00e5kr\u00e6vet at stille en garanti. N\u00e5r du f\u00f8rst er ankommet til Australien, kan du ikke s\u00f8ge om andre former for visa i Australien.<\/p>\n\n\n\n<p><strong>Forl\u00e6ng dit eksisterende visum<\/strong>: Hvis er i Australien p\u00e5 et visum, som snart udl\u00f8ber, kan du ans\u00f8ge om dette visum til at forl\u00e6nge dit ophold. Dette er kun muligt, hvis der p\u00e5 dit eksisterende visum ikke st\u00e5r &#8220;No further stay&#8221;.<\/p>\n\n\n\n<p>Et visum til l\u00e6ngere ophold koster <span class=\"woocommerce-Price-amount amount\"><bdi><span class=\"woocommerce-Price-currencySymbol\">kr.<\/span>2.695,00<\/bdi><\/span> per styk. Hvis du er i Australien, n\u00e5r du ans\u00f8ger, vil der komme et gebyr p\u00e5 150 EUR per person oveni. Du kan ans\u00f8ge for flere personer p\u00e5 en gang.<\/p>\n\n\n\n<p><\/p>\n\n\n\n<h3 class=\"wp-block-heading\" id=\"indtast-og-bekraeft-din-e-mailadresse-for-at-starte-din-ansogning\">Indtast og bekr\u00e6ft din e-mailadresse for at starte din ans\u00f8gning:<\/h3>\n","protected":false},"excerpt":{"rendered":"<p>Dette visum er et midlertidigt visum for l\u00e6ngere ophold i Australien. N\u00e5r du ans\u00f8ger, kan du v\u00e6lge mellem en gyldighedstid [&#8230;]<\/p>\n<p><a class=\"btn btn-secondary understrap-read-more-link\" href=\"https:\/\/auvisa.org\/dk\/visa-longterm\/\">L\u00e6s mere&#8230;<span class=\"screen-reader-text\"> from Ans\u00f8g om Langtidsvisum (Visit Visa) til Australien: Ans\u00f8gningsskema<\/span><\/a><\/p>\n","protected":false},"author":3,"featured_media":0,"parent":0,"menu_order":32,"comment_status":"closed","ping_status":"closed","template":"templates\/tpl_acf_form.php","meta":{"inline_featured_image":false,"footnotes":""},"class_list":["post-1749","page","type-page","status-publish","hentry"],"yoast_head":"<!-- This site is optimized with the Yoast SEO plugin v26.9 - https:\/\/yoast.com\/product\/yoast-seo-wordpress\/ -->\n<title>Ans\u00f8g om Langtidsvisum (Visitor Visa) til Australien: Ans\u00f8gningsskem<\/title>\n<meta name=\"description\" content=\"Australiens Langtidsvisum (Visitor Visa subclass 600) er til ophold p\u00e5 3, 6 eller 12 m\u00e5neder, Bruges ogs\u00e5 for at forl\u00e6nge dit nuv\u00e6rende ophold i Australien.\" \/>\n<meta name=\"robots\" content=\"index, follow, max-snippet:-1, max-image-preview:large, max-video-preview:-1\" \/>\n<link rel=\"canonical\" href=\"https:\/\/auvisa.org\/dk\/visa-longterm\/\" \/>\n<meta property=\"og:locale\" content=\"da_DK\" \/>\n<meta property=\"og:type\" content=\"article\" \/>\n<meta property=\"og:title\" content=\"Ans\u00f8g om Langtidsvisum (Visitor Visa) til Australien: Ans\u00f8gningsskem\" \/>\n<meta property=\"og:description\" content=\"Australiens Langtidsvisum (Visitor Visa subclass 600) er til ophold p\u00e5 3, 6 eller 12 m\u00e5neder, Bruges ogs\u00e5 for at forl\u00e6nge dit nuv\u00e6rende ophold i Australien.\" \/>\n<meta property=\"og:url\" content=\"https:\/\/auvisa.org\/dk\/visa-longterm\/\" \/>\n<meta property=\"og:site_name\" content=\"Auvisa.org\" \/>\n<meta property=\"article:modified_time\" content=\"2023-07-07T15:46:23+00:00\" \/>\n<meta name=\"twitter:card\" content=\"summary_large_image\" \/>\n<meta name=\"twitter:label1\" content=\"Estimeret l\u00e6setid\" \/>\n\t<meta name=\"twitter:data1\" content=\"2 minutter\" \/>\n<script type=\"application\/ld+json\" class=\"yoast-schema-graph\">{\"@context\":\"https:\/\/schema.org\",\"@graph\":[{\"@type\":\"WebPage\",\"@id\":\"https:\/\/auvisa.org\/dk\/visa-longterm\/\",\"url\":\"https:\/\/auvisa.org\/dk\/visa-longterm\/\",\"name\":\"Ans\u00f8g om Langtidsvisum (Visitor Visa) til Australien: Ans\u00f8gningsskem\",\"isPartOf\":{\"@id\":\"https:\/\/auvisa.org\/dk\/#website\"},\"datePublished\":\"2020-01-07T16:28:00+00:00\",\"dateModified\":\"2023-07-07T15:46:23+00:00\",\"description\":\"Australiens Langtidsvisum (Visitor Visa subclass 600) er til ophold p\u00e5 3, 6 eller 12 m\u00e5neder, Bruges ogs\u00e5 for at forl\u00e6nge dit nuv\u00e6rende ophold i Australien.\",\"breadcrumb\":{\"@id\":\"https:\/\/auvisa.org\/dk\/visa-longterm\/#breadcrumb\"},\"inLanguage\":\"da-DK\",\"potentialAction\":[{\"@type\":\"ReadAction\",\"target\":[\"https:\/\/auvisa.org\/dk\/visa-longterm\/\"]}]},{\"@type\":\"BreadcrumbList\",\"@id\":\"https:\/\/auvisa.org\/dk\/visa-longterm\/#breadcrumb\",\"itemListElement\":[{\"@type\":\"ListItem\",\"position\":1,\"name\":\"Home\",\"item\":\"https:\/\/auvisa.org\/dk\/\"},{\"@type\":\"ListItem\",\"position\":2,\"name\":\"Ans\u00f8g om Langtidsvisum (Visit Visa) til Australien: Ans\u00f8gningsskema\"}]},{\"@type\":\"WebSite\",\"@id\":\"https:\/\/auvisa.org\/dk\/#website\",\"url\":\"https:\/\/auvisa.org\/dk\/\",\"name\":\"Auvisa.org\",\"description\":\"\",\"inLanguage\":\"da-DK\"}]}<\/script>\n<!-- \/ Yoast SEO plugin. -->","yoast_head_json":{"title":"Ans\u00f8g om Langtidsvisum (Visitor Visa) til Australien: Ans\u00f8gningsskem","description":"Australiens Langtidsvisum (Visitor Visa subclass 600) er til ophold p\u00e5 3, 6 eller 12 m\u00e5neder, Bruges ogs\u00e5 for at forl\u00e6nge dit nuv\u00e6rende ophold i Australien.","robots":{"index":"index","follow":"follow","max-snippet":"max-snippet:-1","max-image-preview":"max-image-preview:large","max-video-preview":"max-video-preview:-1"},"canonical":"https:\/\/auvisa.org\/dk\/visa-longterm\/","og_locale":"da_DK","og_type":"article","og_title":"Ans\u00f8g om Langtidsvisum (Visitor Visa) til Australien: Ans\u00f8gningsskem","og_description":"Australiens Langtidsvisum (Visitor Visa subclass 600) er til ophold p\u00e5 3, 6 eller 12 m\u00e5neder, Bruges ogs\u00e5 for at forl\u00e6nge dit nuv\u00e6rende ophold i Australien.","og_url":"https:\/\/auvisa.org\/dk\/visa-longterm\/","og_site_name":"Auvisa.org","article_modified_time":"2023-07-07T15:46:23+00:00","twitter_card":"summary_large_image","twitter_misc":{"Estimeret l\u00e6setid":"2 minutter"},"schema":{"@context":"https:\/\/schema.org","@graph":[{"@type":"WebPage","@id":"https:\/\/auvisa.org\/dk\/visa-longterm\/","url":"https:\/\/auvisa.org\/dk\/visa-longterm\/","name":"Ans\u00f8g om Langtidsvisum (Visitor Visa) til Australien: Ans\u00f8gningsskem","isPartOf":{"@id":"https:\/\/auvisa.org\/dk\/#website"},"datePublished":"2020-01-07T16:28:00+00:00","dateModified":"2023-07-07T15:46:23+00:00","description":"Australiens Langtidsvisum (Visitor Visa subclass 600) er til ophold p\u00e5 3, 6 eller 12 m\u00e5neder, Bruges ogs\u00e5 for at forl\u00e6nge dit nuv\u00e6rende ophold i Australien.","breadcrumb":{"@id":"https:\/\/auvisa.org\/dk\/visa-longterm\/#breadcrumb"},"inLanguage":"da-DK","potentialAction":[{"@type":"ReadAction","target":["https:\/\/auvisa.org\/dk\/visa-longterm\/"]}]},{"@type":"BreadcrumbList","@id":"https:\/\/auvisa.org\/dk\/visa-longterm\/#breadcrumb","itemListElement":[{"@type":"ListItem","position":1,"name":"Home","item":"https:\/\/auvisa.org\/dk\/"},{"@type":"ListItem","position":2,"name":"Ans\u00f8g om Langtidsvisum (Visit Visa) til Australien: Ans\u00f8gningsskema"}]},{"@type":"WebSite","@id":"https:\/\/auvisa.org\/dk\/#website","url":"https:\/\/auvisa.org\/dk\/","name":"Auvisa.org","description":"","inLanguage":"da-DK"}]}},"_links":{"self":[{"href":"https:\/\/auvisa.org\/dk\/wp-json\/wp\/v2\/pages\/1749","targetHints":{"allow":["GET"]}}],"collection":[{"href":"https:\/\/auvisa.org\/dk\/wp-json\/wp\/v2\/pages"}],"about":[{"href":"https:\/\/auvisa.org\/dk\/wp-json\/wp\/v2\/types\/page"}],"author":[{"embeddable":true,"href":"https:\/\/auvisa.org\/dk\/wp-json\/wp\/v2\/users\/3"}],"replies":[{"embeddable":true,"href":"https:\/\/auvisa.org\/dk\/wp-json\/wp\/v2\/comments?post=1749"}],"version-history":[{"count":19,"href":"https:\/\/auvisa.org\/dk\/wp-json\/wp\/v2\/pages\/1749\/revisions"}],"predecessor-version":[{"id":18812,"href":"https:\/\/auvisa.org\/dk\/wp-json\/wp\/v2\/pages\/1749\/revisions\/18812"}],"wp:attachment":[{"href":"https:\/\/auvisa.org\/dk\/wp-json\/wp\/v2\/media?parent=1749"}],"curies":[{"name":"wp","href":"https:\/\/api.w.org\/{rel}","templated":true}]}}