{"id":1752,"date":"2020-01-07T16:28:55","date_gmt":"2020-01-07T16:28:55","guid":{"rendered":"https:\/\/dev.auvisa.org\/?page_id=1752"},"modified":"2023-08-31T14:57:46","modified_gmt":"2023-08-31T12:57:46","slug":"visa-crew","status":"publish","type":"page","link":"https:\/\/auvisa.org\/dk\/visa-crew\/","title":{"rendered":"Ans\u00f8g om MCV Visa til Australien: Ans\u00f8gningsskema"},"content":{"rendered":"\n<div style=\"height:20px\" aria-hidden=\"true\" class=\"wp-block-spacer\"><\/div>\n\n\n\n<p>Maritime Crew-visum er for folk, som enten rejser <strong>ind i eller ud fra Australien til havs eller som bes\u00e6tning p\u00e5 et skib<\/strong>.<\/p>\n\n\n\n<p>Du kan ans\u00f8ge om dette visum, hvis du:<\/p>\n\n\n\n<ul class=\"wp-block-list\"><li>Er udenfor Australien<\/li><li>Er eller vil v\u00e6re bes\u00e6tning p\u00e5 et skib, som skal til eller rejse ud fra Australien<\/li><li>Skal rejse til eller fra Australien til havs som bes\u00e6tning<\/li><\/ul>\n\n\n\n<p>Skibet skal enten v\u00e6re:<\/p>\n\n\n\n<ul class=\"wp-block-list\"><li>Et kommercielt fragtskib<\/li><li>Et passagerskib<\/li><li>Et skib ejet af en udenlandsk myndighed for at lave forskning<\/li><li>Et skip, som er godkendt af Australian Department of Foreign Affairs som &#8220;public vessel status&#8221;<\/li><\/ul>\n\n\n\n<p>Hvis du har familiemedlemmer, som vil rejse sammen med dig, kan de ogs\u00e5 ans\u00f8ge om et Martime Crew-visum, hvis de s\u00f8ger sammen med dig.<\/p>\n\n\n\n<p>Bem\u00e6rk: Hvis du rejser til Australien med fly, skal du have et andet visum sammen med dit Maritime Crew-visum, s\u00e5som et <a class=\"aioseop-link\" href=\"\/dk\/evisitor-visum-til-australien\/\">turistvisum<\/a>.<\/p>\n\n\n\n<p><strong>VIGTIG:<\/strong><br>For at udfylde og indsende din ans\u00f8gning er der behov for en kopi af f\u00f8lgende dokumenter:<\/p>\n\n\n\n<ul class=\"wp-block-list\"><li>Passport personlige detaljer side<\/li><\/ul>\n\n\n\n<p>Hvis du ikke har alle de n\u00f8dvendige dokumenter i \u00f8jeblikket, kan du gemme applikationen og uploade dokumenterne senere.<\/p>\n\n\n\n<p><strong>Prisen for hvert visum er <span class=\"woocommerce-Price-amount amount\"><bdi><span class=\"woocommerce-Price-currencySymbol\">kr.<\/span>980,00<\/bdi><\/span>. Prisen inkluderer b\u00e5de auvisa.orgs servicegebyrer og statslige gebyrer (hvor relevant).<\/strong><\/p>\n\n\n\n<p><\/p>\n\n\n\n<div style=\"height:63px\" aria-hidden=\"true\" class=\"wp-block-spacer\"><\/div>\n\n\n\n<h3 class=\"wp-block-heading\" id=\"indtast-og-bekraeft-din-e-mailadresse-for-at-starte-din-ansogning\">Indtast og bekr\u00e6ft din e-mailadresse for at starte din ans\u00f8gning:<\/h3>\n","protected":false},"excerpt":{"rendered":"<p>Maritime Crew-visum er for folk, som enten rejser ind i eller ud fra Australien til havs eller som bes\u00e6tning p\u00e5 [&#8230;]<\/p>\n<p><a class=\"btn btn-secondary understrap-read-more-link\" href=\"https:\/\/auvisa.org\/dk\/visa-crew\/\">L\u00e6s mere&#8230;<span class=\"screen-reader-text\"> from Ans\u00f8g om MCV Visa til Australien: Ans\u00f8gningsskema<\/span><\/a><\/p>\n","protected":false},"author":3,"featured_media":0,"parent":0,"menu_order":28,"comment_status":"closed","ping_status":"closed","template":"templates\/tpl_acf_form.php","meta":{"inline_featured_image":false,"footnotes":""},"class_list":["post-1752","page","type-page","status-publish","hentry"],"yoast_head":"<!-- This site is optimized with the Yoast SEO plugin v26.9 - https:\/\/yoast.com\/product\/yoast-seo-wordpress\/ -->\n<title>Ans\u00f8g om MCV Visa til Australien: Ans\u00f8gningsskema (Danmark)<\/title>\n<meta name=\"description\" content=\"Danske statsborgere, der rejser til Australien som s\u00f8bes\u00e6tning, skal bruge dette ans\u00f8gningsskema for at modtage deres MCV- visum p\u00e5 4 dage.\" \/>\n<meta name=\"robots\" content=\"index, follow, max-snippet:-1, max-image-preview:large, max-video-preview:-1\" \/>\n<link rel=\"canonical\" href=\"https:\/\/auvisa.org\/dk\/visa-crew\/\" \/>\n<meta property=\"og:locale\" content=\"da_DK\" \/>\n<meta property=\"og:type\" content=\"article\" \/>\n<meta property=\"og:title\" content=\"Ans\u00f8g om MCV Visa til Australien: Ans\u00f8gningsskema (Danmark)\" \/>\n<meta property=\"og:description\" content=\"Danske statsborgere, der rejser til Australien som s\u00f8bes\u00e6tning, skal bruge dette ans\u00f8gningsskema for at modtage deres MCV- visum p\u00e5 4 dage.\" \/>\n<meta property=\"og:url\" content=\"https:\/\/auvisa.org\/dk\/visa-crew\/\" \/>\n<meta property=\"og:site_name\" content=\"Auvisa.org\" \/>\n<meta property=\"article:modified_time\" content=\"2023-08-31T12:57:46+00:00\" \/>\n<meta name=\"twitter:card\" content=\"summary_large_image\" \/>\n<meta name=\"twitter:label1\" content=\"Estimeret l\u00e6setid\" \/>\n\t<meta name=\"twitter:data1\" content=\"2 minutter\" \/>\n<script type=\"application\/ld+json\" class=\"yoast-schema-graph\">{\"@context\":\"https:\/\/schema.org\",\"@graph\":[{\"@type\":\"WebPage\",\"@id\":\"https:\/\/auvisa.org\/dk\/visa-crew\/\",\"url\":\"https:\/\/auvisa.org\/dk\/visa-crew\/\",\"name\":\"Ans\u00f8g om MCV Visa til Australien: Ans\u00f8gningsskema (Danmark)\",\"isPartOf\":{\"@id\":\"https:\/\/auvisa.org\/dk\/#website\"},\"datePublished\":\"2020-01-07T16:28:55+00:00\",\"dateModified\":\"2023-08-31T12:57:46+00:00\",\"description\":\"Danske statsborgere, der rejser til Australien som s\u00f8bes\u00e6tning, skal bruge dette ans\u00f8gningsskema for at modtage deres MCV- visum p\u00e5 4 dage.\",\"breadcrumb\":{\"@id\":\"https:\/\/auvisa.org\/dk\/visa-crew\/#breadcrumb\"},\"inLanguage\":\"da-DK\",\"potentialAction\":[{\"@type\":\"ReadAction\",\"target\":[\"https:\/\/auvisa.org\/dk\/visa-crew\/\"]}]},{\"@type\":\"BreadcrumbList\",\"@id\":\"https:\/\/auvisa.org\/dk\/visa-crew\/#breadcrumb\",\"itemListElement\":[{\"@type\":\"ListItem\",\"position\":1,\"name\":\"Home\",\"item\":\"https:\/\/auvisa.org\/dk\/\"},{\"@type\":\"ListItem\",\"position\":2,\"name\":\"Ans\u00f8g om MCV Visa til Australien: Ans\u00f8gningsskema\"}]},{\"@type\":\"WebSite\",\"@id\":\"https:\/\/auvisa.org\/dk\/#website\",\"url\":\"https:\/\/auvisa.org\/dk\/\",\"name\":\"Auvisa.org\",\"description\":\"\",\"inLanguage\":\"da-DK\"}]}<\/script>\n<!-- \/ Yoast SEO plugin. -->","yoast_head_json":{"title":"Ans\u00f8g om MCV Visa til Australien: Ans\u00f8gningsskema (Danmark)","description":"Danske statsborgere, der rejser til Australien som s\u00f8bes\u00e6tning, skal bruge dette ans\u00f8gningsskema for at modtage deres MCV- visum p\u00e5 4 dage.","robots":{"index":"index","follow":"follow","max-snippet":"max-snippet:-1","max-image-preview":"max-image-preview:large","max-video-preview":"max-video-preview:-1"},"canonical":"https:\/\/auvisa.org\/dk\/visa-crew\/","og_locale":"da_DK","og_type":"article","og_title":"Ans\u00f8g om MCV Visa til Australien: Ans\u00f8gningsskema (Danmark)","og_description":"Danske statsborgere, der rejser til Australien som s\u00f8bes\u00e6tning, skal bruge dette ans\u00f8gningsskema for at modtage deres MCV- visum p\u00e5 4 dage.","og_url":"https:\/\/auvisa.org\/dk\/visa-crew\/","og_site_name":"Auvisa.org","article_modified_time":"2023-08-31T12:57:46+00:00","twitter_card":"summary_large_image","twitter_misc":{"Estimeret l\u00e6setid":"2 minutter"},"schema":{"@context":"https:\/\/schema.org","@graph":[{"@type":"WebPage","@id":"https:\/\/auvisa.org\/dk\/visa-crew\/","url":"https:\/\/auvisa.org\/dk\/visa-crew\/","name":"Ans\u00f8g om MCV Visa til Australien: Ans\u00f8gningsskema (Danmark)","isPartOf":{"@id":"https:\/\/auvisa.org\/dk\/#website"},"datePublished":"2020-01-07T16:28:55+00:00","dateModified":"2023-08-31T12:57:46+00:00","description":"Danske statsborgere, der rejser til Australien som s\u00f8bes\u00e6tning, skal bruge dette ans\u00f8gningsskema for at modtage deres MCV- visum p\u00e5 4 dage.","breadcrumb":{"@id":"https:\/\/auvisa.org\/dk\/visa-crew\/#breadcrumb"},"inLanguage":"da-DK","potentialAction":[{"@type":"ReadAction","target":["https:\/\/auvisa.org\/dk\/visa-crew\/"]}]},{"@type":"BreadcrumbList","@id":"https:\/\/auvisa.org\/dk\/visa-crew\/#breadcrumb","itemListElement":[{"@type":"ListItem","position":1,"name":"Home","item":"https:\/\/auvisa.org\/dk\/"},{"@type":"ListItem","position":2,"name":"Ans\u00f8g om MCV Visa til Australien: Ans\u00f8gningsskema"}]},{"@type":"WebSite","@id":"https:\/\/auvisa.org\/dk\/#website","url":"https:\/\/auvisa.org\/dk\/","name":"Auvisa.org","description":"","inLanguage":"da-DK"}]}},"_links":{"self":[{"href":"https:\/\/auvisa.org\/dk\/wp-json\/wp\/v2\/pages\/1752","targetHints":{"allow":["GET"]}}],"collection":[{"href":"https:\/\/auvisa.org\/dk\/wp-json\/wp\/v2\/pages"}],"about":[{"href":"https:\/\/auvisa.org\/dk\/wp-json\/wp\/v2\/types\/page"}],"author":[{"embeddable":true,"href":"https:\/\/auvisa.org\/dk\/wp-json\/wp\/v2\/users\/3"}],"replies":[{"embeddable":true,"href":"https:\/\/auvisa.org\/dk\/wp-json\/wp\/v2\/comments?post=1752"}],"version-history":[{"count":15,"href":"https:\/\/auvisa.org\/dk\/wp-json\/wp\/v2\/pages\/1752\/revisions"}],"predecessor-version":[{"id":19008,"href":"https:\/\/auvisa.org\/dk\/wp-json\/wp\/v2\/pages\/1752\/revisions\/19008"}],"wp:attachment":[{"href":"https:\/\/auvisa.org\/dk\/wp-json\/wp\/v2\/media?parent=1752"}],"curies":[{"name":"wp","href":"https:\/\/api.w.org\/{rel}","templated":true}]}}