{"id":1754,"date":"2020-01-07T16:29:15","date_gmt":"2020-01-07T16:29:15","guid":{"rendered":"https:\/\/dev.auvisa.org\/?page_id=1754"},"modified":"2023-07-07T17:53:10","modified_gmt":"2023-07-07T15:53:10","slug":"visa-temporary","status":"publish","type":"page","link":"https:\/\/auvisa.org\/dk\/visa-temporary\/","title":{"rendered":"Ans\u00f8g om Midlertidigt Arbejdsvisum til Australien: Ans\u00f8gningsskema"},"content":{"rendered":"\n<div style=\"height:20px\" aria-hidden=\"true\" class=\"wp-block-spacer\"><\/div>\n\n\n\n<div class=\"wp-block-group\"><div class=\"wp-block-group__inner-container is-layout-flow wp-block-group-is-layout-flow\">\n<p>Dette visum er for folk, som rejser til Australien for at udf\u00f8re midlertidigt arbejde.<\/p>\n\n\n\n<p><strong>Visummet kan udstedes for op til tre m\u00e5neder.<\/strong><\/p>\n\n\n\n<p>Du kan ans\u00f8ge om dette visum, hvis:<\/p>\n\n\n\n<ul class=\"wp-block-list\"><li>Du er udenfor Australien<\/li><li>Du kun udf\u00f8rer <strong>kortvarigt, meget specialiseret og midlertidigt arbejde<\/strong><\/li><li>Du deltager i en <strong>kulturel eller social begivenhed<\/strong><\/li><li>Du deltager i en <strong>aktivitet eller et arbejde, som har relation til Australiens interesser<\/strong><\/li><\/ul>\n\n\n\n<p>For at ans\u00f8ge skal du <strong>have en invitation fra den organisation, som du skal arbejde for<\/strong>. <\/p>\n\n\n\n<p>Du skal ogs\u00e5 have kvalifikationerne eller den erhvervsm\u00e6ssig baggrund til at udf\u00f8re arbejdet. Du vil blive bedt om at sende forskellige dokumenter til at gennemf\u00f8re din ans\u00f8gning.<\/p>\n\n\n\n<p>Prisen for hvert visum er <span class=\"woocommerce-Price-amount amount\"><bdi><span class=\"woocommerce-Price-currencySymbol\">kr.<\/span>4.900,00<\/bdi><\/span>.<\/p>\n<\/div><\/div>\n\n\n\n<div style=\"height:38px\" aria-hidden=\"true\" class=\"wp-block-spacer\"><\/div>\n\n\n\n<p><strong>Indtast og bekr\u00e6ft din e-mailadresse for at starte din ans\u00f8gning:<\/strong><\/p>\n","protected":false},"excerpt":{"rendered":"<p>Dette visum er for folk, som rejser til Australien for at udf\u00f8re midlertidigt arbejde. Visummet kan udstedes for op til [&#8230;]<\/p>\n<p><a class=\"btn btn-secondary understrap-read-more-link\" href=\"https:\/\/auvisa.org\/dk\/visa-temporary\/\">L\u00e6s mere&#8230;<span class=\"screen-reader-text\"> from Ans\u00f8g om Midlertidigt Arbejdsvisum til Australien: Ans\u00f8gningsskema<\/span><\/a><\/p>\n","protected":false},"author":3,"featured_media":0,"parent":0,"menu_order":38,"comment_status":"closed","ping_status":"closed","template":"templates\/tpl_acf_form.php","meta":{"inline_featured_image":false,"footnotes":""},"class_list":["post-1754","page","type-page","status-publish","hentry"],"yoast_head":"<!-- This site is optimized with the Yoast SEO plugin v26.9 - https:\/\/yoast.com\/product\/yoast-seo-wordpress\/ -->\n<title>Ans\u00f8g om Midlertidigt Arbejdsvisum til Australien: Ans\u00f8gningsskema<\/title>\n<meta name=\"description\" content=\"Denne australske ans\u00f8gningsformular til visum til midlertidigt arbejde er for danske borgere, der rejser til Australien for at udf\u00f8re midlertidigt arbejde. Ans\u00f8g online i dag.\" \/>\n<meta name=\"robots\" content=\"index, follow, max-snippet:-1, max-image-preview:large, max-video-preview:-1\" \/>\n<link rel=\"canonical\" href=\"https:\/\/auvisa.org\/dk\/visa-temporary\/\" \/>\n<meta property=\"og:locale\" content=\"da_DK\" \/>\n<meta property=\"og:type\" content=\"article\" \/>\n<meta property=\"og:title\" content=\"Ans\u00f8g om Midlertidigt Arbejdsvisum til Australien: Ans\u00f8gningsskema\" \/>\n<meta property=\"og:description\" content=\"Denne australske ans\u00f8gningsformular til visum til midlertidigt arbejde er for danske borgere, der rejser til Australien for at udf\u00f8re midlertidigt arbejde. Ans\u00f8g online i dag.\" \/>\n<meta property=\"og:url\" content=\"https:\/\/auvisa.org\/dk\/visa-temporary\/\" \/>\n<meta property=\"og:site_name\" content=\"Auvisa.org\" \/>\n<meta property=\"article:modified_time\" content=\"2023-07-07T15:53:10+00:00\" \/>\n<meta name=\"twitter:card\" content=\"summary_large_image\" \/>\n<meta name=\"twitter:label1\" content=\"Estimeret l\u00e6setid\" \/>\n\t<meta name=\"twitter:data1\" content=\"1 minut\" \/>\n<script type=\"application\/ld+json\" class=\"yoast-schema-graph\">{\"@context\":\"https:\/\/schema.org\",\"@graph\":[{\"@type\":\"WebPage\",\"@id\":\"https:\/\/auvisa.org\/dk\/visa-temporary\/\",\"url\":\"https:\/\/auvisa.org\/dk\/visa-temporary\/\",\"name\":\"Ans\u00f8g om Midlertidigt Arbejdsvisum til Australien: Ans\u00f8gningsskema\",\"isPartOf\":{\"@id\":\"https:\/\/auvisa.org\/dk\/#website\"},\"datePublished\":\"2020-01-07T16:29:15+00:00\",\"dateModified\":\"2023-07-07T15:53:10+00:00\",\"description\":\"Denne australske ans\u00f8gningsformular til visum til midlertidigt arbejde er for danske borgere, der rejser til Australien for at udf\u00f8re midlertidigt arbejde. Ans\u00f8g online i dag.\",\"breadcrumb\":{\"@id\":\"https:\/\/auvisa.org\/dk\/visa-temporary\/#breadcrumb\"},\"inLanguage\":\"da-DK\",\"potentialAction\":[{\"@type\":\"ReadAction\",\"target\":[\"https:\/\/auvisa.org\/dk\/visa-temporary\/\"]}]},{\"@type\":\"BreadcrumbList\",\"@id\":\"https:\/\/auvisa.org\/dk\/visa-temporary\/#breadcrumb\",\"itemListElement\":[{\"@type\":\"ListItem\",\"position\":1,\"name\":\"Home\",\"item\":\"https:\/\/auvisa.org\/dk\/\"},{\"@type\":\"ListItem\",\"position\":2,\"name\":\"Ans\u00f8g om Midlertidigt Arbejdsvisum til Australien: Ans\u00f8gningsskema\"}]},{\"@type\":\"WebSite\",\"@id\":\"https:\/\/auvisa.org\/dk\/#website\",\"url\":\"https:\/\/auvisa.org\/dk\/\",\"name\":\"Auvisa.org\",\"description\":\"\",\"inLanguage\":\"da-DK\"}]}<\/script>\n<!-- \/ Yoast SEO plugin. -->","yoast_head_json":{"title":"Ans\u00f8g om Midlertidigt Arbejdsvisum til Australien: Ans\u00f8gningsskema","description":"Denne australske ans\u00f8gningsformular til visum til midlertidigt arbejde er for danske borgere, der rejser til Australien for at udf\u00f8re midlertidigt arbejde. Ans\u00f8g online i dag.","robots":{"index":"index","follow":"follow","max-snippet":"max-snippet:-1","max-image-preview":"max-image-preview:large","max-video-preview":"max-video-preview:-1"},"canonical":"https:\/\/auvisa.org\/dk\/visa-temporary\/","og_locale":"da_DK","og_type":"article","og_title":"Ans\u00f8g om Midlertidigt Arbejdsvisum til Australien: Ans\u00f8gningsskema","og_description":"Denne australske ans\u00f8gningsformular til visum til midlertidigt arbejde er for danske borgere, der rejser til Australien for at udf\u00f8re midlertidigt arbejde. Ans\u00f8g online i dag.","og_url":"https:\/\/auvisa.org\/dk\/visa-temporary\/","og_site_name":"Auvisa.org","article_modified_time":"2023-07-07T15:53:10+00:00","twitter_card":"summary_large_image","twitter_misc":{"Estimeret l\u00e6setid":"1 minut"},"schema":{"@context":"https:\/\/schema.org","@graph":[{"@type":"WebPage","@id":"https:\/\/auvisa.org\/dk\/visa-temporary\/","url":"https:\/\/auvisa.org\/dk\/visa-temporary\/","name":"Ans\u00f8g om Midlertidigt Arbejdsvisum til Australien: Ans\u00f8gningsskema","isPartOf":{"@id":"https:\/\/auvisa.org\/dk\/#website"},"datePublished":"2020-01-07T16:29:15+00:00","dateModified":"2023-07-07T15:53:10+00:00","description":"Denne australske ans\u00f8gningsformular til visum til midlertidigt arbejde er for danske borgere, der rejser til Australien for at udf\u00f8re midlertidigt arbejde. Ans\u00f8g online i dag.","breadcrumb":{"@id":"https:\/\/auvisa.org\/dk\/visa-temporary\/#breadcrumb"},"inLanguage":"da-DK","potentialAction":[{"@type":"ReadAction","target":["https:\/\/auvisa.org\/dk\/visa-temporary\/"]}]},{"@type":"BreadcrumbList","@id":"https:\/\/auvisa.org\/dk\/visa-temporary\/#breadcrumb","itemListElement":[{"@type":"ListItem","position":1,"name":"Home","item":"https:\/\/auvisa.org\/dk\/"},{"@type":"ListItem","position":2,"name":"Ans\u00f8g om Midlertidigt Arbejdsvisum til Australien: Ans\u00f8gningsskema"}]},{"@type":"WebSite","@id":"https:\/\/auvisa.org\/dk\/#website","url":"https:\/\/auvisa.org\/dk\/","name":"Auvisa.org","description":"","inLanguage":"da-DK"}]}},"_links":{"self":[{"href":"https:\/\/auvisa.org\/dk\/wp-json\/wp\/v2\/pages\/1754","targetHints":{"allow":["GET"]}}],"collection":[{"href":"https:\/\/auvisa.org\/dk\/wp-json\/wp\/v2\/pages"}],"about":[{"href":"https:\/\/auvisa.org\/dk\/wp-json\/wp\/v2\/types\/page"}],"author":[{"embeddable":true,"href":"https:\/\/auvisa.org\/dk\/wp-json\/wp\/v2\/users\/3"}],"replies":[{"embeddable":true,"href":"https:\/\/auvisa.org\/dk\/wp-json\/wp\/v2\/comments?post=1754"}],"version-history":[{"count":18,"href":"https:\/\/auvisa.org\/dk\/wp-json\/wp\/v2\/pages\/1754\/revisions"}],"predecessor-version":[{"id":18817,"href":"https:\/\/auvisa.org\/dk\/wp-json\/wp\/v2\/pages\/1754\/revisions\/18817"}],"wp:attachment":[{"href":"https:\/\/auvisa.org\/dk\/wp-json\/wp\/v2\/media?parent=1754"}],"curies":[{"name":"wp","href":"https:\/\/api.w.org\/{rel}","templated":true}]}}