{"id":185,"date":"2012-02-14T14:41:34","date_gmt":"2012-02-14T14:41:34","guid":{"rendered":"https:\/\/auvisa.org\/?p=185"},"modified":"2023-06-15T15:48:09","modified_gmt":"2023-06-15T13:48:09","slug":"privacy-policy-dk","status":"publish","type":"page","link":"https:\/\/auvisa.org\/dk\/privacy-policy-dk\/","title":{"rendered":"Fortrolighedspolitik"},"content":{"rendered":"<p>Denne fortrolighedspolitik beskriver, hvordanVisa &amp; Immigration Services LTD bruger og beskytter de oplysninger, du giver Visa &amp; Immigration Services LTD, n\u00e5r du bruger denne hjemmeside.<\/p>\n<p>Visa &amp; Immigration Services LTD er forpligtet til at sikre, at dit privatliv er beskyttet. Skal vi bede dig om at give visse oplysninger, som du kan identificeres, n\u00e5r du bruger denne hjemmeside, kan du v\u00e6re sikker p\u00e5, at det kun vil blive anvendt i overensstemmelse med denne fortrolighedserkl\u00e6ring.<\/p>\n<p>Visa &amp; Immigration Services LTD kan \u00e6ndre denne politik fra tid til anden ved at opdatere denne side. Du b\u00f8r tjekke denne side fra tid til anden at sikre, at du er tilfreds med eventuelle \u00e6ndringer. Denne politik er effektiv fra 2011\/12\/10.<\/p>\n<h2>Hvad vi indsamler<\/h2>\n<p>Vi kan indsamle f\u00f8lgende oplysninger:<\/p>\n<ul>\n<li>Fulde navn, f\u00f8dselsdato, pasnummer og udstedelse af detaljer<\/li>\n<li>Kontakt information, herunder e-mail-adresse og postadresse<\/li>\n<li>Andre relevante oplysninger til din ans\u00f8gning<\/li>\n<\/ul>\n<h2>Hvad vi g\u00f8r med de oplysninger, vi indsamler<\/h2>\n<p>Vi kr\u00e6ver disse oplysninger for at kunne levere den service, du anmoder om (visum eller indrejse tilladelser).\u00a0De oplysninger, der kr\u00e6ves af de offentlige organer, der besk\u00e6ftiger sig med og udsteder visa og tilladelser.<\/p>\n<p>For at kunne indsende din ans\u00f8gning, vil vi sende dine oplysninger til den udstedende myndighed.\u00a0Det sker elektronisk via en krypteret og sikker forbindelse.<\/p>\n<p>De oplysninger, du indtastede, herunder resultat eller din ans\u00f8gning, vil derefter blive opbevaret i vores system for dig at v\u00e6re i stand til at logge ind og f\u00e5 adgang til disse data.<\/p>\n<h2>Sikkerhed<\/h2>\n<p>Vi er forpligtet til at sikre, at dine oplysninger er sikre.\u00a0For at forhindre uautoriseret adgang eller videregivelse, har vi indf\u00f8rt passende fysiske, elektroniske og ledelsesm\u00e6ssige procedurer for at beskytte og sikre de oplysninger, vi indsamler online.<\/p>\n<h2>Hvordan bruger vi cookies<\/h2>\n<p>En cookie er en lille fil, som beder om tilladelse til at blive placeret p\u00e5 din computers harddisk.\u00a0N\u00e5r du er enig, er filen tilf\u00f8jet og cookien hj\u00e6lper med at analysere webtrafik eller fort\u00e6ller dig, n\u00e5r du bes\u00f8ger et bestemt websted.\u00a0Cookies tillader web applikationer at svare dig som person.\u00a0Den web-applikation kan skr\u00e6ddersy sine operationer til dine behov, sympatier og antipatier ved at indsamle og huske oplysninger om dine pr\u00e6ferencer.<\/p>\n<p>Vi bruger logstatistik til at identificere, hvilke sider der bliver brugt.\u00a0Dette hj\u00e6lper os med at analysere data om trafik p\u00e5 hjemmesiden og forbedre vores hjemmeside for at skr\u00e6ddersy den til kundernes behov.\u00a0Vi bruger kun disse oplysninger til statistiske analyseform\u00e5l.<\/p>\n<p>Samlet set cookies hj\u00e6lper os med at give dig en bedre hjemmeside, som giver os mulighed for at overv\u00e5ge hvilke sider du finde nyttige, og som du ikke.\u00a0En cookie p\u00e5 ingen m\u00e5de giver os adgang til din computer eller nogen oplysninger om dig, bortset fra de data, du v\u00e6lger at dele med os.<\/p>\n<p>Du kan v\u00e6lge at acceptere eller afvise cookies.\u00a0De fleste webbrowsere accepterer automatisk cookies, men du kan almindeligvist indstille din browser til at afvise cookies hvis du foretr\u00e6kker det.\u00a0Dette kan forhindre dig i at drage fuld fordel af hjemmesiden.Denne hjemmeside er allerede sat cookies p\u00e5 din computer, hvis din browser er indstillet til at tillade dette.\u00a0Hvis du ikke godkender det, kan du lukke dette vindue og rydde cookies fra din browser.<\/p>\n<h2>Links til andre hjemmesider<\/h2>\n<p>Vores hjemmeside kan indeholde links til andre hjemmesider af interesse.\u00a0Men n\u00e5r du har brugt disse links til at forlade vores site, b\u00f8r du bem\u00e6rke, at vi ikke har nogen kontrol over andre hjemmeside.\u00a0Derfor kan vi ikke v\u00e6re ansvarlig for databeskyttelse og privatlivets fred af alle oplysninger, som du giver samtidig bes\u00f8ger s\u00e5danne steder, og s\u00e5danne steder er ikke omfattet af denne fortrolighedserkl\u00e6ring.\u00a0Du b\u00f8r udvise forsigtighed og se p\u00e5 den fortrolighedserkl\u00e6ring g\u00e6lder for den p\u00e5g\u00e6ldende hjemmeside.<\/p>\n<h2>Kontrol af dine personlige oplysninger<\/h2>\n<p>Vi vil ikke s\u00e6lge, distribuere eller udleje dine personlige oplysninger til tredjemand, medmindre vi har din tilladelse eller er forpligtet ved lov til at g\u00f8re det.\u00a0Vi vil aldrig bruge dine personlige oplysninger til at sende dig salgsfremmende oplysninger fra tredjepart.\u00a0For at fuldf\u00f8re din ans\u00f8gning, er vi n\u00f8dt til at give dine oplysninger til de relevante statslige organer, der tillader visa eller tilladelser.<\/p>\n<p>Hvis du mener, at alle oplysninger, vi har om dig, er ukorrekte eller ufuldst\u00e6ndige, kan du skrive til eller maile til os s\u00e5 hurtigt som muligt, p\u00e5 ovenn\u00e6vnte adresse.\u00a0Vi vil straks rette eventuelle oplysninger, der findes at v\u00e6re ukorrekte.<\/p>\n<p>Hvis du ikke \u00f8nsker at modtage kommunikation fra os, eller \u00f8nsker at blive fjernet fra vores kundedatabase, er du velkommen til at kontakte os med din foresp\u00f8rgsel og vi vil opdatere eller fjerne dine optegnelser uden forsinkelse.<\/p>\n","protected":false},"excerpt":{"rendered":"<p>Denne fortrolighedspolitik beskriver, hvordanVisa &amp; Immigration Services LTD bruger og beskytter de oplysninger, du giver Visa &amp; Immigration Services LTD, [&#8230;]<\/p>\n<p><a class=\"btn btn-secondary understrap-read-more-link\" href=\"https:\/\/auvisa.org\/dk\/privacy-policy-dk\/\">L\u00e6s mere&#8230;<span class=\"screen-reader-text\"> from Fortrolighedspolitik<\/span><\/a><\/p>\n","protected":false},"author":4,"featured_media":0,"parent":0,"menu_order":0,"comment_status":"open","ping_status":"open","template":"","meta":{"inline_featured_image":false,"footnotes":""},"class_list":["post-185","page","type-page","status-publish","hentry"],"yoast_head":"<!-- This site is optimized with the Yoast SEO plugin v26.9 - https:\/\/yoast.com\/product\/yoast-seo-wordpress\/ -->\n<title>Fortrolighedspolitik - Auvisa.org<\/title>\n<meta name=\"robots\" content=\"index, follow, max-snippet:-1, max-image-preview:large, max-video-preview:-1\" \/>\n<link rel=\"canonical\" href=\"https:\/\/auvisa.org\/dk\/privacy-policy-dk\/\" \/>\n<meta property=\"og:locale\" content=\"da_DK\" \/>\n<meta property=\"og:type\" content=\"article\" \/>\n<meta property=\"og:title\" content=\"Fortrolighedspolitik - Auvisa.org\" \/>\n<meta property=\"og:description\" content=\"Denne fortrolighedspolitik beskriver, hvordanVisa &amp; Immigration Services LTD bruger og beskytter de oplysninger, du giver Visa &amp; Immigration Services LTD, [...]L\u00e6s mere... from Fortrolighedspolitik\" \/>\n<meta property=\"og:url\" content=\"https:\/\/auvisa.org\/dk\/privacy-policy-dk\/\" \/>\n<meta property=\"og:site_name\" content=\"Auvisa.org\" \/>\n<meta property=\"article:modified_time\" content=\"2023-06-15T13:48:09+00:00\" \/>\n<meta name=\"twitter:card\" content=\"summary_large_image\" \/>\n<meta name=\"twitter:label1\" content=\"Estimeret l\u00e6setid\" \/>\n\t<meta name=\"twitter:data1\" content=\"5 minutter\" \/>\n<script type=\"application\/ld+json\" class=\"yoast-schema-graph\">{\"@context\":\"https:\/\/schema.org\",\"@graph\":[{\"@type\":\"WebPage\",\"@id\":\"https:\/\/auvisa.org\/dk\/privacy-policy-dk\/\",\"url\":\"https:\/\/auvisa.org\/dk\/privacy-policy-dk\/\",\"name\":\"Fortrolighedspolitik - Auvisa.org\",\"isPartOf\":{\"@id\":\"https:\/\/auvisa.org\/dk\/#website\"},\"datePublished\":\"2012-02-14T14:41:34+00:00\",\"dateModified\":\"2023-06-15T13:48:09+00:00\",\"breadcrumb\":{\"@id\":\"https:\/\/auvisa.org\/dk\/privacy-policy-dk\/#breadcrumb\"},\"inLanguage\":\"da-DK\",\"potentialAction\":[{\"@type\":\"ReadAction\",\"target\":[\"https:\/\/auvisa.org\/dk\/privacy-policy-dk\/\"]}]},{\"@type\":\"BreadcrumbList\",\"@id\":\"https:\/\/auvisa.org\/dk\/privacy-policy-dk\/#breadcrumb\",\"itemListElement\":[{\"@type\":\"ListItem\",\"position\":1,\"name\":\"Home\",\"item\":\"https:\/\/auvisa.org\/dk\/\"},{\"@type\":\"ListItem\",\"position\":2,\"name\":\"Fortrolighedspolitik\"}]},{\"@type\":\"WebSite\",\"@id\":\"https:\/\/auvisa.org\/dk\/#website\",\"url\":\"https:\/\/auvisa.org\/dk\/\",\"name\":\"Auvisa.org\",\"description\":\"\",\"inLanguage\":\"da-DK\"}]}<\/script>\n<!-- \/ Yoast SEO plugin. -->","yoast_head_json":{"title":"Fortrolighedspolitik - Auvisa.org","robots":{"index":"index","follow":"follow","max-snippet":"max-snippet:-1","max-image-preview":"max-image-preview:large","max-video-preview":"max-video-preview:-1"},"canonical":"https:\/\/auvisa.org\/dk\/privacy-policy-dk\/","og_locale":"da_DK","og_type":"article","og_title":"Fortrolighedspolitik - Auvisa.org","og_description":"Denne fortrolighedspolitik beskriver, hvordanVisa &amp; Immigration Services LTD bruger og beskytter de oplysninger, du giver Visa &amp; Immigration Services LTD, [...]L\u00e6s mere... from Fortrolighedspolitik","og_url":"https:\/\/auvisa.org\/dk\/privacy-policy-dk\/","og_site_name":"Auvisa.org","article_modified_time":"2023-06-15T13:48:09+00:00","twitter_card":"summary_large_image","twitter_misc":{"Estimeret l\u00e6setid":"5 minutter"},"schema":{"@context":"https:\/\/schema.org","@graph":[{"@type":"WebPage","@id":"https:\/\/auvisa.org\/dk\/privacy-policy-dk\/","url":"https:\/\/auvisa.org\/dk\/privacy-policy-dk\/","name":"Fortrolighedspolitik - Auvisa.org","isPartOf":{"@id":"https:\/\/auvisa.org\/dk\/#website"},"datePublished":"2012-02-14T14:41:34+00:00","dateModified":"2023-06-15T13:48:09+00:00","breadcrumb":{"@id":"https:\/\/auvisa.org\/dk\/privacy-policy-dk\/#breadcrumb"},"inLanguage":"da-DK","potentialAction":[{"@type":"ReadAction","target":["https:\/\/auvisa.org\/dk\/privacy-policy-dk\/"]}]},{"@type":"BreadcrumbList","@id":"https:\/\/auvisa.org\/dk\/privacy-policy-dk\/#breadcrumb","itemListElement":[{"@type":"ListItem","position":1,"name":"Home","item":"https:\/\/auvisa.org\/dk\/"},{"@type":"ListItem","position":2,"name":"Fortrolighedspolitik"}]},{"@type":"WebSite","@id":"https:\/\/auvisa.org\/dk\/#website","url":"https:\/\/auvisa.org\/dk\/","name":"Auvisa.org","description":"","inLanguage":"da-DK"}]}},"_links":{"self":[{"href":"https:\/\/auvisa.org\/dk\/wp-json\/wp\/v2\/pages\/185","targetHints":{"allow":["GET"]}}],"collection":[{"href":"https:\/\/auvisa.org\/dk\/wp-json\/wp\/v2\/pages"}],"about":[{"href":"https:\/\/auvisa.org\/dk\/wp-json\/wp\/v2\/types\/page"}],"author":[{"embeddable":true,"href":"https:\/\/auvisa.org\/dk\/wp-json\/wp\/v2\/users\/4"}],"replies":[{"embeddable":true,"href":"https:\/\/auvisa.org\/dk\/wp-json\/wp\/v2\/comments?post=185"}],"version-history":[{"count":5,"href":"https:\/\/auvisa.org\/dk\/wp-json\/wp\/v2\/pages\/185\/revisions"}],"predecessor-version":[{"id":18744,"href":"https:\/\/auvisa.org\/dk\/wp-json\/wp\/v2\/pages\/185\/revisions\/18744"}],"wp:attachment":[{"href":"https:\/\/auvisa.org\/dk\/wp-json\/wp\/v2\/media?parent=185"}],"curies":[{"name":"wp","href":"https:\/\/api.w.org\/{rel}","templated":true}]}}