{"id":19470,"date":"2023-12-07T00:30:24","date_gmt":"2023-12-06T23:30:24","guid":{"rendered":"https:\/\/auvisa.org\/dk\/?page_id=19470"},"modified":"2026-03-24T12:36:20","modified_gmt":"2026-03-24T11:36:20","slug":"visa-lp","status":"publish","type":"page","link":"https:\/\/auvisa.org\/dk\/visa-lp\/","title":{"rendered":"F\u00e5 et eVisitor-visum til Australien"},"content":{"rendered":"\n<div style=\"height:20px\" aria-hidden=\"true\" class=\"wp-block-spacer\"><\/div>\n\n\n\n<div style=\"font-family: -apple-system, BlinkMacSystemFont, 'Segoe UI', Roboto, Helvetica, Arial, sans-serif;color: #2c3e50;line-height: 1.7;width: 100%\">\n  <p style=\"font-size: 15px;color: #3a4a52;margin: 0 0 14px 0\">\n    eVisitor er et officielt elektronisk visum udstedt af den australske regering til <strong style=\"color: #1a2e3b\">indehavere af danske, europ\u00e6iske og britiske pas<\/strong>, der \u00f8nsker at bes\u00f8ge Australien som turister, til familiebes\u00f8g og forretningsm\u00f8der.\n  <\/p>\n  <p style=\"font-size: 15px;color: #3a4a52;margin: 0 0 14px 0\">\n    eVisitor-visummet er gyldigt i <strong style=\"color: #1a2e3b\">12 m\u00e5neder<\/strong>, tillader flere bes\u00f8g i Australien og et maksimalt ophold p\u00e5 <strong style=\"color: #1a2e3b\">90 dage<\/strong> for hvert bes\u00f8g. Den fulde service, inklusive Auvisas gebyr og offentlige afgifter (hvor det er relevant), starter fra <strong style=\"color: #1a2e3b\">kr.519,00\/rejsende<\/strong> afh\u00e6ngigt af den behandlingshastighed, du v\u00e6lger.\n  <\/p>\n  <p style=\"font-size: 15px;color: #3a4a52;margin: 0 0 24px 0\">\n    Hvis I rejser som gruppe eller familie, har hver person brug for sit eget eVisitor, inklusive sp\u00e6db\u00f8rn og b\u00f8rn.\n  <\/p>\n  <h3 style=\"font-size: 20px;font-weight: 700;color: #1f5284;margin: 0;padding: 0;text-align: center\">Ans\u00f8g nu om dit eVisitor-visum<\/h3>\n<\/div>\n\n\n\n<p><\/p>\n","protected":false},"excerpt":{"rendered":"<p>eVisitor er et officielt elektronisk visum udstedt af den australske regering til indehavere af danske, europ\u00e6iske og britiske pas, der [&#8230;]<\/p>\n<p><a class=\"btn btn-secondary understrap-read-more-link\" href=\"https:\/\/auvisa.org\/dk\/visa-lp\/\">L\u00e6s mere&#8230;<span class=\"screen-reader-text\"> from F\u00e5 et eVisitor-visum til Australien<\/span><\/a><\/p>\n","protected":false},"author":4,"featured_media":0,"parent":0,"menu_order":4,"comment_status":"closed","ping_status":"closed","template":"templates\/tpl_acf_form.php","meta":{"inline_featured_image":false,"footnotes":""},"class_list":["post-19470","page","type-page","status-publish","hentry"],"yoast_head":"<!-- This site is optimized with the Yoast SEO plugin v26.9 - https:\/\/yoast.com\/product\/yoast-seo-wordpress\/ -->\n<title>Ans\u00f8g om eVisitor-visum til Australien: Ans\u00f8gningsskema (Danmark)<\/title>\n<meta name=\"description\" content=\"Ans\u00f8g online om et australsk eVisitor Visa for danske borgere via denne ans\u00f8gningsformular: Enkelt og med 24-timers visumgodkendelse.\" \/>\n<meta name=\"robots\" content=\"noindex, follow\" \/>\n<meta property=\"og:locale\" content=\"da_DK\" \/>\n<meta property=\"og:type\" content=\"article\" \/>\n<meta property=\"og:title\" content=\"Ans\u00f8g om eVisitor-visum til Australien: Ans\u00f8gningsskema (Danmark)\" \/>\n<meta property=\"og:description\" content=\"Ans\u00f8g online om et australsk eVisitor Visa for danske borgere via denne ans\u00f8gningsformular: Enkelt og med 24-timers visumgodkendelse.\" \/>\n<meta property=\"og:url\" content=\"https:\/\/auvisa.org\/dk\/visa-lp\/\" \/>\n<meta property=\"og:site_name\" content=\"Auvisa.org\" \/>\n<meta property=\"article:modified_time\" content=\"2026-03-24T11:36:20+00:00\" \/>\n<meta name=\"twitter:card\" content=\"summary_large_image\" \/>\n<meta name=\"twitter:label1\" content=\"Estimeret l\u00e6setid\" \/>\n\t<meta name=\"twitter:data1\" content=\"1 minut\" \/>\n<script type=\"application\/ld+json\" class=\"yoast-schema-graph\">{\"@context\":\"https:\/\/schema.org\",\"@graph\":[{\"@type\":\"WebPage\",\"@id\":\"https:\/\/auvisa.org\/dk\/visa-lp\/\",\"url\":\"https:\/\/auvisa.org\/dk\/visa-lp\/\",\"name\":\"Ans\u00f8g om eVisitor-visum til Australien: Ans\u00f8gningsskema (Danmark)\",\"isPartOf\":{\"@id\":\"https:\/\/auvisa.org\/dk\/#website\"},\"datePublished\":\"2023-12-06T23:30:24+00:00\",\"dateModified\":\"2026-03-24T11:36:20+00:00\",\"description\":\"Ans\u00f8g online om et australsk eVisitor Visa for danske borgere via denne ans\u00f8gningsformular: Enkelt og med 24-timers visumgodkendelse.\",\"breadcrumb\":{\"@id\":\"https:\/\/auvisa.org\/dk\/visa-lp\/#breadcrumb\"},\"inLanguage\":\"da-DK\",\"potentialAction\":[{\"@type\":\"ReadAction\",\"target\":[\"https:\/\/auvisa.org\/dk\/visa-lp\/\"]}]},{\"@type\":\"BreadcrumbList\",\"@id\":\"https:\/\/auvisa.org\/dk\/visa-lp\/#breadcrumb\",\"itemListElement\":[{\"@type\":\"ListItem\",\"position\":1,\"name\":\"Home\",\"item\":\"https:\/\/auvisa.org\/dk\/\"},{\"@type\":\"ListItem\",\"position\":2,\"name\":\"F\u00e5 et eVisitor-visum til Australien\"}]},{\"@type\":\"WebSite\",\"@id\":\"https:\/\/auvisa.org\/dk\/#website\",\"url\":\"https:\/\/auvisa.org\/dk\/\",\"name\":\"Auvisa.org\",\"description\":\"\",\"inLanguage\":\"da-DK\"}]}<\/script>\n<!-- \/ Yoast SEO plugin. -->","yoast_head_json":{"title":"Ans\u00f8g om eVisitor-visum til Australien: Ans\u00f8gningsskema (Danmark)","description":"Ans\u00f8g online om et australsk eVisitor Visa for danske borgere via denne ans\u00f8gningsformular: Enkelt og med 24-timers visumgodkendelse.","robots":{"index":"noindex","follow":"follow"},"og_locale":"da_DK","og_type":"article","og_title":"Ans\u00f8g om eVisitor-visum til Australien: Ans\u00f8gningsskema (Danmark)","og_description":"Ans\u00f8g online om et australsk eVisitor Visa for danske borgere via denne ans\u00f8gningsformular: Enkelt og med 24-timers visumgodkendelse.","og_url":"https:\/\/auvisa.org\/dk\/visa-lp\/","og_site_name":"Auvisa.org","article_modified_time":"2026-03-24T11:36:20+00:00","twitter_card":"summary_large_image","twitter_misc":{"Estimeret l\u00e6setid":"1 minut"},"schema":{"@context":"https:\/\/schema.org","@graph":[{"@type":"WebPage","@id":"https:\/\/auvisa.org\/dk\/visa-lp\/","url":"https:\/\/auvisa.org\/dk\/visa-lp\/","name":"Ans\u00f8g om eVisitor-visum til Australien: Ans\u00f8gningsskema (Danmark)","isPartOf":{"@id":"https:\/\/auvisa.org\/dk\/#website"},"datePublished":"2023-12-06T23:30:24+00:00","dateModified":"2026-03-24T11:36:20+00:00","description":"Ans\u00f8g online om et australsk eVisitor Visa for danske borgere via denne ans\u00f8gningsformular: Enkelt og med 24-timers visumgodkendelse.","breadcrumb":{"@id":"https:\/\/auvisa.org\/dk\/visa-lp\/#breadcrumb"},"inLanguage":"da-DK","potentialAction":[{"@type":"ReadAction","target":["https:\/\/auvisa.org\/dk\/visa-lp\/"]}]},{"@type":"BreadcrumbList","@id":"https:\/\/auvisa.org\/dk\/visa-lp\/#breadcrumb","itemListElement":[{"@type":"ListItem","position":1,"name":"Home","item":"https:\/\/auvisa.org\/dk\/"},{"@type":"ListItem","position":2,"name":"F\u00e5 et eVisitor-visum til Australien"}]},{"@type":"WebSite","@id":"https:\/\/auvisa.org\/dk\/#website","url":"https:\/\/auvisa.org\/dk\/","name":"Auvisa.org","description":"","inLanguage":"da-DK"}]}},"_links":{"self":[{"href":"https:\/\/auvisa.org\/dk\/wp-json\/wp\/v2\/pages\/19470","targetHints":{"allow":["GET"]}}],"collection":[{"href":"https:\/\/auvisa.org\/dk\/wp-json\/wp\/v2\/pages"}],"about":[{"href":"https:\/\/auvisa.org\/dk\/wp-json\/wp\/v2\/types\/page"}],"author":[{"embeddable":true,"href":"https:\/\/auvisa.org\/dk\/wp-json\/wp\/v2\/users\/4"}],"replies":[{"embeddable":true,"href":"https:\/\/auvisa.org\/dk\/wp-json\/wp\/v2\/comments?post=19470"}],"version-history":[{"count":3,"href":"https:\/\/auvisa.org\/dk\/wp-json\/wp\/v2\/pages\/19470\/revisions"}],"predecessor-version":[{"id":26058,"href":"https:\/\/auvisa.org\/dk\/wp-json\/wp\/v2\/pages\/19470\/revisions\/26058"}],"wp:attachment":[{"href":"https:\/\/auvisa.org\/dk\/wp-json\/wp\/v2\/media?parent=19470"}],"curies":[{"name":"wp","href":"https:\/\/api.w.org\/{rel}","templated":true}]}}