{"id":19479,"date":"2023-12-07T00:41:34","date_gmt":"2023-12-06T23:41:34","guid":{"rendered":"https:\/\/auvisa.org\/dk\/?page_id=19479"},"modified":"2023-12-07T00:41:35","modified_gmt":"2023-12-06T23:41:35","slug":"visa-business-lp","status":"publish","type":"page","link":"https:\/\/auvisa.org\/dk\/visa-business-lp\/","title":{"rendered":"Forretningsvisum til Australien: Ans\u00f8gningsskema (eVisitor)"},"content":{"rendered":"\n<div style=\"height:20px\" aria-hidden=\"true\" class=\"wp-block-spacer\"><\/div>\n\n\n\n<p>Denne Forretningsvisum (eVisitor) er beregnet for danske forretningsrejsende, der planl\u00e6gger at <strong>bes\u00f8ge Australien for at deltage i forretningsm\u00f8der, konferencer eller forhandlinger. <\/strong><\/p>\n\n\n\n<p>Forretningsvisummet vil v\u00e6re gyldig i 12 m\u00e5neder. Man kan rejse til Australien flere gange i perioden og <strong>opholde sig i Australien i op til 90 dage hver gang.<\/strong><\/p>\n\n\n\n<p><strong>95% af alle visum gives inden for 24 timer<\/strong>. <\/p>\n\n\n\n<p><strong>Visummet koster <span class=\"woocommerce-Price-amount amount\"><bdi><span class=\"woocommerce-Price-currencySymbol\">kr.<\/span>590,00<\/bdi><\/span> per styk. <\/strong>Prisen inkluderer b\u00e5de auvisa.orgs servicegebyrer og statslige gebyrer (hvor relevant). <\/p>\n\n\n\n<div style=\"height:46px\" aria-hidden=\"true\" class=\"wp-block-spacer\"><\/div>\n\n\n\n<h3>Indtast og bekr\u00e6ft din e-mailadresse for at starte din ans\u00f8gning:<\/h3>\n","protected":false},"excerpt":{"rendered":"<p>Denne Forretningsvisum (eVisitor) er beregnet for danske forretningsrejsende, der planl\u00e6gger at bes\u00f8ge Australien for at deltage i forretningsm\u00f8der, konferencer eller [&#8230;]<\/p>\n<p><a class=\"btn btn-secondary understrap-read-more-link\" href=\"https:\/\/auvisa.org\/dk\/visa-business-lp\/\">L\u00e6s mere&#8230;<span class=\"screen-reader-text\"> from Forretningsvisum til Australien: Ans\u00f8gningsskema (eVisitor)<\/span><\/a><\/p>\n","protected":false},"author":4,"featured_media":0,"parent":0,"menu_order":25,"comment_status":"closed","ping_status":"closed","template":"templates\/tpl_acf_form.php","meta":{"inline_featured_image":false,"footnotes":""},"class_list":["post-19479","page","type-page","status-publish","hentry"],"yoast_head":"<!-- This site is optimized with the Yoast SEO plugin v26.9 - https:\/\/yoast.com\/product\/yoast-seo-wordpress\/ -->\n<title>Ans\u00f8g om Forretningsvisum (Business Visa) til Australien: Ans\u00f8gningsskema<\/title>\n<meta name=\"description\" content=\"Danske forretningsrejsende skal ans\u00f8ge om et australsk business eVisitor Visa (Forretningsvisum) via dette online ans\u00f8gningsskema. Behandlingstiden er 24 timer.\" \/>\n<meta name=\"robots\" content=\"noindex, follow\" \/>\n<meta property=\"og:locale\" content=\"da_DK\" \/>\n<meta property=\"og:type\" content=\"article\" \/>\n<meta property=\"og:title\" content=\"Ans\u00f8g om Forretningsvisum (Business Visa) til Australien: Ans\u00f8gningsskema\" \/>\n<meta property=\"og:description\" content=\"Danske forretningsrejsende skal ans\u00f8ge om et australsk business eVisitor Visa (Forretningsvisum) via dette online ans\u00f8gningsskema. Behandlingstiden er 24 timer.\" \/>\n<meta property=\"og:url\" content=\"https:\/\/auvisa.org\/dk\/visa-business-lp\/\" \/>\n<meta property=\"og:site_name\" content=\"Auvisa.org\" \/>\n<meta property=\"article:modified_time\" content=\"2023-12-06T23:41:35+00:00\" \/>\n<meta name=\"twitter:card\" content=\"summary_large_image\" \/>\n<meta name=\"twitter:label1\" content=\"Estimeret l\u00e6setid\" \/>\n\t<meta name=\"twitter:data1\" content=\"1 minut\" \/>\n<script type=\"application\/ld+json\" class=\"yoast-schema-graph\">{\"@context\":\"https:\/\/schema.org\",\"@graph\":[{\"@type\":\"WebPage\",\"@id\":\"https:\/\/auvisa.org\/dk\/visa-business-lp\/\",\"url\":\"https:\/\/auvisa.org\/dk\/visa-business-lp\/\",\"name\":\"Ans\u00f8g om Forretningsvisum (Business Visa) til Australien: Ans\u00f8gningsskema\",\"isPartOf\":{\"@id\":\"https:\/\/auvisa.org\/dk\/#website\"},\"datePublished\":\"2023-12-06T23:41:34+00:00\",\"dateModified\":\"2023-12-06T23:41:35+00:00\",\"description\":\"Danske forretningsrejsende skal ans\u00f8ge om et australsk business eVisitor Visa (Forretningsvisum) via dette online ans\u00f8gningsskema. Behandlingstiden er 24 timer.\",\"breadcrumb\":{\"@id\":\"https:\/\/auvisa.org\/dk\/visa-business-lp\/#breadcrumb\"},\"inLanguage\":\"da-DK\",\"potentialAction\":[{\"@type\":\"ReadAction\",\"target\":[\"https:\/\/auvisa.org\/dk\/visa-business-lp\/\"]}]},{\"@type\":\"BreadcrumbList\",\"@id\":\"https:\/\/auvisa.org\/dk\/visa-business-lp\/#breadcrumb\",\"itemListElement\":[{\"@type\":\"ListItem\",\"position\":1,\"name\":\"Home\",\"item\":\"https:\/\/auvisa.org\/dk\/\"},{\"@type\":\"ListItem\",\"position\":2,\"name\":\"Forretningsvisum til Australien: Ans\u00f8gningsskema (eVisitor)\"}]},{\"@type\":\"WebSite\",\"@id\":\"https:\/\/auvisa.org\/dk\/#website\",\"url\":\"https:\/\/auvisa.org\/dk\/\",\"name\":\"Auvisa.org\",\"description\":\"\",\"inLanguage\":\"da-DK\"}]}<\/script>\n<!-- \/ Yoast SEO plugin. -->","yoast_head_json":{"title":"Ans\u00f8g om Forretningsvisum (Business Visa) til Australien: Ans\u00f8gningsskema","description":"Danske forretningsrejsende skal ans\u00f8ge om et australsk business eVisitor Visa (Forretningsvisum) via dette online ans\u00f8gningsskema. Behandlingstiden er 24 timer.","robots":{"index":"noindex","follow":"follow"},"og_locale":"da_DK","og_type":"article","og_title":"Ans\u00f8g om Forretningsvisum (Business Visa) til Australien: Ans\u00f8gningsskema","og_description":"Danske forretningsrejsende skal ans\u00f8ge om et australsk business eVisitor Visa (Forretningsvisum) via dette online ans\u00f8gningsskema. Behandlingstiden er 24 timer.","og_url":"https:\/\/auvisa.org\/dk\/visa-business-lp\/","og_site_name":"Auvisa.org","article_modified_time":"2023-12-06T23:41:35+00:00","twitter_card":"summary_large_image","twitter_misc":{"Estimeret l\u00e6setid":"1 minut"},"schema":{"@context":"https:\/\/schema.org","@graph":[{"@type":"WebPage","@id":"https:\/\/auvisa.org\/dk\/visa-business-lp\/","url":"https:\/\/auvisa.org\/dk\/visa-business-lp\/","name":"Ans\u00f8g om Forretningsvisum (Business Visa) til Australien: Ans\u00f8gningsskema","isPartOf":{"@id":"https:\/\/auvisa.org\/dk\/#website"},"datePublished":"2023-12-06T23:41:34+00:00","dateModified":"2023-12-06T23:41:35+00:00","description":"Danske forretningsrejsende skal ans\u00f8ge om et australsk business eVisitor Visa (Forretningsvisum) via dette online ans\u00f8gningsskema. Behandlingstiden er 24 timer.","breadcrumb":{"@id":"https:\/\/auvisa.org\/dk\/visa-business-lp\/#breadcrumb"},"inLanguage":"da-DK","potentialAction":[{"@type":"ReadAction","target":["https:\/\/auvisa.org\/dk\/visa-business-lp\/"]}]},{"@type":"BreadcrumbList","@id":"https:\/\/auvisa.org\/dk\/visa-business-lp\/#breadcrumb","itemListElement":[{"@type":"ListItem","position":1,"name":"Home","item":"https:\/\/auvisa.org\/dk\/"},{"@type":"ListItem","position":2,"name":"Forretningsvisum til Australien: Ans\u00f8gningsskema (eVisitor)"}]},{"@type":"WebSite","@id":"https:\/\/auvisa.org\/dk\/#website","url":"https:\/\/auvisa.org\/dk\/","name":"Auvisa.org","description":"","inLanguage":"da-DK"}]}},"_links":{"self":[{"href":"https:\/\/auvisa.org\/dk\/wp-json\/wp\/v2\/pages\/19479","targetHints":{"allow":["GET"]}}],"collection":[{"href":"https:\/\/auvisa.org\/dk\/wp-json\/wp\/v2\/pages"}],"about":[{"href":"https:\/\/auvisa.org\/dk\/wp-json\/wp\/v2\/types\/page"}],"author":[{"embeddable":true,"href":"https:\/\/auvisa.org\/dk\/wp-json\/wp\/v2\/users\/4"}],"replies":[{"embeddable":true,"href":"https:\/\/auvisa.org\/dk\/wp-json\/wp\/v2\/comments?post=19479"}],"version-history":[{"count":1,"href":"https:\/\/auvisa.org\/dk\/wp-json\/wp\/v2\/pages\/19479\/revisions"}],"predecessor-version":[{"id":19482,"href":"https:\/\/auvisa.org\/dk\/wp-json\/wp\/v2\/pages\/19479\/revisions\/19482"}],"wp:attachment":[{"href":"https:\/\/auvisa.org\/dk\/wp-json\/wp\/v2\/media?parent=19479"}],"curies":[{"name":"wp","href":"https:\/\/api.w.org\/{rel}","templated":true}]}}