{"id":2615,"date":"2012-02-08T11:10:06","date_gmt":"2012-02-08T11:10:06","guid":{"rendered":"https:\/\/auvisa.org\/?p=162"},"modified":"2024-02-29T11:08:15","modified_gmt":"2024-02-29T10:08:15","slug":"vilkar","status":"publish","type":"page","link":"https:\/\/auvisa.org\/dk\/vilkar\/","title":{"rendered":"Om Os"},"content":{"rendered":"<h2>Auvisa.org<\/h2>\n<p>Auvisa.org ejes af Visa &amp; Immigration Services LTD, firmanummer 72792776 med adresse i Hongkong. Det er et internationalt firma med speciale i visumtjenester. Vi er repr\u00e6senteret rundt om i verden p\u00e5 mange forskellige sprog.<\/p>\n<h2>Vores mission<\/h2>\n<p>Visa\u00a0&amp;\u00a0Immigration\u00a0Services\u00a0LTDs mission er at levere overs\u00e6ttelsesservice og konsul\u00e6re r\u00e5dgivning vedr\u00f8rende visum og indrejsetilladelse applikationer. Vi yder support p\u00e5 flere forskellige sprog, hovedsagelig europ\u00e6iske. Hvis du kan mestre det engelske sprog, eller ikke har brug for hj\u00e6lp, kan du ans\u00f8ge om et visum eller opholdstilladelse p\u00e5 egen h\u00e5nd uden brug af vores tjenester.<\/p>\n<p>Australske midlertidige turist eller business visum kan anvendes gratis via hjemmesiden for\u00a0Department of Immigration and Citizenship in Australia, at http:\/\/www.immi.gov.au.<\/p>\n<h2>Betaling<\/h2>\n<p>Betaling foretages i slutningen af hver visumans\u00f8gning. Man har dog mulighed for at gemme sin ans\u00f8gning, hvis man vil betale p\u00e5 et senere tidspunkt. En visumans\u00f8gning er ikke komplet, indtil betaling er foretaget. Ans\u00f8gninger, som ikke er betalt, bliver ikke behandlet.<\/p>\n<h2>Leveringstid<\/h2>\n<p>I de fleste tilf\u00e6lde f\u00e5r man besked allerede sammed dag, men det kan tage op til 10 dage eller mere, inden man f\u00e5r svar p\u00e5 sin visumans\u00f8gning. Vi anbefaler altid, at man foretager ans\u00f8gningen mindst 14 dage f\u00f8r p\u00e5t\u00e6nkt afrejse. For &#8220;Working Holiday&#8221; du b\u00f8r g\u00f8re ans\u00f8gningen mindst 2 m\u00e5neder i forvejen.<\/p>\n<h2>Personlige oplysninger<\/h2>\n<p>Vi gemmer dine personlige oplysninger (fra din ans\u00f8gning) for at kunne h\u00e5ndtere din visumans\u00f8gning. Vi vil aldrig give dine personlige oplysninger videre til andre uden dit samtykke.<\/p>\n<h2>Yderligere oplysninger<\/h2>\n<p>I visse tilf\u00e6lde kan vi bede om yderligere oplysninger om din ans\u00f8gning. Vi vil i s\u00e5 fald kontakte dig p\u00e5 e-mail, og det er dit ansvar at tjekke din e-mail med j\u00e6vne mellemrum. Hvis vi sender en foresp\u00f8rgsel om yderligere oplysninger til dig, men du ikke svarer i rette tid, vil det normalt f\u00f8re til, at du f\u00e5r afslag p\u00e5 din ans\u00f8gning.<\/p>\n<h2>Aldersgr\u00e6nse<\/h2>\n<p>Du skal v\u00e6re mindst 18 \u00e5r gammel p\u00e5 tidspunktet for ans\u00f8gningen for at kunne s\u00f8ge. Personer som er 18 \u00e5r eller \u00e6ldre, kan ans\u00f8ge for personer, som er under 18 \u00e5r.<\/p>\n<h2>Garantier<\/h2>\n<p>Beslutningen om din visumans\u00f8gning godkendes eller ej, foretages af Department of Immigration and Citizenship i Australien. Auvisa.org har ikke mulighed for at p\u00e5virke deres beslutning.<\/p>\n<p>Auvisa.org kan derfor ikke holdes ansvarlig for nogle direkte eller indirekte skader, f\u00f8lgeskader, \u00f8konimiske eller andre skader, som for\u00e5rsages af denne hjemmeside eller vores tjeneste, leveret eller ikke leveret.<\/p>\n<h2>Vilk\u00e5r og Betingelser<\/h2>\n<p><a href=\"\/terms\/auvisa_terms_and_conditions_dk.pdf\">https:\/\/auvisa.org\/terms\/auvisa_terms_and_conditions_dk.pdf<\/a><\/p>\n","protected":false},"excerpt":{"rendered":"<p>Auvisa.org Auvisa.org ejes af Visa &amp; Immigration Services LTD, firmanummer 72792776 med adresse i Hongkong. Det er et internationalt firma [&#8230;]<\/p>\n<p><a class=\"btn btn-secondary understrap-read-more-link\" href=\"https:\/\/auvisa.org\/dk\/vilkar\/\">L\u00e6s mere&#8230;<span class=\"screen-reader-text\"> from Om Os<\/span><\/a><\/p>\n","protected":false},"author":4,"featured_media":0,"parent":0,"menu_order":0,"comment_status":"open","ping_status":"open","template":"","meta":{"inline_featured_image":false,"footnotes":""},"class_list":["post-2615","page","type-page","status-publish","hentry"],"yoast_head":"<!-- This site is optimized with the Yoast SEO plugin v26.9 - https:\/\/yoast.com\/product\/yoast-seo-wordpress\/ -->\n<title>Om Os - Auvisa.org<\/title>\n<meta name=\"description\" content=\"Om Os - Auvisa.org\" \/>\n<meta name=\"robots\" content=\"index, follow, max-snippet:-1, max-image-preview:large, max-video-preview:-1\" \/>\n<link rel=\"canonical\" href=\"https:\/\/auvisa.org\/dk\/vilkar\/\" \/>\n<meta property=\"og:locale\" content=\"da_DK\" \/>\n<meta property=\"og:type\" content=\"article\" \/>\n<meta property=\"og:title\" content=\"Om Os - Auvisa.org\" \/>\n<meta property=\"og:description\" content=\"Om Os - Auvisa.org\" \/>\n<meta property=\"og:url\" content=\"https:\/\/auvisa.org\/dk\/vilkar\/\" \/>\n<meta property=\"og:site_name\" content=\"Auvisa.org\" \/>\n<meta property=\"article:modified_time\" content=\"2024-02-29T10:08:15+00:00\" \/>\n<meta name=\"twitter:card\" content=\"summary_large_image\" \/>\n<meta name=\"twitter:label1\" content=\"Estimeret l\u00e6setid\" \/>\n\t<meta name=\"twitter:data1\" content=\"3 minutter\" \/>\n<script type=\"application\/ld+json\" class=\"yoast-schema-graph\">{\"@context\":\"https:\/\/schema.org\",\"@graph\":[{\"@type\":\"WebPage\",\"@id\":\"https:\/\/auvisa.org\/dk\/vilkar\/\",\"url\":\"https:\/\/auvisa.org\/dk\/vilkar\/\",\"name\":\"Om Os - Auvisa.org\",\"isPartOf\":{\"@id\":\"https:\/\/auvisa.org\/dk\/#website\"},\"datePublished\":\"2012-02-08T11:10:06+00:00\",\"dateModified\":\"2024-02-29T10:08:15+00:00\",\"description\":\"Om Os - Auvisa.org\",\"breadcrumb\":{\"@id\":\"https:\/\/auvisa.org\/dk\/vilkar\/#breadcrumb\"},\"inLanguage\":\"da-DK\",\"potentialAction\":[{\"@type\":\"ReadAction\",\"target\":[\"https:\/\/auvisa.org\/dk\/vilkar\/\"]}]},{\"@type\":\"BreadcrumbList\",\"@id\":\"https:\/\/auvisa.org\/dk\/vilkar\/#breadcrumb\",\"itemListElement\":[{\"@type\":\"ListItem\",\"position\":1,\"name\":\"Home\",\"item\":\"https:\/\/auvisa.org\/dk\/\"},{\"@type\":\"ListItem\",\"position\":2,\"name\":\"Om Os\"}]},{\"@type\":\"WebSite\",\"@id\":\"https:\/\/auvisa.org\/dk\/#website\",\"url\":\"https:\/\/auvisa.org\/dk\/\",\"name\":\"Auvisa.org\",\"description\":\"\",\"inLanguage\":\"da-DK\"}]}<\/script>\n<!-- \/ Yoast SEO plugin. -->","yoast_head_json":{"title":"Om Os - Auvisa.org","description":"Om Os - Auvisa.org","robots":{"index":"index","follow":"follow","max-snippet":"max-snippet:-1","max-image-preview":"max-image-preview:large","max-video-preview":"max-video-preview:-1"},"canonical":"https:\/\/auvisa.org\/dk\/vilkar\/","og_locale":"da_DK","og_type":"article","og_title":"Om Os - Auvisa.org","og_description":"Om Os - Auvisa.org","og_url":"https:\/\/auvisa.org\/dk\/vilkar\/","og_site_name":"Auvisa.org","article_modified_time":"2024-02-29T10:08:15+00:00","twitter_card":"summary_large_image","twitter_misc":{"Estimeret l\u00e6setid":"3 minutter"},"schema":{"@context":"https:\/\/schema.org","@graph":[{"@type":"WebPage","@id":"https:\/\/auvisa.org\/dk\/vilkar\/","url":"https:\/\/auvisa.org\/dk\/vilkar\/","name":"Om Os - Auvisa.org","isPartOf":{"@id":"https:\/\/auvisa.org\/dk\/#website"},"datePublished":"2012-02-08T11:10:06+00:00","dateModified":"2024-02-29T10:08:15+00:00","description":"Om Os - Auvisa.org","breadcrumb":{"@id":"https:\/\/auvisa.org\/dk\/vilkar\/#breadcrumb"},"inLanguage":"da-DK","potentialAction":[{"@type":"ReadAction","target":["https:\/\/auvisa.org\/dk\/vilkar\/"]}]},{"@type":"BreadcrumbList","@id":"https:\/\/auvisa.org\/dk\/vilkar\/#breadcrumb","itemListElement":[{"@type":"ListItem","position":1,"name":"Home","item":"https:\/\/auvisa.org\/dk\/"},{"@type":"ListItem","position":2,"name":"Om Os"}]},{"@type":"WebSite","@id":"https:\/\/auvisa.org\/dk\/#website","url":"https:\/\/auvisa.org\/dk\/","name":"Auvisa.org","description":"","inLanguage":"da-DK"}]}},"_links":{"self":[{"href":"https:\/\/auvisa.org\/dk\/wp-json\/wp\/v2\/pages\/2615","targetHints":{"allow":["GET"]}}],"collection":[{"href":"https:\/\/auvisa.org\/dk\/wp-json\/wp\/v2\/pages"}],"about":[{"href":"https:\/\/auvisa.org\/dk\/wp-json\/wp\/v2\/types\/page"}],"author":[{"embeddable":true,"href":"https:\/\/auvisa.org\/dk\/wp-json\/wp\/v2\/users\/4"}],"replies":[{"embeddable":true,"href":"https:\/\/auvisa.org\/dk\/wp-json\/wp\/v2\/comments?post=2615"}],"version-history":[{"count":8,"href":"https:\/\/auvisa.org\/dk\/wp-json\/wp\/v2\/pages\/2615\/revisions"}],"predecessor-version":[{"id":20372,"href":"https:\/\/auvisa.org\/dk\/wp-json\/wp\/v2\/pages\/2615\/revisions\/20372"}],"wp:attachment":[{"href":"https:\/\/auvisa.org\/dk\/wp-json\/wp\/v2\/media?parent=2615"}],"curies":[{"name":"wp","href":"https:\/\/api.w.org\/{rel}","templated":true}]}}