{"id":2629,"date":"2020-05-14T16:24:08","date_gmt":"2020-05-14T16:24:08","guid":{"rendered":"https:\/\/auvisa.org\/dk\/?page_id=2629"},"modified":"2020-05-19T17:56:34","modified_gmt":"2020-05-19T17:56:34","slug":"andet-arbejdsferievisum-danmark","status":"publish","type":"page","link":"https:\/\/auvisa.org\/dk\/andet-arbejdsferievisum-danmark\/","title":{"rendered":"Andet Working Holiday-visum til Australien for Danske Borgere"},"content":{"rendered":"\n<h3 class=\"wp-block-heading\" id=\"first-paragraph\"><strong>Flere oplysninger om andet arbejdsferievisum<\/strong><\/h3>\n\n\n\n<p>Du kan anvende et andet Working Holiday-visum, hvis du opfylder visse krav:<\/p>\n\n\n\n<ul class=\"wp-block-list\"><li>Alt, hvad der g\u00e6lder for&nbsp;<a href=\"\/dk\/working-holiday-visum-til-australien\/\" class=\"aioseop-link\">det f\u00f8rste visum p\u00e5 Working Holiday<\/a>, plus:<ul><li>Du har overholdt alle betingelserne for dit f\u00f8rste visum for arbejdsferie<\/li><li>Du har ikke tidligere&nbsp;haft mere end et Working Holiday Visa<\/li><li>Du har afsluttet tre m\u00e5neders specificeret&nbsp;arbejde&nbsp;i \u201cRegional Australia\u201d, mens du var p\u00e5 dit f\u00f8rste visum for Working Holiday.&nbsp;&nbsp;<\/li><\/ul><\/li><\/ul>\n\n\n\n<p>Hvis du i \u00f8jeblikket er i Australien p\u00e5 dit f\u00f8rste visum for arbejdsferie og \u00f8nsker at forblive i landet, skal du&nbsp;<strong>ans\u00f8ge om det andet visum for arbejdsferie inden det f\u00f8rste udl\u00f8ber<\/strong>.&nbsp;<\/p>\n\n\n\n<p>&#8220;Specified&nbsp;Work&#8221;&nbsp;er arbejde, der udf\u00f8res i&nbsp;<strong>en r\u00e6kke specificerede jobs eller brancher og regioner<\/strong>, herunder:&nbsp;<\/p>\n\n\n\n<ul class=\"wp-block-list\"><li><strong>Fiskeri og perlefiskeri&nbsp;<\/strong>i det nordlige Australien<\/li><li><strong>Tr\u00e6opdr\u00e6t&nbsp;<\/strong>og f\u00e6ldning i det nordlige Australien<\/li><li><strong>Turisme <\/strong>i det nordlige Australien<\/li><li><strong>Dyrkning af planter og dyr&nbsp;<\/strong>i det nordlige Australien og andre specificerede regioner<strong>.<\/strong><\/li><\/ul>\n\n\n\n<p>Mere info om specificerede job kan findes i afsnittet om&nbsp;<a href=\"\/dk\/working-holiday-visum-til-australien\/#specificerede\" class=\"aioseop-link\">arbejdsferumvisum<\/a>.&nbsp;<\/p>\n\n\n\n<div class=\"text-right\"><a href=\"\/dk\/visa-workingsecond\/\" class=\"btn  px-5 btn-green\">Ans\u00f8g om Andet WHV Visa<\/a><\/div>\n","protected":false},"excerpt":{"rendered":"<p>Flere oplysninger om andet arbejdsferievisum Du kan anvende et andet Working Holiday-visum, hvis du opfylder visse krav: Alt, hvad der [&#8230;]<\/p>\n<p><a class=\"btn btn-secondary understrap-read-more-link\" href=\"https:\/\/auvisa.org\/dk\/andet-arbejdsferievisum-danmark\/\">L\u00e6s mere&#8230;<span class=\"screen-reader-text\"> from Andet Working Holiday-visum til Australien for Danske Borgere<\/span><\/a><\/p>\n","protected":false},"author":5,"featured_media":0,"parent":0,"menu_order":5,"comment_status":"closed","ping_status":"closed","template":"templates\/tpl_spiegazione.php","meta":{"inline_featured_image":false,"footnotes":""},"class_list":["post-2629","page","type-page","status-publish","hentry"],"yoast_head":"<!-- This site is optimized with the Yoast SEO plugin v26.9 - https:\/\/yoast.com\/product\/yoast-seo-wordpress\/ -->\n<title>Andet Working Holiday-visum til Australien for Danske Borgere<\/title>\n<meta name=\"description\" content=\"Et andet arbejdsferievisum er for dem, der har f\u00e5et et arbejdsferievisum og \u00f8nsker at forl\u00e6nge deres ophold i Australien. Ans\u00f8g online.\" \/>\n<meta name=\"robots\" content=\"index, follow, max-snippet:-1, max-image-preview:large, max-video-preview:-1\" \/>\n<link rel=\"canonical\" href=\"https:\/\/auvisa.org\/dk\/andet-arbejdsferievisum-danmark\/\" \/>\n<meta property=\"og:locale\" content=\"da_DK\" \/>\n<meta property=\"og:type\" content=\"article\" \/>\n<meta property=\"og:title\" content=\"Andet Working Holiday-visum til Australien for Danske Borgere\" \/>\n<meta property=\"og:description\" content=\"Et andet arbejdsferievisum er for dem, der har f\u00e5et et arbejdsferievisum og \u00f8nsker at forl\u00e6nge deres ophold i Australien. Ans\u00f8g online.\" \/>\n<meta property=\"og:url\" content=\"https:\/\/auvisa.org\/dk\/andet-arbejdsferievisum-danmark\/\" \/>\n<meta property=\"og:site_name\" content=\"Auvisa.org\" \/>\n<meta property=\"article:modified_time\" content=\"2020-05-19T17:56:34+00:00\" \/>\n<meta name=\"twitter:card\" content=\"summary_large_image\" \/>\n<meta name=\"twitter:label1\" content=\"Estimeret l\u00e6setid\" \/>\n\t<meta name=\"twitter:data1\" content=\"1 minut\" \/>\n<script type=\"application\/ld+json\" class=\"yoast-schema-graph\">{\"@context\":\"https:\/\/schema.org\",\"@graph\":[{\"@type\":\"WebPage\",\"@id\":\"https:\/\/auvisa.org\/dk\/andet-arbejdsferievisum-danmark\/\",\"url\":\"https:\/\/auvisa.org\/dk\/andet-arbejdsferievisum-danmark\/\",\"name\":\"Andet Working Holiday-visum til Australien for Danske Borgere\",\"isPartOf\":{\"@id\":\"https:\/\/auvisa.org\/dk\/#website\"},\"datePublished\":\"2020-05-14T16:24:08+00:00\",\"dateModified\":\"2020-05-19T17:56:34+00:00\",\"description\":\"Et andet arbejdsferievisum er for dem, der har f\u00e5et et arbejdsferievisum og \u00f8nsker at forl\u00e6nge deres ophold i Australien. Ans\u00f8g online.\",\"breadcrumb\":{\"@id\":\"https:\/\/auvisa.org\/dk\/andet-arbejdsferievisum-danmark\/#breadcrumb\"},\"inLanguage\":\"da-DK\",\"potentialAction\":[{\"@type\":\"ReadAction\",\"target\":[\"https:\/\/auvisa.org\/dk\/andet-arbejdsferievisum-danmark\/\"]}]},{\"@type\":\"BreadcrumbList\",\"@id\":\"https:\/\/auvisa.org\/dk\/andet-arbejdsferievisum-danmark\/#breadcrumb\",\"itemListElement\":[{\"@type\":\"ListItem\",\"position\":1,\"name\":\"Home\",\"item\":\"https:\/\/auvisa.org\/dk\/\"},{\"@type\":\"ListItem\",\"position\":2,\"name\":\"Andet Working Holiday-visum til Australien for Danske Borgere\"}]},{\"@type\":\"WebSite\",\"@id\":\"https:\/\/auvisa.org\/dk\/#website\",\"url\":\"https:\/\/auvisa.org\/dk\/\",\"name\":\"Auvisa.org\",\"description\":\"\",\"inLanguage\":\"da-DK\"}]}<\/script>\n<!-- \/ Yoast SEO plugin. -->","yoast_head_json":{"title":"Andet Working Holiday-visum til Australien for Danske Borgere","description":"Et andet arbejdsferievisum er for dem, der har f\u00e5et et arbejdsferievisum og \u00f8nsker at forl\u00e6nge deres ophold i Australien. Ans\u00f8g online.","robots":{"index":"index","follow":"follow","max-snippet":"max-snippet:-1","max-image-preview":"max-image-preview:large","max-video-preview":"max-video-preview:-1"},"canonical":"https:\/\/auvisa.org\/dk\/andet-arbejdsferievisum-danmark\/","og_locale":"da_DK","og_type":"article","og_title":"Andet Working Holiday-visum til Australien for Danske Borgere","og_description":"Et andet arbejdsferievisum er for dem, der har f\u00e5et et arbejdsferievisum og \u00f8nsker at forl\u00e6nge deres ophold i Australien. Ans\u00f8g online.","og_url":"https:\/\/auvisa.org\/dk\/andet-arbejdsferievisum-danmark\/","og_site_name":"Auvisa.org","article_modified_time":"2020-05-19T17:56:34+00:00","twitter_card":"summary_large_image","twitter_misc":{"Estimeret l\u00e6setid":"1 minut"},"schema":{"@context":"https:\/\/schema.org","@graph":[{"@type":"WebPage","@id":"https:\/\/auvisa.org\/dk\/andet-arbejdsferievisum-danmark\/","url":"https:\/\/auvisa.org\/dk\/andet-arbejdsferievisum-danmark\/","name":"Andet Working Holiday-visum til Australien for Danske Borgere","isPartOf":{"@id":"https:\/\/auvisa.org\/dk\/#website"},"datePublished":"2020-05-14T16:24:08+00:00","dateModified":"2020-05-19T17:56:34+00:00","description":"Et andet arbejdsferievisum er for dem, der har f\u00e5et et arbejdsferievisum og \u00f8nsker at forl\u00e6nge deres ophold i Australien. Ans\u00f8g online.","breadcrumb":{"@id":"https:\/\/auvisa.org\/dk\/andet-arbejdsferievisum-danmark\/#breadcrumb"},"inLanguage":"da-DK","potentialAction":[{"@type":"ReadAction","target":["https:\/\/auvisa.org\/dk\/andet-arbejdsferievisum-danmark\/"]}]},{"@type":"BreadcrumbList","@id":"https:\/\/auvisa.org\/dk\/andet-arbejdsferievisum-danmark\/#breadcrumb","itemListElement":[{"@type":"ListItem","position":1,"name":"Home","item":"https:\/\/auvisa.org\/dk\/"},{"@type":"ListItem","position":2,"name":"Andet Working Holiday-visum til Australien for Danske Borgere"}]},{"@type":"WebSite","@id":"https:\/\/auvisa.org\/dk\/#website","url":"https:\/\/auvisa.org\/dk\/","name":"Auvisa.org","description":"","inLanguage":"da-DK"}]}},"_links":{"self":[{"href":"https:\/\/auvisa.org\/dk\/wp-json\/wp\/v2\/pages\/2629","targetHints":{"allow":["GET"]}}],"collection":[{"href":"https:\/\/auvisa.org\/dk\/wp-json\/wp\/v2\/pages"}],"about":[{"href":"https:\/\/auvisa.org\/dk\/wp-json\/wp\/v2\/types\/page"}],"author":[{"embeddable":true,"href":"https:\/\/auvisa.org\/dk\/wp-json\/wp\/v2\/users\/5"}],"replies":[{"embeddable":true,"href":"https:\/\/auvisa.org\/dk\/wp-json\/wp\/v2\/comments?post=2629"}],"version-history":[{"count":18,"href":"https:\/\/auvisa.org\/dk\/wp-json\/wp\/v2\/pages\/2629\/revisions"}],"predecessor-version":[{"id":2792,"href":"https:\/\/auvisa.org\/dk\/wp-json\/wp\/v2\/pages\/2629\/revisions\/2792"}],"wp:attachment":[{"href":"https:\/\/auvisa.org\/dk\/wp-json\/wp\/v2\/media?parent=2629"}],"curies":[{"name":"wp","href":"https:\/\/api.w.org\/{rel}","templated":true}]}}