{"id":2631,"date":"2020-05-14T16:25:09","date_gmt":"2020-05-14T16:25:09","guid":{"rendered":"https:\/\/auvisa.org\/dk\/?page_id=2631"},"modified":"2020-08-19T13:08:01","modified_gmt":"2020-08-19T13:08:01","slug":"australsk-visum-midlertidigt-arbejde","status":"publish","type":"page","link":"https:\/\/auvisa.org\/dk\/australsk-visum-midlertidigt-arbejde\/","title":{"rendered":"Australsk Visum til Midlertidigt Arbejde (Danmark)"},"content":{"rendered":"\n<h2 class=\"wp-block-heading\" id=\"first-paragraph\">Temporary Work-visum<\/h2>\n\n\n\n<p>Dette visum er for folk, som rejser til Australien for at udf\u00f8re midlertidigt arbejde.<\/p>\n\n\n\n<p><strong>Visummet kan udstedes for op til tre m\u00e5neder.<\/strong><\/p>\n\n\n\n<p>Du kan ans\u00f8ge om dette visum, hvis:<\/p>\n\n\n\n<ul class=\"wp-block-list\"><li>Du er udenfor Australien<\/li><li>Du kun udf\u00f8rer <strong>kortvarigt, meget specialiseret og midlertidigt arbejde<\/strong><\/li><li>Du deltager i en <strong>kulturel eller social begivenhed<\/strong><\/li><li>Du deltager i en <strong>aktivitet eller et arbejde, som har relation til Australiens interesser<\/strong><\/li><\/ul>\n\n\n\n<p>For at ans\u00f8ge skal du <strong>have en invitation fra den organisation, som du skal arbejde for. <\/strong><\/p>\n\n\n\n<p>Du skal ogs\u00e5 have kvalifikationerne eller den erhvervsm\u00e6ssig baggrund til at udf\u00f8re arbejdet. Du vil blive bedt om at sende forskellige dokumenter til at gennemf\u00f8re din ans\u00f8gning.<\/p>\n","protected":false},"excerpt":{"rendered":"<p>Temporary Work-visum Dette visum er for folk, som rejser til Australien for at udf\u00f8re midlertidigt arbejde. Visummet kan udstedes for [&#8230;]<\/p>\n<p><a class=\"btn btn-secondary understrap-read-more-link\" href=\"https:\/\/auvisa.org\/dk\/australsk-visum-midlertidigt-arbejde\/\">L\u00e6s mere&#8230;<span class=\"screen-reader-text\"> from Australsk Visum til Midlertidigt Arbejde (Danmark)<\/span><\/a><\/p>\n","protected":false},"author":5,"featured_media":0,"parent":0,"menu_order":20,"comment_status":"closed","ping_status":"closed","template":"templates\/tpl_spiegazione.php","meta":{"inline_featured_image":false,"footnotes":""},"class_list":["post-2631","page","type-page","status-publish","hentry"],"yoast_head":"<!-- This site is optimized with the Yoast SEO plugin v26.9 - https:\/\/yoast.com\/product\/yoast-seo-wordpress\/ -->\n<title>Australsk Visum til Midlertidigt Arbejde (Temporary Work) - Danmark<\/title>\n<meta name=\"description\" content=\"Et australsk visum til midlertidigt arbejde (Temporary Work Visa - Subclass 400) er for danske borgere, der skal til Australien for at udf\u00f8re h\u00f8jt specialiseret, midlertidigt arbejde.\" \/>\n<meta name=\"robots\" content=\"index, follow, max-snippet:-1, max-image-preview:large, max-video-preview:-1\" \/>\n<link rel=\"canonical\" href=\"https:\/\/auvisa.org\/dk\/australsk-visum-midlertidigt-arbejde\/\" \/>\n<meta property=\"og:locale\" content=\"da_DK\" \/>\n<meta property=\"og:type\" content=\"article\" \/>\n<meta property=\"og:title\" content=\"Australsk Visum til Midlertidigt Arbejde (Temporary Work) - Danmark\" \/>\n<meta property=\"og:description\" content=\"Et australsk visum til midlertidigt arbejde (Temporary Work Visa - Subclass 400) er for danske borgere, der skal til Australien for at udf\u00f8re h\u00f8jt specialiseret, midlertidigt arbejde.\" \/>\n<meta property=\"og:url\" content=\"https:\/\/auvisa.org\/dk\/australsk-visum-midlertidigt-arbejde\/\" \/>\n<meta property=\"og:site_name\" content=\"Auvisa.org\" \/>\n<meta property=\"article:modified_time\" content=\"2020-08-19T13:08:01+00:00\" \/>\n<meta name=\"twitter:card\" content=\"summary_large_image\" \/>\n<meta name=\"twitter:label1\" content=\"Estimeret l\u00e6setid\" \/>\n\t<meta name=\"twitter:data1\" content=\"1 minut\" \/>\n<script type=\"application\/ld+json\" class=\"yoast-schema-graph\">{\"@context\":\"https:\/\/schema.org\",\"@graph\":[{\"@type\":\"WebPage\",\"@id\":\"https:\/\/auvisa.org\/dk\/australsk-visum-midlertidigt-arbejde\/\",\"url\":\"https:\/\/auvisa.org\/dk\/australsk-visum-midlertidigt-arbejde\/\",\"name\":\"Australsk Visum til Midlertidigt Arbejde (Temporary Work) - Danmark\",\"isPartOf\":{\"@id\":\"https:\/\/auvisa.org\/dk\/#website\"},\"datePublished\":\"2020-05-14T16:25:09+00:00\",\"dateModified\":\"2020-08-19T13:08:01+00:00\",\"description\":\"Et australsk visum til midlertidigt arbejde (Temporary Work Visa - Subclass 400) er for danske borgere, der skal til Australien for at udf\u00f8re h\u00f8jt specialiseret, midlertidigt arbejde.\",\"breadcrumb\":{\"@id\":\"https:\/\/auvisa.org\/dk\/australsk-visum-midlertidigt-arbejde\/#breadcrumb\"},\"inLanguage\":\"da-DK\",\"potentialAction\":[{\"@type\":\"ReadAction\",\"target\":[\"https:\/\/auvisa.org\/dk\/australsk-visum-midlertidigt-arbejde\/\"]}]},{\"@type\":\"BreadcrumbList\",\"@id\":\"https:\/\/auvisa.org\/dk\/australsk-visum-midlertidigt-arbejde\/#breadcrumb\",\"itemListElement\":[{\"@type\":\"ListItem\",\"position\":1,\"name\":\"Home\",\"item\":\"https:\/\/auvisa.org\/dk\/\"},{\"@type\":\"ListItem\",\"position\":2,\"name\":\"Australsk Visum til Midlertidigt Arbejde (Danmark)\"}]},{\"@type\":\"WebSite\",\"@id\":\"https:\/\/auvisa.org\/dk\/#website\",\"url\":\"https:\/\/auvisa.org\/dk\/\",\"name\":\"Auvisa.org\",\"description\":\"\",\"inLanguage\":\"da-DK\"}]}<\/script>\n<!-- \/ Yoast SEO plugin. -->","yoast_head_json":{"title":"Australsk Visum til Midlertidigt Arbejde (Temporary Work) - Danmark","description":"Et australsk visum til midlertidigt arbejde (Temporary Work Visa - Subclass 400) er for danske borgere, der skal til Australien for at udf\u00f8re h\u00f8jt specialiseret, midlertidigt arbejde.","robots":{"index":"index","follow":"follow","max-snippet":"max-snippet:-1","max-image-preview":"max-image-preview:large","max-video-preview":"max-video-preview:-1"},"canonical":"https:\/\/auvisa.org\/dk\/australsk-visum-midlertidigt-arbejde\/","og_locale":"da_DK","og_type":"article","og_title":"Australsk Visum til Midlertidigt Arbejde (Temporary Work) - Danmark","og_description":"Et australsk visum til midlertidigt arbejde (Temporary Work Visa - Subclass 400) er for danske borgere, der skal til Australien for at udf\u00f8re h\u00f8jt specialiseret, midlertidigt arbejde.","og_url":"https:\/\/auvisa.org\/dk\/australsk-visum-midlertidigt-arbejde\/","og_site_name":"Auvisa.org","article_modified_time":"2020-08-19T13:08:01+00:00","twitter_card":"summary_large_image","twitter_misc":{"Estimeret l\u00e6setid":"1 minut"},"schema":{"@context":"https:\/\/schema.org","@graph":[{"@type":"WebPage","@id":"https:\/\/auvisa.org\/dk\/australsk-visum-midlertidigt-arbejde\/","url":"https:\/\/auvisa.org\/dk\/australsk-visum-midlertidigt-arbejde\/","name":"Australsk Visum til Midlertidigt Arbejde (Temporary Work) - Danmark","isPartOf":{"@id":"https:\/\/auvisa.org\/dk\/#website"},"datePublished":"2020-05-14T16:25:09+00:00","dateModified":"2020-08-19T13:08:01+00:00","description":"Et australsk visum til midlertidigt arbejde (Temporary Work Visa - Subclass 400) er for danske borgere, der skal til Australien for at udf\u00f8re h\u00f8jt specialiseret, midlertidigt arbejde.","breadcrumb":{"@id":"https:\/\/auvisa.org\/dk\/australsk-visum-midlertidigt-arbejde\/#breadcrumb"},"inLanguage":"da-DK","potentialAction":[{"@type":"ReadAction","target":["https:\/\/auvisa.org\/dk\/australsk-visum-midlertidigt-arbejde\/"]}]},{"@type":"BreadcrumbList","@id":"https:\/\/auvisa.org\/dk\/australsk-visum-midlertidigt-arbejde\/#breadcrumb","itemListElement":[{"@type":"ListItem","position":1,"name":"Home","item":"https:\/\/auvisa.org\/dk\/"},{"@type":"ListItem","position":2,"name":"Australsk Visum til Midlertidigt Arbejde (Danmark)"}]},{"@type":"WebSite","@id":"https:\/\/auvisa.org\/dk\/#website","url":"https:\/\/auvisa.org\/dk\/","name":"Auvisa.org","description":"","inLanguage":"da-DK"}]}},"_links":{"self":[{"href":"https:\/\/auvisa.org\/dk\/wp-json\/wp\/v2\/pages\/2631","targetHints":{"allow":["GET"]}}],"collection":[{"href":"https:\/\/auvisa.org\/dk\/wp-json\/wp\/v2\/pages"}],"about":[{"href":"https:\/\/auvisa.org\/dk\/wp-json\/wp\/v2\/types\/page"}],"author":[{"embeddable":true,"href":"https:\/\/auvisa.org\/dk\/wp-json\/wp\/v2\/users\/5"}],"replies":[{"embeddable":true,"href":"https:\/\/auvisa.org\/dk\/wp-json\/wp\/v2\/comments?post=2631"}],"version-history":[{"count":6,"href":"https:\/\/auvisa.org\/dk\/wp-json\/wp\/v2\/pages\/2631\/revisions"}],"predecessor-version":[{"id":2797,"href":"https:\/\/auvisa.org\/dk\/wp-json\/wp\/v2\/pages\/2631\/revisions\/2797"}],"wp:attachment":[{"href":"https:\/\/auvisa.org\/dk\/wp-json\/wp\/v2\/media?parent=2631"}],"curies":[{"name":"wp","href":"https:\/\/api.w.org\/{rel}","templated":true}]}}