{"id":7056,"date":"2021-05-27T09:43:07","date_gmt":"2021-05-27T09:43:07","guid":{"rendered":"https:\/\/auvisa.org\/dk\/?page_id=7056"},"modified":"2023-07-07T17:40:30","modified_gmt":"2023-07-07T15:40:30","slug":"visa-holidaysecond","status":"publish","type":"page","link":"https:\/\/auvisa.org\/dk\/visa-holidaysecond\/","title":{"rendered":"Ans\u00f8g om Andet Working Holiday Visum til Australien: Ans\u00f8gningsskema"},"content":{"rendered":"\n<div style=\"height:20px\" aria-hidden=\"true\" class=\"wp-block-spacer\"><\/div>\n\n\n\n<p>Du kan ans\u00f8ge om et nyt Working Holiday-visum, <strong>hvis du opfylder f\u00f8lgende krav<\/strong>:<\/p>\n\n\n\n<ul class=\"wp-block-list\"><li>Alle kravene som g\u00e6lder for det f\u00f8rste <a href=\"\/dk\/working-holiday-visum-til-australien\/\" class=\"aioseop-link\">Working Holiday-visum<\/a>, plus<\/li><li>du har overholdt <strong>alle betingelserne<\/strong> for dit f\u00f8rste Working Holiday-visum<\/li><li>du har kun haft \u00e9t Working Holiday-visum f\u00f8r<\/li><li>du har gennemf\u00f8rt <strong>tre m\u00e5neders \u201d<a href=\"\/dk\/working-holiday-visum-til-australien\/#specificerede\" class=\"aioseop-link\">specified work<\/a>\u201d i regional Australia<\/strong> (bestemte omr\u00e5der af landet) med dit f\u00f8rste Working Holiday-visum.<\/li><\/ul>\n\n\n\n<p>Hvis du er i Australien i \u00f8jeblikket med dit f\u00f8rste Working Holiday-visum og \u00f8nsker at blive i landet, skal du ans\u00f8ge om det nye Working Holiday-visum, inden det f\u00f8rste udl\u00f8ber.<\/p>\n\n\n\n<p>Specified work<\/p>\n\n\n\n<p>Du skal have arbejdet indenfor et af disse arbejdsomr\u00e5der i regional Australia p\u00e5 dit f\u00f8rste Working Holiday-visum for at berettiget til at f\u00e5 et nyt:<\/p>\n\n\n\n<ul class=\"wp-block-list\"><li>Opdr\u00e6t af dyr eller opdyrkning af planter<\/li><li>Fiskeri og perlefiskeri<\/li><li>Skovbrug<\/li><li>Minearbejde<\/li><li>Byggeri<\/li><\/ul>\n\n\n\n<p>Prisen for hvert visum er <span class=\"woocommerce-Price-amount amount\"><bdi><span class=\"woocommerce-Price-currencySymbol\">kr.<\/span>4.900,00<\/bdi><\/span> per person.<\/p>\n\n\n\n<p><\/p>\n\n\n\n<h3 class=\"wp-block-heading\" id=\"indtast-og-bekraeft-din-e-mailadresse-for-at-starte-din-ansogning\">Indtast og bekr\u00e6ft din e-mailadresse for at starte din ans\u00f8gning:<\/h3>\n","protected":false},"excerpt":{"rendered":"<p>Du kan ans\u00f8ge om et nyt Working Holiday-visum, hvis du opfylder f\u00f8lgende krav: Alle kravene som g\u00e6lder for det f\u00f8rste [&#8230;]<\/p>\n<p><a class=\"btn btn-secondary understrap-read-more-link\" href=\"https:\/\/auvisa.org\/dk\/visa-holidaysecond\/\">L\u00e6s mere&#8230;<span class=\"screen-reader-text\"> from Ans\u00f8g om Andet Working Holiday Visum til Australien: Ans\u00f8gningsskema<\/span><\/a><\/p>\n","protected":false},"author":3,"featured_media":0,"parent":0,"menu_order":40,"comment_status":"closed","ping_status":"closed","template":"templates\/tpl_acf_form.php","meta":{"inline_featured_image":false,"footnotes":""},"class_list":["post-7056","page","type-page","status-publish","hentry"],"yoast_head":"<!-- This site is optimized with the Yoast SEO plugin v26.9 - https:\/\/yoast.com\/product\/yoast-seo-wordpress\/ -->\n<title>Ans\u00f8g om Andet Working Holiday-Visum til Australien: Ans\u00f8gningsskema<\/title>\n<meta name=\"description\" content=\"For at udvide dit ophold i Australien, udfyld da formularen og ans\u00f8g om et andet australsk Working Holiday-Visum inden det f\u00f8rste WHV udl\u00f8ber.\" \/>\n<meta name=\"robots\" content=\"index, follow, max-snippet:-1, max-image-preview:large, max-video-preview:-1\" \/>\n<link rel=\"canonical\" href=\"https:\/\/auvisa.org\/dk\/visa-holidaysecond\/\" \/>\n<meta property=\"og:locale\" content=\"da_DK\" \/>\n<meta property=\"og:type\" content=\"article\" \/>\n<meta property=\"og:title\" content=\"Ans\u00f8g om Andet Working Holiday-Visum til Australien: Ans\u00f8gningsskema\" \/>\n<meta property=\"og:description\" content=\"For at udvide dit ophold i Australien, udfyld da formularen og ans\u00f8g om et andet australsk Working Holiday-Visum inden det f\u00f8rste WHV udl\u00f8ber.\" \/>\n<meta property=\"og:url\" content=\"https:\/\/auvisa.org\/dk\/visa-holidaysecond\/\" \/>\n<meta property=\"og:site_name\" content=\"Auvisa.org\" \/>\n<meta property=\"article:modified_time\" content=\"2023-07-07T15:40:30+00:00\" \/>\n<meta name=\"twitter:card\" content=\"summary_large_image\" \/>\n<meta name=\"twitter:label1\" content=\"Estimeret l\u00e6setid\" \/>\n\t<meta name=\"twitter:data1\" content=\"1 minut\" \/>\n<script type=\"application\/ld+json\" class=\"yoast-schema-graph\">{\"@context\":\"https:\/\/schema.org\",\"@graph\":[{\"@type\":\"WebPage\",\"@id\":\"https:\/\/auvisa.org\/dk\/visa-holidaysecond\/\",\"url\":\"https:\/\/auvisa.org\/dk\/visa-holidaysecond\/\",\"name\":\"Ans\u00f8g om Andet Working Holiday-Visum til Australien: Ans\u00f8gningsskema\",\"isPartOf\":{\"@id\":\"https:\/\/auvisa.org\/dk\/#website\"},\"datePublished\":\"2021-05-27T09:43:07+00:00\",\"dateModified\":\"2023-07-07T15:40:30+00:00\",\"description\":\"For at udvide dit ophold i Australien, udfyld da formularen og ans\u00f8g om et andet australsk Working Holiday-Visum inden det f\u00f8rste WHV udl\u00f8ber.\",\"breadcrumb\":{\"@id\":\"https:\/\/auvisa.org\/dk\/visa-holidaysecond\/#breadcrumb\"},\"inLanguage\":\"da-DK\",\"potentialAction\":[{\"@type\":\"ReadAction\",\"target\":[\"https:\/\/auvisa.org\/dk\/visa-holidaysecond\/\"]}]},{\"@type\":\"BreadcrumbList\",\"@id\":\"https:\/\/auvisa.org\/dk\/visa-holidaysecond\/#breadcrumb\",\"itemListElement\":[{\"@type\":\"ListItem\",\"position\":1,\"name\":\"Home\",\"item\":\"https:\/\/auvisa.org\/dk\/\"},{\"@type\":\"ListItem\",\"position\":2,\"name\":\"Ans\u00f8g om Andet Working Holiday Visum til Australien: Ans\u00f8gningsskema\"}]},{\"@type\":\"WebSite\",\"@id\":\"https:\/\/auvisa.org\/dk\/#website\",\"url\":\"https:\/\/auvisa.org\/dk\/\",\"name\":\"Auvisa.org\",\"description\":\"\",\"inLanguage\":\"da-DK\"}]}<\/script>\n<!-- \/ Yoast SEO plugin. -->","yoast_head_json":{"title":"Ans\u00f8g om Andet Working Holiday-Visum til Australien: Ans\u00f8gningsskema","description":"For at udvide dit ophold i Australien, udfyld da formularen og ans\u00f8g om et andet australsk Working Holiday-Visum inden det f\u00f8rste WHV udl\u00f8ber.","robots":{"index":"index","follow":"follow","max-snippet":"max-snippet:-1","max-image-preview":"max-image-preview:large","max-video-preview":"max-video-preview:-1"},"canonical":"https:\/\/auvisa.org\/dk\/visa-holidaysecond\/","og_locale":"da_DK","og_type":"article","og_title":"Ans\u00f8g om Andet Working Holiday-Visum til Australien: Ans\u00f8gningsskema","og_description":"For at udvide dit ophold i Australien, udfyld da formularen og ans\u00f8g om et andet australsk Working Holiday-Visum inden det f\u00f8rste WHV udl\u00f8ber.","og_url":"https:\/\/auvisa.org\/dk\/visa-holidaysecond\/","og_site_name":"Auvisa.org","article_modified_time":"2023-07-07T15:40:30+00:00","twitter_card":"summary_large_image","twitter_misc":{"Estimeret l\u00e6setid":"1 minut"},"schema":{"@context":"https:\/\/schema.org","@graph":[{"@type":"WebPage","@id":"https:\/\/auvisa.org\/dk\/visa-holidaysecond\/","url":"https:\/\/auvisa.org\/dk\/visa-holidaysecond\/","name":"Ans\u00f8g om Andet Working Holiday-Visum til Australien: Ans\u00f8gningsskema","isPartOf":{"@id":"https:\/\/auvisa.org\/dk\/#website"},"datePublished":"2021-05-27T09:43:07+00:00","dateModified":"2023-07-07T15:40:30+00:00","description":"For at udvide dit ophold i Australien, udfyld da formularen og ans\u00f8g om et andet australsk Working Holiday-Visum inden det f\u00f8rste WHV udl\u00f8ber.","breadcrumb":{"@id":"https:\/\/auvisa.org\/dk\/visa-holidaysecond\/#breadcrumb"},"inLanguage":"da-DK","potentialAction":[{"@type":"ReadAction","target":["https:\/\/auvisa.org\/dk\/visa-holidaysecond\/"]}]},{"@type":"BreadcrumbList","@id":"https:\/\/auvisa.org\/dk\/visa-holidaysecond\/#breadcrumb","itemListElement":[{"@type":"ListItem","position":1,"name":"Home","item":"https:\/\/auvisa.org\/dk\/"},{"@type":"ListItem","position":2,"name":"Ans\u00f8g om Andet Working Holiday Visum til Australien: Ans\u00f8gningsskema"}]},{"@type":"WebSite","@id":"https:\/\/auvisa.org\/dk\/#website","url":"https:\/\/auvisa.org\/dk\/","name":"Auvisa.org","description":"","inLanguage":"da-DK"}]}},"_links":{"self":[{"href":"https:\/\/auvisa.org\/dk\/wp-json\/wp\/v2\/pages\/7056","targetHints":{"allow":["GET"]}}],"collection":[{"href":"https:\/\/auvisa.org\/dk\/wp-json\/wp\/v2\/pages"}],"about":[{"href":"https:\/\/auvisa.org\/dk\/wp-json\/wp\/v2\/types\/page"}],"author":[{"embeddable":true,"href":"https:\/\/auvisa.org\/dk\/wp-json\/wp\/v2\/users\/3"}],"replies":[{"embeddable":true,"href":"https:\/\/auvisa.org\/dk\/wp-json\/wp\/v2\/comments?post=7056"}],"version-history":[{"count":3,"href":"https:\/\/auvisa.org\/dk\/wp-json\/wp\/v2\/pages\/7056\/revisions"}],"predecessor-version":[{"id":18807,"href":"https:\/\/auvisa.org\/dk\/wp-json\/wp\/v2\/pages\/7056\/revisions\/18807"}],"wp:attachment":[{"href":"https:\/\/auvisa.org\/dk\/wp-json\/wp\/v2\/media?parent=7056"}],"curies":[{"name":"wp","href":"https:\/\/api.w.org\/{rel}","templated":true}]}}