{"id":7059,"date":"2021-05-27T09:43:40","date_gmt":"2021-05-27T09:43:40","guid":{"rendered":"https:\/\/auvisa.org\/dk\/?page_id=7059"},"modified":"2021-05-27T09:43:40","modified_gmt":"2021-05-27T09:43:40","slug":"visa-eta-business","status":"publish","type":"page","link":"https:\/\/auvisa.org\/dk\/visa-eta-business\/","title":{"rendered":"Ans\u00f8g om Forretningsvisum (Business Visa) til Australien: Ans\u00f8gningsskema"},"content":{"rendered":"\n<div style=\"height:20px\" aria-hidden=\"true\" class=\"wp-block-spacer\"><\/div>\n\n\n\n<p>Business eVisitor visumans\u00f8gningsformularen er beregnet for danske forretningsrejsende, der er uden for Australien p\u00e5 tidspunktet for ans\u00f8gningen og planl\u00e6gger at bes\u00f8ge Australien for at deltage i <strong>forretningsm\u00f8der, konferencer eller forhandlinger<\/strong>. <\/p>\n\n\n\n<p>Forretningsvisummet vil v\u00e6re gyldig i 12 m\u00e5neder. Man kan rejse til Australien flere gange i perioden og <strong>opholde sig i Australien i op til 90 dage hver gang.<\/strong><\/p>\n\n\n\n<p><strong>95% af alle visum gives inden for 24 timer<\/strong>. Oftest f\u00e5r man svar p\u00e5 visumans\u00f8gningen indenfor en dag. Af og til kan det tage l\u00e6ngere tid, s\u00e5 ans\u00f8g helst mindst 14 dage inden din planlagte rejse til Australien.<\/p>\n\n\n\n<p>Visummet koster 590 kr per styk. Du m\u00e5 gerne ans\u00f8ge for flere personer p\u00e5 \u00e9n gang<\/p>\n\n\n\n<div style=\"height:46px\" aria-hidden=\"true\" class=\"wp-block-spacer\"><\/div>\n\n\n\n<h3>Indtast og bekr\u00e6ft din e-mailadresse for at starte din ans\u00f8gning:<\/h3>\n","protected":false},"excerpt":{"rendered":"<p>Business eVisitor visumans\u00f8gningsformularen er beregnet for danske forretningsrejsende, der er uden for Australien p\u00e5 tidspunktet for ans\u00f8gningen og planl\u00e6gger at [&#8230;]<\/p>\n<p><a class=\"btn btn-secondary understrap-read-more-link\" href=\"https:\/\/auvisa.org\/dk\/visa-eta-business\/\">L\u00e6s mere&#8230;<span class=\"screen-reader-text\"> from Ans\u00f8g om Forretningsvisum (Business Visa) til Australien: Ans\u00f8gningsskema<\/span><\/a><\/p>\n","protected":false},"author":3,"featured_media":0,"parent":0,"menu_order":25,"comment_status":"closed","ping_status":"closed","template":"templates\/tpl_acf_form.php","meta":{"inline_featured_image":false,"footnotes":""},"class_list":["post-7059","page","type-page","status-publish","hentry"],"yoast_head":"<!-- This site is optimized with the Yoast SEO plugin v26.9 - https:\/\/yoast.com\/product\/yoast-seo-wordpress\/ -->\n<title>Ans\u00f8g om Forretningsvisum (Business Visa) til Australien: Ans\u00f8gningsskema<\/title>\n<meta name=\"description\" content=\"Danske forretningsrejsende skal ans\u00f8ge om et australsk business eVisitor Visa (Forretningsvisum) via dette online ans\u00f8gningsskema. Behandlingstiden er 24 timer.\" \/>\n<meta name=\"robots\" content=\"index, follow, max-snippet:-1, max-image-preview:large, max-video-preview:-1\" \/>\n<link rel=\"canonical\" href=\"https:\/\/auvisa.org\/dk\/visa-eta-business\/\" \/>\n<meta property=\"og:locale\" content=\"da_DK\" \/>\n<meta property=\"og:type\" content=\"article\" \/>\n<meta property=\"og:title\" content=\"Ans\u00f8g om Forretningsvisum (Business Visa) til Australien: Ans\u00f8gningsskema\" \/>\n<meta property=\"og:description\" content=\"Danske forretningsrejsende skal ans\u00f8ge om et australsk business eVisitor Visa (Forretningsvisum) via dette online ans\u00f8gningsskema. Behandlingstiden er 24 timer.\" \/>\n<meta property=\"og:url\" content=\"https:\/\/auvisa.org\/dk\/visa-eta-business\/\" \/>\n<meta property=\"og:site_name\" content=\"Auvisa.org\" \/>\n<meta name=\"twitter:card\" content=\"summary_large_image\" \/>\n<meta name=\"twitter:label1\" content=\"Estimeret l\u00e6setid\" \/>\n\t<meta name=\"twitter:data1\" content=\"1 minut\" \/>\n<script type=\"application\/ld+json\" class=\"yoast-schema-graph\">{\"@context\":\"https:\/\/schema.org\",\"@graph\":[{\"@type\":\"WebPage\",\"@id\":\"https:\/\/auvisa.org\/dk\/visa-eta-business\/\",\"url\":\"https:\/\/auvisa.org\/dk\/visa-eta-business\/\",\"name\":\"Ans\u00f8g om Forretningsvisum (Business Visa) til Australien: Ans\u00f8gningsskema\",\"isPartOf\":{\"@id\":\"https:\/\/auvisa.org\/dk\/#website\"},\"datePublished\":\"2021-05-27T09:43:40+00:00\",\"description\":\"Danske forretningsrejsende skal ans\u00f8ge om et australsk business eVisitor Visa (Forretningsvisum) via dette online ans\u00f8gningsskema. Behandlingstiden er 24 timer.\",\"breadcrumb\":{\"@id\":\"https:\/\/auvisa.org\/dk\/visa-eta-business\/#breadcrumb\"},\"inLanguage\":\"da-DK\",\"potentialAction\":[{\"@type\":\"ReadAction\",\"target\":[\"https:\/\/auvisa.org\/dk\/visa-eta-business\/\"]}]},{\"@type\":\"BreadcrumbList\",\"@id\":\"https:\/\/auvisa.org\/dk\/visa-eta-business\/#breadcrumb\",\"itemListElement\":[{\"@type\":\"ListItem\",\"position\":1,\"name\":\"Home\",\"item\":\"https:\/\/auvisa.org\/dk\/\"},{\"@type\":\"ListItem\",\"position\":2,\"name\":\"Ans\u00f8g om Forretningsvisum (Business Visa) til Australien: Ans\u00f8gningsskema\"}]},{\"@type\":\"WebSite\",\"@id\":\"https:\/\/auvisa.org\/dk\/#website\",\"url\":\"https:\/\/auvisa.org\/dk\/\",\"name\":\"Auvisa.org\",\"description\":\"\",\"inLanguage\":\"da-DK\"}]}<\/script>\n<!-- \/ Yoast SEO plugin. -->","yoast_head_json":{"title":"Ans\u00f8g om Forretningsvisum (Business Visa) til Australien: Ans\u00f8gningsskema","description":"Danske forretningsrejsende skal ans\u00f8ge om et australsk business eVisitor Visa (Forretningsvisum) via dette online ans\u00f8gningsskema. Behandlingstiden er 24 timer.","robots":{"index":"index","follow":"follow","max-snippet":"max-snippet:-1","max-image-preview":"max-image-preview:large","max-video-preview":"max-video-preview:-1"},"canonical":"https:\/\/auvisa.org\/dk\/visa-eta-business\/","og_locale":"da_DK","og_type":"article","og_title":"Ans\u00f8g om Forretningsvisum (Business Visa) til Australien: Ans\u00f8gningsskema","og_description":"Danske forretningsrejsende skal ans\u00f8ge om et australsk business eVisitor Visa (Forretningsvisum) via dette online ans\u00f8gningsskema. Behandlingstiden er 24 timer.","og_url":"https:\/\/auvisa.org\/dk\/visa-eta-business\/","og_site_name":"Auvisa.org","twitter_card":"summary_large_image","twitter_misc":{"Estimeret l\u00e6setid":"1 minut"},"schema":{"@context":"https:\/\/schema.org","@graph":[{"@type":"WebPage","@id":"https:\/\/auvisa.org\/dk\/visa-eta-business\/","url":"https:\/\/auvisa.org\/dk\/visa-eta-business\/","name":"Ans\u00f8g om Forretningsvisum (Business Visa) til Australien: Ans\u00f8gningsskema","isPartOf":{"@id":"https:\/\/auvisa.org\/dk\/#website"},"datePublished":"2021-05-27T09:43:40+00:00","description":"Danske forretningsrejsende skal ans\u00f8ge om et australsk business eVisitor Visa (Forretningsvisum) via dette online ans\u00f8gningsskema. Behandlingstiden er 24 timer.","breadcrumb":{"@id":"https:\/\/auvisa.org\/dk\/visa-eta-business\/#breadcrumb"},"inLanguage":"da-DK","potentialAction":[{"@type":"ReadAction","target":["https:\/\/auvisa.org\/dk\/visa-eta-business\/"]}]},{"@type":"BreadcrumbList","@id":"https:\/\/auvisa.org\/dk\/visa-eta-business\/#breadcrumb","itemListElement":[{"@type":"ListItem","position":1,"name":"Home","item":"https:\/\/auvisa.org\/dk\/"},{"@type":"ListItem","position":2,"name":"Ans\u00f8g om Forretningsvisum (Business Visa) til Australien: Ans\u00f8gningsskema"}]},{"@type":"WebSite","@id":"https:\/\/auvisa.org\/dk\/#website","url":"https:\/\/auvisa.org\/dk\/","name":"Auvisa.org","description":"","inLanguage":"da-DK"}]}},"_links":{"self":[{"href":"https:\/\/auvisa.org\/dk\/wp-json\/wp\/v2\/pages\/7059","targetHints":{"allow":["GET"]}}],"collection":[{"href":"https:\/\/auvisa.org\/dk\/wp-json\/wp\/v2\/pages"}],"about":[{"href":"https:\/\/auvisa.org\/dk\/wp-json\/wp\/v2\/types\/page"}],"author":[{"embeddable":true,"href":"https:\/\/auvisa.org\/dk\/wp-json\/wp\/v2\/users\/3"}],"replies":[{"embeddable":true,"href":"https:\/\/auvisa.org\/dk\/wp-json\/wp\/v2\/comments?post=7059"}],"version-history":[{"count":2,"href":"https:\/\/auvisa.org\/dk\/wp-json\/wp\/v2\/pages\/7059\/revisions"}],"predecessor-version":[{"id":7061,"href":"https:\/\/auvisa.org\/dk\/wp-json\/wp\/v2\/pages\/7059\/revisions\/7061"}],"wp:attachment":[{"href":"https:\/\/auvisa.org\/dk\/wp-json\/wp\/v2\/media?parent=7059"}],"curies":[{"name":"wp","href":"https:\/\/api.w.org\/{rel}","templated":true}]}}