{"id":731,"date":"2015-08-27T20:27:01","date_gmt":"2015-08-27T20:27:01","guid":{"rendered":"https:\/\/auvisa.org\/?p=731"},"modified":"2020-05-19T17:54:00","modified_gmt":"2020-05-19T17:54:00","slug":"studentervisum-til-australien","status":"publish","type":"page","link":"https:\/\/auvisa.org\/dk\/studentervisum-til-australien\/","title":{"rendered":"Studentervisum til Australien (Studievisum)"},"content":{"rendered":"<h2 id=\"first-paragraph\">Hvad er kravene for at f\u00e5 et studievisum til Australien?<\/h2>\n<h3>Hvad er en \u201degentlig studerende\u201d (genuine student)?<\/h3>\n<p>For at m\u00f8de dette krav skal du bevise, at du har en reel interesse i at gennemg\u00e5 studiet, have gode nok <strong>sprogkundskaber<\/strong> til at klare studiet og samtidig have den rette uddannelsesm\u00e6ssige baggrund for det studium, du \u00f8nsker at deltage i.<\/p>\n<p>Du skal ogs\u00e5 have det <strong>finansielle<\/strong> p\u00e5 plads. Desuden skal du have intention om at overholde reglerne for visummet.<\/p>\n<p class=\"p1\"><div class=\"text-right\"><a href=\"\/dk\/visa-student\/\" class=\"btn  px-5 btn-green\">Ans\u00f8g om Student Visa<\/a><\/div><\/p>\n<h3>Hvad er \u201dgenuine temporary entrant\u201d?<\/h3>\n<p>Dette er en person, som har intention om at komme til Australien <strong>midlertidigt for at studere<\/strong> i Australien (eller v\u00e6re v\u00e6rge for en studerende) og s\u00e5 rejse tilbage til hjemlandet efter endt studie.<\/p>\n<p>Der er flere faktorer at overveje, n\u00e5r man skal angive dette:<\/p>\n<ul>\n<li>Hvilket land bor du i? Er der noget, som holder dig fra at rejse tilbage?<\/li>\n<li>Vil uddannelse i Australien virkelig v\u00e6re til gavn for dig i fremtiden?<\/li>\n<li>Om du har immigreret til andre lande tidligere?<\/li>\n<li>Andre forhold i dit liv, som har indflydelse.<\/li>\n<\/ul>\n<p>Hvis der er tvivlstilf\u00e6lde, vil du blive indkaldt til et interview p\u00e5 den australske ambassade. I de fleste tilf\u00e6lde er det nok bare at udfylde <a href=\"\/dk\/visa-student\/\">ans\u00f8gningsskemaet online<\/a>.<\/p>\n<div class=\"text-right\"><a href=\"\/dk\/visa-student\/\" class=\"btn  px-5 btn-green\">Ans\u00f8g om Student Visa<\/a><\/div>\n<h3>Hvad er \u201dgood character\u201d?<\/h3>\n<p>Generelt vil det v\u00e6re, at du <strong>ikke er kriminel og ikke har tilbragt l\u00e6ngere tid i f\u00e6ngsel<\/strong>. Hvis du har v\u00e6ret i f\u00e6ngsel, kan du blive n\u00e6gtet visum p\u00e5 grund af dette. I enkelte tilf\u00e6lde vil du blive bedt om at vise en straffeattest.<\/p>\n<div class=\"text-right\"><a href=\"\/dk\/visa-student\/\" class=\"btn  px-5 btn-green\">Ans\u00f8g om Student Visa<\/a><\/div>\n<h3>Hvad er et \u201dgodt fysisk helbred\u201d?<\/h3>\n<p>Du skal <strong>v\u00e6re rask<\/strong>. Der kan blive stillet krav om, at du skal gennemg\u00e5 en helbredsunders\u00f8gelse og f\u00e5 taget r\u00f8ntgenbilleder. Hvis du kommer ud for dette, skal det foretages hos en l\u00e6ge, som er godkendt af de australske immigrationsmyndigheder.<\/p>\n<p>Et studentervisum inkluderer ikke sundhedsforsikring. Alle studerende (p\u00e5 n\u00e6r fra Norge og Belgien) skal k\u00f8be sundhedsforsikringen Overseas Student Health Cover (OSHC). Denne forsikring kan k\u00f8bes p\u00e5 universitet eller fra forsikringsselskaber. Studerer du i Sverige, beh\u00f8ver du ikke k\u00f8be den, hvis du allerede har en forsikring hos CSN International eller Kammarkollegiet.<\/p>\n<div class=\"text-right\"><a href=\"\/dk\/visa-student\/\" class=\"btn  px-5 btn-green\">Ans\u00f8g om Student Visa<\/a><\/div>\n<h3>Er der aldersgr\u00e6nser?<\/h3>\n<p>Nej, <strong>det er der ikke<\/strong>. Studievisa har ingen aldersgr\u00e6nser, s\u00e5 l\u00e6nge du er optaget p\u00e5 et universitet eller en skole. Dette er anderledes i forhold til Working Holiday-visum, hvor aldersgr\u00e6nsen er 18-31.<\/p>\n<h3>Kan min familie f\u00f8lge med mig, n\u00e5r jeg har et studievisum?<\/h3>\n<p>Ja, de kan rejse med dig til Australien.<\/p>\n<p><strong>Hvis du er under 18, skal du have en v\u00e6rge<\/strong>. Dine for\u00e6ldre eller familiemedlemmer kan ans\u00f8ge om et guardian visa og ledsage dig. Deres visa har den samme gyldighed som dit studentervisum.<\/p>\n<div class=\"text-right\"><a href=\"\/dk\/visa-student\/\" class=\"btn  px-5 btn-green\">Ans\u00f8g om Student Visa<\/a><\/div>\n<h3>M\u00e5 jeg arbejde, n\u00e5r jeg har et studievisum?<\/h3>\n<p>Ja, <strong>du m\u00e5 arbejde til en vis gr\u00e6nse<\/strong>, allerh\u00f8jest 40 timer i en periode p\u00e5 to uger. I ferierne m\u00e5 du arbejde fuld tid.<\/p>\n<p>Deltidsarbejde kan v\u00e6re en god m\u00e5de at betale for husleje og give dig lidt ekstra penge. V\u00e6r dog opm\u00e6rksom p\u00e5, at du f\u00f8rst kan starte med at arbejde, n\u00e5r du har et skattekort og en bankkonto i en australsk bank.<\/p>\n<p>Bem\u00e6rk, at du ikke m\u00e5 arbejde inden dit studium starter, heller ikke hvis du ankommer f\u00f8r studiestart.<\/p>\n<p>Retten til at arbejde g\u00e6lder ogs\u00e5 for ledsagende familiemedlemmer (\u00e6gtef\u00e6lle og b\u00f8rn).<\/p>\n<p>Familiemedlemmer kan dog ikke arbejde mere end 20 timer om ugen, ogs\u00e5 under ferier.<\/p>\n<div class=\"text-right\"><a href=\"\/dk\/visa-student\/\" class=\"btn  px-5 btn-green\">Ans\u00f8g om Student Visa<\/a><\/div>\n<h3>Kan jeg studere p\u00e5 deltid og arbejde resten af tiden?<\/h3>\n<p>Nej, <strong>du skal studere p\u00e5 fuld tid for at kunne f\u00e5 et studievisum<\/strong>. Hvis du vil studere mindre end fuld tid, skal du have et andet visum, s\u00e5 her er et Working Holiday-visum en bedre l\u00f8sning i dette tilf\u00e6lde.<\/p>\n<h3>Hvilken form for uddannelse skal jeg g\u00e5 p\u00e5?<\/h3>\n<p>Det kan v\u00e6re hvilken som helst uddannelse, s\u00e5 l\u00e6nge den er godkendt af de australske myndigheder for udenlandske studerende.<\/p>\n<h3>Jeg har ikke noget optagelsesbevis (CoE), kan jeg stadig ans\u00f8ge?<\/h3>\n<p>Nej, du skal have et optagelsesbevis, Confirmation of Enrolment (CoE), f\u00f8r du kan ans\u00f8ge. At s\u00f8ge om visum er et af de sidste skridt i processen for at komme til Australien og studere. F\u00f8rst skal du ans\u00f8ge <strong>og optages p\u00e5 et universitet eller en skole i Australien<\/strong>. Du skal ogs\u00e5 bekr\u00e6fte optagelsen skriftligt og betale depositum for undervisningen. F\u00f8rst n\u00e5r du har modtaget Confirmation of Enrolment fra universitet, kan du s\u00f8ge om visum.<\/p>\n<h3>Jeg er allerede i Australien p\u00e5 et andet visum, kan jeg stadig s\u00f8ge om studievisum?<\/h3>\n<p>Ja, du kan i de fleste tilf\u00e6lde ans\u00f8ge om et studievisum, n\u00e5r du allerede er i Australien. Hvis der st\u00e5r \u201dNo further stay\u201d i dit visum, kan du ikke ans\u00f8ge, mens du er i Australien. S\u00e5 skal du forlade landet, f\u00f8r du kan ans\u00f8ge igen.<\/p>\n<h3>Jeg har allerede haft et Working Holiday-visum, kan jeg stadig f\u00e5 et studievisum?<\/h3>\n<p>Ja, dette har ikke indflydelse p\u00e5 ans\u00f8gningen. Det er ogs\u00e5 muligt at f\u00e5 et nyt studentervisum, hvis du allerede har haft et i forvejen, s\u00e5 l\u00e6nge du bare f\u00e5r et nyt optagelsesbevis (CoE) fra et universitet eller skole.<\/p>\n<h3>Hvor lang tid tager ans\u00f8gningsprocessen?<\/h3>\n<p>1-3 uger under normale omst\u00e6ndigheder. Processen kan tage l\u00e6ngere tid, hvis du bliver bedt om at sende flere dokumenter med din ans\u00f8gning. S\u00f8rg for at ans\u00f8ge i god tid, inden du skal afsted.<\/p>\n<div class=\"text-right\"><a href=\"\/dk\/visa-student\/\" class=\"btn  px-5 btn-green\">Ans\u00f8g om Student Visa<\/a><\/div>\n","protected":false},"excerpt":{"rendered":"<p>Hvad er kravene for at f\u00e5 et studievisum til Australien? Hvad er en \u201degentlig studerende\u201d (genuine student)? For at m\u00f8de [&#8230;]<\/p>\n<p><a class=\"btn btn-secondary understrap-read-more-link\" href=\"https:\/\/auvisa.org\/dk\/studentervisum-til-australien\/\">L\u00e6s mere&#8230;<span class=\"screen-reader-text\"> from Studentervisum til Australien (Studievisum)<\/span><\/a><\/p>\n","protected":false},"author":4,"featured_media":0,"parent":0,"menu_order":15,"comment_status":"closed","ping_status":"closed","template":"templates\/tpl_spiegazione.php","meta":{"inline_featured_image":false,"footnotes":""},"class_list":["post-731","page","type-page","status-publish","hentry"],"yoast_head":"<!-- This site is optimized with the Yoast SEO plugin v26.9 - https:\/\/yoast.com\/product\/yoast-seo-wordpress\/ -->\n<title>Studentervisum til Australien (Studievisum): Ans\u00f8g Nu<\/title>\n<meta name=\"description\" content=\"For at komme i betragtning til et studentervisum i Australien (Studievisum) skal du v\u00e6re optaget p\u00e5 et universitet eller en skole: Ans\u00f8g Nu\" \/>\n<meta name=\"robots\" content=\"index, follow, max-snippet:-1, max-image-preview:large, max-video-preview:-1\" \/>\n<link rel=\"canonical\" href=\"https:\/\/auvisa.org\/dk\/studentervisum-til-australien\/\" \/>\n<meta property=\"og:locale\" content=\"da_DK\" \/>\n<meta property=\"og:type\" content=\"article\" \/>\n<meta property=\"og:title\" content=\"Studentervisum til Australien (Studievisum): Ans\u00f8g Nu\" \/>\n<meta property=\"og:description\" content=\"For at komme i betragtning til et studentervisum i Australien (Studievisum) skal du v\u00e6re optaget p\u00e5 et universitet eller en skole: Ans\u00f8g Nu\" \/>\n<meta property=\"og:url\" content=\"https:\/\/auvisa.org\/dk\/studentervisum-til-australien\/\" \/>\n<meta property=\"og:site_name\" content=\"Auvisa.org\" \/>\n<meta property=\"article:modified_time\" content=\"2020-05-19T17:54:00+00:00\" \/>\n<meta name=\"twitter:card\" content=\"summary_large_image\" \/>\n<meta name=\"twitter:label1\" content=\"Estimeret l\u00e6setid\" \/>\n\t<meta name=\"twitter:data1\" content=\"5 minutter\" \/>\n<script type=\"application\/ld+json\" class=\"yoast-schema-graph\">{\"@context\":\"https:\/\/schema.org\",\"@graph\":[{\"@type\":\"WebPage\",\"@id\":\"https:\/\/auvisa.org\/dk\/studentervisum-til-australien\/\",\"url\":\"https:\/\/auvisa.org\/dk\/studentervisum-til-australien\/\",\"name\":\"Studentervisum til Australien (Studievisum): Ans\u00f8g Nu\",\"isPartOf\":{\"@id\":\"https:\/\/auvisa.org\/dk\/#website\"},\"datePublished\":\"2015-08-27T20:27:01+00:00\",\"dateModified\":\"2020-05-19T17:54:00+00:00\",\"description\":\"For at komme i betragtning til et studentervisum i Australien (Studievisum) skal du v\u00e6re optaget p\u00e5 et universitet eller en skole: Ans\u00f8g Nu\",\"breadcrumb\":{\"@id\":\"https:\/\/auvisa.org\/dk\/studentervisum-til-australien\/#breadcrumb\"},\"inLanguage\":\"da-DK\",\"potentialAction\":[{\"@type\":\"ReadAction\",\"target\":[\"https:\/\/auvisa.org\/dk\/studentervisum-til-australien\/\"]}]},{\"@type\":\"BreadcrumbList\",\"@id\":\"https:\/\/auvisa.org\/dk\/studentervisum-til-australien\/#breadcrumb\",\"itemListElement\":[{\"@type\":\"ListItem\",\"position\":1,\"name\":\"Home\",\"item\":\"https:\/\/auvisa.org\/dk\/\"},{\"@type\":\"ListItem\",\"position\":2,\"name\":\"Studentervisum til Australien (Studievisum)\"}]},{\"@type\":\"WebSite\",\"@id\":\"https:\/\/auvisa.org\/dk\/#website\",\"url\":\"https:\/\/auvisa.org\/dk\/\",\"name\":\"Auvisa.org\",\"description\":\"\",\"inLanguage\":\"da-DK\"}]}<\/script>\n<!-- \/ Yoast SEO plugin. -->","yoast_head_json":{"title":"Studentervisum til Australien (Studievisum): Ans\u00f8g Nu","description":"For at komme i betragtning til et studentervisum i Australien (Studievisum) skal du v\u00e6re optaget p\u00e5 et universitet eller en skole: Ans\u00f8g Nu","robots":{"index":"index","follow":"follow","max-snippet":"max-snippet:-1","max-image-preview":"max-image-preview:large","max-video-preview":"max-video-preview:-1"},"canonical":"https:\/\/auvisa.org\/dk\/studentervisum-til-australien\/","og_locale":"da_DK","og_type":"article","og_title":"Studentervisum til Australien (Studievisum): Ans\u00f8g Nu","og_description":"For at komme i betragtning til et studentervisum i Australien (Studievisum) skal du v\u00e6re optaget p\u00e5 et universitet eller en skole: Ans\u00f8g Nu","og_url":"https:\/\/auvisa.org\/dk\/studentervisum-til-australien\/","og_site_name":"Auvisa.org","article_modified_time":"2020-05-19T17:54:00+00:00","twitter_card":"summary_large_image","twitter_misc":{"Estimeret l\u00e6setid":"5 minutter"},"schema":{"@context":"https:\/\/schema.org","@graph":[{"@type":"WebPage","@id":"https:\/\/auvisa.org\/dk\/studentervisum-til-australien\/","url":"https:\/\/auvisa.org\/dk\/studentervisum-til-australien\/","name":"Studentervisum til Australien (Studievisum): Ans\u00f8g Nu","isPartOf":{"@id":"https:\/\/auvisa.org\/dk\/#website"},"datePublished":"2015-08-27T20:27:01+00:00","dateModified":"2020-05-19T17:54:00+00:00","description":"For at komme i betragtning til et studentervisum i Australien (Studievisum) skal du v\u00e6re optaget p\u00e5 et universitet eller en skole: Ans\u00f8g Nu","breadcrumb":{"@id":"https:\/\/auvisa.org\/dk\/studentervisum-til-australien\/#breadcrumb"},"inLanguage":"da-DK","potentialAction":[{"@type":"ReadAction","target":["https:\/\/auvisa.org\/dk\/studentervisum-til-australien\/"]}]},{"@type":"BreadcrumbList","@id":"https:\/\/auvisa.org\/dk\/studentervisum-til-australien\/#breadcrumb","itemListElement":[{"@type":"ListItem","position":1,"name":"Home","item":"https:\/\/auvisa.org\/dk\/"},{"@type":"ListItem","position":2,"name":"Studentervisum til Australien (Studievisum)"}]},{"@type":"WebSite","@id":"https:\/\/auvisa.org\/dk\/#website","url":"https:\/\/auvisa.org\/dk\/","name":"Auvisa.org","description":"","inLanguage":"da-DK"}]}},"_links":{"self":[{"href":"https:\/\/auvisa.org\/dk\/wp-json\/wp\/v2\/pages\/731","targetHints":{"allow":["GET"]}}],"collection":[{"href":"https:\/\/auvisa.org\/dk\/wp-json\/wp\/v2\/pages"}],"about":[{"href":"https:\/\/auvisa.org\/dk\/wp-json\/wp\/v2\/types\/page"}],"author":[{"embeddable":true,"href":"https:\/\/auvisa.org\/dk\/wp-json\/wp\/v2\/users\/4"}],"replies":[{"embeddable":true,"href":"https:\/\/auvisa.org\/dk\/wp-json\/wp\/v2\/comments?post=731"}],"version-history":[{"count":11,"href":"https:\/\/auvisa.org\/dk\/wp-json\/wp\/v2\/pages\/731\/revisions"}],"predecessor-version":[{"id":2788,"href":"https:\/\/auvisa.org\/dk\/wp-json\/wp\/v2\/pages\/731\/revisions\/2788"}],"wp:attachment":[{"href":"https:\/\/auvisa.org\/dk\/wp-json\/wp\/v2\/media?parent=731"}],"curies":[{"name":"wp","href":"https:\/\/api.w.org\/{rel}","templated":true}]}}