{"id":894,"date":"2019-06-28T19:49:36","date_gmt":"2019-06-28T19:49:36","guid":{"rendered":"https:\/\/auvisa.org\/?p=894"},"modified":"2020-05-19T18:04:30","modified_gmt":"2020-05-19T18:04:30","slug":"langtidsvisum-visum-til-australien","status":"publish","type":"page","link":"https:\/\/auvisa.org\/dk\/langtidsvisum-visum-til-australien\/","title":{"rendered":"Langtidsvisum til Australien (Long Term Visitor Visa)"},"content":{"rendered":"\n<h2 class=\"wp-block-heading\" id=\"first-paragraph\">Forskel mellem eVisitor og Langtidsvisum<\/h2>\n\n\n\n<h3 class=\"wp-block-heading\">Behandlingstid<\/h3>\n\n\n\n<p><strong><a href=\"\/dk\/visa\/\" class=\"aioseop-link\">eVistor ans\u00f8gning<\/a><\/strong> er \u00f8jeblikkelig godkendelse, men langt ophold visum kan <strong>tage op til 20 dage at blive behandlet<\/strong> og normalt flere dokumenter \/ oplysninger er anmodet af Immigration Office i Australien.<\/p>\n\n\n\n<h3 class=\"wp-block-heading\">St\u00f8tteberettigede lande<\/h3>\n\n\n\n<p>Der er kun nogle f\u00e5 <a href=\"\/dk\/evisitor-visum-til-australien\/#kvalificerede-lande\" class=\"aioseop-link\">st\u00f8tteberettigede lande<\/a> til eVisitor, men der er et stort udvalg af lande, der borger kan ans\u00f8ge om l\u00e6ngerevarende visum.<\/p>\n\n\n\n<h3 class=\"wp-block-heading\">Placering, n\u00e5r du laver programmet:<\/h3>\n\n\n\n<p>Ans\u00f8gere skal v\u00e6re uden for Australien, mens de indsender evisitor ans\u00f8gninger. <strong>Men langvarig visumans\u00f8gning kan foretages mens du er inde i Australien<\/strong> med det form\u00e5l at <strong>udvide det nuv\u00e6rende visum<\/strong>.<\/p>\n\n\n\n<h3 class=\"wp-block-heading\">Gyldighedsperioden for det lange opholdsvisum<\/h3>\n\n\n\n<p>Visa kan udstedes med enkelt indtastning eller flere poster<br><strong>Hver post kan v\u00e6re gyldig i 3, 6 eller 12 m\u00e5neder<\/strong><\/p>\n\n\n\n<h3 class=\"wp-block-heading\">Betingelser for visum til l\u00e6ngerevarende ophold<\/h3>\n\n\n\n<ul class=\"wp-block-list\"><li>Du <strong>m\u00e5 ikke arbejde i Australien<\/strong>. Frivilligt arbejde kan tillades.<\/li><li>Du <strong>m\u00e5 ikke studere i mere end 3 m\u00e5neder<\/strong> i Australien.<\/li><\/ul>\n\n\n\n<h3 class=\"wp-block-heading\">Udvid det nuv\u00e6rende visum<\/h3>\n\n\n\n<p>Hvis det nuv\u00e6rende visum ikke har &#8220;Ingen yderligere ophold&#8221; betingelse, kan du bruge denne visumtype til at ans\u00f8ge om udvidelse af dit nuv\u00e6rende visum, under ans\u00f8gningsprocessen kan du blive inde i Australien.<\/p>\n\n\n\n<h3 class=\"wp-block-heading\">Medicinske krav<\/h3>\n\n\n\n<p>Hvis du ans\u00f8ger om mere end 6 m\u00e5neder, <strong>kan du blive bedt om at gennemg\u00e5 en r\u00f8ntgenstr\u00e5le og \/ eller l\u00e6geunders\u00f8gelse<\/strong>. Hvis du er over 75 \u00e5r gammel eller kommer fra et land, som australsk indvandring anser for at have en risiko, skal du dokumentere, at du kan opfylde visumets medicinske krav.<\/p>\n\n\n\n<h3 class=\"wp-block-heading\">Bevis for midler<\/h3>\n\n\n\n<p>Ved ans\u00f8gning om l\u00e6ngerevarende visum skal du have tilstr\u00e6kkelige midler til at st\u00f8tte dig selv under hele opholdet i Australien. Indvandring kan bede om et s\u00e5dant bevis, for eksempel kontoudskrift.<\/p>\n\n\n\n<div class=\"text-right\"><a href=\"\/dk\/visa-longterm\/\" class=\"btn  px-5 btn-green\">Ans\u00f8g om Langtidsvisum<\/a><\/div>\n","protected":false},"excerpt":{"rendered":"<p>Forskel mellem eVisitor og Langtidsvisum Behandlingstid eVistor ans\u00f8gning er \u00f8jeblikkelig godkendelse, men langt ophold visum kan tage op til 20 [&#8230;]<\/p>\n<p><a class=\"btn btn-secondary understrap-read-more-link\" href=\"https:\/\/auvisa.org\/dk\/langtidsvisum-visum-til-australien\/\">L\u00e6s mere&#8230;<span class=\"screen-reader-text\"> from Langtidsvisum til Australien (Long Term Visitor Visa)<\/span><\/a><\/p>\n","protected":false},"author":4,"featured_media":0,"parent":0,"menu_order":11,"comment_status":"closed","ping_status":"closed","template":"templates\/tpl_spiegazione.php","meta":{"inline_featured_image":false,"footnotes":""},"class_list":["post-894","page","type-page","status-publish","hentry"],"yoast_head":"<!-- This site is optimized with the Yoast SEO plugin v26.9 - https:\/\/yoast.com\/product\/yoast-seo-wordpress\/ -->\n<title>Langtidsvisum til Australien (Long Term Visitor Visa) - Danskere<\/title>\n<meta name=\"description\" content=\"Dette visum er for rejsende om \u00f8nsker at forblive i Australien i mere end 3 m\u00e5neder. Det kan ogs\u00e5 bruges af dem, der \u00f8nsker at forl\u00e6nge deres ophold.\" \/>\n<meta name=\"robots\" content=\"index, follow, max-snippet:-1, max-image-preview:large, max-video-preview:-1\" \/>\n<link rel=\"canonical\" href=\"https:\/\/auvisa.org\/dk\/langtidsvisum-visum-til-australien\/\" \/>\n<meta property=\"og:locale\" content=\"da_DK\" \/>\n<meta property=\"og:type\" content=\"article\" \/>\n<meta property=\"og:title\" content=\"Langtidsvisum til Australien (Long Term Visitor Visa) - Danskere\" \/>\n<meta property=\"og:description\" content=\"Dette visum er for rejsende om \u00f8nsker at forblive i Australien i mere end 3 m\u00e5neder. Det kan ogs\u00e5 bruges af dem, der \u00f8nsker at forl\u00e6nge deres ophold.\" \/>\n<meta property=\"og:url\" content=\"https:\/\/auvisa.org\/dk\/langtidsvisum-visum-til-australien\/\" \/>\n<meta property=\"og:site_name\" content=\"Auvisa.org\" \/>\n<meta property=\"article:modified_time\" content=\"2020-05-19T18:04:30+00:00\" \/>\n<meta name=\"twitter:card\" content=\"summary_large_image\" \/>\n<meta name=\"twitter:label1\" content=\"Estimeret l\u00e6setid\" \/>\n\t<meta name=\"twitter:data1\" content=\"2 minutter\" \/>\n<script type=\"application\/ld+json\" class=\"yoast-schema-graph\">{\"@context\":\"https:\/\/schema.org\",\"@graph\":[{\"@type\":\"WebPage\",\"@id\":\"https:\/\/auvisa.org\/dk\/langtidsvisum-visum-til-australien\/\",\"url\":\"https:\/\/auvisa.org\/dk\/langtidsvisum-visum-til-australien\/\",\"name\":\"Langtidsvisum til Australien (Long Term Visitor Visa) - Danskere\",\"isPartOf\":{\"@id\":\"https:\/\/auvisa.org\/dk\/#website\"},\"datePublished\":\"2019-06-28T19:49:36+00:00\",\"dateModified\":\"2020-05-19T18:04:30+00:00\",\"description\":\"Dette visum er for rejsende om \u00f8nsker at forblive i Australien i mere end 3 m\u00e5neder. Det kan ogs\u00e5 bruges af dem, der \u00f8nsker at forl\u00e6nge deres ophold.\",\"breadcrumb\":{\"@id\":\"https:\/\/auvisa.org\/dk\/langtidsvisum-visum-til-australien\/#breadcrumb\"},\"inLanguage\":\"da-DK\",\"potentialAction\":[{\"@type\":\"ReadAction\",\"target\":[\"https:\/\/auvisa.org\/dk\/langtidsvisum-visum-til-australien\/\"]}]},{\"@type\":\"BreadcrumbList\",\"@id\":\"https:\/\/auvisa.org\/dk\/langtidsvisum-visum-til-australien\/#breadcrumb\",\"itemListElement\":[{\"@type\":\"ListItem\",\"position\":1,\"name\":\"Home\",\"item\":\"https:\/\/auvisa.org\/dk\/\"},{\"@type\":\"ListItem\",\"position\":2,\"name\":\"Langtidsvisum til Australien (Long Term Visitor Visa)\"}]},{\"@type\":\"WebSite\",\"@id\":\"https:\/\/auvisa.org\/dk\/#website\",\"url\":\"https:\/\/auvisa.org\/dk\/\",\"name\":\"Auvisa.org\",\"description\":\"\",\"inLanguage\":\"da-DK\"}]}<\/script>\n<!-- \/ Yoast SEO plugin. -->","yoast_head_json":{"title":"Langtidsvisum til Australien (Long Term Visitor Visa) - Danskere","description":"Dette visum er for rejsende om \u00f8nsker at forblive i Australien i mere end 3 m\u00e5neder. Det kan ogs\u00e5 bruges af dem, der \u00f8nsker at forl\u00e6nge deres ophold.","robots":{"index":"index","follow":"follow","max-snippet":"max-snippet:-1","max-image-preview":"max-image-preview:large","max-video-preview":"max-video-preview:-1"},"canonical":"https:\/\/auvisa.org\/dk\/langtidsvisum-visum-til-australien\/","og_locale":"da_DK","og_type":"article","og_title":"Langtidsvisum til Australien (Long Term Visitor Visa) - Danskere","og_description":"Dette visum er for rejsende om \u00f8nsker at forblive i Australien i mere end 3 m\u00e5neder. Det kan ogs\u00e5 bruges af dem, der \u00f8nsker at forl\u00e6nge deres ophold.","og_url":"https:\/\/auvisa.org\/dk\/langtidsvisum-visum-til-australien\/","og_site_name":"Auvisa.org","article_modified_time":"2020-05-19T18:04:30+00:00","twitter_card":"summary_large_image","twitter_misc":{"Estimeret l\u00e6setid":"2 minutter"},"schema":{"@context":"https:\/\/schema.org","@graph":[{"@type":"WebPage","@id":"https:\/\/auvisa.org\/dk\/langtidsvisum-visum-til-australien\/","url":"https:\/\/auvisa.org\/dk\/langtidsvisum-visum-til-australien\/","name":"Langtidsvisum til Australien (Long Term Visitor Visa) - Danskere","isPartOf":{"@id":"https:\/\/auvisa.org\/dk\/#website"},"datePublished":"2019-06-28T19:49:36+00:00","dateModified":"2020-05-19T18:04:30+00:00","description":"Dette visum er for rejsende om \u00f8nsker at forblive i Australien i mere end 3 m\u00e5neder. Det kan ogs\u00e5 bruges af dem, der \u00f8nsker at forl\u00e6nge deres ophold.","breadcrumb":{"@id":"https:\/\/auvisa.org\/dk\/langtidsvisum-visum-til-australien\/#breadcrumb"},"inLanguage":"da-DK","potentialAction":[{"@type":"ReadAction","target":["https:\/\/auvisa.org\/dk\/langtidsvisum-visum-til-australien\/"]}]},{"@type":"BreadcrumbList","@id":"https:\/\/auvisa.org\/dk\/langtidsvisum-visum-til-australien\/#breadcrumb","itemListElement":[{"@type":"ListItem","position":1,"name":"Home","item":"https:\/\/auvisa.org\/dk\/"},{"@type":"ListItem","position":2,"name":"Langtidsvisum til Australien (Long Term Visitor Visa)"}]},{"@type":"WebSite","@id":"https:\/\/auvisa.org\/dk\/#website","url":"https:\/\/auvisa.org\/dk\/","name":"Auvisa.org","description":"","inLanguage":"da-DK"}]}},"_links":{"self":[{"href":"https:\/\/auvisa.org\/dk\/wp-json\/wp\/v2\/pages\/894","targetHints":{"allow":["GET"]}}],"collection":[{"href":"https:\/\/auvisa.org\/dk\/wp-json\/wp\/v2\/pages"}],"about":[{"href":"https:\/\/auvisa.org\/dk\/wp-json\/wp\/v2\/types\/page"}],"author":[{"embeddable":true,"href":"https:\/\/auvisa.org\/dk\/wp-json\/wp\/v2\/users\/4"}],"replies":[{"embeddable":true,"href":"https:\/\/auvisa.org\/dk\/wp-json\/wp\/v2\/comments?post=894"}],"version-history":[{"count":9,"href":"https:\/\/auvisa.org\/dk\/wp-json\/wp\/v2\/pages\/894\/revisions"}],"predecessor-version":[{"id":2796,"href":"https:\/\/auvisa.org\/dk\/wp-json\/wp\/v2\/pages\/894\/revisions\/2796"}],"wp:attachment":[{"href":"https:\/\/auvisa.org\/dk\/wp-json\/wp\/v2\/media?parent=894"}],"curies":[{"name":"wp","href":"https:\/\/api.w.org\/{rel}","templated":true}]}}