{"id":1196,"date":"2019-09-15T10:19:47","date_gmt":"2019-09-15T10:19:47","guid":{"rendered":"https:\/\/auvisa.org\/?p=1196"},"modified":"2023-07-10T18:10:40","modified_gmt":"2023-07-10T15:10:40","slug":"maritime-crew-visa-mcv","status":"publish","type":"page","link":"https:\/\/auvisa.org\/ee\/maritime-crew-visa-mcv\/","title":{"rendered":"Maritime Crew Visa Austraaliale &#8211; Eesti kodanikud"},"content":{"rendered":"<h2 id=\"first-paragraph\">&#8220;MCV&#8221; meremehe viisa &#8211; alaklass 988<\/h2>\n<p><strong>Protsess, mille abil saate MCV-d veebist hankida, on lihtsam, kui v\u00f5ite arvata,\u00a0<\/strong>ja t\u00f6\u00f6tlemiseks on vaja minimaalselt dokumente.\u00a0Austraalia meeskonna viisa palub teil esitada ametlik isikutuvastus teie ja pereliikmete kohta, kes v\u00f5ivad teiega Austraaliasse reisida.\u00a0Seda t\u00fc\u00fcpi Austraalia Maritime Crew viisa saamiseks peavad k\u00f5ik teiega reisivad pereliikmed tulema Austraaliasse v\u00f5i tagasi Austraaliast sama kvalifikatsioonilaevaga, kus te t\u00f6\u00f6tate, ja selleks on juba vaja k\u00fcsida laeva kapteni luba.\u00a0Pidage kindlasti meeles, et\u00a0<strong>neil pereliikmetel ei lubata \u00fcldse t\u00f6\u00f6tada, kui nad viibivad Austraalias MCV Austraalia viisa alusel\u00a0<\/strong>.\u00a0Kui nad soovivad riigis t\u00f6\u00f6tada, peavad nad eraldi taotlema Austraalia viisa.\u00a0Kui te ei t\u00f6\u00f6ta enam Austraalias kvalifitseeruval laeval ega t\u00f6\u00f6ta enam \u00fchegi teiega kaasas oleva pereliikme viisa.\u00a0Nad ei tohiks j\u00e4\u00e4da Austraaliasse, kui olete t\u00f6\u00f6tanud kvalifitseeruval laeval.<\/p>\n<ul class=\"visa-pics\" style=\"float: right;\">\n<li><a class=\"apply\" href=\"\/ee\/visa-crew\/\">Taotle siin<\/a><\/li>\n<\/ul>\n<p><br style=\"clear: both;\" \/><br style=\"clear: both;\" \/><br style=\"clear: both;\" \/><\/p>\n<h2>Lisateave Austraalia meremehe viisade kohta Eesti kodanikule<\/h2>\n<ul>\n<li><a href=\"#MCV-benefits\">Austraalia meremeeste viisa (MCV) eelised<\/a><\/li>\n<li><a href=\"#MCV-requirements\">MCV k\u00f5lblikkusn\u00f5uded<\/a><\/li>\n<li><a href=\"#MCV-apply\">Online-meres\u00f5idumeeskonna viisa Austraaliasse: kuidas taotleda<\/a><\/li>\n<li><a href=\"#MCV-application-process\">MCV taotlusprotsess\u00a0Eestist<\/a><\/li>\n<li><a href=\"#MCV-processing-time\">Austraalia MCV t\u00f6\u00f6tlemise aeg<\/a><\/li>\n<li><a href=\"#MCV-cost\">Austraalia meremeeskonna viisa maksumus (EUR)<\/a><\/li>\n<\/ul>\n<h2 id=\"MCV-benefits\">Austraalia meremeeste viisa (MCV) eelised<\/h2>\n<p><strong>Kasu k\u00e4ttesaadav\u00a0Eesti\u00a0kodanikud\u00a0<\/strong>, kes saavad Australian MCV Internetis viisa v\u00f5imaldab meeskonnaliikmetel saada tulus t\u00f6\u00f6v\u00f5imaluste samas olulise laevad s\u00f5idavad l\u00e4bi Austraalia.\u00a0Arvestades, et seda viisat on suhteliselt lihtne saada selle staatuse saamiseks kvalifitseeruvate laevade t\u00f6\u00f6tajatelt,\u00a0<a href=\"\/ee\/visa-crew\/\">on selle viisa taotlemine<\/a>\u00a0rahuldust pakkuv ja \u00fcsna lihtne viis laeva meeskonna liikmena t\u00f6\u00f6tamise staatuse maksimaalseks \u00e4rakasutamiseks.<\/p>\n<p>Kui teie viisa on antud Austraalia valitsus,\u00a0<strong>kui\u00a0Eesti\u00a0kodanik\u00a0on sul lubatud saabuvad ja lahkuvad Austraalia meritsi nii kaua kui teil on osa meeskonna olulise laeva ja v\u00f5ib j\u00e4\u00e4da Austraalia nii kaua kui t\u00f6\u00f6tavad laeval meeskonnaliikmena\u00a0<\/strong>.\u00a0Kui j\u00e4\u00e4te kvalifitseeruva laeva t\u00f6\u00f6le, v\u00f5ib see teie viisa kehtivuse ajal lahkuda Austraaliasse ja naasta Austraalias piiramata arv kordi, seadmata ohtu teie Austraalia MCV viisa staatust.<\/p>\n<p>Oluline on meeles pidada, et\u00a0<strong>t\u00f6\u00f6tajal on teil \u00f5igus t\u00f6\u00f6tada ainult osana tavap\u00e4rasest t\u00f6\u00f6tamisest vastava\u00a0<\/strong>viisa alusel\u00a0<strong>kvalifitseeruva laeva meeskonnaliikmena\u00a0<\/strong>.\u00a0See viisatingimus h\u00f5lmab kogu t\u00f6\u00f6d, mis on vajalik laeva t\u00f6\u00f6korras hoidmiseks, isegi kui te ei viibi t\u00f6\u00f6tajal n\u00f5utavate t\u00f6\u00f6\u00fclesannete t\u00e4itmise ajal f\u00fc\u00fcsiliselt laeva pardal.\u00a0Selle konkreetse viisa korral on teil lubatud t\u00e4ita k\u00f5iki t\u00f6\u00f6kohustusi avamerel, sadamas v\u00f5i laeval, kui teile ei maksta sellise t\u00f6\u00f6 tegemise ajal t\u00e4iendavat t\u00f6\u00f6suhet.<\/p>\n<p><strong>K\u00f5igil\u00a0Eesti\u00a0elanikel, kellel on veebip\u00f5hine MCV, on lubatud teha vabatahtlikku t\u00f6\u00f6d\u00a0<\/strong>, mille eest teile palka ei maksta, ilma selle viisata Austraalia valitsuselt erilube hankimata.\u00a0Lisaks, kui olete h\u00f5ivatud l\u00fchiajalise veebip\u00f5hise t\u00f6\u00f6ga, ei piirata teid Austraalias mereviisa tingimustel sissetuleku teenimisega.<\/p>\n<p><strong>Kui teie viisa ei l\u00f5pe t\u00f6\u00f6ga seotud p\u00f5hjustel, kehtib see muidu kuni kolm aastat,\u00a0<\/strong>ilma et peaksite Austraalia valitsuselt pikendamist taotlema.\u00a0Kuna seda t\u00fc\u00fcpi viisat ei pikendata, peaksite taotlema Austraalias viibimist ja t\u00f6\u00f6tamist m\u00f5nel muul viisa staatusel p\u00e4rast seda t\u00e4htaega.<\/p>\n<ul class=\"visa-pics\" style=\"float: right;\">\n<li><a class=\"apply\" href=\"\/ee\/visa-crew\/\">Taotle siin<\/a><\/li>\n<\/ul>\n<p><br style=\"clear: both;\" \/><br style=\"clear: both;\" \/><\/p>\n<h2 id=\"MCV-requirements\">MCV k\u00f5lblikkusn\u00f5uded (\u00a0Eesti\u00a0kodanikud\u00a0)<\/h2>\n<p>Austraalia MCV saamiseks peavad\u00a0<strong>Eesti\u00a0kodanikud olema t\u00f6\u00f6le v\u00f5etud v\u00e4ljaspool Austraaliat laevapere meeskonnaliikmetena,\u00a0<\/strong>kes reisivad Austraaliasse v\u00f5i Austraaliast v\u00e4lja.\u00a0Samuti peavad nad meremeeskonna liikmetena Austraaliasse sisenema ja sealt lahkuma.<\/p>\n<p>Nagu\u00a0Eesti\u00a0kodanik\u00a0, on ka n\u00f5uded laeva t\u00fc\u00fcp, et te t\u00f6\u00f6tate, et kvalifitseeruda selle konkreetse viisa.\u00a0<strong>Laev peab olema kas kaubandus- v\u00f5i reisilaev\u00a0<\/strong>.\u00a0MCV-viisa saamiseks k\u00f5lblik laev v\u00f5ib olla ka v\u00e4lisriigi valitsuse teadusuuringute l\u00e4biviimiseks v\u00f5i Austraalia v\u00e4lisministeeriumi poolt riigile eraldatud eristaatus.<\/p>\n<p>Pidage meeles, et\u00a0<strong>kui saabute Austraaliasse muul viisil, n\u00e4iteks lennuga, peate lisaks meremeeskonna liikme viisale saama veel \u00fche asjakohase viisa\u00a0<\/strong>.\u00a0Kui soovite Austraalias k\u00e4ia v\u00e4ljaspool seda, kui t\u00f6\u00f6tate kvalifitseeruva laeva meeskonnaliikmena, v\u00f5iksite kaaluda ka k\u00fclastajaviisa taotlemist, kui taotlete Maritime Crew viisa Austraalias.\u00a0Meeskonnaliikmetel on tavaline, et samal ajal on Austraalia mereviisa ja Austraalia k\u00fclastajaviisa.\u00a0See kehtib eriti siis, kui teate, et laev, millel t\u00f6\u00f6tate, viibib pikema aja jooksul Austraalias, l\u00fcnkadena p\u00e4evades v\u00f5i n\u00e4dalates, nii et te ei pea sellel laeval t\u00f6\u00f6tama.<\/p>\n<p><strong>Kohaldatakse alates\u00a0Eesti\u00a0, ei saa te seda viisat, kui sa oled liige laevapere jaht v\u00f5i s\u00f5jalise laeva\u00a0<\/strong>v\u00f5i kui olete juba alalist Austraalia viisa.\u00a0Kui teil on juba viisa Austraalias t\u00f6\u00f6tamiseks v\u00f5i seal viibimiseks, peaksite sellest teatama oma laeva kaptenile, mille heaks te t\u00f6\u00f6tate, ning sisenete Austraaliast v\u00f5i lahkute riigist, et teie t\u00f6\u00f6suhtega ei kaasneks ootamatuid komplikatsioone.<\/p>\n<ul class=\"visa-pics\" style=\"float: right;\">\n<li><a class=\"apply\" href=\"\/ee\/visa-crew\/\">Taotle siin<\/a><\/li>\n<\/ul>\n<p><br style=\"clear: both;\" \/><br style=\"clear: both;\" \/><\/p>\n<h2 id=\"MCV-apply\">Online MCV Austraalia jaoks: kuidas kandideerida<\/h2>\n<p><strong>Kuni olete\u00a0Eesti\u00a0kodanik\u00a0ja omate oma p\u00f5hilisi isiku- ja isikuteavet, ei tohiks te muretseda raskuste p\u00e4rast, mis tekivad Maritime Crew viisa taotluse t\u00e4itmisel\u00a0<\/strong>.\u00a0MCV Austraalia viisa\u00a0<a href=\"\/ee\/visa-crew\/\">online-avaldus<\/a>\u00a0on lihtne kasutada ja koos oma isiklikke andmeid.\u00a0Austraalia Maritime Crew viisataotlusvormis k\u00fcsitakse p\u00f5hiteavet teie ja teie t\u00f6\u00f6 kohta kvalifitseeruva laeva osana.<\/p>\n<p>Esimene asi, mida peaksite tegema, on veebis kontrollida, kas teil on juba sellist t\u00fc\u00fcpi Austraalia viisat osana oma varasemast v\u00f5i praegusest t\u00f6\u00f6st kvalifitseeruval laeval.\u00a0Kui teil on seda t\u00fc\u00fcpi t\u00f6\u00f6 jaoks juba kehtiv viisa, ei peaks te lisaviisa taotlema enne selle kehtivusaja l\u00f5ppu.\u00a0See v\u00f5ib p\u00f5hjustada Austraaliasse sisenemise ja t\u00f6\u00f6tamisega seotud t\u00fcsistusi.<\/p>\n<p><strong>Kui teil on seda t\u00fc\u00fcpi viisat t\u00f5epoolest vaja, koguge k\u00f5ik vajalikud t\u00f6\u00f6- ja kodakondsuse dokumendid, mis tuleb esitada koos viisataotlusega veebis\u00a0<\/strong>.\u00a0Taotluse alustamiseks vajate oma riigi passi v\u00e4rvikoopiaid, kuna see n\u00f5uab ka kodakondsuse teavet, n\u00e4iteks passi kehtivaid kuup\u00e4evi ja riikliku passi numbrit.\u00a0Kui olete oma nime p\u00e4rast riikliku passi v\u00e4ljaandmist muutnud, peate esitama ka dokumendid, mis n\u00e4itavad teie nime ametlikku muutmist, n\u00e4iteks abielutunnistus.<\/p>\n<p>Lisaks vajate ametlikku dokumenti koos avaldusega, mis sisaldab teie laevafirma t\u00f6\u00f6h\u00f5ivealast teavet.\u00a0See tuleb esitada ettev\u00f5tte ametlikul kirjaplangil ja sellele peab alla kirjutama laeva\u00fchingu p\u00e4dev asutus.\u00a0Lisage n\u00f5uetele vastavale laevale t\u00f6\u00f6lev\u00f5tmise kuup\u00e4evad ja ametlik ametinimetus.\u00a0Kirjas peaks olema kirjas ka laeva eeldatav saabumise kuup\u00e4ev, mil te Austraalias t\u00f6\u00f6tate, ja \u00fcsna t\u00e4pne hinnang selle kohta, kui kaua laev eeldatavasti riigis viibib.\u00a0Kui ettev\u00f5te eeldab, et lahkute oma t\u00f6\u00f6lt laeval enne laeva eeldatavat lahkumist Austraaliast, tuleks seda selgitada ka allkirjastatud kirjas.<\/p>\n<p><strong>Muud dokumendid, mis peaksite saatma oma viisataotluse vormis oma\u00a0Eesti\u00a0kodanikuna\u00a0, h\u00f5lmavad t\u00f5endit teie k\u00f5rgeima haridustaseme kohta, k\u00f5iki ametlikke partnerlusdokumente, mis n\u00e4itavad suhet abikaasaga, kes taotleb teiega selle viisaga Austraaliasse reisimist ja k\u00f5ik n\u00f5utavad m\u00e4rgidokumendid\u00a0<\/strong>.\u00a0M\u00e4rgidokumendid v\u00f5ivad olla vajalikud ainult siis, kui teil on ametlik politsei register v\u00f5i kui teil on vaja n\u00e4idata, et vabastati s\u00f5jav\u00e4est.<\/p>\n<p>Isegi kui kasutate oma veebiviisataotluses sama dokumenti mitmel otstarbel, peaksite iga dokumendi oma taotlusele lisama ainult \u00fcks kord.\u00a0Mittevajalike v\u00f5i dokumentide duplikaatide lisamine viisataotlusesse v\u00f5ib t\u00f6\u00f6tlemisaega l\u00fchendada.<\/p>\n<p>Oluline on meeles pidada, et\u00a0<strong>Austraalia meremehe viisa taotlemisel ei tohiks te viibida Austraalias\u00a0<\/strong>.\u00a0Ehkki v\u00f5ite Austraalia valitsuselt saada otsuse oma viisa kohta, kui viibite f\u00fc\u00fcsiliselt Austraalias,\u00a0<strong>pole teil riigis viibimise ajal seda viisat\u00a0<\/strong>.<\/p>\n<ul class=\"visa-pics\" style=\"float: right;\">\n<li><a class=\"apply\" href=\"\/ee\/visa-crew\/\">Taotle siin<\/a><\/li>\n<\/ul>\n<p><br style=\"clear: both;\" \/><br style=\"clear: both;\" \/><\/p>\n<h2 id=\"MCV-application-process\">Austraalia MCV taotlusprotsess<\/h2>\n<p>N\u00fc\u00fcd, kui olete teadlik MCV viisa taotlemise sammudest, leiate siit m\u00f5ne lisateabe selle kohta, mida peaksite ootama\u00a0<strong>Austraalia valitsuse poolt meremeeste viisa taotlemise ja ootamise\u00a0<\/strong>ajal\u00a0.\u00a0MCV viisa saamiseks taotlege\u00a0<a href=\"\/ee\/visa-crew\/\"><strong>Internetis<\/strong><\/a><strong>\u00a0kiireimat t\u00f6\u00f6tlemist ja k\u00f5ige turvalisemat tulemust\u00a0<\/strong>.<strong>\u00a0<\/strong>\u00a0<a href=\"\/ee\/visa-crew\/\"><strong>\u00a0<\/strong><\/a><\/p>\n<p>Kui teie viisataotlus on veebis ametlikult esitatud, vaatab selle\u00a0<strong>l\u00e4bi Austraalia valitsuse siseasjade osakond\u00a0<\/strong>.\u00a0P\u00e4rast viisataotluse menetlemist saate Austraalia valitsuselt kirjaliku otsuse.<\/p>\n<p>Kui teie viisataotlus on rahuldatud, saate teada teile\u00a0m\u00e4\u00e4ratud\u00a0<strong>MCV ametliku viitenumbri\u00a0<\/strong>ja kuup\u00e4evad, millal teie viisa kehtib.\u00a0Kui Austraalias on lisaks mereviisaga regulaarselt kaasas t\u00e4iendavatele tingimustele, mis on v\u00e4ga haruldased, esitab valitsus sel ajal need tingimused kirjalikult.<\/p>\n<p><strong>Kui Austraalia valitsus (sisser\u00e4nne) otsustab teie viisataotlust mitte rahuldada, teavitatakse teid sellest otsusest ka kirjalikult\u00a0<\/strong>.\u00a0Valitsus esitab ametliku p\u00f5hjuse, miks teie viisataotlus tagasi l\u00fckati.\u00a0Soovitatav on taotleda seda viisat niipea, kui olete kinnitanud, et teie t\u00f6\u00f6suhe n\u00f5uab seda t\u00fc\u00fcpi viisat, nii et teil oleks piisavalt aega vigade parandamiseks v\u00f5i lisateabe esitamiseks juhuks, kui teie Austraalia viisataotlus l\u00fckatakse tagasi Valitsus.<\/p>\n<ul class=\"visa-pics\" style=\"float: right;\">\n<li><a class=\"apply\" href=\"\/ee\/visa-crew\/\">Taotle siin<\/a><\/li>\n<\/ul>\n<p><br style=\"clear: both;\" \/><br style=\"clear: both;\" \/><\/p>\n<h2 id=\"MCV-processing-time\">MCV t\u00f6\u00f6tlemise aeg<\/h2>\n<p>Kuigi ei ole kindlat t\u00e4htaega, mille jooksul taotleja saaks olla kindel, et tema MCV-taotlust menetletakse,\u00a0<strong>on MCV-viisa menetlemise aeg tavaliselt neli p\u00e4eva\u00a0<\/strong>.\u00a0Paljusid Austraalia merelaevade viisataotlusi t\u00f6\u00f6deldakse vaid kahe p\u00e4evaga.<\/p>\n<p>Parim viis veenduda, et teie Maritime Visa Australia taotluse menetlemisel ei esine viivitusi, on\u00a0<strong>hoolikalt\u00a0<\/strong>l\u00e4bi\u00a0<strong>lugeda k\u00f5ik taotlemise juhised ja edastada\u00a0<\/strong>kogu\u00a0<strong>n\u00f5utav teave\u00a0<\/strong>selle esmakordsel esitamisel.\u00a0<strong>Vead MCV veebip\u00f5hise taotluse t\u00e4itmisel v\u00f5ivad asjatundlikult viivitada t\u00f6\u00f6tlemise koguaega\u00a0<\/strong>.<\/p>\n<p>Kui olete juba rohkem kui kuu oodanud Austraalia valitsuselt teavet oma MCV viisa staatuse kohta, peaksite\u00a0<a href=\"\/ee\/contact-us\/\">meiega \u00fchendust v\u00f5tma<\/a>\u00a0.<\/p>\n<ul class=\"visa-pics\" style=\"float: right;\">\n<li><a class=\"apply\" href=\"\/ee\/visa-crew\/\">Taotle siin<\/a><\/li>\n<\/ul>\n<p><br style=\"clear: both;\" \/><br style=\"clear: both;\" \/><\/p>\n<h2 id=\"MCV-cost\">MCV maksumus<\/h2>\n<p><strong>Austraalia MCV taotlemise hind on <span class=\"woocommerce-Price-amount amount\"><bdi><span class=\"woocommerce-Price-currencySymbol\">&euro;<\/span>98,00<\/bdi><\/span><\/strong>.\u00a0MCV veebimakse on vajalik teie taotluse esitamiseks ja iga Maritime Crewi viisataotluse menetlemiseks Austraalias: peate eraldi viisataotluse vormi esitama iga pereliikme kohta, kes reisib teiega Austraaliasse teie t\u00f6\u00f6tamise ajal laeval.\u00a0Need taotlused tuleks esitada samaaegselt teie individuaalse viisataotlusega, et v\u00e4ltida segadusi v\u00f5i viivitusi menetluses Austraalia valitsuse poolt.<\/p>\n<ul class=\"visa-pics\" style=\"float: right;\">\n<li><a class=\"apply\" href=\"\/ee\/visa-crew\/\">Taotle siin<\/a><\/li>\n<\/ul>\n","protected":false},"excerpt":{"rendered":"<p>&#8220;MCV&#8221; meremehe viisa &#8211; alaklass 988 Protsess, mille abil saate MCV-d veebist hankida, on lihtsam, kui v\u00f5ite arvata,\u00a0ja t\u00f6\u00f6tlemiseks on [&#8230;]<\/p>\n<p><a class=\"btn btn-secondary understrap-read-more-link\" href=\"https:\/\/auvisa.org\/ee\/maritime-crew-visa-mcv\/\">Read More&#8230;<span class=\"screen-reader-text\"> from Maritime Crew Visa Austraaliale &#8211; Eesti kodanikud<\/span><\/a><\/p>\n","protected":false},"author":4,"featured_media":0,"parent":0,"menu_order":17,"comment_status":"closed","ping_status":"closed","template":"templates\/tpl_spiegazione.php","meta":{"inline_featured_image":false,"footnotes":""},"class_list":["post-1196","page","type-page","status-publish","hentry"],"yoast_head":"<!-- This site is optimized with the Yoast SEO plugin v26.9 - https:\/\/yoast.com\/product\/yoast-seo-wordpress\/ -->\n<title>Austraalia MCV Visa - Meremeeste Viisa Online Eesti Kodanikele<\/title>\n<meta name=\"description\" content=\"Austraalia MCV (Maritime Crew Visa) teave\u00a0Eesti\u00a0kodanikele: meremehe viisade maksumus, n\u00f5uded ja kiire veebip\u00f5hine taotlusvorm (\u00a0Eesti\u00a0kodanikele\u00a0).\" \/>\n<meta name=\"robots\" content=\"index, follow, max-snippet:-1, max-image-preview:large, max-video-preview:-1\" \/>\n<link rel=\"canonical\" href=\"https:\/\/auvisa.org\/ee\/maritime-crew-visa-mcv\/\" \/>\n<meta property=\"og:locale\" content=\"et_EE\" \/>\n<meta property=\"og:type\" content=\"article\" \/>\n<meta property=\"og:title\" content=\"Austraalia MCV Visa - Meremeeste Viisa Online Eesti Kodanikele\" \/>\n<meta property=\"og:description\" content=\"Austraalia MCV (Maritime Crew Visa) teave\u00a0Eesti\u00a0kodanikele: meremehe viisade maksumus, n\u00f5uded ja kiire veebip\u00f5hine taotlusvorm (\u00a0Eesti\u00a0kodanikele\u00a0).\" \/>\n<meta property=\"og:url\" content=\"https:\/\/auvisa.org\/ee\/maritime-crew-visa-mcv\/\" \/>\n<meta property=\"og:site_name\" content=\"Auvisa.org\" \/>\n<meta property=\"article:modified_time\" content=\"2023-07-10T15:10:40+00:00\" \/>\n<meta name=\"twitter:card\" content=\"summary_large_image\" \/>\n<meta name=\"twitter:label1\" content=\"Est. reading time\" \/>\n\t<meta name=\"twitter:data1\" content=\"8 minutit\" \/>\n<script type=\"application\/ld+json\" class=\"yoast-schema-graph\">{\"@context\":\"https:\/\/schema.org\",\"@graph\":[{\"@type\":\"WebPage\",\"@id\":\"https:\/\/auvisa.org\/ee\/maritime-crew-visa-mcv\/\",\"url\":\"https:\/\/auvisa.org\/ee\/maritime-crew-visa-mcv\/\",\"name\":\"Austraalia MCV Visa - Meremeeste Viisa Online Eesti Kodanikele\",\"isPartOf\":{\"@id\":\"https:\/\/auvisa.org\/ee\/#website\"},\"datePublished\":\"2019-09-15T10:19:47+00:00\",\"dateModified\":\"2023-07-10T15:10:40+00:00\",\"description\":\"Austraalia MCV (Maritime Crew Visa) teave\u00a0Eesti\u00a0kodanikele: meremehe viisade maksumus, n\u00f5uded ja kiire veebip\u00f5hine taotlusvorm (\u00a0Eesti\u00a0kodanikele\u00a0).\",\"breadcrumb\":{\"@id\":\"https:\/\/auvisa.org\/ee\/maritime-crew-visa-mcv\/#breadcrumb\"},\"inLanguage\":\"et\",\"potentialAction\":[{\"@type\":\"ReadAction\",\"target\":[\"https:\/\/auvisa.org\/ee\/maritime-crew-visa-mcv\/\"]}]},{\"@type\":\"BreadcrumbList\",\"@id\":\"https:\/\/auvisa.org\/ee\/maritime-crew-visa-mcv\/#breadcrumb\",\"itemListElement\":[{\"@type\":\"ListItem\",\"position\":1,\"name\":\"Home\",\"item\":\"https:\/\/auvisa.org\/ee\/\"},{\"@type\":\"ListItem\",\"position\":2,\"name\":\"Maritime Crew Visa Austraaliale &#8211; Eesti kodanikud\"}]},{\"@type\":\"WebSite\",\"@id\":\"https:\/\/auvisa.org\/ee\/#website\",\"url\":\"https:\/\/auvisa.org\/ee\/\",\"name\":\"Auvisa.org\",\"description\":\"\",\"inLanguage\":\"et\"}]}<\/script>\n<!-- \/ Yoast SEO plugin. -->","yoast_head_json":{"title":"Austraalia MCV Visa - Meremeeste Viisa Online Eesti Kodanikele","description":"Austraalia MCV (Maritime Crew Visa) teave\u00a0Eesti\u00a0kodanikele: meremehe viisade maksumus, n\u00f5uded ja kiire veebip\u00f5hine taotlusvorm (\u00a0Eesti\u00a0kodanikele\u00a0).","robots":{"index":"index","follow":"follow","max-snippet":"max-snippet:-1","max-image-preview":"max-image-preview:large","max-video-preview":"max-video-preview:-1"},"canonical":"https:\/\/auvisa.org\/ee\/maritime-crew-visa-mcv\/","og_locale":"et_EE","og_type":"article","og_title":"Austraalia MCV Visa - Meremeeste Viisa Online Eesti Kodanikele","og_description":"Austraalia MCV (Maritime Crew Visa) teave\u00a0Eesti\u00a0kodanikele: meremehe viisade maksumus, n\u00f5uded ja kiire veebip\u00f5hine taotlusvorm (\u00a0Eesti\u00a0kodanikele\u00a0).","og_url":"https:\/\/auvisa.org\/ee\/maritime-crew-visa-mcv\/","og_site_name":"Auvisa.org","article_modified_time":"2023-07-10T15:10:40+00:00","twitter_card":"summary_large_image","twitter_misc":{"Est. reading time":"8 minutit"},"schema":{"@context":"https:\/\/schema.org","@graph":[{"@type":"WebPage","@id":"https:\/\/auvisa.org\/ee\/maritime-crew-visa-mcv\/","url":"https:\/\/auvisa.org\/ee\/maritime-crew-visa-mcv\/","name":"Austraalia MCV Visa - Meremeeste Viisa Online Eesti Kodanikele","isPartOf":{"@id":"https:\/\/auvisa.org\/ee\/#website"},"datePublished":"2019-09-15T10:19:47+00:00","dateModified":"2023-07-10T15:10:40+00:00","description":"Austraalia MCV (Maritime Crew Visa) teave\u00a0Eesti\u00a0kodanikele: meremehe viisade maksumus, n\u00f5uded ja kiire veebip\u00f5hine taotlusvorm (\u00a0Eesti\u00a0kodanikele\u00a0).","breadcrumb":{"@id":"https:\/\/auvisa.org\/ee\/maritime-crew-visa-mcv\/#breadcrumb"},"inLanguage":"et","potentialAction":[{"@type":"ReadAction","target":["https:\/\/auvisa.org\/ee\/maritime-crew-visa-mcv\/"]}]},{"@type":"BreadcrumbList","@id":"https:\/\/auvisa.org\/ee\/maritime-crew-visa-mcv\/#breadcrumb","itemListElement":[{"@type":"ListItem","position":1,"name":"Home","item":"https:\/\/auvisa.org\/ee\/"},{"@type":"ListItem","position":2,"name":"Maritime Crew Visa Austraaliale &#8211; Eesti kodanikud"}]},{"@type":"WebSite","@id":"https:\/\/auvisa.org\/ee\/#website","url":"https:\/\/auvisa.org\/ee\/","name":"Auvisa.org","description":"","inLanguage":"et"}]}},"_links":{"self":[{"href":"https:\/\/auvisa.org\/ee\/wp-json\/wp\/v2\/pages\/1196","targetHints":{"allow":["GET"]}}],"collection":[{"href":"https:\/\/auvisa.org\/ee\/wp-json\/wp\/v2\/pages"}],"about":[{"href":"https:\/\/auvisa.org\/ee\/wp-json\/wp\/v2\/types\/page"}],"author":[{"embeddable":true,"href":"https:\/\/auvisa.org\/ee\/wp-json\/wp\/v2\/users\/4"}],"replies":[{"embeddable":true,"href":"https:\/\/auvisa.org\/ee\/wp-json\/wp\/v2\/comments?post=1196"}],"version-history":[{"count":9,"href":"https:\/\/auvisa.org\/ee\/wp-json\/wp\/v2\/pages\/1196\/revisions"}],"predecessor-version":[{"id":14809,"href":"https:\/\/auvisa.org\/ee\/wp-json\/wp\/v2\/pages\/1196\/revisions\/14809"}],"wp:attachment":[{"href":"https:\/\/auvisa.org\/ee\/wp-json\/wp\/v2\/media?parent=1196"}],"curies":[{"name":"wp","href":"https:\/\/api.w.org\/{rel}","templated":true}]}}