{"id":1744,"date":"2020-01-07T16:26:56","date_gmt":"2020-01-07T16:26:56","guid":{"rendered":"https:\/\/dev.auvisa.org\/?page_id=1744"},"modified":"2023-08-25T12:37:21","modified_gmt":"2023-08-25T09:37:21","slug":"visa-working","status":"publish","type":"page","link":"https:\/\/auvisa.org\/ee\/visa-working\/","title":{"rendered":"T\u00f6\u00f6puhkuse viisa Austraaliasse: taotlusvorm (Eesti)"},"content":{"rendered":"\n<div style=\"height:20px\" aria-hidden=\"true\" class=\"wp-block-spacer\"><\/div>\n\n\n\n<p>See t\u00f6\u00f6puhkuse viisa taotlusvorm on m\u00f5eldud&nbsp;<strong>Eesti&nbsp;kodanikele, kes&nbsp;<\/strong>on taotluse esitamise ajal&nbsp;<strong>vanuses 18 kuni 30 aastat (kaasa arvatud)&nbsp;<\/strong>.&nbsp;&nbsp;<\/p>\n\n\n\n<p>Viisa&nbsp;saamisel&nbsp;v\u00f5ivad&nbsp;Eesti&nbsp;reisijad&nbsp;reisida Austraaliasse ning&nbsp;<strong>\u00fchendada puhkuse, t\u00f6\u00f6 ja \u00f5pingud&nbsp;<\/strong>.&nbsp;&nbsp;<\/p>\n\n\n\n<p><strong>Austraalias&nbsp;<\/strong>on v\u00f5imalik&nbsp;<strong>viibida kuni \u00fcks aasta&nbsp;<\/strong>ja t\u00f6\u00f6tada sama t\u00f6\u00f6andja juures kuni 6 kuud v\u00f5i \u00f5ppida kuni 4 kuud.&nbsp;Soovi korral on&nbsp;puhkusel&nbsp;v\u00f5imalik&nbsp;ka kogu viisaperioodi v\u00e4ltel loobuda.&nbsp;<\/p>\n\n\n\n<p>T\u00f6\u00f6puhkuse viisa taotlemise tingimused:<\/p>\n\n\n\n<ul class=\"wp-block-list\"><li>Te peate olema 18\u201330-aastane (kaasa arvatud)<\/li><li>Peate olema hea tervise juures<\/li><li>Enda toetamiseks oma viibimise alguses peavad teil olema rahalised vahendid<\/li><\/ul>\n\n\n\n<p><strong>OLULINE:<br><\/strong>Taotluse t\u00e4itmiseks ja esitamiseks on vaja j\u00e4rgmiste dokumentide koopiat:<\/p>\n\n\n\n<ul class=\"wp-block-list\"><li>Passi isikuandmete lehe<\/li><\/ul>\n\n\n\n<p>Kui teil pole praegu k\u00f5iki vajalikke dokumente, saate rakenduse salvestada ja dokumendid hiljem \u00fcles laadida.<\/p>\n\n\n\n<p>V\u00a0ia\u00a0j\u00e4rgmised\u00a0elektroonilise taotluse\u00a0vormi,\u00a0y\u00a0ou saab taotleda mitu isikut samal ajal ja iga <strong>Working Holiday viisa maksab\u00a0<span class=\"woocommerce-Price-amount amount\"><bdi><span class=\"woocommerce-Price-currencySymbol\">&euro;<\/span>575,00<\/bdi><\/span>. Hind sisaldab nii auvisa.orgi teenustasusid kui ka valitsuse tasusid (vajaduse korral).<\/strong><\/p>\n\n\n\n<div style=\"height:62px\" aria-hidden=\"true\" class=\"wp-block-spacer\"><\/div>\n\n\n\n<h3>Sisestage ja kinnitage oma e-posti aadress, et alustada online-avaldus:<\/h3>\n","protected":false},"excerpt":{"rendered":"<p>See t\u00f6\u00f6puhkuse viisa taotlusvorm on m\u00f5eldud&nbsp;Eesti&nbsp;kodanikele, kes&nbsp;on taotluse esitamise ajal&nbsp;vanuses 18 kuni 30 aastat (kaasa arvatud)&nbsp;.&nbsp;&nbsp; Viisa&nbsp;saamisel&nbsp;v\u00f5ivad&nbsp;Eesti&nbsp;reisijad&nbsp;reisida Austraaliasse ning&nbsp;\u00fchendada puhkuse, [&#8230;]<\/p>\n<p><a class=\"btn btn-secondary understrap-read-more-link\" href=\"https:\/\/auvisa.org\/ee\/visa-working\/\">Read More&#8230;<span class=\"screen-reader-text\"> from T\u00f6\u00f6puhkuse viisa Austraaliasse: taotlusvorm (Eesti)<\/span><\/a><\/p>\n","protected":false},"author":3,"featured_media":0,"parent":0,"menu_order":39,"comment_status":"closed","ping_status":"closed","template":"templates\/tpl_acf_form.php","meta":{"inline_featured_image":false,"footnotes":""},"class_list":["post-1744","page","type-page","status-publish","hentry"],"yoast_head":"<!-- This site is optimized with the Yoast SEO plugin v26.9 - https:\/\/yoast.com\/product\/yoast-seo-wordpress\/ -->\n<title>T\u00f6\u00f6puhkuse viisa Austraaliasse: taotlusvorm ( Eesti )<\/title>\n<meta name=\"description\" content=\"Eesti reisijad peavad selle lihtsustatud taotlusvormi kaudu saama Austraalia t\u00f6\u00f6puhkuse viisa veebis .\" \/>\n<meta name=\"robots\" content=\"index, follow, max-snippet:-1, max-image-preview:large, max-video-preview:-1\" \/>\n<link rel=\"canonical\" href=\"https:\/\/auvisa.org\/ee\/visa-working\/\" \/>\n<meta property=\"og:locale\" content=\"et_EE\" \/>\n<meta property=\"og:type\" content=\"article\" \/>\n<meta property=\"og:title\" content=\"T\u00f6\u00f6puhkuse viisa Austraaliasse: taotlusvorm ( Eesti )\" \/>\n<meta property=\"og:description\" content=\"Eesti reisijad peavad selle lihtsustatud taotlusvormi kaudu saama Austraalia t\u00f6\u00f6puhkuse viisa veebis .\" \/>\n<meta property=\"og:url\" content=\"https:\/\/auvisa.org\/ee\/visa-working\/\" \/>\n<meta property=\"og:site_name\" content=\"Auvisa.org\" \/>\n<meta property=\"article:modified_time\" content=\"2023-08-25T09:37:21+00:00\" \/>\n<meta name=\"twitter:card\" content=\"summary_large_image\" \/>\n<meta name=\"twitter:label1\" content=\"Est. reading time\" \/>\n\t<meta name=\"twitter:data1\" content=\"1 minut\" \/>\n<script type=\"application\/ld+json\" class=\"yoast-schema-graph\">{\"@context\":\"https:\/\/schema.org\",\"@graph\":[{\"@type\":\"WebPage\",\"@id\":\"https:\/\/auvisa.org\/ee\/visa-working\/\",\"url\":\"https:\/\/auvisa.org\/ee\/visa-working\/\",\"name\":\"T\u00f6\u00f6puhkuse viisa Austraaliasse: taotlusvorm ( Eesti )\",\"isPartOf\":{\"@id\":\"https:\/\/auvisa.org\/ee\/#website\"},\"datePublished\":\"2020-01-07T16:26:56+00:00\",\"dateModified\":\"2023-08-25T09:37:21+00:00\",\"description\":\"Eesti reisijad peavad selle lihtsustatud taotlusvormi kaudu saama Austraalia t\u00f6\u00f6puhkuse viisa veebis .\",\"breadcrumb\":{\"@id\":\"https:\/\/auvisa.org\/ee\/visa-working\/#breadcrumb\"},\"inLanguage\":\"et\",\"potentialAction\":[{\"@type\":\"ReadAction\",\"target\":[\"https:\/\/auvisa.org\/ee\/visa-working\/\"]}]},{\"@type\":\"BreadcrumbList\",\"@id\":\"https:\/\/auvisa.org\/ee\/visa-working\/#breadcrumb\",\"itemListElement\":[{\"@type\":\"ListItem\",\"position\":1,\"name\":\"Home\",\"item\":\"https:\/\/auvisa.org\/ee\/\"},{\"@type\":\"ListItem\",\"position\":2,\"name\":\"T\u00f6\u00f6puhkuse viisa Austraaliasse: taotlusvorm (Eesti)\"}]},{\"@type\":\"WebSite\",\"@id\":\"https:\/\/auvisa.org\/ee\/#website\",\"url\":\"https:\/\/auvisa.org\/ee\/\",\"name\":\"Auvisa.org\",\"description\":\"\",\"inLanguage\":\"et\"}]}<\/script>\n<!-- \/ Yoast SEO plugin. -->","yoast_head_json":{"title":"T\u00f6\u00f6puhkuse viisa Austraaliasse: taotlusvorm ( Eesti )","description":"Eesti reisijad peavad selle lihtsustatud taotlusvormi kaudu saama Austraalia t\u00f6\u00f6puhkuse viisa veebis .","robots":{"index":"index","follow":"follow","max-snippet":"max-snippet:-1","max-image-preview":"max-image-preview:large","max-video-preview":"max-video-preview:-1"},"canonical":"https:\/\/auvisa.org\/ee\/visa-working\/","og_locale":"et_EE","og_type":"article","og_title":"T\u00f6\u00f6puhkuse viisa Austraaliasse: taotlusvorm ( Eesti )","og_description":"Eesti reisijad peavad selle lihtsustatud taotlusvormi kaudu saama Austraalia t\u00f6\u00f6puhkuse viisa veebis .","og_url":"https:\/\/auvisa.org\/ee\/visa-working\/","og_site_name":"Auvisa.org","article_modified_time":"2023-08-25T09:37:21+00:00","twitter_card":"summary_large_image","twitter_misc":{"Est. reading time":"1 minut"},"schema":{"@context":"https:\/\/schema.org","@graph":[{"@type":"WebPage","@id":"https:\/\/auvisa.org\/ee\/visa-working\/","url":"https:\/\/auvisa.org\/ee\/visa-working\/","name":"T\u00f6\u00f6puhkuse viisa Austraaliasse: taotlusvorm ( Eesti )","isPartOf":{"@id":"https:\/\/auvisa.org\/ee\/#website"},"datePublished":"2020-01-07T16:26:56+00:00","dateModified":"2023-08-25T09:37:21+00:00","description":"Eesti reisijad peavad selle lihtsustatud taotlusvormi kaudu saama Austraalia t\u00f6\u00f6puhkuse viisa veebis .","breadcrumb":{"@id":"https:\/\/auvisa.org\/ee\/visa-working\/#breadcrumb"},"inLanguage":"et","potentialAction":[{"@type":"ReadAction","target":["https:\/\/auvisa.org\/ee\/visa-working\/"]}]},{"@type":"BreadcrumbList","@id":"https:\/\/auvisa.org\/ee\/visa-working\/#breadcrumb","itemListElement":[{"@type":"ListItem","position":1,"name":"Home","item":"https:\/\/auvisa.org\/ee\/"},{"@type":"ListItem","position":2,"name":"T\u00f6\u00f6puhkuse viisa Austraaliasse: taotlusvorm (Eesti)"}]},{"@type":"WebSite","@id":"https:\/\/auvisa.org\/ee\/#website","url":"https:\/\/auvisa.org\/ee\/","name":"Auvisa.org","description":"","inLanguage":"et"}]}},"_links":{"self":[{"href":"https:\/\/auvisa.org\/ee\/wp-json\/wp\/v2\/pages\/1744","targetHints":{"allow":["GET"]}}],"collection":[{"href":"https:\/\/auvisa.org\/ee\/wp-json\/wp\/v2\/pages"}],"about":[{"href":"https:\/\/auvisa.org\/ee\/wp-json\/wp\/v2\/types\/page"}],"author":[{"embeddable":true,"href":"https:\/\/auvisa.org\/ee\/wp-json\/wp\/v2\/users\/3"}],"replies":[{"embeddable":true,"href":"https:\/\/auvisa.org\/ee\/wp-json\/wp\/v2\/comments?post=1744"}],"version-history":[{"count":14,"href":"https:\/\/auvisa.org\/ee\/wp-json\/wp\/v2\/pages\/1744\/revisions"}],"predecessor-version":[{"id":14930,"href":"https:\/\/auvisa.org\/ee\/wp-json\/wp\/v2\/pages\/1744\/revisions\/14930"}],"wp:attachment":[{"href":"https:\/\/auvisa.org\/ee\/wp-json\/wp\/v2\/media?parent=1744"}],"curies":[{"name":"wp","href":"https:\/\/api.w.org\/{rel}","templated":true}]}}