{"id":1747,"date":"2020-01-07T16:27:41","date_gmt":"2020-01-07T16:27:41","guid":{"rendered":"https:\/\/dev.auvisa.org\/?page_id=1747"},"modified":"2023-07-10T18:07:06","modified_gmt":"2023-07-10T15:07:06","slug":"visa-student","status":"publish","type":"page","link":"https:\/\/auvisa.org\/ee\/visa-student\/","title":{"rendered":"Austraalia \u00fcli\u00f5pilasviisa taotlemise vorm (Eesti)"},"content":{"rendered":"\n<div style=\"height:20px\" aria-hidden=\"true\" class=\"wp-block-spacer\"><\/div>\n\n\n\n<p>Austraaliasse \u00f5ppima viisa taotlemiseks kasutage seda taotlusvormi.<\/p>\n\n\n\n<p>Enne Suurbritanniasse Austraaliasse Austraaliasse \u00f5ppima viisa taotlemist peate olema sisse v\u00f5etud \u00fclikooli v\u00f5i kooli. Kui teil pole registreerumise kinnitust (CoE), p\u00f6\u00f6rduge kooli v\u00f5i \u00fclikooli poole, kus kavatsete \u00f5ppida.<\/p>\n\n\n\n<h4 class=\"wp-block-heading\" id=\"vormis-esitatakse-jargmised-opilase-viisavoimalused\">Vormis esitatakse j\u00e4rgmised \u00f5pilase viisav\u00f5imalused<\/h4>\n\n\n\n<ul class=\"wp-block-list\"><li><strong>Higher education (K\u00f5rgharidus)<\/strong><ul><li>Taotleb bakalaureusekraadi, kaast\u00f6\u00f6taja kraadi, l\u00f5putunnistuse, l\u00f5putunnistuse, k\u00f5rghariduse diplomi, k\u00f5rghariduse edasij\u00f5udnute diplomi v\u00f5i magistrikraadi kursuste kaupa.<\/li><\/ul><\/li><\/ul>\n\n\n\n<ul class=\"wp-block-list\"><li><strong>Postgraduate research (Kraadi\u00f5ppe uuringud)<\/strong><ul><li>Kehtib magistrikraadi uurimist\u00f6\u00f6 v\u00f5i doktorikraadi j\u00e4rgi.<\/li><\/ul><\/li><\/ul>\n\n\n\n<ul class=\"wp-block-list\"><li><strong>English Language Intensive Courses for Overseas Students &#8211; ELICOS (Inglise keele intensiivkursused v\u00e4lis\u00fcli\u00f5pilastele)<\/strong><ul><li>Eraldiseisvate kursuste korral, mille tulemuseks on I, II, III v\u00f5i IV tunnistus v\u00f5i mille tulemusel ametlikku v\u00e4ljaandmist ei toimu.<\/li><\/ul><\/li><\/ul>\n\n\n\n<ul class=\"wp-block-list\"><li><strong>Primary or secondary school course (P\u00f5hikooli v\u00f5i keskkooli kursus)<\/strong><ul><li>P\u00f5hikooli-, g\u00fcmnaasiumi- v\u00f5i g\u00fcmnaasiumikursustele, samuti heaks kiidetud keskkooli vahetusprogrammidele.<\/li><\/ul><\/li><\/ul>\n\n\n\n<ul class=\"wp-block-list\"><li><strong>Vocational education and training &#8211; VET (Kutseharidus ja -koolitus)<\/strong><ul><li>See alaklass on m\u00f5eldud I, II, III v\u00f5i IV tunnistuse (va ELICOS), kutseharidusdiplomi, kutsehariduse edasij\u00f5udnute diplomi, kutsealase l\u00f5putunnistuse v\u00f5i kutsealase l\u00f5petanu diplomikursuste jaoks.<\/li><\/ul><\/li><\/ul>\n\n\n\n<ul class=\"wp-block-list\"><li><strong>Non-award (Autasustamata j\u00e4tmine)<\/strong><ul><li>Kehtib sihtasutusele mittekuuluvate sihtasutuste \u00f5pingute v\u00f5i muude t\u00e4isajaga kursuste v\u00f5i kursuste komponentide osas, mis ei vii Austraalia auhinna saamiseni.<\/li><\/ul><\/li><\/ul>\n\n\n\n<ul class=\"wp-block-list\"><li><strong>AusAID and Defence (AusAID ja riigikaitse)<\/strong><ul><li>Kehtib \u00f5pilaste jaoks, keda sponsoreerib AusAID v\u00f5i Austraalia kaitseministeerium ja kes korraldavad mis tahes t\u00e4iskoormusega kursusi.<\/li><\/ul><\/li><\/ul>\n\n\n\n<ul class=\"wp-block-list\"><li><strong>Student Guardians (\u00dcli\u00f5pilaste eestkostjad)<\/strong><ul><li>Vanemad v\u00f5i sugulased saavad Austraalias \u00f5ppiva \u00f5pilase eestkostjana taotleda viisat Austraalias viibimiseks.<\/li><\/ul><\/li><\/ul>\n\n\n\n<p>Hind on <span class=\"woocommerce-Price-amount amount\"><bdi><span class=\"woocommerce-Price-currencySymbol\">&euro;<\/span>1.200,00<\/bdi><\/span> iga viisa eest.<\/p>\n\n\n\n<div style=\"height:59px\" aria-hidden=\"true\" class=\"wp-block-spacer\"><\/div>\n\n\n\n<h3 class=\"wp-block-heading\" id=\"sisestage-ja-kinnitage-oma-e-posti-aadress-et-alustada-online-avaldus\">Sisestage ja kinnitage oma e-posti aadress, et alustada online-avaldus:<\/h3>\n","protected":false},"excerpt":{"rendered":"<p>Austraaliasse \u00f5ppima viisa taotlemiseks kasutage seda taotlusvormi. Enne Suurbritanniasse Austraaliasse Austraaliasse \u00f5ppima viisa taotlemist peate olema sisse v\u00f5etud \u00fclikooli v\u00f5i [&#8230;]<\/p>\n<p><a class=\"btn btn-secondary understrap-read-more-link\" href=\"https:\/\/auvisa.org\/ee\/visa-student\/\">Read More&#8230;<span class=\"screen-reader-text\"> from Austraalia \u00fcli\u00f5pilasviisa taotlemise vorm (Eesti)<\/span><\/a><\/p>\n","protected":false},"author":3,"featured_media":0,"parent":0,"menu_order":37,"comment_status":"closed","ping_status":"closed","template":"templates\/tpl_acf_form.php","meta":{"inline_featured_image":false,"footnotes":""},"class_list":["post-1747","page","type-page","status-publish","hentry"],"yoast_head":"<!-- This site is optimized with the Yoast SEO plugin v26.9 - https:\/\/yoast.com\/product\/yoast-seo-wordpress\/ -->\n<title>Austraalia \u00fcli\u00f5pilasviisa taotlemise vorm (Eesti)<\/title>\n<meta name=\"description\" content=\"Eesti tudengid kasutavad seda taotlusvormi \u00fcli\u00f5pilasviisa taotlemiseks Austraaliasse. Taotlege veebis siin: Vajalik on registreerumise kinnitus (CoE).\" \/>\n<meta name=\"robots\" content=\"index, follow, max-snippet:-1, max-image-preview:large, max-video-preview:-1\" \/>\n<link rel=\"canonical\" href=\"https:\/\/auvisa.org\/ee\/visa-student\/\" \/>\n<meta property=\"og:locale\" content=\"et_EE\" \/>\n<meta property=\"og:type\" content=\"article\" \/>\n<meta property=\"og:title\" content=\"Austraalia \u00fcli\u00f5pilasviisa taotlemise vorm (Eesti)\" \/>\n<meta property=\"og:description\" content=\"Eesti tudengid kasutavad seda taotlusvormi \u00fcli\u00f5pilasviisa taotlemiseks Austraaliasse. Taotlege veebis siin: Vajalik on registreerumise kinnitus (CoE).\" \/>\n<meta property=\"og:url\" content=\"https:\/\/auvisa.org\/ee\/visa-student\/\" \/>\n<meta property=\"og:site_name\" content=\"Auvisa.org\" \/>\n<meta property=\"article:modified_time\" content=\"2023-07-10T15:07:06+00:00\" \/>\n<meta name=\"twitter:card\" content=\"summary_large_image\" \/>\n<meta name=\"twitter:label1\" content=\"Est. reading time\" \/>\n\t<meta name=\"twitter:data1\" content=\"2 minutit\" \/>\n<script type=\"application\/ld+json\" class=\"yoast-schema-graph\">{\"@context\":\"https:\/\/schema.org\",\"@graph\":[{\"@type\":\"WebPage\",\"@id\":\"https:\/\/auvisa.org\/ee\/visa-student\/\",\"url\":\"https:\/\/auvisa.org\/ee\/visa-student\/\",\"name\":\"Austraalia \u00fcli\u00f5pilasviisa taotlemise vorm (Eesti)\",\"isPartOf\":{\"@id\":\"https:\/\/auvisa.org\/ee\/#website\"},\"datePublished\":\"2020-01-07T16:27:41+00:00\",\"dateModified\":\"2023-07-10T15:07:06+00:00\",\"description\":\"Eesti tudengid kasutavad seda taotlusvormi \u00fcli\u00f5pilasviisa taotlemiseks Austraaliasse. Taotlege veebis siin: Vajalik on registreerumise kinnitus (CoE).\",\"breadcrumb\":{\"@id\":\"https:\/\/auvisa.org\/ee\/visa-student\/#breadcrumb\"},\"inLanguage\":\"et\",\"potentialAction\":[{\"@type\":\"ReadAction\",\"target\":[\"https:\/\/auvisa.org\/ee\/visa-student\/\"]}]},{\"@type\":\"BreadcrumbList\",\"@id\":\"https:\/\/auvisa.org\/ee\/visa-student\/#breadcrumb\",\"itemListElement\":[{\"@type\":\"ListItem\",\"position\":1,\"name\":\"Home\",\"item\":\"https:\/\/auvisa.org\/ee\/\"},{\"@type\":\"ListItem\",\"position\":2,\"name\":\"Austraalia \u00fcli\u00f5pilasviisa taotlemise vorm (Eesti)\"}]},{\"@type\":\"WebSite\",\"@id\":\"https:\/\/auvisa.org\/ee\/#website\",\"url\":\"https:\/\/auvisa.org\/ee\/\",\"name\":\"Auvisa.org\",\"description\":\"\",\"inLanguage\":\"et\"}]}<\/script>\n<!-- \/ Yoast SEO plugin. -->","yoast_head_json":{"title":"Austraalia \u00fcli\u00f5pilasviisa taotlemise vorm (Eesti)","description":"Eesti tudengid kasutavad seda taotlusvormi \u00fcli\u00f5pilasviisa taotlemiseks Austraaliasse. Taotlege veebis siin: Vajalik on registreerumise kinnitus (CoE).","robots":{"index":"index","follow":"follow","max-snippet":"max-snippet:-1","max-image-preview":"max-image-preview:large","max-video-preview":"max-video-preview:-1"},"canonical":"https:\/\/auvisa.org\/ee\/visa-student\/","og_locale":"et_EE","og_type":"article","og_title":"Austraalia \u00fcli\u00f5pilasviisa taotlemise vorm (Eesti)","og_description":"Eesti tudengid kasutavad seda taotlusvormi \u00fcli\u00f5pilasviisa taotlemiseks Austraaliasse. Taotlege veebis siin: Vajalik on registreerumise kinnitus (CoE).","og_url":"https:\/\/auvisa.org\/ee\/visa-student\/","og_site_name":"Auvisa.org","article_modified_time":"2023-07-10T15:07:06+00:00","twitter_card":"summary_large_image","twitter_misc":{"Est. reading time":"2 minutit"},"schema":{"@context":"https:\/\/schema.org","@graph":[{"@type":"WebPage","@id":"https:\/\/auvisa.org\/ee\/visa-student\/","url":"https:\/\/auvisa.org\/ee\/visa-student\/","name":"Austraalia \u00fcli\u00f5pilasviisa taotlemise vorm (Eesti)","isPartOf":{"@id":"https:\/\/auvisa.org\/ee\/#website"},"datePublished":"2020-01-07T16:27:41+00:00","dateModified":"2023-07-10T15:07:06+00:00","description":"Eesti tudengid kasutavad seda taotlusvormi \u00fcli\u00f5pilasviisa taotlemiseks Austraaliasse. Taotlege veebis siin: Vajalik on registreerumise kinnitus (CoE).","breadcrumb":{"@id":"https:\/\/auvisa.org\/ee\/visa-student\/#breadcrumb"},"inLanguage":"et","potentialAction":[{"@type":"ReadAction","target":["https:\/\/auvisa.org\/ee\/visa-student\/"]}]},{"@type":"BreadcrumbList","@id":"https:\/\/auvisa.org\/ee\/visa-student\/#breadcrumb","itemListElement":[{"@type":"ListItem","position":1,"name":"Home","item":"https:\/\/auvisa.org\/ee\/"},{"@type":"ListItem","position":2,"name":"Austraalia \u00fcli\u00f5pilasviisa taotlemise vorm (Eesti)"}]},{"@type":"WebSite","@id":"https:\/\/auvisa.org\/ee\/#website","url":"https:\/\/auvisa.org\/ee\/","name":"Auvisa.org","description":"","inLanguage":"et"}]}},"_links":{"self":[{"href":"https:\/\/auvisa.org\/ee\/wp-json\/wp\/v2\/pages\/1747","targetHints":{"allow":["GET"]}}],"collection":[{"href":"https:\/\/auvisa.org\/ee\/wp-json\/wp\/v2\/pages"}],"about":[{"href":"https:\/\/auvisa.org\/ee\/wp-json\/wp\/v2\/types\/page"}],"author":[{"embeddable":true,"href":"https:\/\/auvisa.org\/ee\/wp-json\/wp\/v2\/users\/3"}],"replies":[{"embeddable":true,"href":"https:\/\/auvisa.org\/ee\/wp-json\/wp\/v2\/comments?post=1747"}],"version-history":[{"count":16,"href":"https:\/\/auvisa.org\/ee\/wp-json\/wp\/v2\/pages\/1747\/revisions"}],"predecessor-version":[{"id":14802,"href":"https:\/\/auvisa.org\/ee\/wp-json\/wp\/v2\/pages\/1747\/revisions\/14802"}],"wp:attachment":[{"href":"https:\/\/auvisa.org\/ee\/wp-json\/wp\/v2\/media?parent=1747"}],"curies":[{"name":"wp","href":"https:\/\/api.w.org\/{rel}","templated":true}]}}