{"id":1749,"date":"2020-01-07T16:28:00","date_gmt":"2020-01-07T16:28:00","guid":{"rendered":"https:\/\/dev.auvisa.org\/?page_id=1749"},"modified":"2023-07-10T18:04:39","modified_gmt":"2023-07-10T15:04:39","slug":"visa-longterm","status":"publish","type":"page","link":"https:\/\/auvisa.org\/ee\/visa-longterm\/","title":{"rendered":"Austraalia k\u00fclastajaviisa : taotlusvorm ( Eesti )"},"content":{"rendered":"\n<div style=\"height:20px\" aria-hidden=\"true\" class=\"wp-block-spacer\"><\/div>\n\n\n\n<p>Austraalia pikaajaline viisa (ametlikult tuntud kui Visitor Visa &#8211; alamklass 600) on ette n\u00e4htud ajutiseks viisaks pikemaks perioodiks Austraalias viibimiseks.<\/p>\n\n\n\n<p>Kandideerimise ajal saate valida 3, 6 ja 12 kuu pikkuse kehtivusaja vahel, mida saate kasutada ka Austraalias viibimise pikendamiseks, kui viibite praegu riigis m\u00f5ne muu viisaga, mille kehtivus peagi l\u00f5peb.<\/p>\n\n\n\n<p>Vormi t\u00e4ites peate valima mitme valiku vahel:<\/p>\n\n\n\n<p><strong>Turismik\u00fclastaja viisa (<strong>Tourism visitor visa<\/strong>)<br><\/strong>Valige seda t\u00fc\u00fcpi viisa taotlusvormis, kui reisite Austraaliasse puhkusereisil v\u00f5i pere v\u00f5i s\u00f5prade k\u00fclastamiseks. Samuti lubatakse teil \u00f5ppida kuni 3 kuud.<\/p>\n\n\n\n<p><strong>\u00c4rik\u00fclastaja viisa (<strong>Business visitor visa<\/strong>)<br><\/strong> ()Valige see vorm taotlusvormis, kui reisite Austraaliasse \u00e4rireisi jaoks. Teil on lubatud teha \u00fcldisi ettev\u00f5tlus- v\u00f5i t\u00f6\u00f6h\u00f5ivealaseid p\u00e4ringuid, pidada l\u00e4bir\u00e4\u00e4kimisi v\u00f5i osaleda konverentsidel. Teil ei ole aga lubatud t\u00f6\u00f6tada Austraalias ettev\u00f5tete v\u00f5i organisatsioonide heaks ega osutada teenuseid. Samuti ei tohi te m\u00fc\u00fca kaupu v\u00f5i teenuseid Austraalia avalikkusele.<\/p>\n\n\n\n<p><strong>Spondeeritud pereviisa (<strong>Sponsored family visa<\/strong>)<br><\/strong>Valige seda t\u00fc\u00fcpi viisa taotlusvormis, kui reisite Austraaliasse perega k\u00fclla ja omate sponsorit. Seej\u00e4rel v\u00f5idakse teie sponsorilt v\u00f5lakirja paluda.<\/p>\n\n\n\n<p><strong>Viisa pikendamine (<strong>Visa extension<\/strong>)<br><\/strong>Kui viibite praegu Austraalias viisaga, mille kehtivus l\u00f5peb, saate oma viibimise pikendamiseks taotleda pikaajalist k\u00fclastusvisiiti. See on v\u00f5imalik ainult siis, kui teie praeguse viisa puhul pole tingimust 8503 \u201eEdaspidi ei viibi\u201d.<\/p>\n\n\n\n<p>Pikaajaliste viisade hind on <span class=\"woocommerce-Price-amount amount\"><bdi><span class=\"woocommerce-Price-currencySymbol\">&euro;<\/span>275,00<\/bdi><\/span>. Kui viibite kandideerimisel Austraalias, lisandub lisatasu 150 eurot inimese kohta.<\/p>\n\n\n\n<div style=\"height:61px\" aria-hidden=\"true\" class=\"wp-block-spacer\"><\/div>\n\n\n\n<h3 class=\"wp-block-heading\" id=\"sisestage-ja-kinnitage-oma-e-posti-aadress-et-alustada-online-avaldus\">Sisestage ja kinnitage oma e-posti aadress, et alustada online-avaldus:<\/h3>\n","protected":false},"excerpt":{"rendered":"<p>Austraalia pikaajaline viisa (ametlikult tuntud kui Visitor Visa &#8211; alamklass 600) on ette n\u00e4htud ajutiseks viisaks pikemaks perioodiks Austraalias viibimiseks. [&#8230;]<\/p>\n<p><a class=\"btn btn-secondary understrap-read-more-link\" href=\"https:\/\/auvisa.org\/ee\/visa-longterm\/\">Read More&#8230;<span class=\"screen-reader-text\"> from Austraalia k\u00fclastajaviisa : taotlusvorm ( Eesti )<\/span><\/a><\/p>\n","protected":false},"author":3,"featured_media":0,"parent":0,"menu_order":32,"comment_status":"closed","ping_status":"closed","template":"templates\/tpl_acf_form.php","meta":{"inline_featured_image":false,"footnotes":""},"class_list":["post-1749","page","type-page","status-publish","hentry"],"yoast_head":"<!-- This site is optimized with the Yoast SEO plugin v26.9 - https:\/\/yoast.com\/product\/yoast-seo-wordpress\/ -->\n<title>Austraalia k\u00fclastajaviisa : taotlusvorm (pikk viibimine - alaklass 600)<\/title>\n<meta name=\"description\" content=\"Austraalia pikaajaline viisa (Visitor Visa - Subclass 600) on m\u00f5eldud viibimiseks 3, 6 v\u00f5i 12 kuud, et pikendada ka teie praegust Austraalias viibimist. Kandideeri kohe veebis.\" \/>\n<meta name=\"robots\" content=\"index, follow, max-snippet:-1, max-image-preview:large, max-video-preview:-1\" \/>\n<link rel=\"canonical\" href=\"https:\/\/auvisa.org\/ee\/visa-longterm\/\" \/>\n<meta property=\"og:locale\" content=\"et_EE\" \/>\n<meta property=\"og:type\" content=\"article\" \/>\n<meta property=\"og:title\" content=\"Austraalia k\u00fclastajaviisa : taotlusvorm (pikk viibimine - alaklass 600)\" \/>\n<meta property=\"og:description\" content=\"Austraalia pikaajaline viisa (Visitor Visa - Subclass 600) on m\u00f5eldud viibimiseks 3, 6 v\u00f5i 12 kuud, et pikendada ka teie praegust Austraalias viibimist. Kandideeri kohe veebis.\" \/>\n<meta property=\"og:url\" content=\"https:\/\/auvisa.org\/ee\/visa-longterm\/\" \/>\n<meta property=\"og:site_name\" content=\"Auvisa.org\" \/>\n<meta property=\"article:modified_time\" content=\"2023-07-10T15:04:39+00:00\" \/>\n<meta name=\"twitter:card\" content=\"summary_large_image\" \/>\n<meta name=\"twitter:label1\" content=\"Est. reading time\" \/>\n\t<meta name=\"twitter:data1\" content=\"2 minutit\" \/>\n<script type=\"application\/ld+json\" class=\"yoast-schema-graph\">{\"@context\":\"https:\/\/schema.org\",\"@graph\":[{\"@type\":\"WebPage\",\"@id\":\"https:\/\/auvisa.org\/ee\/visa-longterm\/\",\"url\":\"https:\/\/auvisa.org\/ee\/visa-longterm\/\",\"name\":\"Austraalia k\u00fclastajaviisa : taotlusvorm (pikk viibimine - alaklass 600)\",\"isPartOf\":{\"@id\":\"https:\/\/auvisa.org\/ee\/#website\"},\"datePublished\":\"2020-01-07T16:28:00+00:00\",\"dateModified\":\"2023-07-10T15:04:39+00:00\",\"description\":\"Austraalia pikaajaline viisa (Visitor Visa - Subclass 600) on m\u00f5eldud viibimiseks 3, 6 v\u00f5i 12 kuud, et pikendada ka teie praegust Austraalias viibimist. Kandideeri kohe veebis.\",\"breadcrumb\":{\"@id\":\"https:\/\/auvisa.org\/ee\/visa-longterm\/#breadcrumb\"},\"inLanguage\":\"et\",\"potentialAction\":[{\"@type\":\"ReadAction\",\"target\":[\"https:\/\/auvisa.org\/ee\/visa-longterm\/\"]}]},{\"@type\":\"BreadcrumbList\",\"@id\":\"https:\/\/auvisa.org\/ee\/visa-longterm\/#breadcrumb\",\"itemListElement\":[{\"@type\":\"ListItem\",\"position\":1,\"name\":\"Home\",\"item\":\"https:\/\/auvisa.org\/ee\/\"},{\"@type\":\"ListItem\",\"position\":2,\"name\":\"Austraalia k\u00fclastajaviisa : taotlusvorm ( Eesti )\"}]},{\"@type\":\"WebSite\",\"@id\":\"https:\/\/auvisa.org\/ee\/#website\",\"url\":\"https:\/\/auvisa.org\/ee\/\",\"name\":\"Auvisa.org\",\"description\":\"\",\"inLanguage\":\"et\"}]}<\/script>\n<!-- \/ Yoast SEO plugin. -->","yoast_head_json":{"title":"Austraalia k\u00fclastajaviisa : taotlusvorm (pikk viibimine - alaklass 600)","description":"Austraalia pikaajaline viisa (Visitor Visa - Subclass 600) on m\u00f5eldud viibimiseks 3, 6 v\u00f5i 12 kuud, et pikendada ka teie praegust Austraalias viibimist. Kandideeri kohe veebis.","robots":{"index":"index","follow":"follow","max-snippet":"max-snippet:-1","max-image-preview":"max-image-preview:large","max-video-preview":"max-video-preview:-1"},"canonical":"https:\/\/auvisa.org\/ee\/visa-longterm\/","og_locale":"et_EE","og_type":"article","og_title":"Austraalia k\u00fclastajaviisa : taotlusvorm (pikk viibimine - alaklass 600)","og_description":"Austraalia pikaajaline viisa (Visitor Visa - Subclass 600) on m\u00f5eldud viibimiseks 3, 6 v\u00f5i 12 kuud, et pikendada ka teie praegust Austraalias viibimist. Kandideeri kohe veebis.","og_url":"https:\/\/auvisa.org\/ee\/visa-longterm\/","og_site_name":"Auvisa.org","article_modified_time":"2023-07-10T15:04:39+00:00","twitter_card":"summary_large_image","twitter_misc":{"Est. reading time":"2 minutit"},"schema":{"@context":"https:\/\/schema.org","@graph":[{"@type":"WebPage","@id":"https:\/\/auvisa.org\/ee\/visa-longterm\/","url":"https:\/\/auvisa.org\/ee\/visa-longterm\/","name":"Austraalia k\u00fclastajaviisa : taotlusvorm (pikk viibimine - alaklass 600)","isPartOf":{"@id":"https:\/\/auvisa.org\/ee\/#website"},"datePublished":"2020-01-07T16:28:00+00:00","dateModified":"2023-07-10T15:04:39+00:00","description":"Austraalia pikaajaline viisa (Visitor Visa - Subclass 600) on m\u00f5eldud viibimiseks 3, 6 v\u00f5i 12 kuud, et pikendada ka teie praegust Austraalias viibimist. Kandideeri kohe veebis.","breadcrumb":{"@id":"https:\/\/auvisa.org\/ee\/visa-longterm\/#breadcrumb"},"inLanguage":"et","potentialAction":[{"@type":"ReadAction","target":["https:\/\/auvisa.org\/ee\/visa-longterm\/"]}]},{"@type":"BreadcrumbList","@id":"https:\/\/auvisa.org\/ee\/visa-longterm\/#breadcrumb","itemListElement":[{"@type":"ListItem","position":1,"name":"Home","item":"https:\/\/auvisa.org\/ee\/"},{"@type":"ListItem","position":2,"name":"Austraalia k\u00fclastajaviisa : taotlusvorm ( Eesti )"}]},{"@type":"WebSite","@id":"https:\/\/auvisa.org\/ee\/#website","url":"https:\/\/auvisa.org\/ee\/","name":"Auvisa.org","description":"","inLanguage":"et"}]}},"_links":{"self":[{"href":"https:\/\/auvisa.org\/ee\/wp-json\/wp\/v2\/pages\/1749","targetHints":{"allow":["GET"]}}],"collection":[{"href":"https:\/\/auvisa.org\/ee\/wp-json\/wp\/v2\/pages"}],"about":[{"href":"https:\/\/auvisa.org\/ee\/wp-json\/wp\/v2\/types\/page"}],"author":[{"embeddable":true,"href":"https:\/\/auvisa.org\/ee\/wp-json\/wp\/v2\/users\/3"}],"replies":[{"embeddable":true,"href":"https:\/\/auvisa.org\/ee\/wp-json\/wp\/v2\/comments?post=1749"}],"version-history":[{"count":16,"href":"https:\/\/auvisa.org\/ee\/wp-json\/wp\/v2\/pages\/1749\/revisions"}],"predecessor-version":[{"id":14798,"href":"https:\/\/auvisa.org\/ee\/wp-json\/wp\/v2\/pages\/1749\/revisions\/14798"}],"wp:attachment":[{"href":"https:\/\/auvisa.org\/ee\/wp-json\/wp\/v2\/media?parent=1749"}],"curies":[{"name":"wp","href":"https:\/\/api.w.org\/{rel}","templated":true}]}}